{"id":66971,"date":"2018-10-18T17:09:50","date_gmt":"2018-10-18T14:09:50","guid":{"rendered":"https:\/\/sanatate.md\/?page_id=66971"},"modified":"2018-10-18T17:09:50","modified_gmt":"2018-10-18T14:09:50","slug":"mielomul","status":"publish","type":"page","link":"https:\/\/sanatate.md\/ro\/boli-si-tratament\/bolile-oncologice\/mielomul\/","title":{"rendered":"Mielomul"},"content":{"rendered":"<p>Mielomul e o boal\u0103, care se manifest\u0103 prin cre\u0219terea \u0219i transformarea \u00eentr-o tumoare a celulelor plasmatice din s\u00e2nge, care fac parte din sistemul imunitar al corpului uman. \u00cen cele mai multe cazuri, boala afecteaz\u0103 m\u0103duva osoas\u0103 (mielii din greac\u0103 &#8211; m\u0103duva osoas\u0103) \u0219i se manifest\u0103 la persoanele peste patruzeci de ani. Boala osoas\u0103 a mielomului este predominant masculin\u0103. Cauzele bolii periculoase sunt \u00eenc\u0103 neclare, dar \u00een majoritatea cazurilor boala afecteaz\u0103 persoanele, care au fost expuse la radia\u021bii radioactive.<\/p>\n<h3>Simptomele<\/h3>\n<p>Semnele bolii apar t\u00e2rziu. Boala nu se manifest\u0103 deschis, doar testele multiple pentru mielom vor ar\u0103ta o cre\u0219tere a ESR, ceea ce indic\u0103 prezen\u021ba unui proces inflamator \u00een organism. Pacientul \u00eencepe s\u0103 simt\u0103 durere de intensitate variabil\u0103 \u00een oase. Cel mai adesea este durere \u00een partea inferioar\u0103 a spatelui, \u00een coloan\u0103 \u0219i coaste, agravat\u0103 de mi\u0219c\u0103ri \u0219i efort fizic. Pacientul dezvolt\u0103 anemie, scurtarea respira\u021biei, devine slab, simte durere \u00een regiunea inimii. \u00cen unele cazuri, este posibil\u0103 chiar pierderea complet\u0103 a vederii.<\/p>\n<p>Exting\u00e2ndu-se, tumoarea distruge oasele, prin pierdere de calciu, ceea ce determin\u0103 o cre\u0219tere a cantit\u0103\u021bii acestui element \u00een urin\u0103 \u0219i s\u00e2nge. Sistemul imunitar al pacientului este afectat, deci nu poate lupta \u00eempotriva infec\u021biilor \u0219i a diferitelor boli. \u00cen majoritatea cazurilor cu mielom multiplu sunt afecta\u021bi rinichii, iar rezultatele testelor fac posibil\u0103 detectarea proteinelor \u00een urin\u0103.<\/p>\n<h3>Etapele<\/h3>\n<p>La nivel mondial, stadiul de mielom al s\u00e2ngelui este determinat dup\u0103 B. Durie \u0219i S. Salmon. La baza sistemei de stadializare este corelarea masei celulelor afectate cu imaginea de laborator \u0219i clinic\u0103:<br \/>\n\u2022 prima etap\u0103 &#8211; o mic\u0103 mas\u0103 de celule patologice, hemoglobin\u0103 peste 100 g \/ l; nu apar simptome clinice ale bolii, studiile radiografice nu detecteaz\u0103 leziuni osoase;<br \/>\n\u2022 a doua etap\u0103 &#8211; masa medie a celulelor afectate, hemoglobina este de la 80 la 100 g \/ l; imaginile radiografice prezint\u0103 semne u\u0219oare de afectare a oaselor;<br \/>\n\u2022 a treia etap\u0103 &#8211; num\u0103rul de celule afectate dep\u0103\u0219e\u0219te num\u0103rul celor s\u0103n\u0103toase; hemoglobina mai mic\u0103 de 85 g \/ l, Ca ++ cre\u0219te semnificativ; \u021besutul osos este dizolvat.<\/p>\n<h3>Tratamentul<\/h3>\n<p>Tratamentul se desf\u0103\u0219oar\u0103 individual, depinde de starea general\u0103 a pacientului, stadiul bolii, v\u00e2rsta sa.<br \/>\nConform datelor statistice, \u00een 10% din cazuri boala se dezvolt\u0103 de mai mul\u021bi ani, astfel c\u0103 nu se utilizeaz\u0103 un tratament special. \u00cen cazul \u00een care boala progreseaz\u0103 \u00eentr-un ritm rapid, sunt prezentate citostatice &#8211; medicamente care influen\u021beaz\u0103 formarea \u0219i divizarea celulelor tumorale maligne. Terapia poate reduce durerea osoas\u0103, opri procesul de distrugere a oaselor, reduce nivelul de calciu \u00een s\u00e2nge \u0219i urin\u0103, cre\u0219te hemoglobina.<\/p>\n<p>\u00cen plus, complica\u021biile sunt tratate \u0219i dezvoltarea lor este prevenit\u0103, se recomand\u0103 terapia hormonal\u0103 \u0219i consumul de lichide, medicamentele care protejeaz\u0103 rinichii, vitamina D, suplimentele de calciu.<\/p>\n<p>Durata tratamentului variaz\u0103, depinde de mul\u021bi factori. \u00cen medie, nu e mai mic\u0103 de doi ani, dac\u0103 tratamentul are efect.<br \/>\nChimioterapia pentru mielom multiplu poate \u00eencetini formarea de celule anormale.<\/p>\n","protected":false},"excerpt":{"rendered":"<p>Mielomul e o boal\u0103, care se manifest\u0103 prin cre\u0219terea \u0219i transformarea \u00eentr-o tumoare a celulelor plasmatice din s\u00e2nge, care fac parte din sistemul imunitar al corpului uman. \u00cen cele mai multe cazuri, boala afecteaz\u0103 m\u0103duva osoas\u0103 (mielii din greac\u0103 &#8211; m\u0103duva osoas\u0103) \u0219i se manifest\u0103 la persoanele peste patruzeci de ani. Boala osoas\u0103 a mielomului [&hellip;]<\/p>\n","protected":false},"author":28,"featured_media":0,"parent":53023,"menu_order":0,"comment_status":"closed","ping_status":"closed","template":"","meta":{"inline_featured_image":false,"footnotes":""},"class_list":["post-66971","page","type-page","status-publish"],"yoast_head":"<!-- This site is optimized with the Yoast SEO plugin v27.3 - https:\/\/yoast.com\/product\/yoast-seo-wordpress\/ -->\n<title>Mielomul<\/title>\n<meta name=\"description\" content=\"Mielomul e o boal\u0103, care se manifest\u0103 prin cre\u0219terea \u0219i transformarea \u00eentr-o tumoare a celulelor plasmatice din s\u00e2nge, care fac parte din sistemul imunitar al corpului uman.\" \/>\n<meta name=\"robots\" content=\"index, follow, max-snippet:-1, max-image-preview:large, max-video-preview:-1\" \/>\n<link rel=\"canonical\" href=\"https:\/\/sanatate.md\/ro\/boli-si-tratament\/bolile-oncologice\/mielomul\/\" \/>\n<meta property=\"og:locale\" content=\"ro_RO\" \/>\n<meta property=\"og:type\" content=\"article\" \/>\n<meta property=\"og:title\" content=\"Mielomul\" \/>\n<meta property=\"og:description\" content=\"Mielomul e o boal\u0103, care se manifest\u0103 prin cre\u0219terea \u0219i transformarea \u00eentr-o tumoare a celulelor plasmatice din s\u00e2nge, care fac parte din sistemul imunitar al corpului uman.\" \/>\n<meta property=\"og:url\" content=\"https:\/\/sanatate.md\/ro\/boli-si-tratament\/bolile-oncologice\/mielomul\/\" \/>\n<meta property=\"og:site_name\" content=\"Sanatate.md\" \/>\n<meta name=\"twitter:card\" content=\"summary_large_image\" \/>\n<meta name=\"twitter:label1\" content=\"Timp estimat pentru citire\" \/>\n\t<meta name=\"twitter:data1\" content=\"2 minute\" \/>\n<script type=\"application\/ld+json\" class=\"yoast-schema-graph\">{\"@context\":\"https:\\\/\\\/schema.org\",\"@graph\":[{\"@type\":\"WebPage\",\"@id\":\"https:\\\/\\\/sanatate.md\\\/ro\\\/boli-si-tratament\\\/bolile-oncologice\\\/mielomul\\\/\",\"url\":\"https:\\\/\\\/sanatate.md\\\/ro\\\/boli-si-tratament\\\/bolile-oncologice\\\/mielomul\\\/\",\"name\":\"Mielomul\",\"isPartOf\":{\"@id\":\"https:\\\/\\\/sanatate.md\\\/ro\\\/#website\"},\"datePublished\":\"2018-10-18T14:09:50+00:00\",\"description\":\"Mielomul e o boal\u0103, care se manifest\u0103 prin cre\u0219terea \u0219i transformarea \u00eentr-o tumoare a celulelor plasmatice din s\u00e2nge, care fac parte din sistemul imunitar al corpului uman.\",\"breadcrumb\":{\"@id\":\"https:\\\/\\\/sanatate.md\\\/ro\\\/boli-si-tratament\\\/bolile-oncologice\\\/mielomul\\\/#breadcrumb\"},\"inLanguage\":\"ro-RO\",\"potentialAction\":[{\"@type\":\"ReadAction\",\"target\":[\"https:\\\/\\\/sanatate.md\\\/ro\\\/boli-si-tratament\\\/bolile-oncologice\\\/mielomul\\\/\"]}]},{\"@type\":\"BreadcrumbList\",\"@id\":\"https:\\\/\\\/sanatate.md\\\/ro\\\/boli-si-tratament\\\/bolile-oncologice\\\/mielomul\\\/#breadcrumb\",\"itemListElement\":[{\"@type\":\"ListItem\",\"position\":1,\"name\":\"\u0413\u043b\u0430\u0432\u043d\u0430\u044f \u0441\u0442\u0440\u0430\u043d\u0438\u0446\u0430\",\"item\":\"https:\\\/\\\/sanatate.md\\\/ro\\\/\"},{\"@type\":\"ListItem\",\"position\":2,\"name\":\"Boli si tratament\",\"item\":\"https:\\\/\\\/sanatate.md\\\/ro\\\/boli-si-tratament\\\/\"},{\"@type\":\"ListItem\",\"position\":3,\"name\":\"Bolile oncologice\",\"item\":\"https:\\\/\\\/sanatate.md\\\/ro\\\/boli-si-tratament\\\/bolile-oncologice\\\/\"},{\"@type\":\"ListItem\",\"position\":4,\"name\":\"Mielomul\"}]},{\"@type\":\"WebSite\",\"@id\":\"https:\\\/\\\/sanatate.md\\\/ro\\\/#website\",\"url\":\"https:\\\/\\\/sanatate.md\\\/ro\\\/\",\"name\":\"Sanatate.md\",\"description\":\"\u0416\u0443\u0440\u043d\u0430\u043b \u0434\u043b\u044f \u0432\u0441\u0435\u0439 \u0441\u0435\u043c\u044c\u0438 \u0432 \u041c\u043e\u043b\u0434\u043e\u0432\u0435\",\"publisher\":{\"@id\":\"https:\\\/\\\/sanatate.md\\\/ro\\\/#organization\"},\"potentialAction\":[{\"@type\":\"SearchAction\",\"target\":{\"@type\":\"EntryPoint\",\"urlTemplate\":\"https:\\\/\\\/sanatate.md\\\/ro\\\/?s={search_term_string}\"},\"query-input\":{\"@type\":\"PropertyValueSpecification\",\"valueRequired\":true,\"valueName\":\"search_term_string\"}}],\"inLanguage\":\"ro-RO\"},{\"@type\":\"Organization\",\"@id\":\"https:\\\/\\\/sanatate.md\\\/ro\\\/#organization\",\"name\":\"SANATATE\",\"url\":\"https:\\\/\\\/sanatate.md\\\/ro\\\/\",\"logo\":{\"@type\":\"ImageObject\",\"inLanguage\":\"ro-RO\",\"@id\":\"https:\\\/\\\/sanatate.md\\\/ro\\\/#\\\/schema\\\/logo\\\/image\\\/\",\"url\":\"https:\\\/\\\/sanatate.md\\\/wp-content\\\/uploads\\\/2022\\\/01\\\/sanatate-logo.svg\",\"contentUrl\":\"https:\\\/\\\/sanatate.md\\\/wp-content\\\/uploads\\\/2022\\\/01\\\/sanatate-logo.svg\",\"width\":\"1024\",\"height\":\"1024\",\"caption\":\"SANATATE\"},\"image\":{\"@id\":\"https:\\\/\\\/sanatate.md\\\/ro\\\/#\\\/schema\\\/logo\\\/image\\\/\"}}]}<\/script>\n<!-- \/ Yoast SEO plugin. -->","yoast_head_json":{"title":"Mielomul","description":"Mielomul e o boal\u0103, care se manifest\u0103 prin cre\u0219terea \u0219i transformarea \u00eentr-o tumoare a celulelor plasmatice din s\u00e2nge, care fac parte din sistemul imunitar al corpului uman.","robots":{"index":"index","follow":"follow","max-snippet":"max-snippet:-1","max-image-preview":"max-image-preview:large","max-video-preview":"max-video-preview:-1"},"canonical":"https:\/\/sanatate.md\/ro\/boli-si-tratament\/bolile-oncologice\/mielomul\/","og_locale":"ro_RO","og_type":"article","og_title":"Mielomul","og_description":"Mielomul e o boal\u0103, care se manifest\u0103 prin cre\u0219terea \u0219i transformarea \u00eentr-o tumoare a celulelor plasmatice din s\u00e2nge, care fac parte din sistemul imunitar al corpului uman.","og_url":"https:\/\/sanatate.md\/ro\/boli-si-tratament\/bolile-oncologice\/mielomul\/","og_site_name":"Sanatate.md","twitter_card":"summary_large_image","twitter_misc":{"Timp estimat pentru citire":"2 minute"},"schema":{"@context":"https:\/\/schema.org","@graph":[{"@type":"WebPage","@id":"https:\/\/sanatate.md\/ro\/boli-si-tratament\/bolile-oncologice\/mielomul\/","url":"https:\/\/sanatate.md\/ro\/boli-si-tratament\/bolile-oncologice\/mielomul\/","name":"Mielomul","isPartOf":{"@id":"https:\/\/sanatate.md\/ro\/#website"},"datePublished":"2018-10-18T14:09:50+00:00","description":"Mielomul e o boal\u0103, care se manifest\u0103 prin cre\u0219terea \u0219i transformarea \u00eentr-o tumoare a celulelor plasmatice din s\u00e2nge, care fac parte din sistemul imunitar al corpului uman.","breadcrumb":{"@id":"https:\/\/sanatate.md\/ro\/boli-si-tratament\/bolile-oncologice\/mielomul\/#breadcrumb"},"inLanguage":"ro-RO","potentialAction":[{"@type":"ReadAction","target":["https:\/\/sanatate.md\/ro\/boli-si-tratament\/bolile-oncologice\/mielomul\/"]}]},{"@type":"BreadcrumbList","@id":"https:\/\/sanatate.md\/ro\/boli-si-tratament\/bolile-oncologice\/mielomul\/#breadcrumb","itemListElement":[{"@type":"ListItem","position":1,"name":"\u0413\u043b\u0430\u0432\u043d\u0430\u044f \u0441\u0442\u0440\u0430\u043d\u0438\u0446\u0430","item":"https:\/\/sanatate.md\/ro\/"},{"@type":"ListItem","position":2,"name":"Boli si tratament","item":"https:\/\/sanatate.md\/ro\/boli-si-tratament\/"},{"@type":"ListItem","position":3,"name":"Bolile oncologice","item":"https:\/\/sanatate.md\/ro\/boli-si-tratament\/bolile-oncologice\/"},{"@type":"ListItem","position":4,"name":"Mielomul"}]},{"@type":"WebSite","@id":"https:\/\/sanatate.md\/ro\/#website","url":"https:\/\/sanatate.md\/ro\/","name":"Sanatate.md","description":"\u0416\u0443\u0440\u043d\u0430\u043b \u0434\u043b\u044f \u0432\u0441\u0435\u0439 \u0441\u0435\u043c\u044c\u0438 \u0432 \u041c\u043e\u043b\u0434\u043e\u0432\u0435","publisher":{"@id":"https:\/\/sanatate.md\/ro\/#organization"},"potentialAction":[{"@type":"SearchAction","target":{"@type":"EntryPoint","urlTemplate":"https:\/\/sanatate.md\/ro\/?s={search_term_string}"},"query-input":{"@type":"PropertyValueSpecification","valueRequired":true,"valueName":"search_term_string"}}],"inLanguage":"ro-RO"},{"@type":"Organization","@id":"https:\/\/sanatate.md\/ro\/#organization","name":"SANATATE","url":"https:\/\/sanatate.md\/ro\/","logo":{"@type":"ImageObject","inLanguage":"ro-RO","@id":"https:\/\/sanatate.md\/ro\/#\/schema\/logo\/image\/","url":"https:\/\/sanatate.md\/wp-content\/uploads\/2022\/01\/sanatate-logo.svg","contentUrl":"https:\/\/sanatate.md\/wp-content\/uploads\/2022\/01\/sanatate-logo.svg","width":"1024","height":"1024","caption":"SANATATE"},"image":{"@id":"https:\/\/sanatate.md\/ro\/#\/schema\/logo\/image\/"}}]}},"_links":{"self":[{"href":"https:\/\/sanatate.md\/ro\/wp-json\/wp\/v2\/pages\/66971","targetHints":{"allow":["GET"]}}],"collection":[{"href":"https:\/\/sanatate.md\/ro\/wp-json\/wp\/v2\/pages"}],"about":[{"href":"https:\/\/sanatate.md\/ro\/wp-json\/wp\/v2\/types\/page"}],"author":[{"embeddable":true,"href":"https:\/\/sanatate.md\/ro\/wp-json\/wp\/v2\/users\/28"}],"replies":[{"embeddable":true,"href":"https:\/\/sanatate.md\/ro\/wp-json\/wp\/v2\/comments?post=66971"}],"version-history":[{"count":0,"href":"https:\/\/sanatate.md\/ro\/wp-json\/wp\/v2\/pages\/66971\/revisions"}],"up":[{"embeddable":true,"href":"https:\/\/sanatate.md\/ro\/wp-json\/wp\/v2\/pages\/53023"}],"wp:attachment":[{"href":"https:\/\/sanatate.md\/ro\/wp-json\/wp\/v2\/media?parent=66971"}],"curies":[{"name":"wp","href":"https:\/\/api.w.org\/{rel}","templated":true}]}}