{"id":66975,"date":"2018-10-18T17:20:59","date_gmt":"2018-10-18T14:20:59","guid":{"rendered":"https:\/\/sanatate.md\/?page_id=66975"},"modified":"2018-10-18T17:20:59","modified_gmt":"2018-10-18T14:20:59","slug":"melanomul","status":"publish","type":"page","link":"https:\/\/sanatate.md\/ro\/boli-si-tratament\/bolile-oncologice\/melanomul\/","title":{"rendered":"Melanomul"},"content":{"rendered":"<p>Melanomul este un neoplasm malign \u00een corpul uman, care se poate forma la orice v\u00e2rst\u0103. Melanomul de piele este un tip de cancer de piele, care se formeaz\u0103 din melanocitele stratului epidermal \u00een pielea normal\u0103 \u0219i nevi pigmenta\u021bi. Dezvoltarea rapid\u0103 a acestora conduce la faptul c\u0103 melanomul afecteaz\u0103 nu numai pielea, ci \u0219i organele interne, precum \u0219i sistemul osos.<\/p>\n<p>Spre deosebire de cancerul de piele, melanomul e de zece ori mai pu\u021bin frecvent \u0219i reprezint\u0103 aproximativ un procent din aceast\u0103 boal\u0103 \u00een r\u00e2ndul tumorilor maligne. \u00cen ultimii ani, inciden\u021ba bolii a crescut semnificativ. Femeile se \u00eemboln\u0103vesc mai frecvent dec\u00e2t b\u0103rba\u021bii. Potrivit statisticilor, melanomul este diagnosticat la v\u00e2rsta de treizeci &#8211; treizeci \u0219i nou\u0103 de ani, dar se pot \u00eemboln\u0103vi \u0219i copiii de orice v\u00e2rst\u0103.<\/p>\n<h3>Cauzele<\/h3>\n<p>Cea mai favorabil\u0103 condi\u021bie pentru dezvoltarea melanomului sunt nevii, care sunt trauma\u021bi. De asemenea, melanomul poate fi format \u00een prezen\u021ba petelor de pigment, care sunt situate:<br \/>\n\u2022 pe spate;<br \/>\n\u2022 \u00een zona antebra\u021bului;<br \/>\n\u2022 pe picioare;<br \/>\n\u2022 \u00een zonele deschise ale corpului.<\/p>\n<h3>Tipurile<\/h3>\n<p>Formele pigmentare<\/p>\n<p>Nevi au aproape 90% dintre persoane. \u00cen func\u021bie de stratul cutanat \u00een care se formeaz\u0103 melanomul, se disting urm\u0103toarele tipuri:<br \/>\n\u2022 epidermo-dermic\u0103 (frontier\u0103);<br \/>\n\u2022 intradermic (mixt).<br \/>\nCele mai periculoase sunt tumorile din nevi epidermo-dermali. La exterior astfel de forma\u021biuni seam\u0103n\u0103 cu noduli de culoare neagr\u0103, gri-negru sau maro, cu o suprafa\u021b\u0103 uscat\u0103 \u0219i neted\u0103, pe care practic nu exist\u0103 p\u0103r.<\/p>\n<p>Nodulii se pot ridica u\u0219or deasupra suprafe\u021bei pielii sau pot fi complet pla\u021bi. Sunt nedurero\u0219i. Consisten\u021ba acestor noduli este moale \u0219i elastic\u0103, dimensiunile fiind determinate de la c\u00e2\u021biva milimetri p\u00e2n\u0103 la un centimetru \u00een diametru.<br \/>\nNevul de frontier\u0103 este situat \u00een regiunea g\u00e2tului, pe cap, extremit\u0103\u021bile superioare \u0219i inferioare, dar poate ap\u0103rea \u0219i pe corp.<\/p>\n<p>Anterior sa credea, c\u0103 interven\u021bia chirurgical\u0103 pentru aceast\u0103 boal\u0103 este periculoas\u0103, dar \u00een practic\u0103 s-a dovedit a fi o opinie eronat\u0103. Ast\u0103zi, mul\u021bi medici consider, c\u0103 eliminarea chiar \u0219i tumorilor limit\u0103 \u00een regiunile \u021besuturilor s\u0103n\u0103toase poate asigura recuperarea \u0219i este o prevenire eficient\u0103 a apari\u021biei melanomului.<\/p>\n<p>Se recomand\u0103 \u00eendep\u0103rtarea nevilor, care se afl\u0103 pe t\u0103lpi, unghii, \u00een zona preanal\u0103 \u0219i acelea, care prin structura lor sunt limitate \u0219i sunt susceptibile de a fi lezate.<br \/>\nDe asemenea, foarte periculoase sunt melanoamele, care apar ca urmare a petelor pigmentare la pacien\u021bii deja \u00een v\u00e2rst\u0103. Principalii factori de risc sunt considera\u021bi dozele mari de radia\u021bii ultraviolete, traume, restructurarea organismului la nivel hormonal, predispozi\u021bie ereditar\u0103 la melanoame \u0219i xerodermia pigmentar\u0103.<\/p>\n<h3>Melanomul: semnele<\/h3>\n<p>Semnele, care indic\u0103 formarea unei forme maligne de nevi pigmenta\u021bi:<br \/>\n\u2022 compactarea \u0219i m\u0103rirea dimensiunii;<br \/>\n\u2022 proeminen\u021ba uneia dintre sec\u021biunilor compusului de \u021besut;<br \/>\n\u2022 cre\u0219terea uniform\u0103 a form\u0103rilor de pigment pe suprafa\u021ba pielii;<br \/>\n\u2022 \u00eent\u0103rirea sau sl\u0103birea pigment\u0103rii nevi;<br \/>\n\u2022 s\u00e2nger\u0103ri, cr\u0103p\u0103ri sau ulcera\u021bii superficiale cu formarea de cruste caracteristice;<br \/>\n\u2022 ro\u0219ea\u021b\u0103, pigmentare \u0219i non-pigmentare a corzilor, infiltrarea compu\u0219ilor \u021besuturilor care \u00eenconjoar\u0103 un nevus;<br \/>\n\u2022 umflarea ganglionilor limfatici.<\/p>\n<h3>Melanomul: simptomele<\/h3>\n<p>Simptomele melanomului se caracterizeaz\u0103 prin prezen\u021ba nevusului care se caracterizeaz\u0103 prin:<br \/>\n\u2022 proeminen\u021ba deasupra suprafe\u021bei pielii;<br \/>\n\u2022 schimbarea culorii;<br \/>\n\u2022 suprafa\u021ba umed\u0103 \u0219i s\u00e2nger\u00e2nd\u0103, care cauzeaz\u0103 disconfort.<br \/>\nSimptomele de mai sus indic\u0103 faptul, c\u0103 este necesar s\u0103 solicita\u021bi prompt sfatul unui oncolog.<\/p>\n<h3>R\u0103sp\u00e2ndire<\/h3>\n<p>O diferen\u021b\u0103 caracteristic\u0103 \u00eentre melanom \u0219i cancerul de piele e c\u0103 melanomul nu este, de obicei, localizat pe fa\u021b\u0103. \u00cen majoritatea cazurilor, astfel de neoplasme apar pe picioare, uneori pe corp (aproximativ 20-30% din cazurile de boal\u0103), m\u00e2ini (de la 10 la 15%) \u0219i 10-20% pe g\u00e2t \u0219i cap.<br \/>\nCre\u0219terea melanomului se formeaz\u0103 prin germinarea compu\u0219ilor de \u021besut, care \u00eel \u00eenconjoar\u0103, precum \u0219i prin metastazarea tipului hematogen \u0219i limfogen.<br \/>\nCre\u0219terea melanomului are loc \u00een trei direc\u021bii:<br \/>\n\u2022 deasupra pielei;<br \/>\n\u2022 pe stratul epidermal de suprafa\u021b\u0103 \u0219i \u00een profunzime;<br \/>\n\u2022 germinarea treptat\u0103 prin stratul dermal \u0219i \u021besutul subiacent.<\/p>\n<p>Dac\u0103 distribu\u021bia de funii este profund\u0103, atunci predic\u021bia nu este foarte favorabil\u0103.<\/p>\n<h3>Metastazele<\/h3>\n<p>Melanoamele se caracterizeaz\u0103 prin formarea de metastaze timpurii. Adesea, astfel de leziuni prezint\u0103 afect\u0103ri ale ganglionilor limfatici de tip regional. \u00cen cazul ganglionilor limfatici, metastazarea localiz\u0103rii la distan\u021b\u0103 se produce mult mai rar.<br \/>\nDe regul\u0103, metastazele penetreaz\u0103 pielea \u0219i se caracterizeaz\u0103 prin formarea de erup\u021bii mici, multiple \u0219i u\u0219or crescute, de culoare maro sau negru, deasupra suprafe\u021bei pielii. Metastazele hematogene pot ap\u0103rea \u00een orice organ al corpului uman, dar cel mai adesea afecteaz\u0103 pl\u0103m\u00e2nii, ficatul, glandele suprarenale \u0219i creierul.<\/p>\n<h3>Diagnosticarea<\/h3>\n<p>Stadiul ini\u021bial poate fi diagnosticat cu ajutorul unui examen special pentru a confirma sau a exclude acest diagnostic. Pentru \u00eenceput, medicul trebuie s\u0103 cunoasc\u0103 istoria apari\u021biei, dezvolt\u0103rii bolii, s\u0103 clarifice toate semnele bolii \u0219i s\u0103 stabileasc\u0103 eventualii factori de risc.<br \/>\n\u00cen continuare, este necesar s\u0103 se determine dimensiunea, forma, culoarea \u0219i starea compu\u0219ilor de \u021besut din jurul neoplasmului care a ap\u0103rut pe epiderm\u0103. Un factor foarte important este determinarea prezen\u021bei s\u00e2nger\u0103rii sau a desc\u0103rc\u0103rii umede din neoplasmul, care a ap\u0103rut.<\/p>\n<p>\u00cen procesul de examinare a corpului, este foarte important s\u0103 cercet\u0103m petele \u0219i alunelele, care sunt pe corp, deoarece acestea pot fi dovezi ale cancerului de piele. De asemenea, este important s\u0103 examin\u0103m ganglionii limfatici \u00een zona inghinal\u0103 \u0219i \u00een axile, pe g\u00e2t. Trebuie de examina\u021bi minu\u021bios ganglionii limfatici, care se afl\u0103 \u00een apropierea focarului periculos, deoarece pot fi afecta\u021bi de un neoplasm malign.<\/p>\n<p>Dac\u0103 b\u0103nui\u021bi c\u0103 ave\u021bi o boal\u0103 cu melanom, trebuie s\u0103 efectua\u021bi imediat o examinare a regiunilor suspecte ale pielii. Pentru a face acest lucru, trebuie s\u0103 face\u021bi o biopsie a epidermului, dup\u0103 care materialul colectat trebuie examinat cu aten\u021bie cu ajutorul unui microscop.<\/p>\n<p>Unele forme de melanoame pot cre\u0219te foarte rapid \u0219i un pacient poate avea noduli tumorali mari \u00een ganglionii limfatici, pl\u0103m\u00e2nii, creier, tractul gastro-intestinal, ficat, dar concentrarea primar\u0103 poate fi de dimensiuni mici.<\/p>\n<p>Aceast\u0103 caracteristic\u0103 a r\u0103sp\u00e2ndirii tumorilor poate fi diagnosticat\u0103 ca o alt\u0103 form\u0103 de tumoare. De exemplu, melanomul cu metastaze pulmonare poate fi definit ca stadiul ini\u021bial al cancerului pulmonar. Prin urmare, este foarte important s\u0103 se stabileasc\u0103 diagnosticul corect, deoarece tratamentul unui neoplasm malign de diferite forme se realizeaz\u0103 prin metode diferite.<\/p>\n<h3>Tratamentul<\/h3>\n<p>Boala dat\u0103 \u00een oncologie are o rat\u0103 ridicat\u0103 a mortalit\u0103\u021bii, deoarece acest neoplasm metastazeaz\u0103 foarte repede. Prin urmare, fiecare etap\u0103 a bolii are un tratament specific.<\/p>\n<h3>Etapele \u0219i caracteristicile tratamentului<\/h3>\n<p><strong>Prima etap\u0103<\/strong><\/p>\n<p>La acest stadiu, se produce \u00eendep\u0103rtarea chirurgical\u0103 a melanomului, care se limiteaz\u0103 la \u021besutul s\u0103n\u0103tos. M\u0103rimea pieii s\u0103n\u0103toase excizate depinde de profunzimea melanomului afectat.<\/p>\n<p><strong>Etapa a doua<\/strong><\/p>\n<p>\u00cen a doua etap\u0103 a bolii tratamentul suplimentar este completat cu Alfa-interferon sau alte medicamente, ceea ce face posibil\u0103 reducerea probabilit\u0103\u021bii de sindrom recurent. Dac\u0103 b\u0103nui\u021bi c\u0103 un melanom al ganglionilor limfatici ai tipului de santinel\u0103, care se afl\u0103 \u00een apropierea tumorii, trebuie s\u0103 efectua\u021bi o biopsie a unuia dintre noduri \u0219i cu un rezultat pozitiv (infec\u021bie), nodurile care r\u0103m\u00e2n ar trebui eliminate.<\/p>\n<p><strong>Etapa a treia<\/strong><\/p>\n<p>La aceast\u0103 etap\u0103, pe l\u00e2ng\u0103 \u00eendep\u0103rtarea tipului primar de tumoare, se efectueaz\u0103 excizia tuturor ganglionilor limfatici afla\u021bi \u00een apropiere. Foarte des, tratamentul cu Interferon face posibil\u0103 am\u00e2narea sindromului recidivant al bolii de ceva timp. Dac\u0103 exist\u0103 mai multe tumori, ele trebuie eliminate. Dac\u0103 acest lucru nu este posibil, se administreaz\u0103 vaccinul BCG sau interferonul, care sunt injectate direct \u00een tumoare.<br \/>\nChimioterapia, radioterapia \u0219i imunoterapia pot fi metode eficiente pentru tratarea melanomului, at\u00e2t individual c\u00e2t \u0219i \u00een combina\u021bie. La aceast\u0103 etap\u0103, o alt\u0103 metoda mai bun\u0103 nu a fost \u00eenc\u0103 dezvoltat\u0103.<\/p>\n<p><strong>Etap\u0103 a patra<\/strong><\/p>\n<p>\u00cen acest caz tratamentul este imposibil. Interven\u021bia chirurgical\u0103 face posibil\u0103 \u00eendep\u0103rtarea numai a metastazelor sau a nodurilor mari cu tumori din organele interne, \u00een func\u021bie de loca\u021bia lor. Radia\u021bia \u0219i terapia chimic\u0103 sunt de asemenea necesare. La tratarea pacien\u021bilor \u00een cea de-a patra etap\u0103, chimioterapia are pu\u021bine posibilit\u0103\u021bi, va contribui numai la reducerea tumorilor p\u00e2n\u0103 la \u0219ase luni. Imunoterapia va ajuta la ameliorarea st\u0103rii pacientului \u0219i la \u00eembun\u0103t\u0103\u021birea u\u0219oar\u0103 a nivelului vie\u021bii sale prin extinderea acesteia timp de mai mul\u021bi ani.<\/p>\n<h3>Melanom recurent<\/h3>\n<p>Tratamentul depinde de neoplasmul primar \u0219i de metodele de tratament efectuate. \u00cen cazul sindromului local recurent, interven\u021bia chirurgical\u0103 este necesar\u0103, ca \u00een cazul melanomului formei primare. Dac\u0103 recidiva este format\u0103 \u00een ganglionii limfatici, atunci ace\u0219tea sunt \u00eendep\u0103rta\u021bi chirurgical. La prezen\u021ba metastazelor \u00eendep\u0103rtate, tratamentul este prescris la fel ca \u00een a patra etap\u0103.<\/p>\n","protected":false},"excerpt":{"rendered":"<p>Melanomul este un neoplasm malign \u00een corpul uman, care se poate forma la orice v\u00e2rst\u0103. Melanomul de piele este un tip de cancer de piele, care se formeaz\u0103 din melanocitele stratului epidermal \u00een pielea normal\u0103 \u0219i nevi pigmenta\u021bi. Dezvoltarea rapid\u0103 a acestora conduce la faptul c\u0103 melanomul afecteaz\u0103 nu numai pielea, ci \u0219i organele interne, [&hellip;]<\/p>\n","protected":false},"author":28,"featured_media":0,"parent":53023,"menu_order":0,"comment_status":"closed","ping_status":"closed","template":"","meta":{"inline_featured_image":false,"footnotes":""},"class_list":["post-66975","page","type-page","status-publish"],"yoast_head":"<!-- This site is optimized with the Yoast SEO plugin v27.3 - https:\/\/yoast.com\/product\/yoast-seo-wordpress\/ -->\n<title>Melanomul<\/title>\n<meta name=\"description\" content=\"Melanomul este un neoplasm malign \u00een corpul uman, care se poate forma la orice v\u00e2rst\u0103.\" \/>\n<meta name=\"robots\" content=\"index, follow, max-snippet:-1, max-image-preview:large, max-video-preview:-1\" \/>\n<link rel=\"canonical\" href=\"https:\/\/sanatate.md\/ro\/boli-si-tratament\/bolile-oncologice\/melanomul\/\" \/>\n<meta property=\"og:locale\" content=\"ro_RO\" \/>\n<meta property=\"og:type\" content=\"article\" \/>\n<meta property=\"og:title\" content=\"Melanomul\" \/>\n<meta property=\"og:description\" content=\"Melanomul este un neoplasm malign \u00een corpul uman, care se poate forma la orice v\u00e2rst\u0103.\" \/>\n<meta property=\"og:url\" content=\"https:\/\/sanatate.md\/ro\/boli-si-tratament\/bolile-oncologice\/melanomul\/\" \/>\n<meta property=\"og:site_name\" content=\"Sanatate.md\" \/>\n<meta name=\"twitter:card\" content=\"summary_large_image\" \/>\n<meta name=\"twitter:label1\" content=\"Timp estimat pentru citire\" \/>\n\t<meta name=\"twitter:data1\" content=\"7 minute\" \/>\n<script type=\"application\/ld+json\" class=\"yoast-schema-graph\">{\"@context\":\"https:\\\/\\\/schema.org\",\"@graph\":[{\"@type\":\"WebPage\",\"@id\":\"https:\\\/\\\/sanatate.md\\\/ro\\\/boli-si-tratament\\\/bolile-oncologice\\\/melanomul\\\/\",\"url\":\"https:\\\/\\\/sanatate.md\\\/ro\\\/boli-si-tratament\\\/bolile-oncologice\\\/melanomul\\\/\",\"name\":\"Melanomul\",\"isPartOf\":{\"@id\":\"https:\\\/\\\/sanatate.md\\\/ro\\\/#website\"},\"datePublished\":\"2018-10-18T14:20:59+00:00\",\"description\":\"Melanomul este un neoplasm malign \u00een corpul uman, care se poate forma la orice v\u00e2rst\u0103.\",\"breadcrumb\":{\"@id\":\"https:\\\/\\\/sanatate.md\\\/ro\\\/boli-si-tratament\\\/bolile-oncologice\\\/melanomul\\\/#breadcrumb\"},\"inLanguage\":\"ro-RO\",\"potentialAction\":[{\"@type\":\"ReadAction\",\"target\":[\"https:\\\/\\\/sanatate.md\\\/ro\\\/boli-si-tratament\\\/bolile-oncologice\\\/melanomul\\\/\"]}]},{\"@type\":\"BreadcrumbList\",\"@id\":\"https:\\\/\\\/sanatate.md\\\/ro\\\/boli-si-tratament\\\/bolile-oncologice\\\/melanomul\\\/#breadcrumb\",\"itemListElement\":[{\"@type\":\"ListItem\",\"position\":1,\"name\":\"\u0413\u043b\u0430\u0432\u043d\u0430\u044f \u0441\u0442\u0440\u0430\u043d\u0438\u0446\u0430\",\"item\":\"https:\\\/\\\/sanatate.md\\\/ro\\\/\"},{\"@type\":\"ListItem\",\"position\":2,\"name\":\"Boli si tratament\",\"item\":\"https:\\\/\\\/sanatate.md\\\/ro\\\/boli-si-tratament\\\/\"},{\"@type\":\"ListItem\",\"position\":3,\"name\":\"Bolile oncologice\",\"item\":\"https:\\\/\\\/sanatate.md\\\/ro\\\/boli-si-tratament\\\/bolile-oncologice\\\/\"},{\"@type\":\"ListItem\",\"position\":4,\"name\":\"Melanomul\"}]},{\"@type\":\"WebSite\",\"@id\":\"https:\\\/\\\/sanatate.md\\\/ro\\\/#website\",\"url\":\"https:\\\/\\\/sanatate.md\\\/ro\\\/\",\"name\":\"Sanatate.md\",\"description\":\"\u0416\u0443\u0440\u043d\u0430\u043b \u0434\u043b\u044f \u0432\u0441\u0435\u0439 \u0441\u0435\u043c\u044c\u0438 \u0432 \u041c\u043e\u043b\u0434\u043e\u0432\u0435\",\"publisher\":{\"@id\":\"https:\\\/\\\/sanatate.md\\\/ro\\\/#organization\"},\"potentialAction\":[{\"@type\":\"SearchAction\",\"target\":{\"@type\":\"EntryPoint\",\"urlTemplate\":\"https:\\\/\\\/sanatate.md\\\/ro\\\/?s={search_term_string}\"},\"query-input\":{\"@type\":\"PropertyValueSpecification\",\"valueRequired\":true,\"valueName\":\"search_term_string\"}}],\"inLanguage\":\"ro-RO\"},{\"@type\":\"Organization\",\"@id\":\"https:\\\/\\\/sanatate.md\\\/ro\\\/#organization\",\"name\":\"SANATATE\",\"url\":\"https:\\\/\\\/sanatate.md\\\/ro\\\/\",\"logo\":{\"@type\":\"ImageObject\",\"inLanguage\":\"ro-RO\",\"@id\":\"https:\\\/\\\/sanatate.md\\\/ro\\\/#\\\/schema\\\/logo\\\/image\\\/\",\"url\":\"https:\\\/\\\/sanatate.md\\\/wp-content\\\/uploads\\\/2022\\\/01\\\/sanatate-logo.svg\",\"contentUrl\":\"https:\\\/\\\/sanatate.md\\\/wp-content\\\/uploads\\\/2022\\\/01\\\/sanatate-logo.svg\",\"width\":\"1024\",\"height\":\"1024\",\"caption\":\"SANATATE\"},\"image\":{\"@id\":\"https:\\\/\\\/sanatate.md\\\/ro\\\/#\\\/schema\\\/logo\\\/image\\\/\"}}]}<\/script>\n<!-- \/ Yoast SEO plugin. -->","yoast_head_json":{"title":"Melanomul","description":"Melanomul este un neoplasm malign \u00een corpul uman, care se poate forma la orice v\u00e2rst\u0103.","robots":{"index":"index","follow":"follow","max-snippet":"max-snippet:-1","max-image-preview":"max-image-preview:large","max-video-preview":"max-video-preview:-1"},"canonical":"https:\/\/sanatate.md\/ro\/boli-si-tratament\/bolile-oncologice\/melanomul\/","og_locale":"ro_RO","og_type":"article","og_title":"Melanomul","og_description":"Melanomul este un neoplasm malign \u00een corpul uman, care se poate forma la orice v\u00e2rst\u0103.","og_url":"https:\/\/sanatate.md\/ro\/boli-si-tratament\/bolile-oncologice\/melanomul\/","og_site_name":"Sanatate.md","twitter_card":"summary_large_image","twitter_misc":{"Timp estimat pentru citire":"7 minute"},"schema":{"@context":"https:\/\/schema.org","@graph":[{"@type":"WebPage","@id":"https:\/\/sanatate.md\/ro\/boli-si-tratament\/bolile-oncologice\/melanomul\/","url":"https:\/\/sanatate.md\/ro\/boli-si-tratament\/bolile-oncologice\/melanomul\/","name":"Melanomul","isPartOf":{"@id":"https:\/\/sanatate.md\/ro\/#website"},"datePublished":"2018-10-18T14:20:59+00:00","description":"Melanomul este un neoplasm malign \u00een corpul uman, care se poate forma la orice v\u00e2rst\u0103.","breadcrumb":{"@id":"https:\/\/sanatate.md\/ro\/boli-si-tratament\/bolile-oncologice\/melanomul\/#breadcrumb"},"inLanguage":"ro-RO","potentialAction":[{"@type":"ReadAction","target":["https:\/\/sanatate.md\/ro\/boli-si-tratament\/bolile-oncologice\/melanomul\/"]}]},{"@type":"BreadcrumbList","@id":"https:\/\/sanatate.md\/ro\/boli-si-tratament\/bolile-oncologice\/melanomul\/#breadcrumb","itemListElement":[{"@type":"ListItem","position":1,"name":"\u0413\u043b\u0430\u0432\u043d\u0430\u044f \u0441\u0442\u0440\u0430\u043d\u0438\u0446\u0430","item":"https:\/\/sanatate.md\/ro\/"},{"@type":"ListItem","position":2,"name":"Boli si tratament","item":"https:\/\/sanatate.md\/ro\/boli-si-tratament\/"},{"@type":"ListItem","position":3,"name":"Bolile oncologice","item":"https:\/\/sanatate.md\/ro\/boli-si-tratament\/bolile-oncologice\/"},{"@type":"ListItem","position":4,"name":"Melanomul"}]},{"@type":"WebSite","@id":"https:\/\/sanatate.md\/ro\/#website","url":"https:\/\/sanatate.md\/ro\/","name":"Sanatate.md","description":"\u0416\u0443\u0440\u043d\u0430\u043b \u0434\u043b\u044f \u0432\u0441\u0435\u0439 \u0441\u0435\u043c\u044c\u0438 \u0432 \u041c\u043e\u043b\u0434\u043e\u0432\u0435","publisher":{"@id":"https:\/\/sanatate.md\/ro\/#organization"},"potentialAction":[{"@type":"SearchAction","target":{"@type":"EntryPoint","urlTemplate":"https:\/\/sanatate.md\/ro\/?s={search_term_string}"},"query-input":{"@type":"PropertyValueSpecification","valueRequired":true,"valueName":"search_term_string"}}],"inLanguage":"ro-RO"},{"@type":"Organization","@id":"https:\/\/sanatate.md\/ro\/#organization","name":"SANATATE","url":"https:\/\/sanatate.md\/ro\/","logo":{"@type":"ImageObject","inLanguage":"ro-RO","@id":"https:\/\/sanatate.md\/ro\/#\/schema\/logo\/image\/","url":"https:\/\/sanatate.md\/wp-content\/uploads\/2022\/01\/sanatate-logo.svg","contentUrl":"https:\/\/sanatate.md\/wp-content\/uploads\/2022\/01\/sanatate-logo.svg","width":"1024","height":"1024","caption":"SANATATE"},"image":{"@id":"https:\/\/sanatate.md\/ro\/#\/schema\/logo\/image\/"}}]}},"_links":{"self":[{"href":"https:\/\/sanatate.md\/ro\/wp-json\/wp\/v2\/pages\/66975","targetHints":{"allow":["GET"]}}],"collection":[{"href":"https:\/\/sanatate.md\/ro\/wp-json\/wp\/v2\/pages"}],"about":[{"href":"https:\/\/sanatate.md\/ro\/wp-json\/wp\/v2\/types\/page"}],"author":[{"embeddable":true,"href":"https:\/\/sanatate.md\/ro\/wp-json\/wp\/v2\/users\/28"}],"replies":[{"embeddable":true,"href":"https:\/\/sanatate.md\/ro\/wp-json\/wp\/v2\/comments?post=66975"}],"version-history":[{"count":0,"href":"https:\/\/sanatate.md\/ro\/wp-json\/wp\/v2\/pages\/66975\/revisions"}],"up":[{"embeddable":true,"href":"https:\/\/sanatate.md\/ro\/wp-json\/wp\/v2\/pages\/53023"}],"wp:attachment":[{"href":"https:\/\/sanatate.md\/ro\/wp-json\/wp\/v2\/media?parent=66975"}],"curies":[{"name":"wp","href":"https:\/\/api.w.org\/{rel}","templated":true}]}}