{"id":66980,"date":"2018-10-19T10:40:16","date_gmt":"2018-10-19T07:40:16","guid":{"rendered":"https:\/\/sanatate.md\/?page_id=66980"},"modified":"2018-10-19T10:40:16","modified_gmt":"2018-10-19T07:40:16","slug":"radiculita","status":"publish","type":"page","link":"https:\/\/sanatate.md\/ro\/boli-si-tratament\/boli-neurologice\/radiculita\/","title":{"rendered":"Radiculita"},"content":{"rendered":"<p>Radiculita este o afec\u021biune dureroas\u0103 a sistemului nervos periferic \u0219i apare ca urmare a compresiei r\u0103d\u0103cinilor m\u0103duvei spin\u0103rii sau a trunchiurilor nervoase. Boala se poate dezvolta la orice nivel, iar exper\u021bii \u00eel mai numesc &#8220;Sindromul radicular&#8221;. Boala se manifest\u0103 prin dureri severe \u0219i ascu\u021bite la nivelul g\u00e2tului, picioarelor \u0219i bra\u021belor, sternului, spatelui inferior, bustului \u0219i, uneori, abdomenului.<\/p>\n<p>Exper\u021bii disting tipurile de boal\u0103 la locul de localizare:<br \/>\n\u2022 radiculit\u0103 cervical\u0103;<br \/>\n\u2022 g\u00e2t \u0219i um\u0103r;<br \/>\n\u2022 radiculit\u0103 toracic\u0103;<br \/>\n\u2022 radiculit\u0103 lombar\u0103;<br \/>\n\u2022 radiculita sacral\u0103;<br \/>\nBoala poate ap\u0103rea \u00een form\u0103 acut\u0103 \u0219i cronic\u0103.<\/p>\n<h3>Simptomele<\/h3>\n<p>Semnele st\u0103rii de boal\u0103 depind de regiunea coloanei vertebrale, unde este afectat nervul.<br \/>\nDac\u0103 boala este localizat\u0103 \u00een regiunea cervical\u0103, persoana simte dureri de cap, dureri la nivelul g\u00e2tului, cefei. Durerile se intensific\u0103 la mi\u0219care, tuse: atunci c\u00e2nd \u00eentoarcem capul apare o durere ascu\u021bit\u0103. Dac\u0103 durerea a ap\u0103rut pe baza osteohondrozei, spondilozei, pacientul are ame\u021beli, sunt posibile dificult\u0103\u021bi auditive \u0219i coordonarea mi\u0219c\u0103rilor, apar simptomele aprovizion\u0103rii insuficiente cu s\u00e2nge a creierului.<\/p>\n<p>Atunci c\u00e2nd radiculita s-a localizat \u00een regiunea g\u00e2tului, pacientul simte o durere puternic\u0103 prin \u00eempu\u0219c\u0103turi \u00een umeri, bra\u021be, g\u00e2t. Durerile sunt agravate de mi\u0219carea membrelor superioare, prin \u00eenclinarea \u0219i rotirea capului, prin tuse.<br \/>\nOdat\u0103 cu \u00eenfr\u00e2ngerea toracic\u0103, pacientul simte durere \u00een coaste, durerea cre\u0219te odat\u0103 cu inspira\u021bia.<\/p>\n<p>Condi\u021bia dureroas\u0103 se manifest\u0103 cel mai adesea \u00een partea inferioar\u0103 a spatelui. Boala se dezvolt\u0103 pe fundalul proceselor degenerative: osteohondroz\u0103 (radiculit\u0103, osteohondroz\u0103), hernia discurilor intervertebrale. Boala apare \u00eentr-o form\u0103 cronic\u0103, uneori \u00eenr\u0103ut\u0103\u021bit\u0103. Durerile sunt de intensitate \u0219i caracter variat, se manifest\u0103 \u00een spatele inferior, se agraveaz\u0103 la \u00eendoire, mersul pe jos.<\/p>\n<p>Localizarea \u0219i intensitatea senza\u021biilor dureroase depind de nivelul la care a fost str\u00e2ns\u0103 r\u0103d\u0103cina sau trunchiul nervos, precum \u0219i de tipul de \u021besut, care a stors nervul.<br \/>\nDurerea cea mai mare apare atunci, c\u00e2nd nervii sunt comprima\u021bi cu \u021besut osos (chisturi, discuri, hernie intervertebral\u0103). La comprimarea cu \u021besut moale durerea nu este la fel de intens\u0103.<\/p>\n<h3>Tratamentul<\/h3>\n<p>Tratamentul medicamentos \u00eencepe cu utilizarea analgezicelor \u0219i a medicamentelor antiinflamatorii. La moment, Movalis, Ketoprofen, Diclofenac, Nimesulide sunt cele mai eficiente. Dup\u0103 eliminarea sindromului de durere, sunt indicate fizioterapia, masajul \u0219i terapia manual\u0103. La radiculita lombar\u0103 se utilizeaz\u0103 steroizi &#8211; \u00eenlocuitori ai cortizolului. Aceste medicamente u\u0219ureaz\u0103 durerea, inflama\u021bia \u0219i umflarea (hidrocortizon, prednisolon, dexametazon\u0103, diprospan, kenalog etc.). Aceste medicamente sunt utilizate dup\u0103 cum este prescris de un medic, deoarece sunt posibile efecte secundare &#8211; cum ar fi osteoporoza, cre\u0219terea \u00een greutate, tulbur\u0103ri gastro-intestinale, edem.<\/p>\n<p>Uneori pacientului \u00eei sunt prescrise antidepresive, care \u00eel ajut\u0103 s\u0103 se relaxeze \u0219i s\u0103 se calmeze.<br \/>\nUnguentul contra radiculit\u0103 este inclus \u00een tratamentul complex, el reduce durerea, are un efect anestezic local, \u00eenc\u0103lze\u0219te \u0219i amelioreaz\u0103 inflama\u021bia. Exper\u021bii recomand\u0103 urm\u0103toarele unguente: Ketonal, Finalgon, Viprosal, Voltaren-gel.<br \/>\nUn efect bun poate fi realizat cu ajutorul acupuncturii, exerci\u021biilor de fizioterapie.<\/p>\n","protected":false},"excerpt":{"rendered":"<p>Radiculita este o afec\u021biune dureroas\u0103 a sistemului nervos periferic \u0219i apare ca urmare a compresiei r\u0103d\u0103cinilor m\u0103duvei spin\u0103rii sau a trunchiurilor nervoase. Boala se poate dezvolta la orice nivel, iar exper\u021bii \u00eel mai numesc &#8220;Sindromul radicular&#8221;. Boala se manifest\u0103 prin dureri severe \u0219i ascu\u021bite la nivelul g\u00e2tului, picioarelor \u0219i bra\u021belor, sternului, spatelui inferior, bustului \u0219i, [&hellip;]<\/p>\n","protected":false},"author":28,"featured_media":0,"parent":52978,"menu_order":0,"comment_status":"closed","ping_status":"closed","template":"","meta":{"inline_featured_image":false,"footnotes":""},"class_list":["post-66980","page","type-page","status-publish"],"yoast_head":"<!-- This site is optimized with the Yoast SEO plugin v27.3 - https:\/\/yoast.com\/product\/yoast-seo-wordpress\/ -->\n<title>Radiculita<\/title>\n<meta name=\"description\" content=\"Radiculita este o afec\u021biune dureroas\u0103 a sistemului nervos periferic \u0219i apare ca urmare a compresiei r\u0103d\u0103cinilor m\u0103duvei spin\u0103rii sau a trunchiurilor nervoase.\" \/>\n<meta name=\"robots\" content=\"index, follow, max-snippet:-1, max-image-preview:large, max-video-preview:-1\" \/>\n<link rel=\"canonical\" href=\"https:\/\/sanatate.md\/ro\/boli-si-tratament\/boli-neurologice\/radiculita\/\" \/>\n<meta property=\"og:locale\" content=\"ro_RO\" \/>\n<meta property=\"og:type\" content=\"article\" \/>\n<meta property=\"og:title\" content=\"Radiculita\" \/>\n<meta property=\"og:description\" content=\"Radiculita este o afec\u021biune dureroas\u0103 a sistemului nervos periferic \u0219i apare ca urmare a compresiei r\u0103d\u0103cinilor m\u0103duvei spin\u0103rii sau a trunchiurilor nervoase.\" \/>\n<meta property=\"og:url\" content=\"https:\/\/sanatate.md\/ro\/boli-si-tratament\/boli-neurologice\/radiculita\/\" \/>\n<meta property=\"og:site_name\" content=\"Sanatate.md\" \/>\n<meta name=\"twitter:card\" content=\"summary_large_image\" \/>\n<meta name=\"twitter:label1\" content=\"Timp estimat pentru citire\" \/>\n\t<meta name=\"twitter:data1\" content=\"3 minute\" \/>\n<script type=\"application\/ld+json\" class=\"yoast-schema-graph\">{\"@context\":\"https:\\\/\\\/schema.org\",\"@graph\":[{\"@type\":\"WebPage\",\"@id\":\"https:\\\/\\\/sanatate.md\\\/ro\\\/boli-si-tratament\\\/boli-neurologice\\\/radiculita\\\/\",\"url\":\"https:\\\/\\\/sanatate.md\\\/ro\\\/boli-si-tratament\\\/boli-neurologice\\\/radiculita\\\/\",\"name\":\"Radiculita\",\"isPartOf\":{\"@id\":\"https:\\\/\\\/sanatate.md\\\/ro\\\/#website\"},\"datePublished\":\"2018-10-19T07:40:16+00:00\",\"description\":\"Radiculita este o afec\u021biune dureroas\u0103 a sistemului nervos periferic \u0219i apare ca urmare a compresiei r\u0103d\u0103cinilor m\u0103duvei spin\u0103rii sau a trunchiurilor nervoase.\",\"breadcrumb\":{\"@id\":\"https:\\\/\\\/sanatate.md\\\/ro\\\/boli-si-tratament\\\/boli-neurologice\\\/radiculita\\\/#breadcrumb\"},\"inLanguage\":\"ro-RO\",\"potentialAction\":[{\"@type\":\"ReadAction\",\"target\":[\"https:\\\/\\\/sanatate.md\\\/ro\\\/boli-si-tratament\\\/boli-neurologice\\\/radiculita\\\/\"]}]},{\"@type\":\"BreadcrumbList\",\"@id\":\"https:\\\/\\\/sanatate.md\\\/ro\\\/boli-si-tratament\\\/boli-neurologice\\\/radiculita\\\/#breadcrumb\",\"itemListElement\":[{\"@type\":\"ListItem\",\"position\":1,\"name\":\"\u0413\u043b\u0430\u0432\u043d\u0430\u044f \u0441\u0442\u0440\u0430\u043d\u0438\u0446\u0430\",\"item\":\"https:\\\/\\\/sanatate.md\\\/ro\\\/\"},{\"@type\":\"ListItem\",\"position\":2,\"name\":\"Boli si tratament\",\"item\":\"https:\\\/\\\/sanatate.md\\\/ro\\\/boli-si-tratament\\\/\"},{\"@type\":\"ListItem\",\"position\":3,\"name\":\"Boli neurologice\",\"item\":\"https:\\\/\\\/sanatate.md\\\/ro\\\/boli-si-tratament\\\/boli-neurologice\\\/\"},{\"@type\":\"ListItem\",\"position\":4,\"name\":\"Radiculita\"}]},{\"@type\":\"WebSite\",\"@id\":\"https:\\\/\\\/sanatate.md\\\/ro\\\/#website\",\"url\":\"https:\\\/\\\/sanatate.md\\\/ro\\\/\",\"name\":\"Sanatate.md\",\"description\":\"\u0416\u0443\u0440\u043d\u0430\u043b \u0434\u043b\u044f \u0432\u0441\u0435\u0439 \u0441\u0435\u043c\u044c\u0438 \u0432 \u041c\u043e\u043b\u0434\u043e\u0432\u0435\",\"publisher\":{\"@id\":\"https:\\\/\\\/sanatate.md\\\/ro\\\/#organization\"},\"potentialAction\":[{\"@type\":\"SearchAction\",\"target\":{\"@type\":\"EntryPoint\",\"urlTemplate\":\"https:\\\/\\\/sanatate.md\\\/ro\\\/?s={search_term_string}\"},\"query-input\":{\"@type\":\"PropertyValueSpecification\",\"valueRequired\":true,\"valueName\":\"search_term_string\"}}],\"inLanguage\":\"ro-RO\"},{\"@type\":\"Organization\",\"@id\":\"https:\\\/\\\/sanatate.md\\\/ro\\\/#organization\",\"name\":\"SANATATE\",\"url\":\"https:\\\/\\\/sanatate.md\\\/ro\\\/\",\"logo\":{\"@type\":\"ImageObject\",\"inLanguage\":\"ro-RO\",\"@id\":\"https:\\\/\\\/sanatate.md\\\/ro\\\/#\\\/schema\\\/logo\\\/image\\\/\",\"url\":\"https:\\\/\\\/sanatate.md\\\/wp-content\\\/uploads\\\/2022\\\/01\\\/sanatate-logo.svg\",\"contentUrl\":\"https:\\\/\\\/sanatate.md\\\/wp-content\\\/uploads\\\/2022\\\/01\\\/sanatate-logo.svg\",\"width\":\"1024\",\"height\":\"1024\",\"caption\":\"SANATATE\"},\"image\":{\"@id\":\"https:\\\/\\\/sanatate.md\\\/ro\\\/#\\\/schema\\\/logo\\\/image\\\/\"}}]}<\/script>\n<!-- \/ Yoast SEO plugin. -->","yoast_head_json":{"title":"Radiculita","description":"Radiculita este o afec\u021biune dureroas\u0103 a sistemului nervos periferic \u0219i apare ca urmare a compresiei r\u0103d\u0103cinilor m\u0103duvei spin\u0103rii sau a trunchiurilor nervoase.","robots":{"index":"index","follow":"follow","max-snippet":"max-snippet:-1","max-image-preview":"max-image-preview:large","max-video-preview":"max-video-preview:-1"},"canonical":"https:\/\/sanatate.md\/ro\/boli-si-tratament\/boli-neurologice\/radiculita\/","og_locale":"ro_RO","og_type":"article","og_title":"Radiculita","og_description":"Radiculita este o afec\u021biune dureroas\u0103 a sistemului nervos periferic \u0219i apare ca urmare a compresiei r\u0103d\u0103cinilor m\u0103duvei spin\u0103rii sau a trunchiurilor nervoase.","og_url":"https:\/\/sanatate.md\/ro\/boli-si-tratament\/boli-neurologice\/radiculita\/","og_site_name":"Sanatate.md","twitter_card":"summary_large_image","twitter_misc":{"Timp estimat pentru citire":"3 minute"},"schema":{"@context":"https:\/\/schema.org","@graph":[{"@type":"WebPage","@id":"https:\/\/sanatate.md\/ro\/boli-si-tratament\/boli-neurologice\/radiculita\/","url":"https:\/\/sanatate.md\/ro\/boli-si-tratament\/boli-neurologice\/radiculita\/","name":"Radiculita","isPartOf":{"@id":"https:\/\/sanatate.md\/ro\/#website"},"datePublished":"2018-10-19T07:40:16+00:00","description":"Radiculita este o afec\u021biune dureroas\u0103 a sistemului nervos periferic \u0219i apare ca urmare a compresiei r\u0103d\u0103cinilor m\u0103duvei spin\u0103rii sau a trunchiurilor nervoase.","breadcrumb":{"@id":"https:\/\/sanatate.md\/ro\/boli-si-tratament\/boli-neurologice\/radiculita\/#breadcrumb"},"inLanguage":"ro-RO","potentialAction":[{"@type":"ReadAction","target":["https:\/\/sanatate.md\/ro\/boli-si-tratament\/boli-neurologice\/radiculita\/"]}]},{"@type":"BreadcrumbList","@id":"https:\/\/sanatate.md\/ro\/boli-si-tratament\/boli-neurologice\/radiculita\/#breadcrumb","itemListElement":[{"@type":"ListItem","position":1,"name":"\u0413\u043b\u0430\u0432\u043d\u0430\u044f \u0441\u0442\u0440\u0430\u043d\u0438\u0446\u0430","item":"https:\/\/sanatate.md\/ro\/"},{"@type":"ListItem","position":2,"name":"Boli si tratament","item":"https:\/\/sanatate.md\/ro\/boli-si-tratament\/"},{"@type":"ListItem","position":3,"name":"Boli neurologice","item":"https:\/\/sanatate.md\/ro\/boli-si-tratament\/boli-neurologice\/"},{"@type":"ListItem","position":4,"name":"Radiculita"}]},{"@type":"WebSite","@id":"https:\/\/sanatate.md\/ro\/#website","url":"https:\/\/sanatate.md\/ro\/","name":"Sanatate.md","description":"\u0416\u0443\u0440\u043d\u0430\u043b \u0434\u043b\u044f \u0432\u0441\u0435\u0439 \u0441\u0435\u043c\u044c\u0438 \u0432 \u041c\u043e\u043b\u0434\u043e\u0432\u0435","publisher":{"@id":"https:\/\/sanatate.md\/ro\/#organization"},"potentialAction":[{"@type":"SearchAction","target":{"@type":"EntryPoint","urlTemplate":"https:\/\/sanatate.md\/ro\/?s={search_term_string}"},"query-input":{"@type":"PropertyValueSpecification","valueRequired":true,"valueName":"search_term_string"}}],"inLanguage":"ro-RO"},{"@type":"Organization","@id":"https:\/\/sanatate.md\/ro\/#organization","name":"SANATATE","url":"https:\/\/sanatate.md\/ro\/","logo":{"@type":"ImageObject","inLanguage":"ro-RO","@id":"https:\/\/sanatate.md\/ro\/#\/schema\/logo\/image\/","url":"https:\/\/sanatate.md\/wp-content\/uploads\/2022\/01\/sanatate-logo.svg","contentUrl":"https:\/\/sanatate.md\/wp-content\/uploads\/2022\/01\/sanatate-logo.svg","width":"1024","height":"1024","caption":"SANATATE"},"image":{"@id":"https:\/\/sanatate.md\/ro\/#\/schema\/logo\/image\/"}}]}},"_links":{"self":[{"href":"https:\/\/sanatate.md\/ro\/wp-json\/wp\/v2\/pages\/66980","targetHints":{"allow":["GET"]}}],"collection":[{"href":"https:\/\/sanatate.md\/ro\/wp-json\/wp\/v2\/pages"}],"about":[{"href":"https:\/\/sanatate.md\/ro\/wp-json\/wp\/v2\/types\/page"}],"author":[{"embeddable":true,"href":"https:\/\/sanatate.md\/ro\/wp-json\/wp\/v2\/users\/28"}],"replies":[{"embeddable":true,"href":"https:\/\/sanatate.md\/ro\/wp-json\/wp\/v2\/comments?post=66980"}],"version-history":[{"count":0,"href":"https:\/\/sanatate.md\/ro\/wp-json\/wp\/v2\/pages\/66980\/revisions"}],"up":[{"embeddable":true,"href":"https:\/\/sanatate.md\/ro\/wp-json\/wp\/v2\/pages\/52978"}],"wp:attachment":[{"href":"https:\/\/sanatate.md\/ro\/wp-json\/wp\/v2\/media?parent=66980"}],"curies":[{"name":"wp","href":"https:\/\/api.w.org\/{rel}","templated":true}]}}