{"id":66985,"date":"2018-10-19T10:49:20","date_gmt":"2018-10-19T07:49:20","guid":{"rendered":"https:\/\/sanatate.md\/?page_id=66985"},"modified":"2018-10-19T10:49:20","modified_gmt":"2018-10-19T07:49:20","slug":"nevralgia-nervului-trigeminal","status":"publish","type":"page","link":"https:\/\/sanatate.md\/ro\/boli-si-tratament\/boli-neurologice\/nevralgia-nervului-trigeminal\/","title":{"rendered":"Nevralgia nervului trigeminal"},"content":{"rendered":"<p>Nevralgia trigemenic\u0103 este o boal\u0103, \u00een care pacientul sufer\u0103 dureri infernale \u00een partea inferioar\u0103 a fe\u021bei \u0219i maxilarului, uneori se r\u0103sp\u00e2nde\u0219te \u00een zonele din jurul nasului \u0219i frun\u021bii. Durerea se aseam\u0103n\u0103 cu injec\u021bii ascu\u021bite, asem\u0103n\u0103toare cu \u0219ocurile electrice. Ea apare datorit\u0103 irita\u021biei nervului trigeminal din partea st\u00e2ng\u0103 sau dreapt\u0103 a fe\u021bei. Nervii tripli sunt responsabili pentru sensibilitatea fe\u021bei, ei sunt \u00eemperechea\u021bi: unul trece de-a lungul obrazului st\u00e2ng, cel\u0103lalt de-a lungul dreptului.<\/p>\n<p>Nervul este \u00eemp\u0103r\u021bit \u00een trei ramuri: primul este responsabil pentru sensibilitatea fe\u021bei din partea superioar\u0103 (ochii, pleoapele superioare, pielea frun\u021bii), al doilea este responsabil pentru sensibilitatea p\u0103r\u021bii medii a fe\u021bei (pleoapele inferioare, obrajii, buza superioar\u0103 \u0219i gingiile), a treia &#8211; pentru sensibilitatea p\u0103r\u021bii inferioare (maxilarul \u0219i buzele inferioare, gingiile \u0219i mu\u0219chii masticatori individuali).<\/p>\n<h3>Motivele<\/h3>\n<p>Durerea rezult\u0103 din cauza contactului arterei \u0219i venei cu nervul trigeminal \u00een zona bazei craniului. Nervul trigeminal este comprimat, \u0219i apare durerea. Acela\u0219i mecanism al durerii e \u0219i \u00een cazul nevralgiei ramurilor nervului trigeminal (nervii faciali, faringieni \u0219i auxiliari). Durerea poate apare atunci c\u00e2nd nervul este comprimat de un neoplasm (tumoare). La persoanele de v\u00e2rst\u0103 fraged\u0103, boala se dezvolt\u0103 \u00een scleroz\u0103 multipl\u0103.<\/p>\n<h3>Simptomele<\/h3>\n<p>\u00cen cele mai multe cazuri, durerea apare spontan. Semnele st\u0103rii de boal\u0103 seam\u0103n\u0103 cu dureri dentare: de multe ori durerile \u00eencep de la maxilarul superior sau inferior, astfel \u00eenc\u00e2t bolnavul persoan\u0103 crede c\u0103 are durere de din\u021bi, \u0219i se adreseaz\u0103 la dentist. \u00cen cazul, \u00een care din\u021bii sunt s\u0103n\u0103to\u0219i sau tratamentul lor nu a diminuat durerea, aceasta \u00eenseamn\u0103 c\u0103 cauza se afl\u0103 \u00een nervul trigemen.<\/p>\n<p>\u00centr-o stare dureroas\u0103, durerea este:<br \/>\n\u2022 tipic\u0103 &#8211; durerea dispare pentru un timp; senza\u021biile dureroase seam\u0103n\u0103 cu \u0219ocurile electrice \u0219i, \u00een cele mai multe cazuri, apar \u00een cazul \u00een care atinge\u021bi zonele inflamate ale pielii fe\u021bei, cre\u0219te intensitatea acesteia timp de 20 de secunde \u0219i apoi \u00eencepe s\u0103 scad\u0103;<br \/>\n\u2022 atipice &#8211; pacientul simte durerea tot timpul pe \u00eentreaga fa\u021b\u0103; aceast\u0103 durere nu dispare, deci este foarte dificil de tratat.<br \/>\nBoala este ciclic\u0103: este ascu\u021bit\u0103, apoi dispare pentru o perioad\u0103. Durerea este sim\u021bit\u0103 de ceva timp, apoi apare o perioad\u0103 de relaxare temporar\u0103. Atacurile nevralgiei trigeminale la unii pacien\u021bi se pot repeta de c\u00e2teva ori pe zi, \u00een altele &#8212; atacul apare o singur\u0103 dat\u0103.<\/p>\n<h3>Diagnosticul<\/h3>\n<p>\u00cen majoritatea cazurilor, specialistul face un diagnostic pe baza examin\u0103rii pacientului \u0219i a pl\u00e2ngerilor sale. Se face imagistica prin rezonan\u021b\u0103 magnetic\u0103 (RMN), cu ajutorul c\u0103reia se detecteaz\u0103 o tumoare sau zonele fe\u021bei afectate de scleroza multipl\u0103. Identificarea altor cauze ale st\u0103rii bolii cu un RMN nu este posibil\u0103.<\/p>\n<h3>Tratamentul<\/h3>\n<p>Cea mai eficient\u0103 \u0219i mai sigur\u0103 metod\u0103 de tratare a nevralgiei este metoda de destruc\u021bie radiofrecvent\u0103 a r\u0103d\u0103cinii nervoase afectate. Avantajele acestei metode sunt evidente: cu ajutorul ei pute\u021bi controla dimensiunea zonei afectate \u0219i se \u00eenregistreaz\u0103 temperatura \u00een zona dat\u0103. Anestezia local\u0103 ofer\u0103 o perioad\u0103 de recuperare care dureaz\u0103 c\u00e2teva luni. Medicamentele pentru nevralgie trigeminal\u0103 sunt cele cu efect antiinflamator, analgezic.<\/p>\n","protected":false},"excerpt":{"rendered":"<p>Nevralgia trigemenic\u0103 este o boal\u0103, \u00een care pacientul sufer\u0103 dureri infernale \u00een partea inferioar\u0103 a fe\u021bei \u0219i maxilarului, uneori se r\u0103sp\u00e2nde\u0219te \u00een zonele din jurul nasului \u0219i frun\u021bii. Durerea se aseam\u0103n\u0103 cu injec\u021bii ascu\u021bite, asem\u0103n\u0103toare cu \u0219ocurile electrice. Ea apare datorit\u0103 irita\u021biei nervului trigeminal din partea st\u00e2ng\u0103 sau dreapt\u0103 a fe\u021bei. Nervii tripli sunt responsabili [&hellip;]<\/p>\n","protected":false},"author":28,"featured_media":0,"parent":52978,"menu_order":0,"comment_status":"closed","ping_status":"closed","template":"","meta":{"inline_featured_image":false,"footnotes":""},"class_list":["post-66985","page","type-page","status-publish"],"yoast_head":"<!-- This site is optimized with the Yoast SEO plugin v27.3 - https:\/\/yoast.com\/product\/yoast-seo-wordpress\/ -->\n<title>Nevralgia nervului trigeminal<\/title>\n<meta name=\"description\" content=\"Nevralgia trigemenic\u0103 este o boal\u0103, \u00een care pacientul sufer\u0103 dureri infernale \u00een partea inferioar\u0103 a fe\u021bei \u0219i maxilarului, uneori se r\u0103sp\u00e2nde\u0219te \u00een zonele din jurul nasului \u0219i frun\u021bii.\" \/>\n<meta name=\"robots\" content=\"index, follow, max-snippet:-1, max-image-preview:large, max-video-preview:-1\" \/>\n<link rel=\"canonical\" href=\"https:\/\/sanatate.md\/ro\/boli-si-tratament\/boli-neurologice\/nevralgia-nervului-trigeminal\/\" \/>\n<meta property=\"og:locale\" content=\"ro_RO\" \/>\n<meta property=\"og:type\" content=\"article\" \/>\n<meta property=\"og:title\" content=\"Nevralgia nervului trigeminal\" \/>\n<meta property=\"og:description\" content=\"Nevralgia trigemenic\u0103 este o boal\u0103, \u00een care pacientul sufer\u0103 dureri infernale \u00een partea inferioar\u0103 a fe\u021bei \u0219i maxilarului, uneori se r\u0103sp\u00e2nde\u0219te \u00een zonele din jurul nasului \u0219i frun\u021bii.\" \/>\n<meta property=\"og:url\" content=\"https:\/\/sanatate.md\/ro\/boli-si-tratament\/boli-neurologice\/nevralgia-nervului-trigeminal\/\" \/>\n<meta property=\"og:site_name\" content=\"Sanatate.md\" \/>\n<meta name=\"twitter:card\" content=\"summary_large_image\" \/>\n<meta name=\"twitter:label1\" content=\"Timp estimat pentru citire\" \/>\n\t<meta name=\"twitter:data1\" content=\"3 minute\" \/>\n<script type=\"application\/ld+json\" class=\"yoast-schema-graph\">{\"@context\":\"https:\\\/\\\/schema.org\",\"@graph\":[{\"@type\":\"WebPage\",\"@id\":\"https:\\\/\\\/sanatate.md\\\/ro\\\/boli-si-tratament\\\/boli-neurologice\\\/nevralgia-nervului-trigeminal\\\/\",\"url\":\"https:\\\/\\\/sanatate.md\\\/ro\\\/boli-si-tratament\\\/boli-neurologice\\\/nevralgia-nervului-trigeminal\\\/\",\"name\":\"Nevralgia nervului trigeminal\",\"isPartOf\":{\"@id\":\"https:\\\/\\\/sanatate.md\\\/ro\\\/#website\"},\"datePublished\":\"2018-10-19T07:49:20+00:00\",\"description\":\"Nevralgia trigemenic\u0103 este o boal\u0103, \u00een care pacientul sufer\u0103 dureri infernale \u00een partea inferioar\u0103 a fe\u021bei \u0219i maxilarului, uneori se r\u0103sp\u00e2nde\u0219te \u00een zonele din jurul nasului \u0219i frun\u021bii.\",\"breadcrumb\":{\"@id\":\"https:\\\/\\\/sanatate.md\\\/ro\\\/boli-si-tratament\\\/boli-neurologice\\\/nevralgia-nervului-trigeminal\\\/#breadcrumb\"},\"inLanguage\":\"ro-RO\",\"potentialAction\":[{\"@type\":\"ReadAction\",\"target\":[\"https:\\\/\\\/sanatate.md\\\/ro\\\/boli-si-tratament\\\/boli-neurologice\\\/nevralgia-nervului-trigeminal\\\/\"]}]},{\"@type\":\"BreadcrumbList\",\"@id\":\"https:\\\/\\\/sanatate.md\\\/ro\\\/boli-si-tratament\\\/boli-neurologice\\\/nevralgia-nervului-trigeminal\\\/#breadcrumb\",\"itemListElement\":[{\"@type\":\"ListItem\",\"position\":1,\"name\":\"\u0413\u043b\u0430\u0432\u043d\u0430\u044f \u0441\u0442\u0440\u0430\u043d\u0438\u0446\u0430\",\"item\":\"https:\\\/\\\/sanatate.md\\\/ro\\\/\"},{\"@type\":\"ListItem\",\"position\":2,\"name\":\"Boli si tratament\",\"item\":\"https:\\\/\\\/sanatate.md\\\/ro\\\/boli-si-tratament\\\/\"},{\"@type\":\"ListItem\",\"position\":3,\"name\":\"Boli neurologice\",\"item\":\"https:\\\/\\\/sanatate.md\\\/ro\\\/boli-si-tratament\\\/boli-neurologice\\\/\"},{\"@type\":\"ListItem\",\"position\":4,\"name\":\"Nevralgia nervului trigeminal\"}]},{\"@type\":\"WebSite\",\"@id\":\"https:\\\/\\\/sanatate.md\\\/ro\\\/#website\",\"url\":\"https:\\\/\\\/sanatate.md\\\/ro\\\/\",\"name\":\"Sanatate.md\",\"description\":\"\u0416\u0443\u0440\u043d\u0430\u043b \u0434\u043b\u044f \u0432\u0441\u0435\u0439 \u0441\u0435\u043c\u044c\u0438 \u0432 \u041c\u043e\u043b\u0434\u043e\u0432\u0435\",\"publisher\":{\"@id\":\"https:\\\/\\\/sanatate.md\\\/ro\\\/#organization\"},\"potentialAction\":[{\"@type\":\"SearchAction\",\"target\":{\"@type\":\"EntryPoint\",\"urlTemplate\":\"https:\\\/\\\/sanatate.md\\\/ro\\\/?s={search_term_string}\"},\"query-input\":{\"@type\":\"PropertyValueSpecification\",\"valueRequired\":true,\"valueName\":\"search_term_string\"}}],\"inLanguage\":\"ro-RO\"},{\"@type\":\"Organization\",\"@id\":\"https:\\\/\\\/sanatate.md\\\/ro\\\/#organization\",\"name\":\"SANATATE\",\"url\":\"https:\\\/\\\/sanatate.md\\\/ro\\\/\",\"logo\":{\"@type\":\"ImageObject\",\"inLanguage\":\"ro-RO\",\"@id\":\"https:\\\/\\\/sanatate.md\\\/ro\\\/#\\\/schema\\\/logo\\\/image\\\/\",\"url\":\"https:\\\/\\\/sanatate.md\\\/wp-content\\\/uploads\\\/2022\\\/01\\\/sanatate-logo.svg\",\"contentUrl\":\"https:\\\/\\\/sanatate.md\\\/wp-content\\\/uploads\\\/2022\\\/01\\\/sanatate-logo.svg\",\"width\":\"1024\",\"height\":\"1024\",\"caption\":\"SANATATE\"},\"image\":{\"@id\":\"https:\\\/\\\/sanatate.md\\\/ro\\\/#\\\/schema\\\/logo\\\/image\\\/\"}}]}<\/script>\n<!-- \/ Yoast SEO plugin. -->","yoast_head_json":{"title":"Nevralgia nervului trigeminal","description":"Nevralgia trigemenic\u0103 este o boal\u0103, \u00een care pacientul sufer\u0103 dureri infernale \u00een partea inferioar\u0103 a fe\u021bei \u0219i maxilarului, uneori se r\u0103sp\u00e2nde\u0219te \u00een zonele din jurul nasului \u0219i frun\u021bii.","robots":{"index":"index","follow":"follow","max-snippet":"max-snippet:-1","max-image-preview":"max-image-preview:large","max-video-preview":"max-video-preview:-1"},"canonical":"https:\/\/sanatate.md\/ro\/boli-si-tratament\/boli-neurologice\/nevralgia-nervului-trigeminal\/","og_locale":"ro_RO","og_type":"article","og_title":"Nevralgia nervului trigeminal","og_description":"Nevralgia trigemenic\u0103 este o boal\u0103, \u00een care pacientul sufer\u0103 dureri infernale \u00een partea inferioar\u0103 a fe\u021bei \u0219i maxilarului, uneori se r\u0103sp\u00e2nde\u0219te \u00een zonele din jurul nasului \u0219i frun\u021bii.","og_url":"https:\/\/sanatate.md\/ro\/boli-si-tratament\/boli-neurologice\/nevralgia-nervului-trigeminal\/","og_site_name":"Sanatate.md","twitter_card":"summary_large_image","twitter_misc":{"Timp estimat pentru citire":"3 minute"},"schema":{"@context":"https:\/\/schema.org","@graph":[{"@type":"WebPage","@id":"https:\/\/sanatate.md\/ro\/boli-si-tratament\/boli-neurologice\/nevralgia-nervului-trigeminal\/","url":"https:\/\/sanatate.md\/ro\/boli-si-tratament\/boli-neurologice\/nevralgia-nervului-trigeminal\/","name":"Nevralgia nervului trigeminal","isPartOf":{"@id":"https:\/\/sanatate.md\/ro\/#website"},"datePublished":"2018-10-19T07:49:20+00:00","description":"Nevralgia trigemenic\u0103 este o boal\u0103, \u00een care pacientul sufer\u0103 dureri infernale \u00een partea inferioar\u0103 a fe\u021bei \u0219i maxilarului, uneori se r\u0103sp\u00e2nde\u0219te \u00een zonele din jurul nasului \u0219i frun\u021bii.","breadcrumb":{"@id":"https:\/\/sanatate.md\/ro\/boli-si-tratament\/boli-neurologice\/nevralgia-nervului-trigeminal\/#breadcrumb"},"inLanguage":"ro-RO","potentialAction":[{"@type":"ReadAction","target":["https:\/\/sanatate.md\/ro\/boli-si-tratament\/boli-neurologice\/nevralgia-nervului-trigeminal\/"]}]},{"@type":"BreadcrumbList","@id":"https:\/\/sanatate.md\/ro\/boli-si-tratament\/boli-neurologice\/nevralgia-nervului-trigeminal\/#breadcrumb","itemListElement":[{"@type":"ListItem","position":1,"name":"\u0413\u043b\u0430\u0432\u043d\u0430\u044f \u0441\u0442\u0440\u0430\u043d\u0438\u0446\u0430","item":"https:\/\/sanatate.md\/ro\/"},{"@type":"ListItem","position":2,"name":"Boli si tratament","item":"https:\/\/sanatate.md\/ro\/boli-si-tratament\/"},{"@type":"ListItem","position":3,"name":"Boli neurologice","item":"https:\/\/sanatate.md\/ro\/boli-si-tratament\/boli-neurologice\/"},{"@type":"ListItem","position":4,"name":"Nevralgia nervului trigeminal"}]},{"@type":"WebSite","@id":"https:\/\/sanatate.md\/ro\/#website","url":"https:\/\/sanatate.md\/ro\/","name":"Sanatate.md","description":"\u0416\u0443\u0440\u043d\u0430\u043b \u0434\u043b\u044f \u0432\u0441\u0435\u0439 \u0441\u0435\u043c\u044c\u0438 \u0432 \u041c\u043e\u043b\u0434\u043e\u0432\u0435","publisher":{"@id":"https:\/\/sanatate.md\/ro\/#organization"},"potentialAction":[{"@type":"SearchAction","target":{"@type":"EntryPoint","urlTemplate":"https:\/\/sanatate.md\/ro\/?s={search_term_string}"},"query-input":{"@type":"PropertyValueSpecification","valueRequired":true,"valueName":"search_term_string"}}],"inLanguage":"ro-RO"},{"@type":"Organization","@id":"https:\/\/sanatate.md\/ro\/#organization","name":"SANATATE","url":"https:\/\/sanatate.md\/ro\/","logo":{"@type":"ImageObject","inLanguage":"ro-RO","@id":"https:\/\/sanatate.md\/ro\/#\/schema\/logo\/image\/","url":"https:\/\/sanatate.md\/wp-content\/uploads\/2022\/01\/sanatate-logo.svg","contentUrl":"https:\/\/sanatate.md\/wp-content\/uploads\/2022\/01\/sanatate-logo.svg","width":"1024","height":"1024","caption":"SANATATE"},"image":{"@id":"https:\/\/sanatate.md\/ro\/#\/schema\/logo\/image\/"}}]}},"_links":{"self":[{"href":"https:\/\/sanatate.md\/ro\/wp-json\/wp\/v2\/pages\/66985","targetHints":{"allow":["GET"]}}],"collection":[{"href":"https:\/\/sanatate.md\/ro\/wp-json\/wp\/v2\/pages"}],"about":[{"href":"https:\/\/sanatate.md\/ro\/wp-json\/wp\/v2\/types\/page"}],"author":[{"embeddable":true,"href":"https:\/\/sanatate.md\/ro\/wp-json\/wp\/v2\/users\/28"}],"replies":[{"embeddable":true,"href":"https:\/\/sanatate.md\/ro\/wp-json\/wp\/v2\/comments?post=66985"}],"version-history":[{"count":0,"href":"https:\/\/sanatate.md\/ro\/wp-json\/wp\/v2\/pages\/66985\/revisions"}],"up":[{"embeddable":true,"href":"https:\/\/sanatate.md\/ro\/wp-json\/wp\/v2\/pages\/52978"}],"wp:attachment":[{"href":"https:\/\/sanatate.md\/ro\/wp-json\/wp\/v2\/media?parent=66985"}],"curies":[{"name":"wp","href":"https:\/\/api.w.org\/{rel}","templated":true}]}}