{"id":72747,"date":"2019-05-09T10:37:28","date_gmt":"2019-05-09T07:37:28","guid":{"rendered":"https:\/\/sanatate.md\/?page_id=72747"},"modified":"2019-05-15T12:07:55","modified_gmt":"2019-05-15T09:07:55","slug":"carnet-de-sarcina","status":"publish","type":"page","link":"https:\/\/sanatate.md\/ro\/carnet-de-sarcina\/","title":{"rendered":"&#8220;Carnet de sarcin\u0103&#8221; &#8211; asistentul viitoarei mame"},"content":{"rendered":"<div class=\"wpb-content-wrapper\"><div id=\"tdi_1\" class=\"tdc-row\"><div class=\"vc_row tdi_2  wpb_row td-pb-row\" >\n<style scoped>\n\/* custom css - generated by TagDiv Composer *\/\n\n\/* custom css - generated by TagDiv Composer *\/\n.tdi_2,\r\n                .tdi_2 .tdc-columns{\r\n                    min-height: 0;\r\n                }.tdi_2,\r\n\t\t\t\t.tdi_2 .tdc-columns{\r\n\t\t\t\t    display: block;\r\n\t\t\t\t}.tdi_2 .tdc-columns{\r\n\t\t\t\t    width: 100%;\r\n\t\t\t\t}.tdi_2:before,\r\n\t\t\t\t.tdi_2:after{\r\n\t\t\t\t    display: table;\r\n\t\t\t\t}\n<\/style><div class=\"vc_column tdi_4  wpb_column vc_column_container tdc-column td-pb-span12\">\n<style scoped>\n\/* custom css - generated by TagDiv Composer *\/\n\n\/* custom css - generated by TagDiv Composer *\/\n.tdi_4{\r\n                    vertical-align: baseline;\r\n                }.tdi_4 > .wpb_wrapper,\r\n\t\t\t\t.tdi_4 > .wpb_wrapper > .tdc-elements{\r\n\t\t\t\t    display: block;\r\n\t\t\t\t}.tdi_4 > .wpb_wrapper > .tdc-elements{\r\n\t\t\t\t    width: 100%;\r\n\t\t\t\t}.tdi_4 > .wpb_wrapper > .vc_row_inner{\r\n\t\t\t\t    width: auto;\r\n\t\t\t\t}.tdi_4 > .wpb_wrapper{\r\n\t\t\t\t    width: auto;\r\n\t\t\t\t    height: auto;\r\n\t\t\t\t}\n<\/style><div class=\"wpb_wrapper\" >[vc_column_text]\r\n<h1>&#8220;Carnet de sarcin\u0103&#8221; &#8211; asistentul viitoarei mame<\/h1>\r\n[\/vc_column_text][vc_column_text]\r\n<h3>Sarcina este una dintre cele mai fericite \u0219i mai responsabile perioade din via\u021ba fiec\u0103rei femei.<\/h3>\r\nEste un moment minunat, dar \u015fi foarte dificil. E important s\u0103 se creeze condi\u021bii pentru o sarcin\u0103 sigur\u0103, s\u0103 nu v\u0103 \u00eengrijora\u021bi de nimic \u0219i s\u0103 observa\u0163i momentele principale ale acestei perioade. Femeia timp de nou\u0103 luni poart\u0103 o comoar\u0103 mic\u0103 sub inim\u0103 \u015fi deseori are nevoie de ajutor.\r\n<h3>Revista Sanatate prezint\u0103 un proiect unical destinat viitoarelor mame.<\/h3>\r\nAgenda de sarcin\u0103 va ajuta viitoarele mamici \u00een perioada p\u00e2n\u0103 la na\u0219terea copilului \u0219i \u00een primul an de via\u021b\u0103 a acestuia. \u00cen agend\u0103 pute\u021bi s\u0103 nota\u021bi calendarul sarcinii, s\u0103 fixa\u021bi amintiri frumoase despre monetele tr\u0103ite \u00een fiecare zi, s\u0103 p\u0103stra\u021bi analizele, rezultatele \u0219i fotografiile studiului cu ultrasunete, s\u0103 aduna\u021bi listele de cump\u0103r\u0103turi \u0219i multe altele.\r\n<h3>Carnetul con\u021bine mai multe sec\u021biuni:<\/h3>\r\n<img loading=\"lazy\" decoding=\"async\" class=\"alignright\" src=\"https:\/\/sanatate.md\/wp-content\/uploads\/2019\/04\/cover_dnevnik-1.jpg\" alt=\"\u0414\u043d\u0435\u0432\u043d\u0438\u043a \u0431\u0435\u0440\u0435\u043c\u0435\u043d\u043d\u043e\u0441\u0442\u0438\" width=\"384\" height=\"512\" \/><strong>1. Sarcina.<\/strong>\r\n\u00cen aceast\u0103 parte ve\u021bi afla despre cele \u0219apte reguli ale unei sarcini u\u0219oare, cum s\u0103 v\u0103 alimenta\u0163i \u0219i s\u0103 v\u0103 controla\u0163i greutatea, noti\u0163e despre caracteristicile fiec\u0103rui trimestru al gravidir\u0103\u0163ii. Sec\u021biunea con\u021bine recomand\u0103ri ale ginecologilor \u0219i altor medici, care ajut\u0103 gravida s\u0103 g\u0103seasc\u0103 r\u0103spunsuri la \u00eentreb\u0103rile ce o fr\u0103m\u00e2nt\u0103.\r\n\r\n<strong>2. Primul an de via\u021b\u0103.<\/strong>\r\n\u00cen aceast\u0103 sec\u021biune a agendei mamica fericit\u0103 va putea \u00eenregistra toate momentele din primul an al vie\u021bii bebelu\u0219ului, \u00eencep\u00e2nd de la na\u0219tere \u0219i \u00een fiecare lun\u0103 p\u00e2n\u0103 la un an. Adaug\u0103tor agenda con\u021bine pagini speciale pentru fotografiile copilului \u00een fiecare lun\u0103 de dezvoltare, pentru notarea observa\u021biilor, primelor succese \u0219i realiz\u0103ri a micu\u021bului.\r\n\r\n<strong>3. Tabele \u0219i grafice.<\/strong>\r\nSec\u021biunea con\u021bine tabele \u0219i grafice, care permit viitoarei mame s\u0103 \u00een\u021beleag\u0103 mai bine ce urmeaz\u0103 s\u0103 se \u00eent\u00e2mple p\u00e2n\u0103 \u0219i dup\u0103 na\u0219tere: un program de sarcin\u0103, diagrame de \u00een\u0103l\u021bime \u0219i greutate pentru fete \u0219i b\u0103ie\u021bi, o tabel\u0103 de vaccinare, a parametrilor fizici pentru copii, un calendar de hr\u0103nire ad\u0103ug\u0103toare \u0219i multe altele.\r\n\r\nLa final am adaugat \u00een agend\u0103 pagini, \u00een care o t\u00e2n\u0103r\u0103 mamic\u0103 va putea face unele noti\u0163ii \u0219i contacte importante.\r\n\r\n<strong>Pute\u021bi s\u0103 r\u0103sfoi\u021bi &#8220;Agenda de sarcin\u0103&#8221; versiunea online <a href=\"https:\/\/sanatate.md\/online\/#dflip-Dnevnik\/1\/\">aici<\/a>.<\/strong>\r\n<h3>&#8220;Agenda de sarcin\u0103&#8221; <span class=\"tlid-translation translation\" lang=\"ro\"><span class=\"\" title=\"\">poate fi comandat\u0103 gratuit cu livrare la adresa specificat\u0103.<\/span><\/span><\/h3>\r\n[\/vc_column_text][vc_column_text]\r\n<h2>Trimite\u021bi o solicitare \u0219i ob\u021bine\u021bi &#8220;Carnetul de sarcin\u0103&#8221;:<\/h2>\r\n[\/vc_column_text]\n<div class=\"wpcf7 no-js\" id=\"wpcf7-f72853-o1\" lang=\"ru-RU\" dir=\"ltr\" data-wpcf7-id=\"72853\">\n<div class=\"screen-reader-response\"><p role=\"status\" aria-live=\"polite\" aria-atomic=\"true\"><\/p> <ul><\/ul><\/div>\n<form action=\"\/ro\/wp-json\/wp\/v2\/pages\/72747#wpcf7-f72853-o1\" method=\"post\" class=\"wpcf7-form init\" aria-label=\"\u041a\u043e\u043d\u0442\u0430\u043a\u0442\u043d\u0430\u044f \u0444\u043e\u0440\u043c\u0430\" novalidate=\"novalidate\" data-status=\"init\">\n<fieldset class=\"hidden-fields-container\"><input type=\"hidden\" name=\"_wpcf7\" value=\"72853\" \/><input type=\"hidden\" name=\"_wpcf7_version\" value=\"6.1.5\" \/><input type=\"hidden\" name=\"_wpcf7_locale\" value=\"ru_RU\" \/><input type=\"hidden\" name=\"_wpcf7_unit_tag\" value=\"wpcf7-f72853-o1\" \/><input type=\"hidden\" name=\"_wpcf7_container_post\" value=\"0\" \/><input type=\"hidden\" name=\"_wpcf7_posted_data_hash\" value=\"\" \/>\n<\/fieldset>\n<p><label> Nume (obligatoriu)<br \/>\n<span class=\"wpcf7-form-control-wrap\" data-name=\"text-359\"><input size=\"40\" maxlength=\"400\" class=\"wpcf7-form-control wpcf7-text wpcf7-validates-as-required\" aria-required=\"true\" aria-invalid=\"false\" value=\"\" type=\"text\" name=\"text-359\" \/><\/span> <\/label>\n<\/p>\n<p><label> Prenume (obligatoriu)<br \/>\n<span class=\"wpcf7-form-control-wrap\" data-name=\"your-name\"><input size=\"40\" maxlength=\"400\" class=\"wpcf7-form-control wpcf7-text wpcf7-validates-as-required\" aria-required=\"true\" aria-invalid=\"false\" value=\"\" type=\"text\" name=\"your-name\" \/><\/span> <\/label>\n<\/p>\n<p><label> E-mail (obligatoriu)<br \/>\n<span class=\"wpcf7-form-control-wrap\" data-name=\"your-email\"><input size=\"40\" maxlength=\"400\" class=\"wpcf7-form-control wpcf7-email wpcf7-validates-as-required wpcf7-text wpcf7-validates-as-email\" aria-required=\"true\" aria-invalid=\"false\" value=\"\" type=\"email\" name=\"your-email\" \/><\/span> <\/label>\n<\/p>\n<p><label>Num\u0103rul de telefon (obligatoriu)<br \/>\n<span class=\"wpcf7-form-control-wrap\" data-name=\"tel-93\"><input size=\"40\" maxlength=\"400\" class=\"wpcf7-form-control wpcf7-tel wpcf7-validates-as-required wpcf7-text wpcf7-validates-as-tel\" aria-required=\"true\" aria-invalid=\"false\" value=\"\" type=\"tel\" name=\"tel-93\" \/><\/span><\/label>\n<\/p>\n<p><label> Adresa expedierii a Carnetului de sarcin\u0103<br \/>\n<span class=\"wpcf7-form-control-wrap\" data-name=\"your-message\"><textarea cols=\"40\" rows=\"10\" maxlength=\"2000\" class=\"wpcf7-form-control wpcf7-textarea\" aria-invalid=\"false\" name=\"your-message\"><\/textarea><\/span> <\/label>\n<\/p>\n<p><input class=\"wpcf7-form-control wpcf7-submit has-spinner\" type=\"submit\" value=\"Trimite\" \/>\n<\/p><div class=\"wpcf7-response-output\" aria-hidden=\"true\"><\/div>\n<\/form>\n<\/div>\n<\/div><\/div><\/div><\/div><\/div>","protected":false},"excerpt":{"rendered":"[vc_column_text] \"Carnet de sarcin\u0103\" - asistentul viitoarei mame [\/vc_column_text][vc_column_text] Sarcina este una dintre cele mai fericite \u0219i mai responsabile perioade din via\u021ba fiec\u0103rei femei. Este un moment minunat, dar \u015fi foarte dificil. E important s\u0103 se creeze condi\u021bii pentru o sarcin\u0103 sigur\u0103, s\u0103 nu v\u0103 \u00eengrijora\u021bi de nimic \u0219i s\u0103 observa\u0163i momentele principale ale acestei [...]","protected":false},"author":28,"featured_media":72548,"parent":0,"menu_order":0,"comment_status":"closed","ping_status":"closed","template":"","meta":{"inline_featured_image":false,"footnotes":""},"class_list":["post-72747","page","type-page","status-publish","has-post-thumbnail"],"yoast_head":"<!-- This site is optimized with the Yoast SEO plugin v27.3 - https:\/\/yoast.com\/product\/yoast-seo-wordpress\/ -->\n<title>Agenda de sarcin\u0103 pentru viitoarele mamici | Sanatate.md<\/title>\n<meta name=\"description\" content=\"Carnetul de sarcin\u0103 va ajuta viitoarele mamici \u00een perioada p\u00e2n\u0103 la na\u0219terea copilului \u0219i \u00een primul an de via\u021b\u0103 a acestuia. Ave\u0163i posibilitatea de a \u00eenregistra \u00een agend\u0103 calendarul sarcinii\" \/>\n<meta name=\"robots\" content=\"index, follow, max-snippet:-1, max-image-preview:large, max-video-preview:-1\" \/>\n<link rel=\"canonical\" href=\"https:\/\/sanatate.md\/ro\/carnet-de-sarcina\/\" \/>\n<meta property=\"og:locale\" content=\"ro_RO\" \/>\n<meta property=\"og:type\" content=\"article\" \/>\n<meta property=\"og:title\" content=\"Agenda de sarcin\u0103 pentru viitoarele mamici | Sanatate.md\" \/>\n<meta property=\"og:description\" content=\"Carnetul de sarcin\u0103 va ajuta viitoarele mamici \u00een perioada p\u00e2n\u0103 la na\u0219terea copilului \u0219i \u00een primul an de via\u021b\u0103 a acestuia. Ave\u0163i posibilitatea de a \u00eenregistra \u00een agend\u0103 calendarul sarcinii\" \/>\n<meta property=\"og:url\" content=\"https:\/\/sanatate.md\/ro\/carnet-de-sarcina\/\" \/>\n<meta property=\"og:site_name\" content=\"Sanatate.md\" \/>\n<meta property=\"article:modified_time\" content=\"2019-05-15T09:07:55+00:00\" \/>\n<meta property=\"og:image\" content=\"https:\/\/sanatate.md\/wp-content\/uploads\/2019\/04\/dnevnik_1200x800.jpg\" \/>\n\t<meta property=\"og:image:width\" content=\"1200\" \/>\n\t<meta property=\"og:image:height\" content=\"800\" \/>\n\t<meta property=\"og:image:type\" content=\"image\/jpeg\" \/>\n<meta name=\"twitter:card\" content=\"summary_large_image\" \/>\n<meta name=\"twitter:label1\" content=\"Timp estimat pentru citire\" \/>\n\t<meta name=\"twitter:data1\" content=\"2 minute\" \/>\n<script type=\"application\/ld+json\" class=\"yoast-schema-graph\">{\"@context\":\"https:\\\/\\\/schema.org\",\"@graph\":[{\"@type\":\"WebPage\",\"@id\":\"https:\\\/\\\/sanatate.md\\\/ro\\\/carnet-de-sarcina\\\/\",\"url\":\"https:\\\/\\\/sanatate.md\\\/ro\\\/carnet-de-sarcina\\\/\",\"name\":\"Agenda de sarcin\u0103 pentru viitoarele mamici | Sanatate.md\",\"isPartOf\":{\"@id\":\"https:\\\/\\\/sanatate.md\\\/ro\\\/#website\"},\"primaryImageOfPage\":{\"@id\":\"https:\\\/\\\/sanatate.md\\\/ro\\\/carnet-de-sarcina\\\/#primaryimage\"},\"image\":{\"@id\":\"https:\\\/\\\/sanatate.md\\\/ro\\\/carnet-de-sarcina\\\/#primaryimage\"},\"thumbnailUrl\":\"https:\\\/\\\/sanatate.md\\\/wp-content\\\/uploads\\\/2019\\\/04\\\/dnevnik_1200x800.jpg\",\"datePublished\":\"2019-05-09T07:37:28+00:00\",\"dateModified\":\"2019-05-15T09:07:55+00:00\",\"description\":\"Carnetul de sarcin\u0103 va ajuta viitoarele mamici \u00een perioada p\u00e2n\u0103 la na\u0219terea copilului \u0219i \u00een primul an de via\u021b\u0103 a acestuia. Ave\u0163i posibilitatea de a \u00eenregistra \u00een agend\u0103 calendarul sarcinii\",\"breadcrumb\":{\"@id\":\"https:\\\/\\\/sanatate.md\\\/ro\\\/carnet-de-sarcina\\\/#breadcrumb\"},\"inLanguage\":\"ro-RO\",\"potentialAction\":[{\"@type\":\"ReadAction\",\"target\":[\"https:\\\/\\\/sanatate.md\\\/ro\\\/carnet-de-sarcina\\\/\"]}]},{\"@type\":\"ImageObject\",\"inLanguage\":\"ro-RO\",\"@id\":\"https:\\\/\\\/sanatate.md\\\/ro\\\/carnet-de-sarcina\\\/#primaryimage\",\"url\":\"https:\\\/\\\/sanatate.md\\\/wp-content\\\/uploads\\\/2019\\\/04\\\/dnevnik_1200x800.jpg\",\"contentUrl\":\"https:\\\/\\\/sanatate.md\\\/wp-content\\\/uploads\\\/2019\\\/04\\\/dnevnik_1200x800.jpg\",\"width\":1200,\"height\":800,\"caption\":\"\u0414\u043d\u0435\u0432\u043d\u0438\u043a \u0431\u0435\u0440\u0435\u043c\u0435\u043d\u043d\u043e\u0441\u0442\u0438\"},{\"@type\":\"BreadcrumbList\",\"@id\":\"https:\\\/\\\/sanatate.md\\\/ro\\\/carnet-de-sarcina\\\/#breadcrumb\",\"itemListElement\":[{\"@type\":\"ListItem\",\"position\":1,\"name\":\"\u0413\u043b\u0430\u0432\u043d\u0430\u044f \u0441\u0442\u0440\u0430\u043d\u0438\u0446\u0430\",\"item\":\"https:\\\/\\\/sanatate.md\\\/ro\\\/\"},{\"@type\":\"ListItem\",\"position\":2,\"name\":\"&#8222;Carnet de sarcin\u0103&#8221; &#8211; asistentul viitoarei mame\"}]},{\"@type\":\"WebSite\",\"@id\":\"https:\\\/\\\/sanatate.md\\\/ro\\\/#website\",\"url\":\"https:\\\/\\\/sanatate.md\\\/ro\\\/\",\"name\":\"Sanatate.md\",\"description\":\"\u0416\u0443\u0440\u043d\u0430\u043b \u0434\u043b\u044f \u0432\u0441\u0435\u0439 \u0441\u0435\u043c\u044c\u0438 \u0432 \u041c\u043e\u043b\u0434\u043e\u0432\u0435\",\"publisher\":{\"@id\":\"https:\\\/\\\/sanatate.md\\\/ro\\\/#organization\"},\"potentialAction\":[{\"@type\":\"SearchAction\",\"target\":{\"@type\":\"EntryPoint\",\"urlTemplate\":\"https:\\\/\\\/sanatate.md\\\/ro\\\/?s={search_term_string}\"},\"query-input\":{\"@type\":\"PropertyValueSpecification\",\"valueRequired\":true,\"valueName\":\"search_term_string\"}}],\"inLanguage\":\"ro-RO\"},{\"@type\":\"Organization\",\"@id\":\"https:\\\/\\\/sanatate.md\\\/ro\\\/#organization\",\"name\":\"SANATATE\",\"url\":\"https:\\\/\\\/sanatate.md\\\/ro\\\/\",\"logo\":{\"@type\":\"ImageObject\",\"inLanguage\":\"ro-RO\",\"@id\":\"https:\\\/\\\/sanatate.md\\\/ro\\\/#\\\/schema\\\/logo\\\/image\\\/\",\"url\":\"https:\\\/\\\/sanatate.md\\\/wp-content\\\/uploads\\\/2022\\\/01\\\/sanatate-logo.svg\",\"contentUrl\":\"https:\\\/\\\/sanatate.md\\\/wp-content\\\/uploads\\\/2022\\\/01\\\/sanatate-logo.svg\",\"width\":\"1024\",\"height\":\"1024\",\"caption\":\"SANATATE\"},\"image\":{\"@id\":\"https:\\\/\\\/sanatate.md\\\/ro\\\/#\\\/schema\\\/logo\\\/image\\\/\"}}]}<\/script>\n<!-- \/ Yoast SEO plugin. -->","yoast_head_json":{"title":"Agenda de sarcin\u0103 pentru viitoarele mamici | Sanatate.md","description":"Carnetul de sarcin\u0103 va ajuta viitoarele mamici \u00een perioada p\u00e2n\u0103 la na\u0219terea copilului \u0219i \u00een primul an de via\u021b\u0103 a acestuia. Ave\u0163i posibilitatea de a \u00eenregistra \u00een agend\u0103 calendarul sarcinii","robots":{"index":"index","follow":"follow","max-snippet":"max-snippet:-1","max-image-preview":"max-image-preview:large","max-video-preview":"max-video-preview:-1"},"canonical":"https:\/\/sanatate.md\/ro\/carnet-de-sarcina\/","og_locale":"ro_RO","og_type":"article","og_title":"Agenda de sarcin\u0103 pentru viitoarele mamici | Sanatate.md","og_description":"Carnetul de sarcin\u0103 va ajuta viitoarele mamici \u00een perioada p\u00e2n\u0103 la na\u0219terea copilului \u0219i \u00een primul an de via\u021b\u0103 a acestuia. Ave\u0163i posibilitatea de a \u00eenregistra \u00een agend\u0103 calendarul sarcinii","og_url":"https:\/\/sanatate.md\/ro\/carnet-de-sarcina\/","og_site_name":"Sanatate.md","article_modified_time":"2019-05-15T09:07:55+00:00","og_image":[{"width":1200,"height":800,"url":"https:\/\/sanatate.md\/wp-content\/uploads\/2019\/04\/dnevnik_1200x800.jpg","type":"image\/jpeg"}],"twitter_card":"summary_large_image","twitter_misc":{"Timp estimat pentru citire":"2 minute"},"schema":{"@context":"https:\/\/schema.org","@graph":[{"@type":"WebPage","@id":"https:\/\/sanatate.md\/ro\/carnet-de-sarcina\/","url":"https:\/\/sanatate.md\/ro\/carnet-de-sarcina\/","name":"Agenda de sarcin\u0103 pentru viitoarele mamici | Sanatate.md","isPartOf":{"@id":"https:\/\/sanatate.md\/ro\/#website"},"primaryImageOfPage":{"@id":"https:\/\/sanatate.md\/ro\/carnet-de-sarcina\/#primaryimage"},"image":{"@id":"https:\/\/sanatate.md\/ro\/carnet-de-sarcina\/#primaryimage"},"thumbnailUrl":"https:\/\/sanatate.md\/wp-content\/uploads\/2019\/04\/dnevnik_1200x800.jpg","datePublished":"2019-05-09T07:37:28+00:00","dateModified":"2019-05-15T09:07:55+00:00","description":"Carnetul de sarcin\u0103 va ajuta viitoarele mamici \u00een perioada p\u00e2n\u0103 la na\u0219terea copilului \u0219i \u00een primul an de via\u021b\u0103 a acestuia. Ave\u0163i posibilitatea de a \u00eenregistra \u00een agend\u0103 calendarul sarcinii","breadcrumb":{"@id":"https:\/\/sanatate.md\/ro\/carnet-de-sarcina\/#breadcrumb"},"inLanguage":"ro-RO","potentialAction":[{"@type":"ReadAction","target":["https:\/\/sanatate.md\/ro\/carnet-de-sarcina\/"]}]},{"@type":"ImageObject","inLanguage":"ro-RO","@id":"https:\/\/sanatate.md\/ro\/carnet-de-sarcina\/#primaryimage","url":"https:\/\/sanatate.md\/wp-content\/uploads\/2019\/04\/dnevnik_1200x800.jpg","contentUrl":"https:\/\/sanatate.md\/wp-content\/uploads\/2019\/04\/dnevnik_1200x800.jpg","width":1200,"height":800,"caption":"\u0414\u043d\u0435\u0432\u043d\u0438\u043a \u0431\u0435\u0440\u0435\u043c\u0435\u043d\u043d\u043e\u0441\u0442\u0438"},{"@type":"BreadcrumbList","@id":"https:\/\/sanatate.md\/ro\/carnet-de-sarcina\/#breadcrumb","itemListElement":[{"@type":"ListItem","position":1,"name":"\u0413\u043b\u0430\u0432\u043d\u0430\u044f \u0441\u0442\u0440\u0430\u043d\u0438\u0446\u0430","item":"https:\/\/sanatate.md\/ro\/"},{"@type":"ListItem","position":2,"name":"&#8222;Carnet de sarcin\u0103&#8221; &#8211; asistentul viitoarei mame"}]},{"@type":"WebSite","@id":"https:\/\/sanatate.md\/ro\/#website","url":"https:\/\/sanatate.md\/ro\/","name":"Sanatate.md","description":"\u0416\u0443\u0440\u043d\u0430\u043b \u0434\u043b\u044f \u0432\u0441\u0435\u0439 \u0441\u0435\u043c\u044c\u0438 \u0432 \u041c\u043e\u043b\u0434\u043e\u0432\u0435","publisher":{"@id":"https:\/\/sanatate.md\/ro\/#organization"},"potentialAction":[{"@type":"SearchAction","target":{"@type":"EntryPoint","urlTemplate":"https:\/\/sanatate.md\/ro\/?s={search_term_string}"},"query-input":{"@type":"PropertyValueSpecification","valueRequired":true,"valueName":"search_term_string"}}],"inLanguage":"ro-RO"},{"@type":"Organization","@id":"https:\/\/sanatate.md\/ro\/#organization","name":"SANATATE","url":"https:\/\/sanatate.md\/ro\/","logo":{"@type":"ImageObject","inLanguage":"ro-RO","@id":"https:\/\/sanatate.md\/ro\/#\/schema\/logo\/image\/","url":"https:\/\/sanatate.md\/wp-content\/uploads\/2022\/01\/sanatate-logo.svg","contentUrl":"https:\/\/sanatate.md\/wp-content\/uploads\/2022\/01\/sanatate-logo.svg","width":"1024","height":"1024","caption":"SANATATE"},"image":{"@id":"https:\/\/sanatate.md\/ro\/#\/schema\/logo\/image\/"}}]}},"_links":{"self":[{"href":"https:\/\/sanatate.md\/ro\/wp-json\/wp\/v2\/pages\/72747","targetHints":{"allow":["GET"]}}],"collection":[{"href":"https:\/\/sanatate.md\/ro\/wp-json\/wp\/v2\/pages"}],"about":[{"href":"https:\/\/sanatate.md\/ro\/wp-json\/wp\/v2\/types\/page"}],"author":[{"embeddable":true,"href":"https:\/\/sanatate.md\/ro\/wp-json\/wp\/v2\/users\/28"}],"replies":[{"embeddable":true,"href":"https:\/\/sanatate.md\/ro\/wp-json\/wp\/v2\/comments?post=72747"}],"version-history":[{"count":0,"href":"https:\/\/sanatate.md\/ro\/wp-json\/wp\/v2\/pages\/72747\/revisions"}],"wp:featuredmedia":[{"embeddable":true,"href":"https:\/\/sanatate.md\/ro\/wp-json\/wp\/v2\/media\/72548"}],"wp:attachment":[{"href":"https:\/\/sanatate.md\/ro\/wp-json\/wp\/v2\/media?parent=72747"}],"curies":[{"name":"wp","href":"https:\/\/api.w.org\/{rel}","templated":true}]}}