{"id":72751,"date":"2019-05-09T11:23:03","date_gmt":"2019-05-09T08:23:03","guid":{"rendered":"https:\/\/sanatate.md\/?page_id=72751"},"modified":"2022-05-11T10:33:33","modified_gmt":"2022-05-11T07:33:33","slug":"sanatate-health-beauty","status":"publish","type":"page","link":"https:\/\/sanatate.md\/ro\/sanatate-health-beauty\/","title":{"rendered":"Sanatate Health &#038; Beauty"},"content":{"rendered":"<div class=\"wpb-content-wrapper\"><div id=\"tdi_1\" class=\"tdc-row\"><div class=\"vc_row tdi_2  wpb_row td-pb-row\" >\n<style scoped>\n\/* custom css - generated by TagDiv Composer *\/\n\n\/* custom css - generated by TagDiv Composer *\/\n.tdi_2,\r\n                .tdi_2 .tdc-columns{\r\n                    min-height: 0;\r\n                }.tdi_2,\r\n\t\t\t\t.tdi_2 .tdc-columns{\r\n\t\t\t\t    display: block;\r\n\t\t\t\t}.tdi_2 .tdc-columns{\r\n\t\t\t\t    width: 100%;\r\n\t\t\t\t}.tdi_2:before,\r\n\t\t\t\t.tdi_2:after{\r\n\t\t\t\t    display: table;\r\n\t\t\t\t}\n<\/style><div class=\"vc_column tdi_4  wpb_column vc_column_container tdc-column td-pb-span12\">\n<style scoped>\n\/* custom css - generated by TagDiv Composer *\/\n\n\/* custom css - generated by TagDiv Composer *\/\n.tdi_4{\r\n                    vertical-align: baseline;\r\n                }.tdi_4 > .wpb_wrapper,\r\n\t\t\t\t.tdi_4 > .wpb_wrapper > .tdc-elements{\r\n\t\t\t\t    display: block;\r\n\t\t\t\t}.tdi_4 > .wpb_wrapper > .tdc-elements{\r\n\t\t\t\t    width: 100%;\r\n\t\t\t\t}.tdi_4 > .wpb_wrapper > .vc_row_inner{\r\n\t\t\t\t    width: auto;\r\n\t\t\t\t}.tdi_4 > .wpb_wrapper{\r\n\t\t\t\t    width: auto;\r\n\t\t\t\t    height: auto;\r\n\t\t\t\t}\n<\/style><div class=\"wpb_wrapper\" ><div class=\"wpb_wrapper td_block_empty_space td_block_wrap vc_empty_space tdi_6 \"  style=\"height: 32px\"><\/div>[vc_column_text]\r\n<h1>Card unical de reducere Sanatate Health &amp; Beauty<\/h1>\r\n[\/vc_column_text][vc_column_text]Ave\u021bi grij\u0103 de propria stare de s\u0103n\u0103tate \u0219i de s\u0103n\u0103tatea celor dragi cu cardul de reducere Sanatate Health &amp; Beauty.\r\n<h3>Cardul combin\u0103 o mul\u021bime de oportunit\u0103\u021bi!<\/h3>\r\nPute\u021bi beneficia de reduceri la serviciile ofrite de cele mai bune clinici stomatologice private, centre de diagnostic moderne, saloane de frumuse\u021be \u0219i SPA, saloane de \u00eenfrumuse\u021bare \u0219i centre de fitness.\r\n\r\nVi se va oferi un pre\u021b convenabil pentru produsele cosmetice profesionale de la distribuitorii oficiali. Iar \u00een special pentru copii \u0219i p\u0103rin\u021bii lor, exist\u0103 o reducere pentru vizitarea parcului de distrac\u021bii.\r\n\r\n<strong>Sanatate Health &amp; Beauty<\/strong> v\u0103 ofer\u0103 posibilitatea de a primi servicii de prim\u0103 clas\u0103 \u0219i servicii medicale de \u00eenalt\u0103 calitate la un pre\u021b redus.\r\n\r\nO caracteristic\u0103 important\u0103 a acestui card de reducere este c\u0103 v\u0103 pute\u0163i deservi \u00een diferite clinici, saloane \u0219i multe alte companii, care colaboreaz\u0103 cu revista Sanatate. Pute\u021bi ob\u021bine o reducere la unele servicii, care sunt de obicei oferite doar la pre\u021bul deplin.\r\n<h3><img loading=\"lazy\" decoding=\"async\" class=\"alignright\" src=\"https:\/\/sanatate.md\/wp-content\/uploads\/2019\/03\/sanatate_card.jpg\" alt=\"sanatate health &amp; beauty\" width=\"297\" height=\"529\" \/>Lista companiilor care ofer\u0103 servicii pe un card de reducere:<\/h3>\r\n<strong><a href=\"https:\/\/sanatate.md\/dentavita\/\">DENTA VITA<\/a> <\/strong>-7%\r\n<strong><a href=\"https:\/\/sanatate.md\/companies\/listing\/life-dental-clinic\">LIFE DENTAL <\/a><\/strong>-20%\r\n<strong><a href=\"https:\/\/sanatate.md\/unidentart\/\">UNIDENTART <\/a><\/strong>-15%\r\n<a href=\"https:\/\/sanatate.md\/companies\/listing\/couture-health-beauty-salon\"><strong>COUTURE Health &amp; Beauty Salon<\/strong><\/a> -15%\r\n<a href=\"https:\/\/sanatate.md\/z-one-concept\/\"><strong>Z.ONE CONCEPT<\/strong><\/a> -10%\r\n<a href=\"https:\/\/sanatate.md\/companies\/listing\/lotus-spa-health-beauty-center\"><strong>Lotus SPA Health &amp; Beauty Center<\/strong><\/a> -10%\r\n<a href=\"https:\/\/sanatate.md\/companies\/listing\/holy-land\"><strong>HOLY LAND<\/strong> <\/a>-15%\r\n<a href=\"https:\/\/sanatate.md\/companies\/listing\/clinica-adler-medical\"><strong>CLINICA ADLER MEDICAL<\/strong><\/a> -20%\r\n<a href=\"https:\/\/sanatate.md\/companies\/listing\/meditinskaya_laboratoria_synevo\"><strong>SYNEVO<\/strong> <\/a>-10%\r\n<a href=\"https:\/\/sanatate.md\/companies\/listing\/medi-partner\/\"><strong>MEDIPARTNER<\/strong><\/a> -10%\r\n<a href=\"https:\/\/sanatate.md\/eurooptica\/\"><strong>EUROOPTICA<\/strong> <\/a>-20%\r\n<a href=\"https:\/\/sanatate.md\/companies\/listing\/xbody-moldova\/\"><strong>X-BODY<\/strong><\/a> -10%\r\n<a href=\"https:\/\/sanatate.md\/neogym\/\"><strong>NEOGYM<\/strong> <\/a>-20%\r\n\r\nDeveni\u021bi proprietarul cardului de reducere <strong>Sanatate Health &amp; Beauty<\/strong> pur \u0219i simplu comand\u00e2nd-ul pe site-ul <strong>sanatate.md<\/strong> \u0219i-l ve\u021bi primi \u00eentr-un plic prin po\u0219t\u0103 <strong>gratuit<\/strong>.\r\n\r\nD\u0103rui\u0163i frumuse\u021be \u0219i s\u0103n\u0103tate celor dragi cu ajutorul <strong>Sanatate Health &amp; Beauty<\/strong>![\/vc_column_text][vc_column_text]\r\n<h2>Trimite\u021bi o cerere indic\u00e2nd:<\/h2>\r\n[\/vc_column_text]\n<div class=\"wpcf7 no-js\" id=\"wpcf7-f72847-o1\" lang=\"ru-RU\" dir=\"ltr\" data-wpcf7-id=\"72847\">\n<div class=\"screen-reader-response\"><p role=\"status\" aria-live=\"polite\" aria-atomic=\"true\"><\/p> <ul><\/ul><\/div>\n<form action=\"\/ro\/wp-json\/wp\/v2\/pages\/72751#wpcf7-f72847-o1\" method=\"post\" class=\"wpcf7-form init\" aria-label=\"\u041a\u043e\u043d\u0442\u0430\u043a\u0442\u043d\u0430\u044f \u0444\u043e\u0440\u043c\u0430\" novalidate=\"novalidate\" data-status=\"init\">\n<fieldset class=\"hidden-fields-container\"><input type=\"hidden\" name=\"_wpcf7\" value=\"72847\" \/><input type=\"hidden\" name=\"_wpcf7_version\" value=\"6.1.5\" \/><input type=\"hidden\" name=\"_wpcf7_locale\" value=\"ru_RU\" \/><input type=\"hidden\" name=\"_wpcf7_unit_tag\" value=\"wpcf7-f72847-o1\" \/><input type=\"hidden\" name=\"_wpcf7_container_post\" value=\"0\" \/><input type=\"hidden\" name=\"_wpcf7_posted_data_hash\" value=\"\" \/>\n<\/fieldset>\n<p><label> Nume (obligatoriu)<br \/>\n<span class=\"wpcf7-form-control-wrap\" data-name=\"text-393\"><input size=\"40\" maxlength=\"400\" class=\"wpcf7-form-control wpcf7-text wpcf7-validates-as-required\" aria-required=\"true\" aria-invalid=\"false\" value=\"\" type=\"text\" name=\"text-393\" \/><\/span> <\/label>\n<\/p>\n<p><label> Prenume (obligatoriu)<br \/>\n<span class=\"wpcf7-form-control-wrap\" data-name=\"your-name\"><input size=\"40\" maxlength=\"400\" class=\"wpcf7-form-control wpcf7-text wpcf7-validates-as-required\" aria-required=\"true\" aria-invalid=\"false\" value=\"\" type=\"text\" name=\"your-name\" \/><\/span> <\/label>\n<\/p>\n<p><label> E-mail (obligatoriu)<br \/>\n<span class=\"wpcf7-form-control-wrap\" data-name=\"your-email\"><input size=\"40\" maxlength=\"400\" class=\"wpcf7-form-control wpcf7-email wpcf7-validates-as-required wpcf7-text wpcf7-validates-as-email\" aria-required=\"true\" aria-invalid=\"false\" value=\"\" type=\"email\" name=\"your-email\" \/><\/span> <\/label>\n<\/p>\n<p><label>Num\u0103rul de telefon (obligatoriu)<br \/>\n<span class=\"wpcf7-form-control-wrap\" data-name=\"tel-883\"><input size=\"40\" maxlength=\"400\" class=\"wpcf7-form-control wpcf7-tel wpcf7-validates-as-required wpcf7-text wpcf7-validates-as-tel\" aria-required=\"true\" aria-invalid=\"false\" value=\"\" type=\"tel\" name=\"tel-883\" \/><\/span><\/label>\n<\/p>\n<p><label> Adresa expedierii a cardului de reduceri Sanatate Health & Beauty<br \/>\n<span class=\"wpcf7-form-control-wrap\" data-name=\"your-message\"><textarea cols=\"40\" rows=\"10\" maxlength=\"2000\" class=\"wpcf7-form-control wpcf7-textarea\" aria-invalid=\"false\" name=\"your-message\"><\/textarea><\/span> <\/label>\n<\/p>\n<p><input class=\"wpcf7-form-control wpcf7-submit has-spinner\" type=\"submit\" value=\"Trimite\" \/>\n<\/p><div class=\"wpcf7-response-output\" aria-hidden=\"true\"><\/div>\n<\/form>\n<\/div>\n[vc_column_text][\/vc_column_text]<div class=\"vc_row_inner tdi_8  vc_row vc_inner wpb_row td-pb-row\" >\n<style scoped>\n\/* custom css - generated by TagDiv Composer *\/\n\n\/* custom css - generated by TagDiv Composer *\/\n.tdi_8{\r\n                    position: relative !important;\r\n                    top: 0;\r\n                    transform: none;\r\n                    -webkit-transform: none;\r\n                }.tdi_8,\r\n\t\t\t\t.tdi_8 .tdc-inner-columns{\r\n\t\t\t\t    display: block;\r\n\t\t\t\t}.tdi_8 .tdc-inner-columns{\r\n\t\t\t\t    width: 100%;\r\n\t\t\t\t}\n<\/style><div class=\"vc_column_inner tdi_10  wpb_column vc_column_container tdc-inner-column td-pb-span3\">\n<style scoped>\n\/* custom css - generated by TagDiv Composer *\/\n\n\/* custom css - generated by TagDiv Composer *\/\n.tdi_10{\r\n                    vertical-align: baseline;\r\n                }.tdi_10 .vc_column-inner > .wpb_wrapper,\r\n\t\t\t\t.tdi_10 .vc_column-inner > .wpb_wrapper .tdc-elements{\r\n\t\t\t\t    display: block;\r\n\t\t\t\t}.tdi_10 .vc_column-inner > .wpb_wrapper .tdc-elements{\r\n\t\t\t\t    width: 100%;\r\n\t\t\t\t}\n<\/style><div class=\"vc_column-inner\"><div class=\"wpb_wrapper\" ><\/div><\/div><\/div><div class=\"vc_column_inner tdi_12  wpb_column vc_column_container tdc-inner-column td-pb-span9\">\n<style scoped>\n\/* custom css - generated by TagDiv Composer *\/\n\n\/* custom css - generated by TagDiv Composer *\/\n.tdi_12{\r\n                    vertical-align: baseline;\r\n                }.tdi_12 .vc_column-inner > .wpb_wrapper,\r\n\t\t\t\t.tdi_12 .vc_column-inner > .wpb_wrapper .tdc-elements{\r\n\t\t\t\t    display: block;\r\n\t\t\t\t}.tdi_12 .vc_column-inner > .wpb_wrapper .tdc-elements{\r\n\t\t\t\t    width: 100%;\r\n\t\t\t\t}\n<\/style><div class=\"vc_column-inner\"><div class=\"wpb_wrapper\" ><\/div><\/div><\/div><\/div><\/div><\/div><\/div><\/div><\/div>","protected":false},"excerpt":{"rendered":"[vc_column_text] Card unical de reducere Sanatate Health &amp; Beauty [\/vc_column_text][vc_column_text]Ave\u021bi grij\u0103 de propria stare de s\u0103n\u0103tate \u0219i de s\u0103n\u0103tatea celor dragi cu cardul de reducere Sanatate Health &amp; Beauty. Cardul combin\u0103 o mul\u021bime de oportunit\u0103\u021bi! Pute\u021bi beneficia de reduceri la serviciile ofrite de cele mai bune clinici stomatologice private, centre de diagnostic moderne, saloane de [...]","protected":false},"author":28,"featured_media":72148,"parent":0,"menu_order":0,"comment_status":"closed","ping_status":"closed","template":"","meta":{"inline_featured_image":false,"footnotes":""},"class_list":["post-72751","page","type-page","status-publish","has-post-thumbnail"],"yoast_head":"<!-- This site is optimized with the Yoast SEO plugin v27.3 - https:\/\/yoast.com\/product\/yoast-seo-wordpress\/ -->\n<title>Sanatate Health &amp; Beauty | Sanatate.md<\/title>\n<meta name=\"description\" content=\"Pute\u021bi beneficia de reduceri la serviciile ofrite de cele mai bune clinici stomatologice private, centre de diagnostic moderne, saloane de frumuse\u021be \u0219i SPA\" \/>\n<meta name=\"robots\" content=\"index, follow, max-snippet:-1, max-image-preview:large, max-video-preview:-1\" \/>\n<link rel=\"canonical\" href=\"https:\/\/sanatate.md\/ro\/sanatate-health-beauty\/\" \/>\n<meta property=\"og:locale\" content=\"ro_RO\" \/>\n<meta property=\"og:type\" content=\"article\" \/>\n<meta property=\"og:title\" content=\"Sanatate Health &amp; Beauty | Sanatate.md\" \/>\n<meta property=\"og:description\" content=\"Pute\u021bi beneficia de reduceri la serviciile ofrite de cele mai bune clinici stomatologice private, centre de diagnostic moderne, saloane de frumuse\u021be \u0219i SPA\" \/>\n<meta property=\"og:url\" content=\"https:\/\/sanatate.md\/ro\/sanatate-health-beauty\/\" \/>\n<meta property=\"og:site_name\" content=\"Sanatate.md\" \/>\n<meta property=\"article:modified_time\" content=\"2022-05-11T07:33:33+00:00\" \/>\n<meta property=\"og:image\" content=\"https:\/\/sanatate.md\/wp-content\/uploads\/2019\/04\/card_sanatate_796h495.jpg\" \/>\n\t<meta property=\"og:image:width\" content=\"796\" \/>\n\t<meta property=\"og:image:height\" content=\"495\" \/>\n\t<meta property=\"og:image:type\" content=\"image\/jpeg\" \/>\n<meta name=\"twitter:card\" content=\"summary_large_image\" \/>\n<meta name=\"twitter:label1\" content=\"Timp estimat pentru citire\" \/>\n\t<meta name=\"twitter:data1\" content=\"2 minute\" \/>\n<script type=\"application\/ld+json\" class=\"yoast-schema-graph\">{\"@context\":\"https:\\\/\\\/schema.org\",\"@graph\":[{\"@type\":\"WebPage\",\"@id\":\"https:\\\/\\\/sanatate.md\\\/ro\\\/sanatate-health-beauty\\\/\",\"url\":\"https:\\\/\\\/sanatate.md\\\/ro\\\/sanatate-health-beauty\\\/\",\"name\":\"Sanatate Health & Beauty | Sanatate.md\",\"isPartOf\":{\"@id\":\"https:\\\/\\\/sanatate.md\\\/ro\\\/#website\"},\"primaryImageOfPage\":{\"@id\":\"https:\\\/\\\/sanatate.md\\\/ro\\\/sanatate-health-beauty\\\/#primaryimage\"},\"image\":{\"@id\":\"https:\\\/\\\/sanatate.md\\\/ro\\\/sanatate-health-beauty\\\/#primaryimage\"},\"thumbnailUrl\":\"https:\\\/\\\/sanatate.md\\\/wp-content\\\/uploads\\\/2019\\\/04\\\/card_sanatate_796h495.jpg\",\"datePublished\":\"2019-05-09T08:23:03+00:00\",\"dateModified\":\"2022-05-11T07:33:33+00:00\",\"description\":\"Pute\u021bi beneficia de reduceri la serviciile ofrite de cele mai bune clinici stomatologice private, centre de diagnostic moderne, saloane de frumuse\u021be \u0219i SPA\",\"breadcrumb\":{\"@id\":\"https:\\\/\\\/sanatate.md\\\/ro\\\/sanatate-health-beauty\\\/#breadcrumb\"},\"inLanguage\":\"ro-RO\",\"potentialAction\":[{\"@type\":\"ReadAction\",\"target\":[\"https:\\\/\\\/sanatate.md\\\/ro\\\/sanatate-health-beauty\\\/\"]}]},{\"@type\":\"ImageObject\",\"inLanguage\":\"ro-RO\",\"@id\":\"https:\\\/\\\/sanatate.md\\\/ro\\\/sanatate-health-beauty\\\/#primaryimage\",\"url\":\"https:\\\/\\\/sanatate.md\\\/wp-content\\\/uploads\\\/2019\\\/04\\\/card_sanatate_796h495.jpg\",\"contentUrl\":\"https:\\\/\\\/sanatate.md\\\/wp-content\\\/uploads\\\/2019\\\/04\\\/card_sanatate_796h495.jpg\",\"width\":796,\"height\":495,\"caption\":\"Sanatate Healh Beauty\"},{\"@type\":\"BreadcrumbList\",\"@id\":\"https:\\\/\\\/sanatate.md\\\/ro\\\/sanatate-health-beauty\\\/#breadcrumb\",\"itemListElement\":[{\"@type\":\"ListItem\",\"position\":1,\"name\":\"\u0413\u043b\u0430\u0432\u043d\u0430\u044f \u0441\u0442\u0440\u0430\u043d\u0438\u0446\u0430\",\"item\":\"https:\\\/\\\/sanatate.md\\\/ro\\\/\"},{\"@type\":\"ListItem\",\"position\":2,\"name\":\"Sanatate Health &#038; Beauty\"}]},{\"@type\":\"WebSite\",\"@id\":\"https:\\\/\\\/sanatate.md\\\/ro\\\/#website\",\"url\":\"https:\\\/\\\/sanatate.md\\\/ro\\\/\",\"name\":\"Sanatate.md\",\"description\":\"\u0416\u0443\u0440\u043d\u0430\u043b \u0434\u043b\u044f \u0432\u0441\u0435\u0439 \u0441\u0435\u043c\u044c\u0438 \u0432 \u041c\u043e\u043b\u0434\u043e\u0432\u0435\",\"publisher\":{\"@id\":\"https:\\\/\\\/sanatate.md\\\/ro\\\/#organization\"},\"potentialAction\":[{\"@type\":\"SearchAction\",\"target\":{\"@type\":\"EntryPoint\",\"urlTemplate\":\"https:\\\/\\\/sanatate.md\\\/ro\\\/?s={search_term_string}\"},\"query-input\":{\"@type\":\"PropertyValueSpecification\",\"valueRequired\":true,\"valueName\":\"search_term_string\"}}],\"inLanguage\":\"ro-RO\"},{\"@type\":\"Organization\",\"@id\":\"https:\\\/\\\/sanatate.md\\\/ro\\\/#organization\",\"name\":\"SANATATE\",\"url\":\"https:\\\/\\\/sanatate.md\\\/ro\\\/\",\"logo\":{\"@type\":\"ImageObject\",\"inLanguage\":\"ro-RO\",\"@id\":\"https:\\\/\\\/sanatate.md\\\/ro\\\/#\\\/schema\\\/logo\\\/image\\\/\",\"url\":\"https:\\\/\\\/sanatate.md\\\/wp-content\\\/uploads\\\/2022\\\/01\\\/sanatate-logo.svg\",\"contentUrl\":\"https:\\\/\\\/sanatate.md\\\/wp-content\\\/uploads\\\/2022\\\/01\\\/sanatate-logo.svg\",\"width\":\"1024\",\"height\":\"1024\",\"caption\":\"SANATATE\"},\"image\":{\"@id\":\"https:\\\/\\\/sanatate.md\\\/ro\\\/#\\\/schema\\\/logo\\\/image\\\/\"}}]}<\/script>\n<!-- \/ Yoast SEO plugin. -->","yoast_head_json":{"title":"Sanatate Health & Beauty | Sanatate.md","description":"Pute\u021bi beneficia de reduceri la serviciile ofrite de cele mai bune clinici stomatologice private, centre de diagnostic moderne, saloane de frumuse\u021be \u0219i SPA","robots":{"index":"index","follow":"follow","max-snippet":"max-snippet:-1","max-image-preview":"max-image-preview:large","max-video-preview":"max-video-preview:-1"},"canonical":"https:\/\/sanatate.md\/ro\/sanatate-health-beauty\/","og_locale":"ro_RO","og_type":"article","og_title":"Sanatate Health & Beauty | Sanatate.md","og_description":"Pute\u021bi beneficia de reduceri la serviciile ofrite de cele mai bune clinici stomatologice private, centre de diagnostic moderne, saloane de frumuse\u021be \u0219i SPA","og_url":"https:\/\/sanatate.md\/ro\/sanatate-health-beauty\/","og_site_name":"Sanatate.md","article_modified_time":"2022-05-11T07:33:33+00:00","og_image":[{"width":796,"height":495,"url":"https:\/\/sanatate.md\/wp-content\/uploads\/2019\/04\/card_sanatate_796h495.jpg","type":"image\/jpeg"}],"twitter_card":"summary_large_image","twitter_misc":{"Timp estimat pentru citire":"2 minute"},"schema":{"@context":"https:\/\/schema.org","@graph":[{"@type":"WebPage","@id":"https:\/\/sanatate.md\/ro\/sanatate-health-beauty\/","url":"https:\/\/sanatate.md\/ro\/sanatate-health-beauty\/","name":"Sanatate Health & Beauty | Sanatate.md","isPartOf":{"@id":"https:\/\/sanatate.md\/ro\/#website"},"primaryImageOfPage":{"@id":"https:\/\/sanatate.md\/ro\/sanatate-health-beauty\/#primaryimage"},"image":{"@id":"https:\/\/sanatate.md\/ro\/sanatate-health-beauty\/#primaryimage"},"thumbnailUrl":"https:\/\/sanatate.md\/wp-content\/uploads\/2019\/04\/card_sanatate_796h495.jpg","datePublished":"2019-05-09T08:23:03+00:00","dateModified":"2022-05-11T07:33:33+00:00","description":"Pute\u021bi beneficia de reduceri la serviciile ofrite de cele mai bune clinici stomatologice private, centre de diagnostic moderne, saloane de frumuse\u021be \u0219i SPA","breadcrumb":{"@id":"https:\/\/sanatate.md\/ro\/sanatate-health-beauty\/#breadcrumb"},"inLanguage":"ro-RO","potentialAction":[{"@type":"ReadAction","target":["https:\/\/sanatate.md\/ro\/sanatate-health-beauty\/"]}]},{"@type":"ImageObject","inLanguage":"ro-RO","@id":"https:\/\/sanatate.md\/ro\/sanatate-health-beauty\/#primaryimage","url":"https:\/\/sanatate.md\/wp-content\/uploads\/2019\/04\/card_sanatate_796h495.jpg","contentUrl":"https:\/\/sanatate.md\/wp-content\/uploads\/2019\/04\/card_sanatate_796h495.jpg","width":796,"height":495,"caption":"Sanatate Healh Beauty"},{"@type":"BreadcrumbList","@id":"https:\/\/sanatate.md\/ro\/sanatate-health-beauty\/#breadcrumb","itemListElement":[{"@type":"ListItem","position":1,"name":"\u0413\u043b\u0430\u0432\u043d\u0430\u044f \u0441\u0442\u0440\u0430\u043d\u0438\u0446\u0430","item":"https:\/\/sanatate.md\/ro\/"},{"@type":"ListItem","position":2,"name":"Sanatate Health &#038; Beauty"}]},{"@type":"WebSite","@id":"https:\/\/sanatate.md\/ro\/#website","url":"https:\/\/sanatate.md\/ro\/","name":"Sanatate.md","description":"\u0416\u0443\u0440\u043d\u0430\u043b \u0434\u043b\u044f \u0432\u0441\u0435\u0439 \u0441\u0435\u043c\u044c\u0438 \u0432 \u041c\u043e\u043b\u0434\u043e\u0432\u0435","publisher":{"@id":"https:\/\/sanatate.md\/ro\/#organization"},"potentialAction":[{"@type":"SearchAction","target":{"@type":"EntryPoint","urlTemplate":"https:\/\/sanatate.md\/ro\/?s={search_term_string}"},"query-input":{"@type":"PropertyValueSpecification","valueRequired":true,"valueName":"search_term_string"}}],"inLanguage":"ro-RO"},{"@type":"Organization","@id":"https:\/\/sanatate.md\/ro\/#organization","name":"SANATATE","url":"https:\/\/sanatate.md\/ro\/","logo":{"@type":"ImageObject","inLanguage":"ro-RO","@id":"https:\/\/sanatate.md\/ro\/#\/schema\/logo\/image\/","url":"https:\/\/sanatate.md\/wp-content\/uploads\/2022\/01\/sanatate-logo.svg","contentUrl":"https:\/\/sanatate.md\/wp-content\/uploads\/2022\/01\/sanatate-logo.svg","width":"1024","height":"1024","caption":"SANATATE"},"image":{"@id":"https:\/\/sanatate.md\/ro\/#\/schema\/logo\/image\/"}}]}},"_links":{"self":[{"href":"https:\/\/sanatate.md\/ro\/wp-json\/wp\/v2\/pages\/72751","targetHints":{"allow":["GET"]}}],"collection":[{"href":"https:\/\/sanatate.md\/ro\/wp-json\/wp\/v2\/pages"}],"about":[{"href":"https:\/\/sanatate.md\/ro\/wp-json\/wp\/v2\/types\/page"}],"author":[{"embeddable":true,"href":"https:\/\/sanatate.md\/ro\/wp-json\/wp\/v2\/users\/28"}],"replies":[{"embeddable":true,"href":"https:\/\/sanatate.md\/ro\/wp-json\/wp\/v2\/comments?post=72751"}],"version-history":[{"count":0,"href":"https:\/\/sanatate.md\/ro\/wp-json\/wp\/v2\/pages\/72751\/revisions"}],"wp:featuredmedia":[{"embeddable":true,"href":"https:\/\/sanatate.md\/ro\/wp-json\/wp\/v2\/media\/72148"}],"wp:attachment":[{"href":"https:\/\/sanatate.md\/ro\/wp-json\/wp\/v2\/media?parent=72751"}],"curies":[{"name":"wp","href":"https:\/\/api.w.org\/{rel}","templated":true}]}}