{"id":74804,"date":"2019-07-26T16:47:43","date_gmt":"2019-07-26T13:47:43","guid":{"rendered":"https:\/\/sanatate.md\/?page_id=74804"},"modified":"2019-07-26T16:47:43","modified_gmt":"2019-07-26T13:47:43","slug":"rectocelul","status":"publish","type":"page","link":"https:\/\/sanatate.md\/ro\/boli-si-tratament\/boli-proctologice\/rectocelul\/","title":{"rendered":"Rectocelul"},"content":{"rendered":"<p>Rectocelul rectului ( hernie sau\u00a0\u00a0umfl\u0103tur\u0103 format\u0103 prin ie\u0219irea total\u0103 sau par\u021bial\u0103 a intestinului sub\u0163ire din cavitatea sa natural\u0103 printr-un orificiu natural sau artificial) este o afec\u021biune dureroas\u0103. Umflarea are loc \u00een direc\u021bia vaginului. Termenul &#8220;rectocel&#8221; se traduce ca &#8220;sacul din rect (intestinul gros) &#8220;.<\/p>\n<h3>Cauzele st\u0103rii dureroase<\/h3>\n<p>Starea dureroas\u0103 se dezvolt\u0103 la femei, de regul\u0103, dup\u0103 o na\u015ftere complicat\u0103, sever\u0103, patologic\u0103.<\/p>\n<p>Factorii predispozan\u021bi sunt: \u200b\u200befortul fizic greu, excesul de greutate, sl\u0103biciune a sistemului muscular care sus\u021bine organele pelvine (prolapsul uterului-rectocelei) etc.<br \/>\nExper\u021bii mai identific\u0103 urm\u0103toarele cauze ale bolii: \u2022 boli ale aparatului respirator cu tuse puternice;<br \/>\n\u2022 constipa\u021bie cronic\u0103;<br \/>\n\u2022 patologii de v\u00e2rst\u0103 ale intestinelor \u0219i \u021besutului muscular.<\/p>\n<h3>Tipuri de boli<\/h3>\n<p>\u00cen dependen\u0163\u0103 de ce por\u0163iune a intestinului gros e v\u00eet\u00eemat, exper\u021bii disting:<br \/>\n\u2022 rectocele posterioare;<br \/>\n\u2022 rectocele frontale.<br \/>\nExtensia bolii<br \/>\nMedicii disting 3 grade de stare a bolii:<br \/>\n\u2022 primul &#8211; pacienta nu are pl\u00e2ngeri, dar \u00een timpul examenului de palpare se relev\u0103 o mic\u0103 proeminen\u021b\u0103 a rectului;<br \/>\n\u2022 gradul doi &#8211; pacienta se pl\u00e2nge pe disconfort, golirea incomplet\u0103 \u0219i dureroas\u0103 a intestinului; la examinare se vede proeminen\u021ba bine pronun\u021bat\u0103;<br \/>\n\u2022 al treilea &#8211; acelea\u0219i simptome ca \u015fi \u00een al doilea grad, dar mai pronun\u021bate; apar complica\u021bii: fisuri anale, s\u00e2nger\u0103ri.<\/p>\n<h3>Simptomele<\/h3>\n<p>Pacienta se pl\u00e2nge de constipa\u021bie persistent\u0103, de defecare dificil\u0103. Se creaz\u0103 o senza\u0163ie c\u0103 intestinul nu este complet golit, nu exist\u0103 o comprimare \u00een timpul efortului.<br \/>\nBoala progreseaz\u0103, \u00een timpul defrc\u0103rii pacienta se ajut\u0103 cu m\u00e2inile, uneori procesul dureaz\u0103 o lung\u0103 perioad\u0103 de timp \u0219i f\u0103r\u0103 rezultat. Nevoia de a-\u015fi elibera intestinul adesea r\u0103m\u00e2ne ineficient\u0103.<\/p>\n<p>Starea dureroas\u0103 devine permanent\u0103 \u0219i uneori principala cauz\u0103 a constipa\u021biei. Femeile \u00eencep s\u0103 \u00een\u021beleag\u0103, c\u0103 fecalele se elimin\u0103 dac\u0103 ap\u0103s\u0103 peretele din spate al vaginului sau \u00eempinge anusul din lateral.<\/p>\n<p>Boala se dezvolt\u0103 ca urmare a \u00eentinderii, a pierderii elasticit\u0103\u021bii mu\u0219chilor anteriori, care ridic\u0103 anusul, \u0219i sl\u0103birea scheletului mu\u0219chilor perineului \u0219i septului, localiza\u021bi \u00eentre vagin \u0219i rect. O condi\u021bie dureroas\u0103 este una dintre op\u021biunile pentru o hernie a vaginului. Septul dintre vagin \u0219i rect, \u00een loc s\u0103 arunce fecalele, se \u00eentinde \u0219i coboar\u0103 \u00een locul proeminen\u021bei.<br \/>\nProblemele de s\u0103n\u0103tate ale pacientei nu se limiteaz\u0103 la aceste simptome: c\u00e2nd str\u0103nut\u0103 \u0219i tu\u015fe\u015fte nu poate re\u0163ine urina, exist\u0103 probleme \u00een via\u021ba sexual\u0103 (cauzeaz\u0103 disconfort, uneori fecalele iese involuntar deoarece \u00een procesul fric\u021biunilor se mi\u0219c\u0103 \u00een sus \u0219i \u00een jos).<br \/>\nGinecologii \u0219i proctologii sunt de p\u0103rere, c\u0103 rectocele, cobor\u00e2rea uterului \u0219i a vaginului se dezvolt\u0103 \u00een paralel, au cauze \u0219i o clinic\u0103 comun\u0103.<\/p>\n<h3>Tratamentul<\/h3>\n<p>\u00cen prima etap\u0103 a bolii, cel mai adesea se prescrie tratamentul f\u0103r\u0103 interven\u021bie chirurgical\u0103. Femeia men\u0163ine o diet\u0103 special\u0103, face exerci\u021bii pentru rectocele (gimnastic\u0103 anal\u0103 pentru rectocele), fizioterapie etc.<br \/>\nUneori aceste proceduri sunt eficiente, dar \u00een cele mai multe cazuri starea bolii progreseaz\u0103 \u0219i pacienta are nevoie de o interven\u021bie chirurgical\u0103. \u00cen procesul unei interven\u0163ii chirurgul efectueaz\u0103 o corijare a rectocelei: el coase mu\u0219chii pelvieni dispersa\u021bi, restabilind astfel structura lor normal\u0103.<\/p>\n<p>Tratamentul trebuie s\u0103 fie efectuat \u00een complex cu alte boli (cistocele, rectocele, fisuri anale, polipi, hemoroizi). Aceste patologii sunt de asemenea eliminate \u00een paralel.<br \/>\n\u00cen cea de-a doua sau a treia zi dup\u0103 opera\u021bie, pacientele observ\u0103 c\u0103 actul defec\u0103rii s-a \u00eembun\u0103t\u0103\u021bit, disconfortul \u0219i sentimentul de golire incomplet\u0103 a intestinelor au disp\u0103rut.<\/p>\n<p>Interven\u0163ia chirurgical\u0103 nu este foarte dificil\u0103, femeile sunt externate \u00een a treia zi dup\u0103 interven\u021bie.<\/p>\n<p>Timp de dou\u0103 &#8211; trei luni dup\u0103 interven\u021bie femeia trebuie s\u0103 respecte un regim delicat, este interzis\u0103 efectuarea lucr\u0103rilor fizice grele.<\/p>\n","protected":false},"excerpt":{"rendered":"<p>Rectocelul rectului ( hernie sau\u00a0\u00a0umfl\u0103tur\u0103 format\u0103 prin ie\u0219irea total\u0103 sau par\u021bial\u0103 a intestinului sub\u0163ire din cavitatea sa natural\u0103 printr-un orificiu natural sau artificial) este o afec\u021biune dureroas\u0103. Umflarea are loc \u00een direc\u021bia vaginului. Termenul &#8220;rectocel&#8221; se traduce ca &#8220;sacul din rect (intestinul gros) &#8220;. Cauzele st\u0103rii dureroase Starea dureroas\u0103 se dezvolt\u0103 la femei, de regul\u0103, [&hellip;]<\/p>\n","protected":false},"author":1,"featured_media":0,"parent":52984,"menu_order":0,"comment_status":"closed","ping_status":"closed","template":"","meta":{"inline_featured_image":false,"footnotes":""},"class_list":["post-74804","page","type-page","status-publish"],"yoast_head":"<!-- This site is optimized with the Yoast SEO plugin v27.3 - https:\/\/yoast.com\/product\/yoast-seo-wordpress\/ -->\n<title>Rectocelul \u2013 simptomele \u0219i tratamentul<\/title>\n<meta name=\"description\" content=\"Rectocelul rectului ( hernie sau\u00a0\u00a0umfl\u0103tur\u0103 format\u0103 prin ie\u0219irea total\u0103 sau par\u021bial\u0103 a intestinului sub\u0163ire din cavitatea sa natural\u0103 printr-un orificiu natural sau artificial) este o afec\u021biune dureroas\u0103.\" \/>\n<meta name=\"robots\" content=\"index, follow, max-snippet:-1, max-image-preview:large, max-video-preview:-1\" \/>\n<link rel=\"canonical\" href=\"https:\/\/sanatate.md\/ro\/boli-si-tratament\/boli-proctologice\/rectocelul\/\" \/>\n<meta property=\"og:locale\" content=\"ro_RO\" \/>\n<meta property=\"og:type\" content=\"article\" \/>\n<meta property=\"og:title\" content=\"Rectocelul \u2013 simptomele \u0219i tratamentul\" \/>\n<meta property=\"og:description\" content=\"Rectocelul rectului ( hernie sau\u00a0\u00a0umfl\u0103tur\u0103 format\u0103 prin ie\u0219irea total\u0103 sau par\u021bial\u0103 a intestinului sub\u0163ire din cavitatea sa natural\u0103 printr-un orificiu natural sau artificial) este o afec\u021biune dureroas\u0103.\" \/>\n<meta property=\"og:url\" content=\"https:\/\/sanatate.md\/ro\/boli-si-tratament\/boli-proctologice\/rectocelul\/\" \/>\n<meta property=\"og:site_name\" content=\"Sanatate.md\" \/>\n<meta name=\"twitter:card\" content=\"summary_large_image\" \/>\n<meta name=\"twitter:label1\" content=\"Timp estimat pentru citire\" \/>\n\t<meta name=\"twitter:data1\" content=\"3 minute\" \/>\n<script type=\"application\/ld+json\" class=\"yoast-schema-graph\">{\"@context\":\"https:\\\/\\\/schema.org\",\"@graph\":[{\"@type\":\"WebPage\",\"@id\":\"https:\\\/\\\/sanatate.md\\\/ro\\\/boli-si-tratament\\\/boli-proctologice\\\/rectocelul\\\/\",\"url\":\"https:\\\/\\\/sanatate.md\\\/ro\\\/boli-si-tratament\\\/boli-proctologice\\\/rectocelul\\\/\",\"name\":\"Rectocelul \u2013 simptomele \u0219i tratamentul\",\"isPartOf\":{\"@id\":\"https:\\\/\\\/sanatate.md\\\/ro\\\/#website\"},\"datePublished\":\"2019-07-26T13:47:43+00:00\",\"description\":\"Rectocelul rectului ( hernie sau\u00a0\u00a0umfl\u0103tur\u0103 format\u0103 prin ie\u0219irea total\u0103 sau par\u021bial\u0103 a intestinului sub\u0163ire din cavitatea sa natural\u0103 printr-un orificiu natural sau artificial) este o afec\u021biune dureroas\u0103.\",\"breadcrumb\":{\"@id\":\"https:\\\/\\\/sanatate.md\\\/ro\\\/boli-si-tratament\\\/boli-proctologice\\\/rectocelul\\\/#breadcrumb\"},\"inLanguage\":\"ro-RO\",\"potentialAction\":[{\"@type\":\"ReadAction\",\"target\":[\"https:\\\/\\\/sanatate.md\\\/ro\\\/boli-si-tratament\\\/boli-proctologice\\\/rectocelul\\\/\"]}]},{\"@type\":\"BreadcrumbList\",\"@id\":\"https:\\\/\\\/sanatate.md\\\/ro\\\/boli-si-tratament\\\/boli-proctologice\\\/rectocelul\\\/#breadcrumb\",\"itemListElement\":[{\"@type\":\"ListItem\",\"position\":1,\"name\":\"\u0413\u043b\u0430\u0432\u043d\u0430\u044f \u0441\u0442\u0440\u0430\u043d\u0438\u0446\u0430\",\"item\":\"https:\\\/\\\/sanatate.md\\\/ro\\\/\"},{\"@type\":\"ListItem\",\"position\":2,\"name\":\"Boli si tratament\",\"item\":\"https:\\\/\\\/sanatate.md\\\/ro\\\/boli-si-tratament\\\/\"},{\"@type\":\"ListItem\",\"position\":3,\"name\":\"Boli proctologice\",\"item\":\"https:\\\/\\\/sanatate.md\\\/ro\\\/boli-si-tratament\\\/boli-proctologice\\\/\"},{\"@type\":\"ListItem\",\"position\":4,\"name\":\"Rectocelul\"}]},{\"@type\":\"WebSite\",\"@id\":\"https:\\\/\\\/sanatate.md\\\/ro\\\/#website\",\"url\":\"https:\\\/\\\/sanatate.md\\\/ro\\\/\",\"name\":\"Sanatate.md\",\"description\":\"\u0416\u0443\u0440\u043d\u0430\u043b \u0434\u043b\u044f \u0432\u0441\u0435\u0439 \u0441\u0435\u043c\u044c\u0438 \u0432 \u041c\u043e\u043b\u0434\u043e\u0432\u0435\",\"publisher\":{\"@id\":\"https:\\\/\\\/sanatate.md\\\/ro\\\/#organization\"},\"potentialAction\":[{\"@type\":\"SearchAction\",\"target\":{\"@type\":\"EntryPoint\",\"urlTemplate\":\"https:\\\/\\\/sanatate.md\\\/ro\\\/?s={search_term_string}\"},\"query-input\":{\"@type\":\"PropertyValueSpecification\",\"valueRequired\":true,\"valueName\":\"search_term_string\"}}],\"inLanguage\":\"ro-RO\"},{\"@type\":\"Organization\",\"@id\":\"https:\\\/\\\/sanatate.md\\\/ro\\\/#organization\",\"name\":\"SANATATE\",\"url\":\"https:\\\/\\\/sanatate.md\\\/ro\\\/\",\"logo\":{\"@type\":\"ImageObject\",\"inLanguage\":\"ro-RO\",\"@id\":\"https:\\\/\\\/sanatate.md\\\/ro\\\/#\\\/schema\\\/logo\\\/image\\\/\",\"url\":\"https:\\\/\\\/sanatate.md\\\/wp-content\\\/uploads\\\/2022\\\/01\\\/sanatate-logo.svg\",\"contentUrl\":\"https:\\\/\\\/sanatate.md\\\/wp-content\\\/uploads\\\/2022\\\/01\\\/sanatate-logo.svg\",\"width\":\"1024\",\"height\":\"1024\",\"caption\":\"SANATATE\"},\"image\":{\"@id\":\"https:\\\/\\\/sanatate.md\\\/ro\\\/#\\\/schema\\\/logo\\\/image\\\/\"}}]}<\/script>\n<!-- \/ Yoast SEO plugin. -->","yoast_head_json":{"title":"Rectocelul \u2013 simptomele \u0219i tratamentul","description":"Rectocelul rectului ( hernie sau\u00a0\u00a0umfl\u0103tur\u0103 format\u0103 prin ie\u0219irea total\u0103 sau par\u021bial\u0103 a intestinului sub\u0163ire din cavitatea sa natural\u0103 printr-un orificiu natural sau artificial) este o afec\u021biune dureroas\u0103.","robots":{"index":"index","follow":"follow","max-snippet":"max-snippet:-1","max-image-preview":"max-image-preview:large","max-video-preview":"max-video-preview:-1"},"canonical":"https:\/\/sanatate.md\/ro\/boli-si-tratament\/boli-proctologice\/rectocelul\/","og_locale":"ro_RO","og_type":"article","og_title":"Rectocelul \u2013 simptomele \u0219i tratamentul","og_description":"Rectocelul rectului ( hernie sau\u00a0\u00a0umfl\u0103tur\u0103 format\u0103 prin ie\u0219irea total\u0103 sau par\u021bial\u0103 a intestinului sub\u0163ire din cavitatea sa natural\u0103 printr-un orificiu natural sau artificial) este o afec\u021biune dureroas\u0103.","og_url":"https:\/\/sanatate.md\/ro\/boli-si-tratament\/boli-proctologice\/rectocelul\/","og_site_name":"Sanatate.md","twitter_card":"summary_large_image","twitter_misc":{"Timp estimat pentru citire":"3 minute"},"schema":{"@context":"https:\/\/schema.org","@graph":[{"@type":"WebPage","@id":"https:\/\/sanatate.md\/ro\/boli-si-tratament\/boli-proctologice\/rectocelul\/","url":"https:\/\/sanatate.md\/ro\/boli-si-tratament\/boli-proctologice\/rectocelul\/","name":"Rectocelul \u2013 simptomele \u0219i tratamentul","isPartOf":{"@id":"https:\/\/sanatate.md\/ro\/#website"},"datePublished":"2019-07-26T13:47:43+00:00","description":"Rectocelul rectului ( hernie sau\u00a0\u00a0umfl\u0103tur\u0103 format\u0103 prin ie\u0219irea total\u0103 sau par\u021bial\u0103 a intestinului sub\u0163ire din cavitatea sa natural\u0103 printr-un orificiu natural sau artificial) este o afec\u021biune dureroas\u0103.","breadcrumb":{"@id":"https:\/\/sanatate.md\/ro\/boli-si-tratament\/boli-proctologice\/rectocelul\/#breadcrumb"},"inLanguage":"ro-RO","potentialAction":[{"@type":"ReadAction","target":["https:\/\/sanatate.md\/ro\/boli-si-tratament\/boli-proctologice\/rectocelul\/"]}]},{"@type":"BreadcrumbList","@id":"https:\/\/sanatate.md\/ro\/boli-si-tratament\/boli-proctologice\/rectocelul\/#breadcrumb","itemListElement":[{"@type":"ListItem","position":1,"name":"\u0413\u043b\u0430\u0432\u043d\u0430\u044f \u0441\u0442\u0440\u0430\u043d\u0438\u0446\u0430","item":"https:\/\/sanatate.md\/ro\/"},{"@type":"ListItem","position":2,"name":"Boli si tratament","item":"https:\/\/sanatate.md\/ro\/boli-si-tratament\/"},{"@type":"ListItem","position":3,"name":"Boli proctologice","item":"https:\/\/sanatate.md\/ro\/boli-si-tratament\/boli-proctologice\/"},{"@type":"ListItem","position":4,"name":"Rectocelul"}]},{"@type":"WebSite","@id":"https:\/\/sanatate.md\/ro\/#website","url":"https:\/\/sanatate.md\/ro\/","name":"Sanatate.md","description":"\u0416\u0443\u0440\u043d\u0430\u043b \u0434\u043b\u044f \u0432\u0441\u0435\u0439 \u0441\u0435\u043c\u044c\u0438 \u0432 \u041c\u043e\u043b\u0434\u043e\u0432\u0435","publisher":{"@id":"https:\/\/sanatate.md\/ro\/#organization"},"potentialAction":[{"@type":"SearchAction","target":{"@type":"EntryPoint","urlTemplate":"https:\/\/sanatate.md\/ro\/?s={search_term_string}"},"query-input":{"@type":"PropertyValueSpecification","valueRequired":true,"valueName":"search_term_string"}}],"inLanguage":"ro-RO"},{"@type":"Organization","@id":"https:\/\/sanatate.md\/ro\/#organization","name":"SANATATE","url":"https:\/\/sanatate.md\/ro\/","logo":{"@type":"ImageObject","inLanguage":"ro-RO","@id":"https:\/\/sanatate.md\/ro\/#\/schema\/logo\/image\/","url":"https:\/\/sanatate.md\/wp-content\/uploads\/2022\/01\/sanatate-logo.svg","contentUrl":"https:\/\/sanatate.md\/wp-content\/uploads\/2022\/01\/sanatate-logo.svg","width":"1024","height":"1024","caption":"SANATATE"},"image":{"@id":"https:\/\/sanatate.md\/ro\/#\/schema\/logo\/image\/"}}]}},"_links":{"self":[{"href":"https:\/\/sanatate.md\/ro\/wp-json\/wp\/v2\/pages\/74804","targetHints":{"allow":["GET"]}}],"collection":[{"href":"https:\/\/sanatate.md\/ro\/wp-json\/wp\/v2\/pages"}],"about":[{"href":"https:\/\/sanatate.md\/ro\/wp-json\/wp\/v2\/types\/page"}],"author":[{"embeddable":true,"href":"https:\/\/sanatate.md\/ro\/wp-json\/wp\/v2\/users\/1"}],"replies":[{"embeddable":true,"href":"https:\/\/sanatate.md\/ro\/wp-json\/wp\/v2\/comments?post=74804"}],"version-history":[{"count":0,"href":"https:\/\/sanatate.md\/ro\/wp-json\/wp\/v2\/pages\/74804\/revisions"}],"up":[{"embeddable":true,"href":"https:\/\/sanatate.md\/ro\/wp-json\/wp\/v2\/pages\/52984"}],"wp:attachment":[{"href":"https:\/\/sanatate.md\/ro\/wp-json\/wp\/v2\/media?parent=74804"}],"curies":[{"name":"wp","href":"https:\/\/api.w.org\/{rel}","templated":true}]}}