{"id":79018,"date":"2020-02-06T17:58:07","date_gmt":"2020-02-06T14:58:07","guid":{"rendered":"https:\/\/sanatate.md\/?page_id=79018"},"modified":"2020-02-06T17:58:07","modified_gmt":"2020-02-06T14:58:07","slug":"entsefalastenia","status":"publish","type":"page","link":"https:\/\/sanatate.md\/ro\/boli-si-tratament\/boli-neurologice\/entsefalastenia\/","title":{"rendered":"Entsefalastenia"},"content":{"rendered":"<p>Este o stare de origine nevrotic\u0103, care se caracterizeaz\u0103 printr-o alternan\u021b\u0103 de emo\u021bie \u0219i calm, oboseal\u0103, dureri de cap frecvente \u0219i alte abateri.<\/p>\n<h3>Cauzele apari\u021biei<\/h3>\n<p>Simptomatologia acestei boli apare ca urmare a afect\u0103rii creierului. Exist\u0103 dou\u0103 tipuri, \u00een func\u021bie de cauz\u0103:<br \/>\n\u2022 a traumatismelor, se dezvolt\u0103 cre\u0219terea cerebral\u0103 post-traumatic\u0103;<br \/>\n\u2022 cu malnutri\u021bia patologic\u0103 a structurilor celulelor nervoase.<\/p>\n<p>Cu alte cuvinte, boala data este \u201eoboseala\u201d creierului uman ca urmare a unei perturb\u0103ri a func\u021bion\u0103rii sale. Metodele terapeutice ale medicinei moderne nu fac posibil\u0103 eliminarea complet\u0103 a simptomelor clinice \u0219i a tulbur\u0103rilor organice ale acestei boli. Astfel, pe parcursul vie\u021bii vor ap\u0103rea semne de leziuni traumatice cu severitate variabil\u0103.<\/p>\n<p>Cel mai adesea, astfel de semne pot fi \u00een diferite situa\u021bii care necesit\u0103 tensiune nervoas\u0103 crescut\u0103:<\/p>\n<p>\u2022 stresuri;<br \/>\n\u2022 activitate intelectual\u0103 activ\u0103;<br \/>\n\u2022 boli de origine infec\u021bioas\u0103.<\/p>\n<p>Aceast\u0103 boal\u0103 face parte dintr-o tulburare a sindromului de tip psiho-organic.<\/p>\n<h3>Simptomele<\/h3>\n<p>\u00cen func\u021bie de c\u00e2t de mare este severitatea unei leziuni traumatice cerebrale, distingem diferite simptome ale acestei boli:<br \/>\n1. \u00cen leziunile u\u0219oare, \u00een majoritatea cazurilor, exist\u0103 o pierdere scurt\u0103 a cuno\u0219tin\u021bei, care se transform\u0103 treptat \u00eentr-o percep\u021bie cognitiv\u0103 a realit\u0103\u021bii \u00eenconjur\u0103toare.<br \/>\n2. \u00cen cazul \u00een care leziunile sunt mai severe, atunci \u00eenainte de a trece la o clarificare, pacientul are perioade de ame\u021beal\u0103, care sunt exprimate prin astfel de simptome:<\/p>\n<ul>\n<li>vorbirea confuz\u0103;<\/li>\n<li>\u00eenc\u0103lcarea proceselor de g\u00e2ndire;<\/li>\n<li>dezorientarea \u00een timp \u0219i \u00een realitatea \u00eenconjur\u0103toare;<\/li>\n<li>obsesii;<\/li>\n<li>somnolen\u021b\u0103 crescut\u0103.<\/li>\n<\/ul>\n<p>Deteriorarea cognitiv\u0103 \u00een majoritatea cazurilor se manifest\u0103 printr-o sc\u0103dere a nivelului autocriticii. O persoan\u0103 aflat\u0103 \u00een aceast\u0103 stare poate face diferen\u021ba \u00eentre situa\u021bii negative \u0219i pozitive, dar \u00een societate este posibil s\u0103 nu se comporte corect, adesea s\u0103v\u00e2r\u0219ind ac\u021biuni erup\u021bionale. Pacientului este dificil s\u0103 primeasc\u0103 \u0219i s\u0103 memoreze noi cuno\u0219tin\u021be, de multe ori e\u0219ecurile de memorie pot fi observate, cercul de interese este semnificativ redus. El pierde, de asemenea, capacitatea de a g\u00e2ndi asupra diferitelor situa\u021bii obiectiv, iar g\u00e2ndirea nu se dezvolt\u0103.<\/p>\n<p>Principalul simptom al acestei boli este o schimbare de dispozi\u021bie \u00een perioad\u0103 scurt\u0103 de timp<\/p>\n<p>Pacien\u021bii se pl\u00e2ng de:<\/p>\n<p>\u2022 plictiseal\u0103;<br \/>\n\u2022 pierderea interesului pentru activit\u0103\u021bile \u00eendr\u0103gite anterior;<br \/>\n\u2022 migrene;<br \/>\n\u2022 ame\u021beli;<br \/>\n\u2022 tulbur\u0103ri motorii ale aparatului de vorbire cu o sc\u0103dere suplimentar\u0103 a vocabularului, \u00een urma c\u0103reia pacientului devine dificil s\u0103 explice orice.<\/p>\n<p>Un alt simptom clinic este tulburarea somnului. Atunci c\u00e2nd o persoan\u0103 se treze\u0219te noaptea, de multe ori poate prezenta simptome de delir elementar, semne de delir \u0219i, de asemenea, halucina\u021bii. \u00cen cazuri severe, pot fi observate simptome de depersonalizare.<\/p>\n<p>Toate simptomele de mai sus sunt de obicei \u00eenso\u021bite de ame\u021beli \u0219i dureri severe, care apar atunci c\u00e2nd pozi\u021bia corpului se schimb\u0103.<\/p>\n<h3>Diagnosticarea<\/h3>\n<p>Diagnosticul este stabilit pe baza simptomelor clinice, anamneza. De remarcat este faptul, c\u0103 boala este mo\u0219tenit\u0103. Prin urmare, este dificil de diagnosticat aceast\u0103 boal\u0103 din cauza num\u0103rului mare de simptome, care sunt adesea asem\u0103n\u0103toare semnelor unei alte tulbur\u0103ri sau st\u0103ri patologice. Pentru a clarifica corectitudinea diagnosticului, este necesar s\u0103 se efectueze electroencefalografie \u0219i tomografie.<\/p>\n<h3>Tratamentul<\/h3>\n<p>Cursul terapeutic se bazeaz\u0103 pe tratamentul bolii de baz\u0103 pentru a elimina simptomele. \u00cen formele severe este prescris\u0103 interven\u0163ia chirurgical\u0103 \u0219i pacien\u021bii stau exclusiv \u00eentr-un spital. Se recomand\u0103, de asemenea, observarea unui neurolog \u0219i a unui psihiatru. Pentru tratament sunt prescrise medicamente din grupa nootrop\u0103, uneori antidepresive. Un rezultat excelent este ob\u021binut \u0219i printr-un curs terapeutic cerebroprotector.<\/p>\n<h3>Prezicere<\/h3>\n<p>Cu leziuni minore \u0219i leziuni la nivelul capului, prognosticul este favorabil, mai ales dac\u0103 pacientul este t\u00e2n\u0103r. \u00cen timp, simptomele tulbur\u0103rilor mintale devin mai pu\u021bin observabile, apoi dispar complet. Dar nu trebuie s\u0103 uit\u0103m, c\u0103 leziunile suferite \u00een copil\u0103rie se pot face sim\u021bite dup\u0103 mul\u021bi ani \u0219i afecteaz\u0103 dezvoltarea tulbur\u0103rilor patologice ale s\u0103n\u0103t\u0103\u021bii psihice \u0219i fizice.<\/p>\n<h3>Profilaxie<\/h3>\n<p>Pentru prevenirea maladiei este foarte important \u00een copil\u0103rie s\u0103 monitoriz\u0103m starea de s\u0103n\u0103tate a copiilor. Dac\u0103 la timp sunt identificate orice anomalii \u00een dezvoltarea copilului, de exemplu, oboseal\u0103, somnolen\u021b\u0103 \u00een timpul zilei, performan\u021be slabe \u00een \u0219coal\u0103, atunci pute\u021bi preveni dezvoltarea bolii date mai t\u00e2rziu. P\u0103rin\u021bii ar trebui s\u0103 creeze un mediu calm \u00een familie, s\u0103 nu intre \u00een conflict \u0219i s\u0103 nu se certe \u00eentre ei, at\u00e2t p\u0103rin\u021bii, c\u00e2t \u0219i copiii. Copiii trebuie s\u0103 respecte regimul corect al zilei, s\u0103 aib\u0103 un somn complet \u0219i s\u0103 mearg\u0103 \u00een aer curat \u00een fiecare zi.<\/p>\n","protected":false},"excerpt":{"rendered":"<p>Este o stare de origine nevrotic\u0103, care se caracterizeaz\u0103 printr-o alternan\u021b\u0103 de emo\u021bie \u0219i calm, oboseal\u0103, dureri de cap frecvente \u0219i alte abateri. Cauzele apari\u021biei Simptomatologia acestei boli apare ca urmare a afect\u0103rii creierului. Exist\u0103 dou\u0103 tipuri, \u00een func\u021bie de cauz\u0103: \u2022 a traumatismelor, se dezvolt\u0103 cre\u0219terea cerebral\u0103 post-traumatic\u0103; \u2022 cu malnutri\u021bia patologic\u0103 a structurilor [&hellip;]<\/p>\n","protected":false},"author":1,"featured_media":0,"parent":52978,"menu_order":0,"comment_status":"closed","ping_status":"closed","template":"","meta":{"inline_featured_image":false,"footnotes":""},"class_list":["post-79018","page","type-page","status-publish"],"yoast_head":"<!-- This site is optimized with the Yoast SEO plugin v27.3 - https:\/\/yoast.com\/product\/yoast-seo-wordpress\/ -->\n<title>Entsefalastenia<\/title>\n<meta name=\"description\" content=\"Este o stare de origine nevrotic\u0103, care se caracterizeaz\u0103 printr-o alternan\u021b\u0103 de emo\u021bie \u0219i calm, oboseal\u0103, dureri de cap frecvente \u0219i alte abateri.\" \/>\n<meta name=\"robots\" content=\"index, follow, max-snippet:-1, max-image-preview:large, max-video-preview:-1\" \/>\n<link rel=\"canonical\" href=\"https:\/\/sanatate.md\/ro\/boli-si-tratament\/boli-neurologice\/entsefalastenia\/\" \/>\n<meta property=\"og:locale\" content=\"ro_RO\" \/>\n<meta property=\"og:type\" content=\"article\" \/>\n<meta property=\"og:title\" content=\"Entsefalastenia\" \/>\n<meta property=\"og:description\" content=\"Este o stare de origine nevrotic\u0103, care se caracterizeaz\u0103 printr-o alternan\u021b\u0103 de emo\u021bie \u0219i calm, oboseal\u0103, dureri de cap frecvente \u0219i alte abateri.\" \/>\n<meta property=\"og:url\" content=\"https:\/\/sanatate.md\/ro\/boli-si-tratament\/boli-neurologice\/entsefalastenia\/\" \/>\n<meta property=\"og:site_name\" content=\"Sanatate.md\" \/>\n<meta name=\"twitter:card\" content=\"summary_large_image\" \/>\n<meta name=\"twitter:label1\" content=\"Timp estimat pentru citire\" \/>\n\t<meta name=\"twitter:data1\" content=\"4 minute\" \/>\n<script type=\"application\/ld+json\" class=\"yoast-schema-graph\">{\"@context\":\"https:\\\/\\\/schema.org\",\"@graph\":[{\"@type\":\"WebPage\",\"@id\":\"https:\\\/\\\/sanatate.md\\\/ro\\\/boli-si-tratament\\\/boli-neurologice\\\/entsefalastenia\\\/\",\"url\":\"https:\\\/\\\/sanatate.md\\\/ro\\\/boli-si-tratament\\\/boli-neurologice\\\/entsefalastenia\\\/\",\"name\":\"Entsefalastenia\",\"isPartOf\":{\"@id\":\"https:\\\/\\\/sanatate.md\\\/ro\\\/#website\"},\"datePublished\":\"2020-02-06T14:58:07+00:00\",\"description\":\"Este o stare de origine nevrotic\u0103, care se caracterizeaz\u0103 printr-o alternan\u021b\u0103 de emo\u021bie \u0219i calm, oboseal\u0103, dureri de cap frecvente \u0219i alte abateri.\",\"breadcrumb\":{\"@id\":\"https:\\\/\\\/sanatate.md\\\/ro\\\/boli-si-tratament\\\/boli-neurologice\\\/entsefalastenia\\\/#breadcrumb\"},\"inLanguage\":\"ro-RO\",\"potentialAction\":[{\"@type\":\"ReadAction\",\"target\":[\"https:\\\/\\\/sanatate.md\\\/ro\\\/boli-si-tratament\\\/boli-neurologice\\\/entsefalastenia\\\/\"]}]},{\"@type\":\"BreadcrumbList\",\"@id\":\"https:\\\/\\\/sanatate.md\\\/ro\\\/boli-si-tratament\\\/boli-neurologice\\\/entsefalastenia\\\/#breadcrumb\",\"itemListElement\":[{\"@type\":\"ListItem\",\"position\":1,\"name\":\"\u0413\u043b\u0430\u0432\u043d\u0430\u044f \u0441\u0442\u0440\u0430\u043d\u0438\u0446\u0430\",\"item\":\"https:\\\/\\\/sanatate.md\\\/ro\\\/\"},{\"@type\":\"ListItem\",\"position\":2,\"name\":\"Boli si tratament\",\"item\":\"https:\\\/\\\/sanatate.md\\\/ro\\\/boli-si-tratament\\\/\"},{\"@type\":\"ListItem\",\"position\":3,\"name\":\"Boli neurologice\",\"item\":\"https:\\\/\\\/sanatate.md\\\/ro\\\/boli-si-tratament\\\/boli-neurologice\\\/\"},{\"@type\":\"ListItem\",\"position\":4,\"name\":\"Entsefalastenia\"}]},{\"@type\":\"WebSite\",\"@id\":\"https:\\\/\\\/sanatate.md\\\/ro\\\/#website\",\"url\":\"https:\\\/\\\/sanatate.md\\\/ro\\\/\",\"name\":\"Sanatate.md\",\"description\":\"\u0416\u0443\u0440\u043d\u0430\u043b \u0434\u043b\u044f \u0432\u0441\u0435\u0439 \u0441\u0435\u043c\u044c\u0438 \u0432 \u041c\u043e\u043b\u0434\u043e\u0432\u0435\",\"publisher\":{\"@id\":\"https:\\\/\\\/sanatate.md\\\/ro\\\/#organization\"},\"potentialAction\":[{\"@type\":\"SearchAction\",\"target\":{\"@type\":\"EntryPoint\",\"urlTemplate\":\"https:\\\/\\\/sanatate.md\\\/ro\\\/?s={search_term_string}\"},\"query-input\":{\"@type\":\"PropertyValueSpecification\",\"valueRequired\":true,\"valueName\":\"search_term_string\"}}],\"inLanguage\":\"ro-RO\"},{\"@type\":\"Organization\",\"@id\":\"https:\\\/\\\/sanatate.md\\\/ro\\\/#organization\",\"name\":\"SANATATE\",\"url\":\"https:\\\/\\\/sanatate.md\\\/ro\\\/\",\"logo\":{\"@type\":\"ImageObject\",\"inLanguage\":\"ro-RO\",\"@id\":\"https:\\\/\\\/sanatate.md\\\/ro\\\/#\\\/schema\\\/logo\\\/image\\\/\",\"url\":\"https:\\\/\\\/sanatate.md\\\/wp-content\\\/uploads\\\/2022\\\/01\\\/sanatate-logo.svg\",\"contentUrl\":\"https:\\\/\\\/sanatate.md\\\/wp-content\\\/uploads\\\/2022\\\/01\\\/sanatate-logo.svg\",\"width\":\"1024\",\"height\":\"1024\",\"caption\":\"SANATATE\"},\"image\":{\"@id\":\"https:\\\/\\\/sanatate.md\\\/ro\\\/#\\\/schema\\\/logo\\\/image\\\/\"}}]}<\/script>\n<!-- \/ Yoast SEO plugin. -->","yoast_head_json":{"title":"Entsefalastenia","description":"Este o stare de origine nevrotic\u0103, care se caracterizeaz\u0103 printr-o alternan\u021b\u0103 de emo\u021bie \u0219i calm, oboseal\u0103, dureri de cap frecvente \u0219i alte abateri.","robots":{"index":"index","follow":"follow","max-snippet":"max-snippet:-1","max-image-preview":"max-image-preview:large","max-video-preview":"max-video-preview:-1"},"canonical":"https:\/\/sanatate.md\/ro\/boli-si-tratament\/boli-neurologice\/entsefalastenia\/","og_locale":"ro_RO","og_type":"article","og_title":"Entsefalastenia","og_description":"Este o stare de origine nevrotic\u0103, care se caracterizeaz\u0103 printr-o alternan\u021b\u0103 de emo\u021bie \u0219i calm, oboseal\u0103, dureri de cap frecvente \u0219i alte abateri.","og_url":"https:\/\/sanatate.md\/ro\/boli-si-tratament\/boli-neurologice\/entsefalastenia\/","og_site_name":"Sanatate.md","twitter_card":"summary_large_image","twitter_misc":{"Timp estimat pentru citire":"4 minute"},"schema":{"@context":"https:\/\/schema.org","@graph":[{"@type":"WebPage","@id":"https:\/\/sanatate.md\/ro\/boli-si-tratament\/boli-neurologice\/entsefalastenia\/","url":"https:\/\/sanatate.md\/ro\/boli-si-tratament\/boli-neurologice\/entsefalastenia\/","name":"Entsefalastenia","isPartOf":{"@id":"https:\/\/sanatate.md\/ro\/#website"},"datePublished":"2020-02-06T14:58:07+00:00","description":"Este o stare de origine nevrotic\u0103, care se caracterizeaz\u0103 printr-o alternan\u021b\u0103 de emo\u021bie \u0219i calm, oboseal\u0103, dureri de cap frecvente \u0219i alte abateri.","breadcrumb":{"@id":"https:\/\/sanatate.md\/ro\/boli-si-tratament\/boli-neurologice\/entsefalastenia\/#breadcrumb"},"inLanguage":"ro-RO","potentialAction":[{"@type":"ReadAction","target":["https:\/\/sanatate.md\/ro\/boli-si-tratament\/boli-neurologice\/entsefalastenia\/"]}]},{"@type":"BreadcrumbList","@id":"https:\/\/sanatate.md\/ro\/boli-si-tratament\/boli-neurologice\/entsefalastenia\/#breadcrumb","itemListElement":[{"@type":"ListItem","position":1,"name":"\u0413\u043b\u0430\u0432\u043d\u0430\u044f \u0441\u0442\u0440\u0430\u043d\u0438\u0446\u0430","item":"https:\/\/sanatate.md\/ro\/"},{"@type":"ListItem","position":2,"name":"Boli si tratament","item":"https:\/\/sanatate.md\/ro\/boli-si-tratament\/"},{"@type":"ListItem","position":3,"name":"Boli neurologice","item":"https:\/\/sanatate.md\/ro\/boli-si-tratament\/boli-neurologice\/"},{"@type":"ListItem","position":4,"name":"Entsefalastenia"}]},{"@type":"WebSite","@id":"https:\/\/sanatate.md\/ro\/#website","url":"https:\/\/sanatate.md\/ro\/","name":"Sanatate.md","description":"\u0416\u0443\u0440\u043d\u0430\u043b \u0434\u043b\u044f \u0432\u0441\u0435\u0439 \u0441\u0435\u043c\u044c\u0438 \u0432 \u041c\u043e\u043b\u0434\u043e\u0432\u0435","publisher":{"@id":"https:\/\/sanatate.md\/ro\/#organization"},"potentialAction":[{"@type":"SearchAction","target":{"@type":"EntryPoint","urlTemplate":"https:\/\/sanatate.md\/ro\/?s={search_term_string}"},"query-input":{"@type":"PropertyValueSpecification","valueRequired":true,"valueName":"search_term_string"}}],"inLanguage":"ro-RO"},{"@type":"Organization","@id":"https:\/\/sanatate.md\/ro\/#organization","name":"SANATATE","url":"https:\/\/sanatate.md\/ro\/","logo":{"@type":"ImageObject","inLanguage":"ro-RO","@id":"https:\/\/sanatate.md\/ro\/#\/schema\/logo\/image\/","url":"https:\/\/sanatate.md\/wp-content\/uploads\/2022\/01\/sanatate-logo.svg","contentUrl":"https:\/\/sanatate.md\/wp-content\/uploads\/2022\/01\/sanatate-logo.svg","width":"1024","height":"1024","caption":"SANATATE"},"image":{"@id":"https:\/\/sanatate.md\/ro\/#\/schema\/logo\/image\/"}}]}},"_links":{"self":[{"href":"https:\/\/sanatate.md\/ro\/wp-json\/wp\/v2\/pages\/79018","targetHints":{"allow":["GET"]}}],"collection":[{"href":"https:\/\/sanatate.md\/ro\/wp-json\/wp\/v2\/pages"}],"about":[{"href":"https:\/\/sanatate.md\/ro\/wp-json\/wp\/v2\/types\/page"}],"author":[{"embeddable":true,"href":"https:\/\/sanatate.md\/ro\/wp-json\/wp\/v2\/users\/1"}],"replies":[{"embeddable":true,"href":"https:\/\/sanatate.md\/ro\/wp-json\/wp\/v2\/comments?post=79018"}],"version-history":[{"count":0,"href":"https:\/\/sanatate.md\/ro\/wp-json\/wp\/v2\/pages\/79018\/revisions"}],"up":[{"embeddable":true,"href":"https:\/\/sanatate.md\/ro\/wp-json\/wp\/v2\/pages\/52978"}],"wp:attachment":[{"href":"https:\/\/sanatate.md\/ro\/wp-json\/wp\/v2\/media?parent=79018"}],"curies":[{"name":"wp","href":"https:\/\/api.w.org\/{rel}","templated":true}]}}