{"id":79645,"date":"2020-03-25T11:35:49","date_gmt":"2020-03-25T08:35:49","guid":{"rendered":"https:\/\/sanatate.md\/?page_id=79645"},"modified":"2020-03-25T11:35:49","modified_gmt":"2020-03-25T08:35:49","slug":"sideroza","status":"publish","type":"page","link":"https:\/\/sanatate.md\/ro\/boli-si-tratament\/boli-comune\/sideroza\/","title":{"rendered":"Sideroza"},"content":{"rendered":"<p>Sideroza pl\u0103m\u00e2nilor este o afec\u021biune dureroas\u0103, care face parte din grupul pneumoconiozei \u015fi se dezvolt\u0103 ca urmare a sediment\u0103rii \u00een pl\u0103m\u00e2ni a prafului care con\u021bine fier.<\/p>\n<h3>Cauzele bolii<\/h3>\n<p>Speciali\u0219tii studiaz\u0103 cu aten\u021bie istoricul acestei maladii, pentru a afla cauzele dezvolt\u0103rii st\u0103rii boln\u0103vicioase. Boala este adesea diagnosticat\u0103 la minerii implica\u021bi \u00een extrac\u021bia minereului de fier ro\u0219u, care este un oxid natural de fier, precum \u0219i \u00een r\u00e2ndul muncitorilor &#8211; lucr\u0103tori de la turn\u0103torie, lustruitori de metale, sudori electrici, gravori etc.<\/p>\n<h3>Tipuri de boli<\/h3>\n<p>Exist\u0103 dou\u0103 tipuri:<\/p>\n<ul>\n<li>sideroza ro\u0219ie apare ca urmare a intr\u0103rii \u00een pl\u0103m\u00e2ni a prafului cu oxizi de fier.<\/li>\n<li>sideroza neagr\u0103 apare ca rezultat al sediment\u0103rii \u00een pl\u0103m\u00e2ni a prafului cu oxid feros, cu elemente de compu\u015fi ai fosfatului \u0219i ai dioxidului de carbon.<\/li>\n<\/ul>\n<h3>Simptome<\/h3>\n<p>Simptomele bolii depind de tipul de siderosis. Cu o afec\u021biune de sideroz\u0103 ro\u0219ie pl\u0103m\u00e2nii sunt m\u0103ri\u021bi \u0219i au o nuan\u021b\u0103 galben-maro-ro\u0219ie. Cu sideroza neagr\u0103 pl\u0103m\u00e2nii sunt negri.<\/p>\n<h3>Diagnosticare<\/h3>\n<p>Sideroza, antracoza, silicoza sunt incluse \u00een grupul pneumoconiozei, de aceea, c\u00e2nd se stabile\u0219te un diagnostic, este important s\u0103 se diferen\u021bieze aceste boli. \u00cen urma investiga\u0163iei se identific\u0103:<\/p>\n<ul>\n<li>scleroz\u0103 u\u0219oar\u0103;<\/li>\n<li>sigilii de forme submiliare \u0219i miliare, care constau din compu\u0219i de celule de praf umplute cu particule mici de praf de fier; testele pentru fier dau un rezultat pozitiv.<\/li>\n<\/ul>\n<p>\u00centre celule cu particule de praf sunt depista\u0163i compu\u0219i de fibre ai structurii de colagen. Ganglionii limfatici sunt plini de praf, scleroza difuz\u0103 este clar vizibil\u0103.<\/p>\n<h3>Tratamentul<\/h3>\n<p>Boala se trateaz\u0103 cu mari dificult\u0103\u021bi. Pacientului \u00eei este indicate o diet\u0103 cu un con\u021binut sc\u0103zut de componente de fier, dar, \u00een acela\u0219i timp, nutri\u021bia trebuie s\u0103 r\u0103m\u00e2n\u0103 echilibrat\u0103. Acest lucru e greu de f\u0103cut.<br \/>\nPacientului i se fac injec\u021bii subcutanate de Deferoxamin\u0103 \u00een peretele anterior al peritoneului, care sunt f\u0103cute cu o sering\u0103 cu pomp\u0103 special\u0103. Acest tratament este costisitor, deci nu to\u021bi pacien\u021bii \u00ee\u015fi pot permite un atare procedeu.<\/p>\n<h3>Sideroza ochiului<\/h3>\n<p>Starea dureroas\u0103 se manifest\u0103 prin depunerea s\u0103rurilor de fier \u00een organele v\u0103zului. To\u021bi compu\u0219ii tisulari ai ochiului \u00een caz de boal\u0103 sunt literalmente satura\u021bi cu s\u0103ruri ale acestui metal. Un pigment maroniu este depus pe endoteliul corneei, cre\u00e2nd opalescen\u021b\u0103 de culoare brun\u0103. Pacientului i se diagnostic\u0103 un iris cu o tent\u0103 caracteristic\u0103 de maro \u00eenchis ca urmare a depunerii unui num\u0103r mare de puncte de pigment maro-galben. Dac\u0103 starea dureroas\u0103 e declan\u015fat\u0103, irisul ochiului afectat reac\u0163ioneaz\u0103 slab sau nu r\u0103spunde deloc la lumin\u0103 slab\u0103, \u00een retin\u0103 apar modific\u0103ri patologice.<\/p>\n<p>Pentru prevenirea st\u0103rii de boal\u0103 se utilizeaz\u0103 curen\u021bi de induc\u021bie de \u00eenalt\u0103 frecven\u021b\u0103. Pentru a spori adaptarea la \u00eentuneric, este indicat\u0103 terapia cu vitamine (vitamina A).<br \/>\nPacientului i se prescrie Utinol (trei mililitri o dat\u0103 pe zi). Cursul tratamentului este de treizeci de zile, cu regim ambulatoriu. \u00cen plus, o solu\u021bie de 5% utinol este introdus\u0103 \u00een sacul conjunctival timp de patru &#8211; \u0219ase zile.<\/p>\n<p>Odat\u0103 cu dezvoltarea proceselor inflamatorii este indicat un curs simptomatic de tratament:<\/p>\n<ul>\n<li>atropin\u0103;<\/li>\n<li>corticosteroizi;<\/li>\n<li>antibiotice;<\/li>\n<li>medicamente dezinfectante.<\/li>\n<\/ul>\n","protected":false},"excerpt":{"rendered":"<p>Sideroza pl\u0103m\u00e2nilor este o afec\u021biune dureroas\u0103, care face parte din grupul pneumoconiozei \u015fi se dezvolt\u0103 ca urmare a sediment\u0103rii \u00een pl\u0103m\u00e2ni a prafului care con\u021bine fier. Cauzele bolii Speciali\u0219tii studiaz\u0103 cu aten\u021bie istoricul acestei maladii, pentru a afla cauzele dezvolt\u0103rii st\u0103rii boln\u0103vicioase. Boala este adesea diagnosticat\u0103 la minerii implica\u021bi \u00een extrac\u021bia minereului de fier ro\u0219u, [&hellip;]<\/p>\n","protected":false},"author":1,"featured_media":0,"parent":53020,"menu_order":0,"comment_status":"closed","ping_status":"closed","template":"","meta":{"inline_featured_image":false,"footnotes":""},"class_list":["post-79645","page","type-page","status-publish"],"yoast_head":"<!-- This site is optimized with the Yoast SEO plugin v27.3 - https:\/\/yoast.com\/product\/yoast-seo-wordpress\/ -->\n<title>Sideroza<\/title>\n<meta name=\"description\" content=\"Sideroza pl\u0103m\u00e2nilor este o afec\u021biune dureroas\u0103, care face parte din grupul pneumoconiozei \u015fi se dezvolt\u0103 ca urmare a sediment\u0103rii \u00een pl\u0103m\u00e2ni a prafului care con\u021bine fier.\" \/>\n<meta name=\"robots\" content=\"index, follow, max-snippet:-1, max-image-preview:large, max-video-preview:-1\" \/>\n<link rel=\"canonical\" href=\"https:\/\/sanatate.md\/ro\/boli-si-tratament\/boli-comune\/sideroza\/\" \/>\n<meta property=\"og:locale\" content=\"ro_RO\" \/>\n<meta property=\"og:type\" content=\"article\" \/>\n<meta property=\"og:title\" content=\"Sideroza\" \/>\n<meta property=\"og:description\" content=\"Sideroza pl\u0103m\u00e2nilor este o afec\u021biune dureroas\u0103, care face parte din grupul pneumoconiozei \u015fi se dezvolt\u0103 ca urmare a sediment\u0103rii \u00een pl\u0103m\u00e2ni a prafului care con\u021bine fier.\" \/>\n<meta property=\"og:url\" content=\"https:\/\/sanatate.md\/ro\/boli-si-tratament\/boli-comune\/sideroza\/\" \/>\n<meta property=\"og:site_name\" content=\"Sanatate.md\" \/>\n<meta name=\"twitter:card\" content=\"summary_large_image\" \/>\n<meta name=\"twitter:label1\" content=\"Timp estimat pentru citire\" \/>\n\t<meta name=\"twitter:data1\" content=\"3 minute\" \/>\n<script type=\"application\/ld+json\" class=\"yoast-schema-graph\">{\"@context\":\"https:\\\/\\\/schema.org\",\"@graph\":[{\"@type\":\"WebPage\",\"@id\":\"https:\\\/\\\/sanatate.md\\\/ro\\\/boli-si-tratament\\\/boli-comune\\\/sideroza\\\/\",\"url\":\"https:\\\/\\\/sanatate.md\\\/ro\\\/boli-si-tratament\\\/boli-comune\\\/sideroza\\\/\",\"name\":\"Sideroza\",\"isPartOf\":{\"@id\":\"https:\\\/\\\/sanatate.md\\\/ro\\\/#website\"},\"datePublished\":\"2020-03-25T08:35:49+00:00\",\"description\":\"Sideroza pl\u0103m\u00e2nilor este o afec\u021biune dureroas\u0103, care face parte din grupul pneumoconiozei \u015fi se dezvolt\u0103 ca urmare a sediment\u0103rii \u00een pl\u0103m\u00e2ni a prafului care con\u021bine fier.\",\"breadcrumb\":{\"@id\":\"https:\\\/\\\/sanatate.md\\\/ro\\\/boli-si-tratament\\\/boli-comune\\\/sideroza\\\/#breadcrumb\"},\"inLanguage\":\"ro-RO\",\"potentialAction\":[{\"@type\":\"ReadAction\",\"target\":[\"https:\\\/\\\/sanatate.md\\\/ro\\\/boli-si-tratament\\\/boli-comune\\\/sideroza\\\/\"]}]},{\"@type\":\"BreadcrumbList\",\"@id\":\"https:\\\/\\\/sanatate.md\\\/ro\\\/boli-si-tratament\\\/boli-comune\\\/sideroza\\\/#breadcrumb\",\"itemListElement\":[{\"@type\":\"ListItem\",\"position\":1,\"name\":\"\u0413\u043b\u0430\u0432\u043d\u0430\u044f \u0441\u0442\u0440\u0430\u043d\u0438\u0446\u0430\",\"item\":\"https:\\\/\\\/sanatate.md\\\/ro\\\/\"},{\"@type\":\"ListItem\",\"position\":2,\"name\":\"Boli si tratament\",\"item\":\"https:\\\/\\\/sanatate.md\\\/ro\\\/boli-si-tratament\\\/\"},{\"@type\":\"ListItem\",\"position\":3,\"name\":\"Boli comune\",\"item\":\"https:\\\/\\\/sanatate.md\\\/ro\\\/boli-si-tratament\\\/boli-comune\\\/\"},{\"@type\":\"ListItem\",\"position\":4,\"name\":\"Sideroza\"}]},{\"@type\":\"WebSite\",\"@id\":\"https:\\\/\\\/sanatate.md\\\/ro\\\/#website\",\"url\":\"https:\\\/\\\/sanatate.md\\\/ro\\\/\",\"name\":\"Sanatate.md\",\"description\":\"\u0416\u0443\u0440\u043d\u0430\u043b \u0434\u043b\u044f \u0432\u0441\u0435\u0439 \u0441\u0435\u043c\u044c\u0438 \u0432 \u041c\u043e\u043b\u0434\u043e\u0432\u0435\",\"publisher\":{\"@id\":\"https:\\\/\\\/sanatate.md\\\/ro\\\/#organization\"},\"potentialAction\":[{\"@type\":\"SearchAction\",\"target\":{\"@type\":\"EntryPoint\",\"urlTemplate\":\"https:\\\/\\\/sanatate.md\\\/ro\\\/?s={search_term_string}\"},\"query-input\":{\"@type\":\"PropertyValueSpecification\",\"valueRequired\":true,\"valueName\":\"search_term_string\"}}],\"inLanguage\":\"ro-RO\"},{\"@type\":\"Organization\",\"@id\":\"https:\\\/\\\/sanatate.md\\\/ro\\\/#organization\",\"name\":\"SANATATE\",\"url\":\"https:\\\/\\\/sanatate.md\\\/ro\\\/\",\"logo\":{\"@type\":\"ImageObject\",\"inLanguage\":\"ro-RO\",\"@id\":\"https:\\\/\\\/sanatate.md\\\/ro\\\/#\\\/schema\\\/logo\\\/image\\\/\",\"url\":\"https:\\\/\\\/sanatate.md\\\/wp-content\\\/uploads\\\/2022\\\/01\\\/sanatate-logo.svg\",\"contentUrl\":\"https:\\\/\\\/sanatate.md\\\/wp-content\\\/uploads\\\/2022\\\/01\\\/sanatate-logo.svg\",\"width\":\"1024\",\"height\":\"1024\",\"caption\":\"SANATATE\"},\"image\":{\"@id\":\"https:\\\/\\\/sanatate.md\\\/ro\\\/#\\\/schema\\\/logo\\\/image\\\/\"}}]}<\/script>\n<!-- \/ Yoast SEO plugin. -->","yoast_head_json":{"title":"Sideroza","description":"Sideroza pl\u0103m\u00e2nilor este o afec\u021biune dureroas\u0103, care face parte din grupul pneumoconiozei \u015fi se dezvolt\u0103 ca urmare a sediment\u0103rii \u00een pl\u0103m\u00e2ni a prafului care con\u021bine fier.","robots":{"index":"index","follow":"follow","max-snippet":"max-snippet:-1","max-image-preview":"max-image-preview:large","max-video-preview":"max-video-preview:-1"},"canonical":"https:\/\/sanatate.md\/ro\/boli-si-tratament\/boli-comune\/sideroza\/","og_locale":"ro_RO","og_type":"article","og_title":"Sideroza","og_description":"Sideroza pl\u0103m\u00e2nilor este o afec\u021biune dureroas\u0103, care face parte din grupul pneumoconiozei \u015fi se dezvolt\u0103 ca urmare a sediment\u0103rii \u00een pl\u0103m\u00e2ni a prafului care con\u021bine fier.","og_url":"https:\/\/sanatate.md\/ro\/boli-si-tratament\/boli-comune\/sideroza\/","og_site_name":"Sanatate.md","twitter_card":"summary_large_image","twitter_misc":{"Timp estimat pentru citire":"3 minute"},"schema":{"@context":"https:\/\/schema.org","@graph":[{"@type":"WebPage","@id":"https:\/\/sanatate.md\/ro\/boli-si-tratament\/boli-comune\/sideroza\/","url":"https:\/\/sanatate.md\/ro\/boli-si-tratament\/boli-comune\/sideroza\/","name":"Sideroza","isPartOf":{"@id":"https:\/\/sanatate.md\/ro\/#website"},"datePublished":"2020-03-25T08:35:49+00:00","description":"Sideroza pl\u0103m\u00e2nilor este o afec\u021biune dureroas\u0103, care face parte din grupul pneumoconiozei \u015fi se dezvolt\u0103 ca urmare a sediment\u0103rii \u00een pl\u0103m\u00e2ni a prafului care con\u021bine fier.","breadcrumb":{"@id":"https:\/\/sanatate.md\/ro\/boli-si-tratament\/boli-comune\/sideroza\/#breadcrumb"},"inLanguage":"ro-RO","potentialAction":[{"@type":"ReadAction","target":["https:\/\/sanatate.md\/ro\/boli-si-tratament\/boli-comune\/sideroza\/"]}]},{"@type":"BreadcrumbList","@id":"https:\/\/sanatate.md\/ro\/boli-si-tratament\/boli-comune\/sideroza\/#breadcrumb","itemListElement":[{"@type":"ListItem","position":1,"name":"\u0413\u043b\u0430\u0432\u043d\u0430\u044f \u0441\u0442\u0440\u0430\u043d\u0438\u0446\u0430","item":"https:\/\/sanatate.md\/ro\/"},{"@type":"ListItem","position":2,"name":"Boli si tratament","item":"https:\/\/sanatate.md\/ro\/boli-si-tratament\/"},{"@type":"ListItem","position":3,"name":"Boli comune","item":"https:\/\/sanatate.md\/ro\/boli-si-tratament\/boli-comune\/"},{"@type":"ListItem","position":4,"name":"Sideroza"}]},{"@type":"WebSite","@id":"https:\/\/sanatate.md\/ro\/#website","url":"https:\/\/sanatate.md\/ro\/","name":"Sanatate.md","description":"\u0416\u0443\u0440\u043d\u0430\u043b \u0434\u043b\u044f \u0432\u0441\u0435\u0439 \u0441\u0435\u043c\u044c\u0438 \u0432 \u041c\u043e\u043b\u0434\u043e\u0432\u0435","publisher":{"@id":"https:\/\/sanatate.md\/ro\/#organization"},"potentialAction":[{"@type":"SearchAction","target":{"@type":"EntryPoint","urlTemplate":"https:\/\/sanatate.md\/ro\/?s={search_term_string}"},"query-input":{"@type":"PropertyValueSpecification","valueRequired":true,"valueName":"search_term_string"}}],"inLanguage":"ro-RO"},{"@type":"Organization","@id":"https:\/\/sanatate.md\/ro\/#organization","name":"SANATATE","url":"https:\/\/sanatate.md\/ro\/","logo":{"@type":"ImageObject","inLanguage":"ro-RO","@id":"https:\/\/sanatate.md\/ro\/#\/schema\/logo\/image\/","url":"https:\/\/sanatate.md\/wp-content\/uploads\/2022\/01\/sanatate-logo.svg","contentUrl":"https:\/\/sanatate.md\/wp-content\/uploads\/2022\/01\/sanatate-logo.svg","width":"1024","height":"1024","caption":"SANATATE"},"image":{"@id":"https:\/\/sanatate.md\/ro\/#\/schema\/logo\/image\/"}}]}},"_links":{"self":[{"href":"https:\/\/sanatate.md\/ro\/wp-json\/wp\/v2\/pages\/79645","targetHints":{"allow":["GET"]}}],"collection":[{"href":"https:\/\/sanatate.md\/ro\/wp-json\/wp\/v2\/pages"}],"about":[{"href":"https:\/\/sanatate.md\/ro\/wp-json\/wp\/v2\/types\/page"}],"author":[{"embeddable":true,"href":"https:\/\/sanatate.md\/ro\/wp-json\/wp\/v2\/users\/1"}],"replies":[{"embeddable":true,"href":"https:\/\/sanatate.md\/ro\/wp-json\/wp\/v2\/comments?post=79645"}],"version-history":[{"count":0,"href":"https:\/\/sanatate.md\/ro\/wp-json\/wp\/v2\/pages\/79645\/revisions"}],"up":[{"embeddable":true,"href":"https:\/\/sanatate.md\/ro\/wp-json\/wp\/v2\/pages\/53020"}],"wp:attachment":[{"href":"https:\/\/sanatate.md\/ro\/wp-json\/wp\/v2\/media?parent=79645"}],"curies":[{"name":"wp","href":"https:\/\/api.w.org\/{rel}","templated":true}]}}