{"id":79649,"date":"2020-03-25T12:14:55","date_gmt":"2020-03-25T09:14:55","guid":{"rendered":"https:\/\/sanatate.md\/?page_id=79649"},"modified":"2020-03-25T12:21:19","modified_gmt":"2020-03-25T09:21:19","slug":"uterul-cub-forma-de-sa","status":"publish","type":"page","link":"https:\/\/sanatate.md\/ro\/boli-si-tratament\/boli-ale-femeilor\/uterul-cub-forma-de-sa\/","title":{"rendered":"Uterul sub form\u0103 de \u0219a"},"content":{"rendered":"<p>\u00cen mod normal, uterul are forma unei pere (fruct), cu v\u00e2rful orientat \u00een sus (cu codi\u0163a \u00een jos). Exist\u0103 \u00eens\u0103 multe anomalii, care sunt considerate patologii independente, dar \u0219i defecte care se dezvolt\u0103 \u00eempreun\u0103 cu alte defecte ale vaginului.<\/p>\n<p><strong>Forma de \u0219a a uterului este una dintre variantele uterului bicornuat \u015fi include:<\/strong><\/p>\n<ul>\n<li>form\u0103 incomplet\u0103 &#8211; c\u00e2nd uterul este \u00eemp\u0103r\u021bit \u00een 2 coarne \u00een treimea superioar\u0103, \u00een timp ce dimensiunea coarnelor este p\u0103strat\u0103 \u0219i identic\u0103;<\/li>\n<li>form\u0103 complet\u0103 &#8211; c\u00e2nd separarea are loc imediat, la nivelul pliurilor sacro-uterine, \u00een timp ce dimensiunile coarnelor sunt diferite \u0219i au un unghi de \u00eenclinare diferit;<\/li>\n<li>uterul cu dou\u0103 coarne sub form\u0103 de \u015fa &#8211; nu este deosebit de pronun\u021bat, devizarea este aproape imperceptibil\u0103, uterul arat\u0103 ca o \u0219a cu o ad\u00e2ncitur\u0103 pe fund.<\/li>\n<\/ul>\n<h3>Motive<\/h3>\n<p>Motivele din ce cauz\u0103 se dezvolt\u0103 acest\u0103 anomalie nu au fost stabilite, e cunoscut doar mecanismul. La aproximativ 12 s\u0103pt\u0103m\u00e2ni de dezvoltare fetal\u0103, \u00een timpul embriogenezei, uterul este format ca un organ care ini\u021bial are 2 cavit\u0103\u021bi &#8211; st\u00e2nga \u0219i dreapta. \u00cen continuare apare structura de \u0219a a uterului, c\u00e2nd are deja o cavitate, iar la na\u0219tere, uterul cap\u0103t\u0103 o form\u0103 de par\u0103. Cu toate acestea, dac\u0103 \u00een procesul de formare sunt prezente deprinderi proaste, dezvoltarea \u0219i forma organului se va schimba.<\/p>\n<p><strong>Obiceiuri proaste:<\/strong><\/p>\n<ul>\n<li>intoxica\u021bia corpului unei femei \u00eens\u0103rcinate: fumat, alcool, medicamente, droguri;<br \/>\nstres \u0219i \u00eencordare nervoas\u0103;<\/li>\n<li>insuficien\u0163\u0103 de vitamine;<\/li>\n<li>hipoxie fetal\u0103, care duce la defecte cardiace;<\/li>\n<li>infec\u021bii avute \u00een timpul sarcinii;<\/li>\n<li>diabet zaharat.<\/li>\n<\/ul>\n<h3>Simptomele<\/h3>\n<p>Nu exist\u0103 semne specifice. La ecografie uterul \u0219a nu poate fi identificat, precum \u0219i \u00een procesul palp\u0103rii ginecologului. Se detect\u0103 \u00een timpul sarcinii sau apel\u00e2nd la o metod\u0103 cum ar fi histerosalpingografia. Esen\u021ba acestei metode este urm\u0103toare: un agent de contrast este introdus \u00een cavitatea uterin\u0103, care permite s\u0103 vede\u021bi toate contururile \u0219i marginea uterului \u0219i s\u0103 fixa\u0163i anomalia radiografic. De asemenea, se apeleaz\u0103 la RMN pentru a verifica diagnosticul sau, invers, pentru a confirma teoria.<\/p>\n<h3>Uterul \u0219a \u0219i sarcina<\/h3>\n<p>Aceast\u0103 anomalie nu e un obstacol pentru a-\u0163i planifica o familie. Exist\u0103 \u0219anse mici de a r\u0103m\u00e2ne \u00eens\u0103rcinat\u0103 atunci c\u00e2nd o anomalie este semnificativ\u0103 clinic pentru sarcin\u0103 \u0219i este necesar\u0103 interven\u021bia chirurgical\u0103. Forma de \u0219a pronun\u021bat\u0103 a uterului provoac\u0103 multe patologii diferite ale sarcinii, p\u00e2n\u0103 la infertilitate sau avorturi spontane \u00een fazele incipiente.<\/p>\n<p>Acest lucru este provoacat din cauza formei uterului, care \u00eempiedic\u0103 ata\u0219area normal\u0103 a placentei de pere\u021bi: ea poate fi foarte sc\u0103zut\u0103, fie pe lateral, deoarece exist\u0103 pu\u021bin spa\u021biu. Se poate dezvolta o deta\u0219are prematur\u0103 a placentei, ceea ce duce la s\u00e2ngerare.<br \/>\nToate aceste patologii sunt groaznice. Dac\u0103 cunoa\u0219te\u021bi deja diagnosticul \u00eenainte de sarcin\u0103, trebuie s\u0103 v\u0103 planifica\u021bi familia \u00eempreun\u0103: dumneavoastr\u0103, so\u021bul \u0219i medicul ginecolog, pentru c\u0103 tot timpul, \u00een toate cele 9 luni, ve\u021bi face examin\u0103ri at\u00e2t dvs. c\u00e2t \u0219i copilul.<\/p>\n<p>Conform observa\u021biei medicilor, na\u015fterea la mamele cu uterul \u0219a, \u00eencepe pu\u021bin mai devreme dec\u00e2t limita normal\u0103 de timp. Dar, \u00een majoritatea cazurilor, e indicat\u0103 opera\u021bia de cezarian\u0103 fiind metoda principal\u0103 de a na\u0219te un copil s\u0103n\u0103tos. Exist\u0103 \u00eens\u0103 \u015fi riscuri dup\u0103 o na\u0219tere normal\u0103, fiziologic\u0103 \u0219i chiar dup\u0103 o cezarian\u0103. De exemplu, s\u00e2ngerare, deoarece uterul nu se poate contracta normal. \u015ei totu\u015fi nu toate lehuzele au aceste riscuri. \u00cen unele cazuri, un copil se na\u0219te s\u0103n\u0103tos \u0219i la termen complet, iar mama nu are probleme de s\u0103n\u0103tate.<\/p>\n<h3>Uterul \u0219a \u0219i concep\u021bia<\/h3>\n<p>Aceast\u0103 \u00eentrebare de multe ori le fr\u0103m\u00e2nt\u0103 pe femeile, care \u00eenc\u0103 nu au n\u0103scut, dar \u0219tiu deja despre problema lor. Trebuie men\u021bionat, c\u0103 aceast\u0103 patologie practic nu duce la infertilitate. Forma modificat\u0103 nu blocheaz\u0103 calea spermei c\u0103tre trompele uterine \u0219i p\u0103trunderea uneia dintre ele \u00een ovul. Dac\u0103 nu este posibil s\u0103 concepi un copil, problema trebuie c\u0103utat\u0103 la cel\u0103lalt partener.<\/p>\n<p>Dac\u0103 exist\u0103 o astfel de problem\u0103 ca uterul \u0219a, ar trebui s\u0103 se aleag\u0103 o pozi\u0163ie prielnic\u0103 pentru concep\u021bie, astfel \u00eenc\u00e2t sperma s\u0103 nu poat\u0103 s\u0103 se scurg\u0103, ci s\u0103 poat\u0103 p\u0103trunde mai degrab\u0103 \u015fi mai ad\u00e2nc pentru a intra \u00een trompele uterine.<\/p>\n<p>Pentru o concepere exper\u021bii recomand\u0103 o pozi\u021bie pe coate \u015fi genunchi, deoarece este \u00een conformitate cu anatomia persoanei. A doua poz\u0103 recomandat\u0103 &#8211; persoana e culcat\u0103 pe spate, cu picioarele ridicate. Dup\u0103 actul sexual, femeia trebuie culcat\u0103 pe spate, \u0163in\u00e2nd picioarele ridicate, \u0219i s\u0103 stea \u00een aceast\u0103 pozi\u021bie c\u00e2t mai mult timp posibil &#8211; dup\u0103 cum recomand\u0103 exper\u021bii &#8211; cel pu\u021bin 30 de minute.<\/p>\n<h3>Tratament<\/h3>\n<p>\u00cen timpul sarcinii e necesar s\u0103 se efectueze un tratament terapeutic, c\u00e2nd, dup\u0103 cum am men\u021bionat mai sus, pot apare complica\u021bii. Tratamentul este ales pentru fiecare pacient \u00een parte. Sunt prescrise antispasmodicele \u0219i medicamentele hormonale. \u00cen particular se administreaz\u0103 medicamente care contribuie la normalizarea circula\u021biei s\u00e2ngelui \u00eentre uter \u0219i placent\u0103, regleaz\u0103 metabolismul \u0219i coagularea, ceea ce \u00eempiedic\u0103 s\u00e2ngerarea. Femeia trebuie monitorizat\u0103, respect\u00e2nd un regim strict \u00eentr-un spital.<\/p>\n<p>Tratamentul chirurgical presupune o interven\u021bie chirurgical\u0103 de plastic\u0103 uterin\u0103. Medicii nu fac o incizie mare \u00een peritoneu, ci o fac prin histeroscopie. Organul este reconstruit, femeia este scutit\u0103 de problem\u0103 \u0219i, eventual, de complexe. Dup\u0103 astfel de opera\u021bii, \u0219ansa unei sarcini normale cre\u0219te de mai multe ori.<\/p>\n<h3>Caracteristicile bolii<\/h3>\n<p>Aceast\u0103 abatere nu are caracteristici. Nu se developeaz\u0103 pe suprafa\u0163a corpului, nu apare un malign, nu d\u0103uneaz\u0103 s\u0103n\u0103t\u0103\u021bii. Aceasta este doar o deformare a uterului, care trebuie detectat\u0103 la timp, dac\u0103 este necesar, \u015fi \u00eendep\u0103rtat\u0103 chirurgical. Nu afecteaz\u0103 \u00een special via\u021ba sexual\u0103 a partenerilor, ci doar sunt necesare unele ajust\u0103ri la alegerea pozelor.<\/p>\n<h3>Profilaxie<\/h3>\n<p>Mai probabil e pentru viitoarele mame, care planific\u0103 o sarcin\u0103. Este necesar s\u0103 v\u0103 comporta\u021bi corect \u00een timpul unei astfel de st\u0103ri, pentru a v\u0103 proteja at\u00e2t pe dvs. c\u00e2t \u0219i pe f\u0103t. Ar trebui s\u0103 abandona\u021bi obiceiurile proaste \u0219i s\u0103 consuma\u021bi vitamine. Atunci aceasta \u0219i alte probleme \u00een dezvoltarea copilului dvs. vor fi reduse la minimum.<\/p>\n","protected":false},"excerpt":{"rendered":"<p>\u00cen mod normal, uterul are forma unei pere (fruct), cu v\u00e2rful orientat \u00een sus (cu codi\u0163a \u00een jos). Exist\u0103 \u00eens\u0103 multe anomalii, care sunt considerate patologii independente, dar \u0219i defecte care se dezvolt\u0103 \u00eempreun\u0103 cu alte defecte ale vaginului. Forma de \u0219a a uterului este una dintre variantele uterului bicornuat \u015fi include: form\u0103 incomplet\u0103 &#8211; [&hellip;]<\/p>\n","protected":false},"author":1,"featured_media":0,"parent":38235,"menu_order":0,"comment_status":"closed","ping_status":"closed","template":"","meta":{"inline_featured_image":false,"footnotes":""},"class_list":["post-79649","page","type-page","status-publish"],"yoast_head":"<!-- This site is optimized with the Yoast SEO plugin v27.3 - https:\/\/yoast.com\/product\/yoast-seo-wordpress\/ -->\n<title>Uterul sub form\u0103 de \u0219a<\/title>\n<meta name=\"description\" content=\"Exist\u0103 \u00eens\u0103 multe anomalii, care sunt considerate patologii independente, dar \u0219i defecte care se dezvolt\u0103 \u00eempreun\u0103 cu alte defecte ale vaginului.\" \/>\n<meta name=\"robots\" content=\"index, follow, max-snippet:-1, max-image-preview:large, max-video-preview:-1\" \/>\n<link rel=\"canonical\" href=\"https:\/\/sanatate.md\/ro\/boli-si-tratament\/boli-ale-femeilor\/uterul-cub-forma-de-sa\/\" \/>\n<meta property=\"og:locale\" content=\"ro_RO\" \/>\n<meta property=\"og:type\" content=\"article\" \/>\n<meta property=\"og:title\" content=\"Uterul sub form\u0103 de \u0219a\" \/>\n<meta property=\"og:description\" content=\"Exist\u0103 \u00eens\u0103 multe anomalii, care sunt considerate patologii independente, dar \u0219i defecte care se dezvolt\u0103 \u00eempreun\u0103 cu alte defecte ale vaginului.\" \/>\n<meta property=\"og:url\" content=\"https:\/\/sanatate.md\/ro\/boli-si-tratament\/boli-ale-femeilor\/uterul-cub-forma-de-sa\/\" \/>\n<meta property=\"og:site_name\" content=\"Sanatate.md\" \/>\n<meta property=\"article:modified_time\" content=\"2020-03-25T09:21:19+00:00\" \/>\n<meta name=\"twitter:card\" content=\"summary_large_image\" \/>\n<meta name=\"twitter:label1\" content=\"Timp estimat pentru citire\" \/>\n\t<meta name=\"twitter:data1\" content=\"5 minute\" \/>\n<script type=\"application\/ld+json\" class=\"yoast-schema-graph\">{\"@context\":\"https:\\\/\\\/schema.org\",\"@graph\":[{\"@type\":\"WebPage\",\"@id\":\"https:\\\/\\\/sanatate.md\\\/ro\\\/boli-si-tratament\\\/boli-ale-femeilor\\\/uterul-cub-forma-de-sa\\\/\",\"url\":\"https:\\\/\\\/sanatate.md\\\/ro\\\/boli-si-tratament\\\/boli-ale-femeilor\\\/uterul-cub-forma-de-sa\\\/\",\"name\":\"Uterul sub form\u0103 de \u0219a\",\"isPartOf\":{\"@id\":\"https:\\\/\\\/sanatate.md\\\/ro\\\/#website\"},\"datePublished\":\"2020-03-25T09:14:55+00:00\",\"dateModified\":\"2020-03-25T09:21:19+00:00\",\"description\":\"Exist\u0103 \u00eens\u0103 multe anomalii, care sunt considerate patologii independente, dar \u0219i defecte care se dezvolt\u0103 \u00eempreun\u0103 cu alte defecte ale vaginului.\",\"breadcrumb\":{\"@id\":\"https:\\\/\\\/sanatate.md\\\/ro\\\/boli-si-tratament\\\/boli-ale-femeilor\\\/uterul-cub-forma-de-sa\\\/#breadcrumb\"},\"inLanguage\":\"ro-RO\",\"potentialAction\":[{\"@type\":\"ReadAction\",\"target\":[\"https:\\\/\\\/sanatate.md\\\/ro\\\/boli-si-tratament\\\/boli-ale-femeilor\\\/uterul-cub-forma-de-sa\\\/\"]}]},{\"@type\":\"BreadcrumbList\",\"@id\":\"https:\\\/\\\/sanatate.md\\\/ro\\\/boli-si-tratament\\\/boli-ale-femeilor\\\/uterul-cub-forma-de-sa\\\/#breadcrumb\",\"itemListElement\":[{\"@type\":\"ListItem\",\"position\":1,\"name\":\"\u0413\u043b\u0430\u0432\u043d\u0430\u044f \u0441\u0442\u0440\u0430\u043d\u0438\u0446\u0430\",\"item\":\"https:\\\/\\\/sanatate.md\\\/ro\\\/\"},{\"@type\":\"ListItem\",\"position\":2,\"name\":\"Boli si tratament\",\"item\":\"https:\\\/\\\/sanatate.md\\\/ro\\\/boli-si-tratament\\\/\"},{\"@type\":\"ListItem\",\"position\":3,\"name\":\"Boli ale femeilor\",\"item\":\"https:\\\/\\\/sanatate.md\\\/ro\\\/boli-si-tratament\\\/boli-ale-femeilor\\\/\"},{\"@type\":\"ListItem\",\"position\":4,\"name\":\"Uterul sub form\u0103 de \u0219a\"}]},{\"@type\":\"WebSite\",\"@id\":\"https:\\\/\\\/sanatate.md\\\/ro\\\/#website\",\"url\":\"https:\\\/\\\/sanatate.md\\\/ro\\\/\",\"name\":\"Sanatate.md\",\"description\":\"\u0416\u0443\u0440\u043d\u0430\u043b \u0434\u043b\u044f \u0432\u0441\u0435\u0439 \u0441\u0435\u043c\u044c\u0438 \u0432 \u041c\u043e\u043b\u0434\u043e\u0432\u0435\",\"publisher\":{\"@id\":\"https:\\\/\\\/sanatate.md\\\/ro\\\/#organization\"},\"potentialAction\":[{\"@type\":\"SearchAction\",\"target\":{\"@type\":\"EntryPoint\",\"urlTemplate\":\"https:\\\/\\\/sanatate.md\\\/ro\\\/?s={search_term_string}\"},\"query-input\":{\"@type\":\"PropertyValueSpecification\",\"valueRequired\":true,\"valueName\":\"search_term_string\"}}],\"inLanguage\":\"ro-RO\"},{\"@type\":\"Organization\",\"@id\":\"https:\\\/\\\/sanatate.md\\\/ro\\\/#organization\",\"name\":\"SANATATE\",\"url\":\"https:\\\/\\\/sanatate.md\\\/ro\\\/\",\"logo\":{\"@type\":\"ImageObject\",\"inLanguage\":\"ro-RO\",\"@id\":\"https:\\\/\\\/sanatate.md\\\/ro\\\/#\\\/schema\\\/logo\\\/image\\\/\",\"url\":\"https:\\\/\\\/sanatate.md\\\/wp-content\\\/uploads\\\/2022\\\/01\\\/sanatate-logo.svg\",\"contentUrl\":\"https:\\\/\\\/sanatate.md\\\/wp-content\\\/uploads\\\/2022\\\/01\\\/sanatate-logo.svg\",\"width\":\"1024\",\"height\":\"1024\",\"caption\":\"SANATATE\"},\"image\":{\"@id\":\"https:\\\/\\\/sanatate.md\\\/ro\\\/#\\\/schema\\\/logo\\\/image\\\/\"}}]}<\/script>\n<!-- \/ Yoast SEO plugin. -->","yoast_head_json":{"title":"Uterul sub form\u0103 de \u0219a","description":"Exist\u0103 \u00eens\u0103 multe anomalii, care sunt considerate patologii independente, dar \u0219i defecte care se dezvolt\u0103 \u00eempreun\u0103 cu alte defecte ale vaginului.","robots":{"index":"index","follow":"follow","max-snippet":"max-snippet:-1","max-image-preview":"max-image-preview:large","max-video-preview":"max-video-preview:-1"},"canonical":"https:\/\/sanatate.md\/ro\/boli-si-tratament\/boli-ale-femeilor\/uterul-cub-forma-de-sa\/","og_locale":"ro_RO","og_type":"article","og_title":"Uterul sub form\u0103 de \u0219a","og_description":"Exist\u0103 \u00eens\u0103 multe anomalii, care sunt considerate patologii independente, dar \u0219i defecte care se dezvolt\u0103 \u00eempreun\u0103 cu alte defecte ale vaginului.","og_url":"https:\/\/sanatate.md\/ro\/boli-si-tratament\/boli-ale-femeilor\/uterul-cub-forma-de-sa\/","og_site_name":"Sanatate.md","article_modified_time":"2020-03-25T09:21:19+00:00","twitter_card":"summary_large_image","twitter_misc":{"Timp estimat pentru citire":"5 minute"},"schema":{"@context":"https:\/\/schema.org","@graph":[{"@type":"WebPage","@id":"https:\/\/sanatate.md\/ro\/boli-si-tratament\/boli-ale-femeilor\/uterul-cub-forma-de-sa\/","url":"https:\/\/sanatate.md\/ro\/boli-si-tratament\/boli-ale-femeilor\/uterul-cub-forma-de-sa\/","name":"Uterul sub form\u0103 de \u0219a","isPartOf":{"@id":"https:\/\/sanatate.md\/ro\/#website"},"datePublished":"2020-03-25T09:14:55+00:00","dateModified":"2020-03-25T09:21:19+00:00","description":"Exist\u0103 \u00eens\u0103 multe anomalii, care sunt considerate patologii independente, dar \u0219i defecte care se dezvolt\u0103 \u00eempreun\u0103 cu alte defecte ale vaginului.","breadcrumb":{"@id":"https:\/\/sanatate.md\/ro\/boli-si-tratament\/boli-ale-femeilor\/uterul-cub-forma-de-sa\/#breadcrumb"},"inLanguage":"ro-RO","potentialAction":[{"@type":"ReadAction","target":["https:\/\/sanatate.md\/ro\/boli-si-tratament\/boli-ale-femeilor\/uterul-cub-forma-de-sa\/"]}]},{"@type":"BreadcrumbList","@id":"https:\/\/sanatate.md\/ro\/boli-si-tratament\/boli-ale-femeilor\/uterul-cub-forma-de-sa\/#breadcrumb","itemListElement":[{"@type":"ListItem","position":1,"name":"\u0413\u043b\u0430\u0432\u043d\u0430\u044f \u0441\u0442\u0440\u0430\u043d\u0438\u0446\u0430","item":"https:\/\/sanatate.md\/ro\/"},{"@type":"ListItem","position":2,"name":"Boli si tratament","item":"https:\/\/sanatate.md\/ro\/boli-si-tratament\/"},{"@type":"ListItem","position":3,"name":"Boli ale femeilor","item":"https:\/\/sanatate.md\/ro\/boli-si-tratament\/boli-ale-femeilor\/"},{"@type":"ListItem","position":4,"name":"Uterul sub form\u0103 de \u0219a"}]},{"@type":"WebSite","@id":"https:\/\/sanatate.md\/ro\/#website","url":"https:\/\/sanatate.md\/ro\/","name":"Sanatate.md","description":"\u0416\u0443\u0440\u043d\u0430\u043b \u0434\u043b\u044f \u0432\u0441\u0435\u0439 \u0441\u0435\u043c\u044c\u0438 \u0432 \u041c\u043e\u043b\u0434\u043e\u0432\u0435","publisher":{"@id":"https:\/\/sanatate.md\/ro\/#organization"},"potentialAction":[{"@type":"SearchAction","target":{"@type":"EntryPoint","urlTemplate":"https:\/\/sanatate.md\/ro\/?s={search_term_string}"},"query-input":{"@type":"PropertyValueSpecification","valueRequired":true,"valueName":"search_term_string"}}],"inLanguage":"ro-RO"},{"@type":"Organization","@id":"https:\/\/sanatate.md\/ro\/#organization","name":"SANATATE","url":"https:\/\/sanatate.md\/ro\/","logo":{"@type":"ImageObject","inLanguage":"ro-RO","@id":"https:\/\/sanatate.md\/ro\/#\/schema\/logo\/image\/","url":"https:\/\/sanatate.md\/wp-content\/uploads\/2022\/01\/sanatate-logo.svg","contentUrl":"https:\/\/sanatate.md\/wp-content\/uploads\/2022\/01\/sanatate-logo.svg","width":"1024","height":"1024","caption":"SANATATE"},"image":{"@id":"https:\/\/sanatate.md\/ro\/#\/schema\/logo\/image\/"}}]}},"_links":{"self":[{"href":"https:\/\/sanatate.md\/ro\/wp-json\/wp\/v2\/pages\/79649","targetHints":{"allow":["GET"]}}],"collection":[{"href":"https:\/\/sanatate.md\/ro\/wp-json\/wp\/v2\/pages"}],"about":[{"href":"https:\/\/sanatate.md\/ro\/wp-json\/wp\/v2\/types\/page"}],"author":[{"embeddable":true,"href":"https:\/\/sanatate.md\/ro\/wp-json\/wp\/v2\/users\/1"}],"replies":[{"embeddable":true,"href":"https:\/\/sanatate.md\/ro\/wp-json\/wp\/v2\/comments?post=79649"}],"version-history":[{"count":0,"href":"https:\/\/sanatate.md\/ro\/wp-json\/wp\/v2\/pages\/79649\/revisions"}],"up":[{"embeddable":true,"href":"https:\/\/sanatate.md\/ro\/wp-json\/wp\/v2\/pages\/38235"}],"wp:attachment":[{"href":"https:\/\/sanatate.md\/ro\/wp-json\/wp\/v2\/media?parent=79649"}],"curies":[{"name":"wp","href":"https:\/\/api.w.org\/{rel}","templated":true}]}}