{"id":79660,"date":"2020-03-25T12:35:29","date_gmt":"2020-03-25T09:35:29","guid":{"rendered":"https:\/\/sanatate.md\/?page_id=79660"},"modified":"2020-03-25T12:35:29","modified_gmt":"2020-03-25T09:35:29","slug":"sifilisul-latent","status":"publish","type":"page","link":"https:\/\/sanatate.md\/ro\/boli-si-tratament\/boli-venerice\/sifilisul-latent\/","title":{"rendered":"Sifilisul latent"},"content":{"rendered":"<p>Sifilisul latent este boala, \u00een care reac\u021biile de tip serologic dau un rezultat pozitiv, iar semnele de deteriorare a mucoaselor, pielii \u0219i organelor interne sunt complet absente.<\/p>\n<h3>Formele<\/h3>\n<p>\u00cen medicin\u0103 sifilisul latent are dou\u0103 forme:<br \/>\nsifilisul latent precoce;<br \/>\nsifilisul latent t\u00e2rziu.<\/p>\n<h3>Semne de sifilis latent de form\u0103 precoce<\/h3>\n<p>Forma precoce a sifilisului este dob\u00e2ndit\u0103 \u0219i e caracterizat\u0103 printr-o prescrip\u021bie de cel mult 2 ani, \u00een care simptomele clinice ale bolii sub form\u0103 latent\u0103 sunt complet absente, iar reac\u021biile de tip serologic sunt pozitive.<br \/>\nDiagnosticul formei precoce a acestei boli apare ca urmare a unui examen medical preventiv sau c\u00e2nd este detectat sifilisul la un partener de sex.<\/p>\n<h3>Modurile de transmisie<\/h3>\n<p>Sifilisul latent se transmite aproape \u00eentotdeauna prin contact sexual. Transmiterea sifilisului de uz casnic (atunci c\u00e2nd se utilizeaz\u0103 vesela, prosopul comun sau produsele de igien\u0103 personal\u0103), transplacental (de la mam\u0103 la bebelu\u0219 \u00een timpul sarcinii) \u0219i transfuzie (\u00een timpul transfuziei de s\u00e2nge sau a componentelor sale infectate) sunt rare.<\/p>\n<h3>Simptomele sifilisului latent de form\u0103 t\u00e2rzie<\/h3>\n<p>Forma latent\u0103 t\u00e2rzie a sifilisului \u00een majoritatea cazurilor este diagnosticat\u0103 la persoane cu o form\u0103 dob\u00e2ndit\u0103, cu o durat\u0103 a bolii mai mare de 2 ani, f\u0103r\u0103 semne clinice, cu indicatori normali ai lichidului cefalorahidian \u0219i cu rezultate pozitive ale reac\u021biilor serologice.<\/p>\n<p>Aproape toate cazurile de identificare a pacien\u021bilor diagnostica\u021bi cu o form\u0103 tardiv\u0103 de sifilis latent apar \u00een procesul examin\u0103rilor preventive ale popula\u021biei. Numai \u00een cazuri izolate aceast\u0103 form\u0103 de sifilis este detectat\u0103 \u00een timpul examin\u0103rii membrilor familiei unei persoane care a dezvoltat sifilis. \u00cen majoritatea cazurilor, pacien\u021bii nu b\u0103nuiesc c\u0103 sunt bolnavi \u0219i nu \u0219tiu c\u00e2nd \u0219i \u00een ce circumstan\u021be s-au infectat, deoarece nu au existat simptome ale acestei boli.<\/p>\n<h3>Diagnosticul \u0219i analiza<\/h3>\n<p>C\u00e2nd se stabile\u015fte rezultatul pozitiv al unei reac\u021bii de tip serologic, persoana nu poate fi diagnosticat\u0103 imediat cu sifilis latent, deoarece aceast\u0103 reac\u021bie poate ap\u0103rea \u0219i pe fondalul altor boli. Prin urmare, ace\u0219ti pacien\u021b, care-s suspecta\u0163i, de orice form\u0103, inclusiv sifilis latent secundar, urmeaz\u0103 s\u0103 fie examina\u021bi mai atent.<\/p>\n<h3>Consecin\u021bele<\/h3>\n<p>Sifilisul latent se manifest\u0103 pe piele. Astfel de leziuni dispar foarte repede \u00een absen\u021ba unui tratament adecvat, dar starea organelor interne se agraveaz\u0103. Cele mai grave consecin\u021be sunt observate \u00een perioada ter\u021biar\u0103 a bolii, dup\u0103 care, practic, nu e posibil\u0103 restabilirea s\u0103n\u0103t\u0103\u021bii fizice \u0219i psihologice.<\/p>\n<h3>Sarcina<\/h3>\n<p>Dup\u0103 tratamentul formei latente a sifilisului, sarcina este posibil\u0103, cu condi\u021bia efectu\u0103rii unui tratament eficient \u0219i corect. Cuplurile care au avut sifilis trebuie s\u0103 planifice corect concep\u021bia unui copil, deoarece restabilirea absolut\u0103 a st\u0103rii corpului uman necesit\u0103 mai mult de un an.<\/p>\n<p>\u00cen unele cazuri, sifilisul latent poate fi \u00eenso\u021bit de complica\u021bii severe ale organelor sistemului reproductiv, care duc la o infertilitate incurabil\u0103. De asemenea, merit\u0103 s\u0103 ne amintim, c\u0103 at\u00e2t cu formele precoce, c\u00e2t \u0219i cu cele t\u00e2rzii ale sifilisului latent, exist\u0103 \u0219ansa dezvolt\u0103rii unei forme congenitale de sifilis latent la copilul nen\u0103scut.<\/p>\n<h3>Tratamentul sifilisului latent<\/h3>\n<p>Aproximativ 7% dintre persoane dup\u0103 ce au avut un contact sexual cu un necunoscut au nevoie de sfatul medicului. Astfel, mul\u021bi provoac\u0103 involuntar dezvoltarea bolii, care decurge f\u0103r\u0103 niciun simptom, lu\u00e2nd antibiotice pentru a trata orice boal\u0103 infec\u021bioas\u0103.<\/p>\n","protected":false},"excerpt":{"rendered":"<p>Sifilisul latent este boala, \u00een care reac\u021biile de tip serologic dau un rezultat pozitiv, iar semnele de deteriorare a mucoaselor, pielii \u0219i organelor interne sunt complet absente. Formele \u00cen medicin\u0103 sifilisul latent are dou\u0103 forme: sifilisul latent precoce; sifilisul latent t\u00e2rziu. Semne de sifilis latent de form\u0103 precoce Forma precoce a sifilisului este dob\u00e2ndit\u0103 \u0219i [&hellip;]<\/p>\n","protected":false},"author":1,"featured_media":0,"parent":43639,"menu_order":0,"comment_status":"closed","ping_status":"closed","template":"","meta":{"inline_featured_image":false,"footnotes":""},"class_list":["post-79660","page","type-page","status-publish"],"yoast_head":"<!-- This site is optimized with the Yoast SEO plugin v27.3 - https:\/\/yoast.com\/product\/yoast-seo-wordpress\/ -->\n<title>Sifilisul latent<\/title>\n<meta name=\"description\" content=\"Sifilisul latent este boala, \u00een care reac\u021biile de tip serologic dau un rezultat pozitiv, iar semnele de deteriorare a mucoaselor\" \/>\n<meta name=\"robots\" content=\"index, follow, max-snippet:-1, max-image-preview:large, max-video-preview:-1\" \/>\n<link rel=\"canonical\" href=\"https:\/\/sanatate.md\/ro\/boli-si-tratament\/boli-venerice\/sifilisul-latent\/\" \/>\n<meta property=\"og:locale\" content=\"ro_RO\" \/>\n<meta property=\"og:type\" content=\"article\" \/>\n<meta property=\"og:title\" content=\"Sifilisul latent\" \/>\n<meta property=\"og:description\" content=\"Sifilisul latent este boala, \u00een care reac\u021biile de tip serologic dau un rezultat pozitiv, iar semnele de deteriorare a mucoaselor\" \/>\n<meta property=\"og:url\" content=\"https:\/\/sanatate.md\/ro\/boli-si-tratament\/boli-venerice\/sifilisul-latent\/\" \/>\n<meta property=\"og:site_name\" content=\"Sanatate.md\" \/>\n<meta name=\"twitter:card\" content=\"summary_large_image\" \/>\n<meta name=\"twitter:label1\" content=\"Timp estimat pentru citire\" \/>\n\t<meta name=\"twitter:data1\" content=\"3 minute\" \/>\n<script type=\"application\/ld+json\" class=\"yoast-schema-graph\">{\"@context\":\"https:\\\/\\\/schema.org\",\"@graph\":[{\"@type\":\"WebPage\",\"@id\":\"https:\\\/\\\/sanatate.md\\\/ro\\\/boli-si-tratament\\\/boli-venerice\\\/sifilisul-latent\\\/\",\"url\":\"https:\\\/\\\/sanatate.md\\\/ro\\\/boli-si-tratament\\\/boli-venerice\\\/sifilisul-latent\\\/\",\"name\":\"Sifilisul latent\",\"isPartOf\":{\"@id\":\"https:\\\/\\\/sanatate.md\\\/ro\\\/#website\"},\"datePublished\":\"2020-03-25T09:35:29+00:00\",\"description\":\"Sifilisul latent este boala, \u00een care reac\u021biile de tip serologic dau un rezultat pozitiv, iar semnele de deteriorare a mucoaselor\",\"breadcrumb\":{\"@id\":\"https:\\\/\\\/sanatate.md\\\/ro\\\/boli-si-tratament\\\/boli-venerice\\\/sifilisul-latent\\\/#breadcrumb\"},\"inLanguage\":\"ro-RO\",\"potentialAction\":[{\"@type\":\"ReadAction\",\"target\":[\"https:\\\/\\\/sanatate.md\\\/ro\\\/boli-si-tratament\\\/boli-venerice\\\/sifilisul-latent\\\/\"]}]},{\"@type\":\"BreadcrumbList\",\"@id\":\"https:\\\/\\\/sanatate.md\\\/ro\\\/boli-si-tratament\\\/boli-venerice\\\/sifilisul-latent\\\/#breadcrumb\",\"itemListElement\":[{\"@type\":\"ListItem\",\"position\":1,\"name\":\"\u0413\u043b\u0430\u0432\u043d\u0430\u044f \u0441\u0442\u0440\u0430\u043d\u0438\u0446\u0430\",\"item\":\"https:\\\/\\\/sanatate.md\\\/ro\\\/\"},{\"@type\":\"ListItem\",\"position\":2,\"name\":\"Boli si tratament\",\"item\":\"https:\\\/\\\/sanatate.md\\\/ro\\\/boli-si-tratament\\\/\"},{\"@type\":\"ListItem\",\"position\":3,\"name\":\"Boli venerice\",\"item\":\"https:\\\/\\\/sanatate.md\\\/ro\\\/boli-si-tratament\\\/boli-venerice\\\/\"},{\"@type\":\"ListItem\",\"position\":4,\"name\":\"Sifilisul latent\"}]},{\"@type\":\"WebSite\",\"@id\":\"https:\\\/\\\/sanatate.md\\\/ro\\\/#website\",\"url\":\"https:\\\/\\\/sanatate.md\\\/ro\\\/\",\"name\":\"Sanatate.md\",\"description\":\"\u0416\u0443\u0440\u043d\u0430\u043b \u0434\u043b\u044f \u0432\u0441\u0435\u0439 \u0441\u0435\u043c\u044c\u0438 \u0432 \u041c\u043e\u043b\u0434\u043e\u0432\u0435\",\"publisher\":{\"@id\":\"https:\\\/\\\/sanatate.md\\\/ro\\\/#organization\"},\"potentialAction\":[{\"@type\":\"SearchAction\",\"target\":{\"@type\":\"EntryPoint\",\"urlTemplate\":\"https:\\\/\\\/sanatate.md\\\/ro\\\/?s={search_term_string}\"},\"query-input\":{\"@type\":\"PropertyValueSpecification\",\"valueRequired\":true,\"valueName\":\"search_term_string\"}}],\"inLanguage\":\"ro-RO\"},{\"@type\":\"Organization\",\"@id\":\"https:\\\/\\\/sanatate.md\\\/ro\\\/#organization\",\"name\":\"SANATATE\",\"url\":\"https:\\\/\\\/sanatate.md\\\/ro\\\/\",\"logo\":{\"@type\":\"ImageObject\",\"inLanguage\":\"ro-RO\",\"@id\":\"https:\\\/\\\/sanatate.md\\\/ro\\\/#\\\/schema\\\/logo\\\/image\\\/\",\"url\":\"https:\\\/\\\/sanatate.md\\\/wp-content\\\/uploads\\\/2022\\\/01\\\/sanatate-logo.svg\",\"contentUrl\":\"https:\\\/\\\/sanatate.md\\\/wp-content\\\/uploads\\\/2022\\\/01\\\/sanatate-logo.svg\",\"width\":\"1024\",\"height\":\"1024\",\"caption\":\"SANATATE\"},\"image\":{\"@id\":\"https:\\\/\\\/sanatate.md\\\/ro\\\/#\\\/schema\\\/logo\\\/image\\\/\"}}]}<\/script>\n<!-- \/ Yoast SEO plugin. -->","yoast_head_json":{"title":"Sifilisul latent","description":"Sifilisul latent este boala, \u00een care reac\u021biile de tip serologic dau un rezultat pozitiv, iar semnele de deteriorare a mucoaselor","robots":{"index":"index","follow":"follow","max-snippet":"max-snippet:-1","max-image-preview":"max-image-preview:large","max-video-preview":"max-video-preview:-1"},"canonical":"https:\/\/sanatate.md\/ro\/boli-si-tratament\/boli-venerice\/sifilisul-latent\/","og_locale":"ro_RO","og_type":"article","og_title":"Sifilisul latent","og_description":"Sifilisul latent este boala, \u00een care reac\u021biile de tip serologic dau un rezultat pozitiv, iar semnele de deteriorare a mucoaselor","og_url":"https:\/\/sanatate.md\/ro\/boli-si-tratament\/boli-venerice\/sifilisul-latent\/","og_site_name":"Sanatate.md","twitter_card":"summary_large_image","twitter_misc":{"Timp estimat pentru citire":"3 minute"},"schema":{"@context":"https:\/\/schema.org","@graph":[{"@type":"WebPage","@id":"https:\/\/sanatate.md\/ro\/boli-si-tratament\/boli-venerice\/sifilisul-latent\/","url":"https:\/\/sanatate.md\/ro\/boli-si-tratament\/boli-venerice\/sifilisul-latent\/","name":"Sifilisul latent","isPartOf":{"@id":"https:\/\/sanatate.md\/ro\/#website"},"datePublished":"2020-03-25T09:35:29+00:00","description":"Sifilisul latent este boala, \u00een care reac\u021biile de tip serologic dau un rezultat pozitiv, iar semnele de deteriorare a mucoaselor","breadcrumb":{"@id":"https:\/\/sanatate.md\/ro\/boli-si-tratament\/boli-venerice\/sifilisul-latent\/#breadcrumb"},"inLanguage":"ro-RO","potentialAction":[{"@type":"ReadAction","target":["https:\/\/sanatate.md\/ro\/boli-si-tratament\/boli-venerice\/sifilisul-latent\/"]}]},{"@type":"BreadcrumbList","@id":"https:\/\/sanatate.md\/ro\/boli-si-tratament\/boli-venerice\/sifilisul-latent\/#breadcrumb","itemListElement":[{"@type":"ListItem","position":1,"name":"\u0413\u043b\u0430\u0432\u043d\u0430\u044f \u0441\u0442\u0440\u0430\u043d\u0438\u0446\u0430","item":"https:\/\/sanatate.md\/ro\/"},{"@type":"ListItem","position":2,"name":"Boli si tratament","item":"https:\/\/sanatate.md\/ro\/boli-si-tratament\/"},{"@type":"ListItem","position":3,"name":"Boli venerice","item":"https:\/\/sanatate.md\/ro\/boli-si-tratament\/boli-venerice\/"},{"@type":"ListItem","position":4,"name":"Sifilisul latent"}]},{"@type":"WebSite","@id":"https:\/\/sanatate.md\/ro\/#website","url":"https:\/\/sanatate.md\/ro\/","name":"Sanatate.md","description":"\u0416\u0443\u0440\u043d\u0430\u043b \u0434\u043b\u044f \u0432\u0441\u0435\u0439 \u0441\u0435\u043c\u044c\u0438 \u0432 \u041c\u043e\u043b\u0434\u043e\u0432\u0435","publisher":{"@id":"https:\/\/sanatate.md\/ro\/#organization"},"potentialAction":[{"@type":"SearchAction","target":{"@type":"EntryPoint","urlTemplate":"https:\/\/sanatate.md\/ro\/?s={search_term_string}"},"query-input":{"@type":"PropertyValueSpecification","valueRequired":true,"valueName":"search_term_string"}}],"inLanguage":"ro-RO"},{"@type":"Organization","@id":"https:\/\/sanatate.md\/ro\/#organization","name":"SANATATE","url":"https:\/\/sanatate.md\/ro\/","logo":{"@type":"ImageObject","inLanguage":"ro-RO","@id":"https:\/\/sanatate.md\/ro\/#\/schema\/logo\/image\/","url":"https:\/\/sanatate.md\/wp-content\/uploads\/2022\/01\/sanatate-logo.svg","contentUrl":"https:\/\/sanatate.md\/wp-content\/uploads\/2022\/01\/sanatate-logo.svg","width":"1024","height":"1024","caption":"SANATATE"},"image":{"@id":"https:\/\/sanatate.md\/ro\/#\/schema\/logo\/image\/"}}]}},"_links":{"self":[{"href":"https:\/\/sanatate.md\/ro\/wp-json\/wp\/v2\/pages\/79660","targetHints":{"allow":["GET"]}}],"collection":[{"href":"https:\/\/sanatate.md\/ro\/wp-json\/wp\/v2\/pages"}],"about":[{"href":"https:\/\/sanatate.md\/ro\/wp-json\/wp\/v2\/types\/page"}],"author":[{"embeddable":true,"href":"https:\/\/sanatate.md\/ro\/wp-json\/wp\/v2\/users\/1"}],"replies":[{"embeddable":true,"href":"https:\/\/sanatate.md\/ro\/wp-json\/wp\/v2\/comments?post=79660"}],"version-history":[{"count":0,"href":"https:\/\/sanatate.md\/ro\/wp-json\/wp\/v2\/pages\/79660\/revisions"}],"up":[{"embeddable":true,"href":"https:\/\/sanatate.md\/ro\/wp-json\/wp\/v2\/pages\/43639"}],"wp:attachment":[{"href":"https:\/\/sanatate.md\/ro\/wp-json\/wp\/v2\/media?parent=79660"}],"curies":[{"name":"wp","href":"https:\/\/api.w.org\/{rel}","templated":true}]}}