{"id":79670,"date":"2020-03-25T13:05:43","date_gmt":"2020-03-25T10:05:43","guid":{"rendered":"https:\/\/sanatate.md\/?page_id=79670"},"modified":"2020-03-25T13:05:43","modified_gmt":"2020-03-25T10:05:43","slug":"leziunea-organelor-genitale-masculine","status":"publish","type":"page","link":"https:\/\/sanatate.md\/ro\/boli-si-tratament\/boli-masculine\/leziunea-organelor-genitale-masculine\/","title":{"rendered":"Leziunea organelor genitale masculine"},"content":{"rendered":"<p>Acest tip de boli este destul de frecvent, dar nu to\u0163i b\u0103rba\u021bii recunosc acest lucru. \u00cen aparen\u0163\u0103 trauma pare destul de mica, banal\u0103 sau e o v\u0103t\u0103m\u0103tur\u0103 suferit\u0103 \u00een circumstan\u021be intime, c\u00e2nd nu doar nu vrei s\u0103 recuno\u015fti, dar chiar \u0219i \u0163i-e ru\u0219ine de cele produse. Dar astfel de leziuni nu sunt \u00eentotdeauna nevinovate \u0219i ar trebui s\u0103 nu r\u0103m\u00e2n\u0103 f\u0103r\u0103 supravegherea unui medic.<\/p>\n<h3>Motive<\/h3>\n<p>Printre principalele cauze ale v\u0103t\u0103m\u0103rii trebuie eviden\u021biate:<br \/>\n\u2022 c\u0103derea de la \u00een\u0103l\u021bime pe un obiect v\u00e2rtos;<br \/>\n\u2022 leziuni provocate de lovituri in inghinale;<br \/>\n\u2022 r\u0103ni de cu\u021bit;<br \/>\n\u2022 act sexual prea intens sau prea frecvent.<\/p>\n<h3>Clasificare<\/h3>\n<p>Leziunile genitale de sex masculin sunt de form\u0103 deschis\u0103 \u0219i \u00eenchis\u0103.<br \/>\nLeziunile \u00eenchise sunt \u00eenso\u021bite de o oarecare \u00eenc\u0103lcare a integrit\u0103\u021bii pielii, a \u021besutului subcutanat \u0219i a corpului cavernos, \u00een care se acumuleaz\u0103 s\u00e2nge.<br \/>\nCaracteristicile leziunilor \u00eenchise:<br \/>\n\u2022 ruperea stratului proteic &#8211; apare adesea din cauza fric\u021biunii severe sau \u00een timpul actului sexual intens; de fapt pielea \u00een sine este rezistent\u0103, func\u021bia ei este de a men\u021bine penisul \u00eentr-o anumit\u0103 pozi\u021bie;<br \/>\n\u2022 ruperea pliurilor prepu\u0163ului &#8211; apare ca impact foarte puternic de frecare, se \u00eent\u00e2mpl\u0103 \u00een timpul actului sexual intens \u0219i dur sau \u00een timpul masturb\u0103rii;<br \/>\n\u2022 ruperea subcutanat\u0103 a corpului cavernos &#8211; apare atunci c\u00e2nd are un impact puternic asupra penisului erect, aceasta este a\u0219a-numita \u201efractur\u0103\u201d a corpului cavernos; cauza poate fi un act sexual brutal sau expunerea organului dat unei lovituri cu un obiect v\u00e2rtos;<br \/>\n\u2022 cavernita &#8211; apare \u00een timpul \u201efracturilor\u201d corpurilor cavernoase, s\u00e2ngele se acumuleaz\u0103 \u00een pe\u0219teri, \u00eencepe s\u0103 fermenteze, apare un proces inflamator, care provoac\u0103 apari\u021bia acestei afec\u021biuni;<br \/>\n\u2022 boli inflamatorii ale uretrei, ca urmare se produce ruperea arterelor mici \u0219i a \u021besuturilor spongioase \u0219i se formeaz\u0103 cicatrice, care provoac\u0103 curbura penisului.<\/p>\n<h3>Leziunile deschise ale pielii:<\/h3>\n<p>\u2022 r\u0103ni de cu\u021bit;<br \/>\n\u2022 r\u0103ni la \u00eempu\u0219care;<br \/>\n\u2022 mu\u0219c\u0103tur\u0103 de animale;<br \/>\n\u2022 degeraturi.<\/p>\n<h3>Simptome<\/h3>\n<p>Simptomele depind de tipul de traumatism, precum \u0219i de gradul de deteriorare a penisului.<\/p>\n<p>Exist\u0103 \u015fi simptome generale, care sunt prezente la orice leziuni. Acestea includ:<br \/>\n\u2022 durere, care are o intensitate diferit\u0103;<br \/>\n\u2022 umflarea \u021besuturilor moi;<br \/>\n\u2022 prezen\u021ba unui hematom;<br \/>\n\u2022 \u00een cazul anumitor leziuni sunt prezente s\u00e2nger\u0103rile;<br \/>\n\u2022 dificultate la urinare.<br \/>\nExist\u0103, de asemenea, simptome care sunt caracteristice unor leziuni specifice. V\u00e2n\u0103taia, de exemplu, apare prin umflarea accentuat\u0103 a \u021besuturilor, durerea \u0219i prezen\u021ba unui hematom.<\/p>\n<p>La \u201efracturi\u201d se simte cum se rupe membrana proteic\u0103 \u0219i corpurile cavernoase. \u00cen acest caz apare o durere ascu\u021bit\u0103 \u0219i \u00een cre\u0219tere, erec\u021bia dispare imediat, penisul devine albastru, p\u00e2n\u0103 la violet, din cauza hematomului extensiv \u0219i a edemului puternic pronun\u021bat.<br \/>\n\u00cen cazul proceselor inflamatorii la nivelul penisului (cavernit\u0103) va exista o cre\u0219tere a temperaturii locale, simptome de sl\u0103biciune general\u0103 \u0219i, eventual, o cre\u0219tere a temperaturii \u00eentregului corp.<\/p>\n<h3>Ddiagnosticare<\/h3>\n<p>Diagnosticul \u00eencepe cu istoricul medical: trebuie s\u0103 afla\u021bi cum, \u00een ce circumstan\u021be s-a produs accidentul, c\u00e2t timp a trecut de atunci. Se efectueaz\u0103 un complex de studii clinice generale: test de s\u00e2nge, m\u0103surarea tensiunii arteriale.<br \/>\n\u00cen continuare este necesar s\u0103 se observe dac\u0103 exist\u0103 o ruptur\u0103 a membranei proteice \u0219i a uretrei.<\/p>\n<p>Dup\u0103 stabilirea cauzelor sunt efectuate o serie de studii suplimentare:<br \/>\n\u2022 cavernozografie (radiografiea penisului);<br \/>\n\u2022 tomografie computerizat\u0103;<br \/>\n\u2022 imagistica prin rezonan\u021b\u0103 magnetic\u0103;<br \/>\n\u2022 uretrografia, care v\u0103 permite foarte precis s\u0103 observa\u021bi un decalaj sau o alt\u0103 deteriorare a uretrei \u0219i \u00een ce loc se afl\u0103.<\/p>\n<h3>Tratament<\/h3>\n<p>Pentru a \u00eencepe orice tratament, trebuie s\u0103 consulta\u021bi mai \u00eent\u00e2i un medic, nu v\u0103 pute\u021bi prescrie singur medicamente. \u00cen prezent medicina e \u00een stare s\u0103 men\u021bin\u0103 func\u021bionalitatea \u0219i integritatea penisului aproape de 100%.<\/p>\n<p>Dac\u0103 exist\u0103 o v\u0103t\u0103mare a organuluilui sau chiar o ruptur\u0103 a lui, tratamentul va fi etapizat:<br \/>\n\u2022 oprirea s\u00e2nger\u0103rii;<br \/>\n\u2022 spitalizarea \u00eentr-un compartiment chirurgical sau urologic;<br \/>\n\u2022 toate leziunile necesit\u0103 interven\u021bie chirurgical\u0103: suturarea, deschiderea \u0219i drenarea hematoamelor.<\/p>\n<p>Odat\u0103 cu dezvoltarea infec\u021biei, e necesar s\u0103 lua\u021bi antibiotice, fiind recomandat\u0103 \u0219i terapia simptomatic\u0103. Medicul prescrie medicamente antiinflamatorii \u0219i decongestionante pentru a opri procesul inflamator \u0219i a elimina edemul de \u021besuturi moi.<br \/>\nDac\u0103 a avut loc o amputa\u021bie complet\u0103 a penisului, ave\u021bi timp doar de o zi pentru ca el s\u0103 fie cusut.<\/p>\n<h3>Complica\u021bii<\/h3>\n<p>Dac\u0103 nu va fi acordat primul ajutor medical la timp, se pot dezvolta urm\u0103toarele complica\u021bii:<br \/>\n\u2022 procese inflamatorii la nivelul testiculelor (orhit\u0103);<br \/>\n\u2022 acumularea de secre\u021bii de s\u00e2nge sub stratul de piele \u00een locul traumei, ceea ce duce la supura\u021bia hematomului;<br \/>\n\u2022 urosepsis &#8211; microorganismele d\u0103un\u0103toare intr\u0103 \u00een fluxul sanguin \u015fi duc la perturbarea tuturor organelor interne ale unui om;<br \/>\n\u2022 organele genitale devin curbate;<br \/>\n\u2022 dac\u0103 exist\u0103 o v\u0103t\u0103mare a uretrei, procesul de urinare este perturbat;<br \/>\n\u2022 durere de form\u0103 cronic\u0103 \u00een scrot;<br \/>\n\u2022 apari\u021bia fistulelor de form\u0103 patologic\u0103;<br \/>\n\u2022 impoten\u021b\u0103 sexual\u0103;<br \/>\n\u2022 leziune testicular\u0103, care poate duce la dezvoltarea cancerului;<br \/>\n\u2022 reducerea dimensiunii testiculare.<\/p>\n<h3>Profilaxie<\/h3>\n<p>Prevenirea leziunilor genitale de sex masculin:<br \/>\n\u2022 excluderea traumelor;<br \/>\n\u2022 reducerea consumul de alcool;<br \/>\n\u2022 \u00een cazul \u00een care s-a \u00eent\u00e2mplat deja o v\u0103t\u0103mare este necesar s\u0103 consulta\u021bi \u00een mod regulat un urolog timp de trei ani.<\/p>\n","protected":false},"excerpt":{"rendered":"<p>Acest tip de boli este destul de frecvent, dar nu to\u0163i b\u0103rba\u021bii recunosc acest lucru. \u00cen aparen\u0163\u0103 trauma pare destul de mica, banal\u0103 sau e o v\u0103t\u0103m\u0103tur\u0103 suferit\u0103 \u00een circumstan\u021be intime, c\u00e2nd nu doar nu vrei s\u0103 recuno\u015fti, dar chiar \u0219i \u0163i-e ru\u0219ine de cele produse. Dar astfel de leziuni nu sunt \u00eentotdeauna nevinovate \u0219i [&hellip;]<\/p>\n","protected":false},"author":1,"featured_media":0,"parent":52970,"menu_order":0,"comment_status":"closed","ping_status":"closed","template":"","meta":{"inline_featured_image":false,"footnotes":""},"class_list":["post-79670","page","type-page","status-publish"],"yoast_head":"<!-- This site is optimized with the Yoast SEO plugin v27.3 - https:\/\/yoast.com\/product\/yoast-seo-wordpress\/ -->\n<title>Leziunea organelor genitale masculine<\/title>\n<meta name=\"description\" content=\"Acest tip de boli este destul de frecvent, dar nu to\u0163i b\u0103rba\u021bii recunosc acest lucru. \u00cen aparen\u0163\u0103 trauma pare destul de mica\" \/>\n<meta name=\"robots\" content=\"index, follow, max-snippet:-1, max-image-preview:large, max-video-preview:-1\" \/>\n<link rel=\"canonical\" href=\"https:\/\/sanatate.md\/ro\/boli-si-tratament\/boli-masculine\/leziunea-organelor-genitale-masculine\/\" \/>\n<meta property=\"og:locale\" content=\"ro_RO\" \/>\n<meta property=\"og:type\" content=\"article\" \/>\n<meta property=\"og:title\" content=\"Leziunea organelor genitale masculine\" \/>\n<meta property=\"og:description\" content=\"Acest tip de boli este destul de frecvent, dar nu to\u0163i b\u0103rba\u021bii recunosc acest lucru. \u00cen aparen\u0163\u0103 trauma pare destul de mica\" \/>\n<meta property=\"og:url\" content=\"https:\/\/sanatate.md\/ro\/boli-si-tratament\/boli-masculine\/leziunea-organelor-genitale-masculine\/\" \/>\n<meta property=\"og:site_name\" content=\"Sanatate.md\" \/>\n<meta name=\"twitter:card\" content=\"summary_large_image\" \/>\n<meta name=\"twitter:label1\" content=\"Timp estimat pentru citire\" \/>\n\t<meta name=\"twitter:data1\" content=\"4 minute\" \/>\n<script type=\"application\/ld+json\" class=\"yoast-schema-graph\">{\"@context\":\"https:\\\/\\\/schema.org\",\"@graph\":[{\"@type\":\"WebPage\",\"@id\":\"https:\\\/\\\/sanatate.md\\\/ro\\\/boli-si-tratament\\\/boli-masculine\\\/leziunea-organelor-genitale-masculine\\\/\",\"url\":\"https:\\\/\\\/sanatate.md\\\/ro\\\/boli-si-tratament\\\/boli-masculine\\\/leziunea-organelor-genitale-masculine\\\/\",\"name\":\"Leziunea organelor genitale masculine\",\"isPartOf\":{\"@id\":\"https:\\\/\\\/sanatate.md\\\/ro\\\/#website\"},\"datePublished\":\"2020-03-25T10:05:43+00:00\",\"description\":\"Acest tip de boli este destul de frecvent, dar nu to\u0163i b\u0103rba\u021bii recunosc acest lucru. \u00cen aparen\u0163\u0103 trauma pare destul de mica\",\"breadcrumb\":{\"@id\":\"https:\\\/\\\/sanatate.md\\\/ro\\\/boli-si-tratament\\\/boli-masculine\\\/leziunea-organelor-genitale-masculine\\\/#breadcrumb\"},\"inLanguage\":\"ro-RO\",\"potentialAction\":[{\"@type\":\"ReadAction\",\"target\":[\"https:\\\/\\\/sanatate.md\\\/ro\\\/boli-si-tratament\\\/boli-masculine\\\/leziunea-organelor-genitale-masculine\\\/\"]}]},{\"@type\":\"BreadcrumbList\",\"@id\":\"https:\\\/\\\/sanatate.md\\\/ro\\\/boli-si-tratament\\\/boli-masculine\\\/leziunea-organelor-genitale-masculine\\\/#breadcrumb\",\"itemListElement\":[{\"@type\":\"ListItem\",\"position\":1,\"name\":\"\u0413\u043b\u0430\u0432\u043d\u0430\u044f \u0441\u0442\u0440\u0430\u043d\u0438\u0446\u0430\",\"item\":\"https:\\\/\\\/sanatate.md\\\/ro\\\/\"},{\"@type\":\"ListItem\",\"position\":2,\"name\":\"Boli si tratament\",\"item\":\"https:\\\/\\\/sanatate.md\\\/ro\\\/boli-si-tratament\\\/\"},{\"@type\":\"ListItem\",\"position\":3,\"name\":\"Boli masculine\",\"item\":\"https:\\\/\\\/sanatate.md\\\/ro\\\/boli-si-tratament\\\/boli-masculine\\\/\"},{\"@type\":\"ListItem\",\"position\":4,\"name\":\"Leziunea organelor genitale masculine\"}]},{\"@type\":\"WebSite\",\"@id\":\"https:\\\/\\\/sanatate.md\\\/ro\\\/#website\",\"url\":\"https:\\\/\\\/sanatate.md\\\/ro\\\/\",\"name\":\"Sanatate.md\",\"description\":\"\u0416\u0443\u0440\u043d\u0430\u043b \u0434\u043b\u044f \u0432\u0441\u0435\u0439 \u0441\u0435\u043c\u044c\u0438 \u0432 \u041c\u043e\u043b\u0434\u043e\u0432\u0435\",\"publisher\":{\"@id\":\"https:\\\/\\\/sanatate.md\\\/ro\\\/#organization\"},\"potentialAction\":[{\"@type\":\"SearchAction\",\"target\":{\"@type\":\"EntryPoint\",\"urlTemplate\":\"https:\\\/\\\/sanatate.md\\\/ro\\\/?s={search_term_string}\"},\"query-input\":{\"@type\":\"PropertyValueSpecification\",\"valueRequired\":true,\"valueName\":\"search_term_string\"}}],\"inLanguage\":\"ro-RO\"},{\"@type\":\"Organization\",\"@id\":\"https:\\\/\\\/sanatate.md\\\/ro\\\/#organization\",\"name\":\"SANATATE\",\"url\":\"https:\\\/\\\/sanatate.md\\\/ro\\\/\",\"logo\":{\"@type\":\"ImageObject\",\"inLanguage\":\"ro-RO\",\"@id\":\"https:\\\/\\\/sanatate.md\\\/ro\\\/#\\\/schema\\\/logo\\\/image\\\/\",\"url\":\"https:\\\/\\\/sanatate.md\\\/wp-content\\\/uploads\\\/2022\\\/01\\\/sanatate-logo.svg\",\"contentUrl\":\"https:\\\/\\\/sanatate.md\\\/wp-content\\\/uploads\\\/2022\\\/01\\\/sanatate-logo.svg\",\"width\":\"1024\",\"height\":\"1024\",\"caption\":\"SANATATE\"},\"image\":{\"@id\":\"https:\\\/\\\/sanatate.md\\\/ro\\\/#\\\/schema\\\/logo\\\/image\\\/\"}}]}<\/script>\n<!-- \/ Yoast SEO plugin. -->","yoast_head_json":{"title":"Leziunea organelor genitale masculine","description":"Acest tip de boli este destul de frecvent, dar nu to\u0163i b\u0103rba\u021bii recunosc acest lucru. \u00cen aparen\u0163\u0103 trauma pare destul de mica","robots":{"index":"index","follow":"follow","max-snippet":"max-snippet:-1","max-image-preview":"max-image-preview:large","max-video-preview":"max-video-preview:-1"},"canonical":"https:\/\/sanatate.md\/ro\/boli-si-tratament\/boli-masculine\/leziunea-organelor-genitale-masculine\/","og_locale":"ro_RO","og_type":"article","og_title":"Leziunea organelor genitale masculine","og_description":"Acest tip de boli este destul de frecvent, dar nu to\u0163i b\u0103rba\u021bii recunosc acest lucru. \u00cen aparen\u0163\u0103 trauma pare destul de mica","og_url":"https:\/\/sanatate.md\/ro\/boli-si-tratament\/boli-masculine\/leziunea-organelor-genitale-masculine\/","og_site_name":"Sanatate.md","twitter_card":"summary_large_image","twitter_misc":{"Timp estimat pentru citire":"4 minute"},"schema":{"@context":"https:\/\/schema.org","@graph":[{"@type":"WebPage","@id":"https:\/\/sanatate.md\/ro\/boli-si-tratament\/boli-masculine\/leziunea-organelor-genitale-masculine\/","url":"https:\/\/sanatate.md\/ro\/boli-si-tratament\/boli-masculine\/leziunea-organelor-genitale-masculine\/","name":"Leziunea organelor genitale masculine","isPartOf":{"@id":"https:\/\/sanatate.md\/ro\/#website"},"datePublished":"2020-03-25T10:05:43+00:00","description":"Acest tip de boli este destul de frecvent, dar nu to\u0163i b\u0103rba\u021bii recunosc acest lucru. \u00cen aparen\u0163\u0103 trauma pare destul de mica","breadcrumb":{"@id":"https:\/\/sanatate.md\/ro\/boli-si-tratament\/boli-masculine\/leziunea-organelor-genitale-masculine\/#breadcrumb"},"inLanguage":"ro-RO","potentialAction":[{"@type":"ReadAction","target":["https:\/\/sanatate.md\/ro\/boli-si-tratament\/boli-masculine\/leziunea-organelor-genitale-masculine\/"]}]},{"@type":"BreadcrumbList","@id":"https:\/\/sanatate.md\/ro\/boli-si-tratament\/boli-masculine\/leziunea-organelor-genitale-masculine\/#breadcrumb","itemListElement":[{"@type":"ListItem","position":1,"name":"\u0413\u043b\u0430\u0432\u043d\u0430\u044f \u0441\u0442\u0440\u0430\u043d\u0438\u0446\u0430","item":"https:\/\/sanatate.md\/ro\/"},{"@type":"ListItem","position":2,"name":"Boli si tratament","item":"https:\/\/sanatate.md\/ro\/boli-si-tratament\/"},{"@type":"ListItem","position":3,"name":"Boli masculine","item":"https:\/\/sanatate.md\/ro\/boli-si-tratament\/boli-masculine\/"},{"@type":"ListItem","position":4,"name":"Leziunea organelor genitale masculine"}]},{"@type":"WebSite","@id":"https:\/\/sanatate.md\/ro\/#website","url":"https:\/\/sanatate.md\/ro\/","name":"Sanatate.md","description":"\u0416\u0443\u0440\u043d\u0430\u043b \u0434\u043b\u044f \u0432\u0441\u0435\u0439 \u0441\u0435\u043c\u044c\u0438 \u0432 \u041c\u043e\u043b\u0434\u043e\u0432\u0435","publisher":{"@id":"https:\/\/sanatate.md\/ro\/#organization"},"potentialAction":[{"@type":"SearchAction","target":{"@type":"EntryPoint","urlTemplate":"https:\/\/sanatate.md\/ro\/?s={search_term_string}"},"query-input":{"@type":"PropertyValueSpecification","valueRequired":true,"valueName":"search_term_string"}}],"inLanguage":"ro-RO"},{"@type":"Organization","@id":"https:\/\/sanatate.md\/ro\/#organization","name":"SANATATE","url":"https:\/\/sanatate.md\/ro\/","logo":{"@type":"ImageObject","inLanguage":"ro-RO","@id":"https:\/\/sanatate.md\/ro\/#\/schema\/logo\/image\/","url":"https:\/\/sanatate.md\/wp-content\/uploads\/2022\/01\/sanatate-logo.svg","contentUrl":"https:\/\/sanatate.md\/wp-content\/uploads\/2022\/01\/sanatate-logo.svg","width":"1024","height":"1024","caption":"SANATATE"},"image":{"@id":"https:\/\/sanatate.md\/ro\/#\/schema\/logo\/image\/"}}]}},"_links":{"self":[{"href":"https:\/\/sanatate.md\/ro\/wp-json\/wp\/v2\/pages\/79670","targetHints":{"allow":["GET"]}}],"collection":[{"href":"https:\/\/sanatate.md\/ro\/wp-json\/wp\/v2\/pages"}],"about":[{"href":"https:\/\/sanatate.md\/ro\/wp-json\/wp\/v2\/types\/page"}],"author":[{"embeddable":true,"href":"https:\/\/sanatate.md\/ro\/wp-json\/wp\/v2\/users\/1"}],"replies":[{"embeddable":true,"href":"https:\/\/sanatate.md\/ro\/wp-json\/wp\/v2\/comments?post=79670"}],"version-history":[{"count":0,"href":"https:\/\/sanatate.md\/ro\/wp-json\/wp\/v2\/pages\/79670\/revisions"}],"up":[{"embeddable":true,"href":"https:\/\/sanatate.md\/ro\/wp-json\/wp\/v2\/pages\/52970"}],"wp:attachment":[{"href":"https:\/\/sanatate.md\/ro\/wp-json\/wp\/v2\/media?parent=79670"}],"curies":[{"name":"wp","href":"https:\/\/api.w.org\/{rel}","templated":true}]}}