{"id":80077,"date":"2020-05-12T11:33:49","date_gmt":"2020-05-12T08:33:49","guid":{"rendered":"https:\/\/sanatate.md\/?page_id=80077"},"modified":"2020-05-12T11:33:49","modified_gmt":"2020-05-12T08:33:49","slug":"oleogranulema","status":"publish","type":"page","link":"https:\/\/sanatate.md\/ro\/boli-si-tratament\/boli-ale-glandelor-mamare\/oleogranulema\/","title":{"rendered":"Oleogranulema"},"content":{"rendered":"<p>Oleogranulomul se caracterizeaz\u0103 prin prezen\u021ba unor neoplasme inflamatorii sau modific\u0103ri inflamatorii, care apar ca urmare a unui obiect str\u0103in infiltrat \u00een \u021besut.<br \/>\nAnterior, oleogranulomul se considera o modificare inflamatorie la nivelul penisului dup\u0103 ce era injectat\u0103 \u00een corp vaselina pentru a m\u0103ri penisul, ceea ce este o opinie eronat\u0103. Ast\u0103zi acest concept are un sens mai larg.<\/p>\n<h3>Cauzele oleogranulomului<\/h3>\n<p>Corpurile str\u0103ine, cum ar fi firele sintetice, vaselina sau siliconul, pot provoca debutul unui proces inflamator, care au tr\u0103s\u0103turi specifice.<\/p>\n<h3>Tipuri<\/h3>\n<p>Exist\u0103 astfel de tipuri:<\/p>\n<ol>\n<li>Mamar &#8211; apare ca urmare a interven\u021biei chirurgicale (rezec\u021bie de tip sectorial, opera\u021bii care p\u0103streaz\u0103 organele interne, uneori dup\u0103 o procedur\u0103 de mastectomie) ca reac\u021bie a compu\u0219ilor tisulari la materialul care este cusut.<\/li>\n<li>Al penisului &#8211; caracterizat prin modific\u0103ri inflamatorii sau trofice la nivelul pielii \u0219i fascia penisului, care sunt cauzate de introducerea sub piele a diverselor substan\u021be cu consisten\u021ba uleiului, care se pot \u00eent\u0103ri \u00een timp.<br \/>\nAceast\u0103 boal\u0103 se manifest\u0103 prin apari\u021bia unei structuri dense pe suprafa\u021ba penisului, deformarea cicatricial\u0103 a lui, edemul limfatic \u0219i durerea \u00een timpul erec\u021biei.<br \/>\nOleogranulomul penisului poate determina r\u0103sp\u00e2ndirea procesului inflamator la scrot \u0219i la uretr\u0103, rezult\u00e2nd leziuni fistulare \u0219i ulcerative.<\/li>\n<li>Al cicatricii postoperatorii- se formeaz\u0103 dup\u0103 opera\u021bie, c\u00eend materialul chirurgical a r\u0103mas \u00een corpul uman. Astfel, \u00eencepe procesul de respingere a unui corp str\u0103in \u0219i \u00eencepe s\u0103 se formeze un oleogranulom.<\/li>\n<li>Cel gluteal &#8211; apare dup\u0103 injectarea anumitor medicamente.<\/li>\n<\/ol>\n<h3>Diagnosticarea<\/h3>\n<p>Diagnosticul se bazeaz\u0103 pe o analiz\u0103 anamnestic\u0103, rezultatele examin\u0103rii vizuale \u0219i palpare. De asemenea se recomand\u0103 examinarea cu ultrasunete, biopsie (analize histologice \u0219i citologice), mamografie. Oleogranulomul nu se transform\u0103 \u00eentr-un neoplasm oncologic.<\/p>\n<h3>Tratament<\/h3>\n<p>Tratamentul acestei boli se realizeaz\u0103 prin metoda chirurgical\u0103 &#8211; excizia oleogranulomului. \u00cendep\u0103rtarea oleogranulomului penisului se realizeaz\u0103 prin excizia preputului sau prin metoda lui Sapojkov-Reich. Oleogranulomul nu poate fi tratat conservator.<\/p>\n","protected":false},"excerpt":{"rendered":"<p>Oleogranulomul se caracterizeaz\u0103 prin prezen\u021ba unor neoplasme inflamatorii sau modific\u0103ri inflamatorii, care apar ca urmare a unui obiect str\u0103in infiltrat \u00een \u021besut. Anterior, oleogranulomul se considera o modificare inflamatorie la nivelul penisului dup\u0103 ce era injectat\u0103 \u00een corp vaselina pentru a m\u0103ri penisul, ceea ce este o opinie eronat\u0103. Ast\u0103zi acest concept are un sens [&hellip;]<\/p>\n","protected":false},"author":1,"featured_media":0,"parent":52996,"menu_order":0,"comment_status":"closed","ping_status":"closed","template":"","meta":{"inline_featured_image":false,"footnotes":""},"class_list":["post-80077","page","type-page","status-publish"],"yoast_head":"<!-- This site is optimized with the Yoast SEO plugin v27.3 - https:\/\/yoast.com\/product\/yoast-seo-wordpress\/ -->\n<title>Oleogranulema<\/title>\n<meta name=\"description\" content=\"Oleogranulomul se caracterizeaz\u0103 prin prezen\u021ba unor neoplasme inflamatorii sau modific\u0103ri inflamatorii, care apar ca urmare a unui obiect str\u0103in infiltrat \u00een \u021besut.\" \/>\n<meta name=\"robots\" content=\"index, follow, max-snippet:-1, max-image-preview:large, max-video-preview:-1\" \/>\n<link rel=\"canonical\" href=\"https:\/\/sanatate.md\/ro\/boli-si-tratament\/boli-ale-glandelor-mamare\/oleogranulema\/\" \/>\n<meta property=\"og:locale\" content=\"ro_RO\" \/>\n<meta property=\"og:type\" content=\"article\" \/>\n<meta property=\"og:title\" content=\"Oleogranulema\" \/>\n<meta property=\"og:description\" content=\"Oleogranulomul se caracterizeaz\u0103 prin prezen\u021ba unor neoplasme inflamatorii sau modific\u0103ri inflamatorii, care apar ca urmare a unui obiect str\u0103in infiltrat \u00een \u021besut.\" \/>\n<meta property=\"og:url\" content=\"https:\/\/sanatate.md\/ro\/boli-si-tratament\/boli-ale-glandelor-mamare\/oleogranulema\/\" \/>\n<meta property=\"og:site_name\" content=\"Sanatate.md\" \/>\n<meta name=\"twitter:card\" content=\"summary_large_image\" \/>\n<meta name=\"twitter:label1\" content=\"Timp estimat pentru citire\" \/>\n\t<meta name=\"twitter:data1\" content=\"2 minute\" \/>\n<script type=\"application\/ld+json\" class=\"yoast-schema-graph\">{\"@context\":\"https:\\\/\\\/schema.org\",\"@graph\":[{\"@type\":\"WebPage\",\"@id\":\"https:\\\/\\\/sanatate.md\\\/ro\\\/boli-si-tratament\\\/boli-ale-glandelor-mamare\\\/oleogranulema\\\/\",\"url\":\"https:\\\/\\\/sanatate.md\\\/ro\\\/boli-si-tratament\\\/boli-ale-glandelor-mamare\\\/oleogranulema\\\/\",\"name\":\"Oleogranulema\",\"isPartOf\":{\"@id\":\"https:\\\/\\\/sanatate.md\\\/ro\\\/#website\"},\"datePublished\":\"2020-05-12T08:33:49+00:00\",\"description\":\"Oleogranulomul se caracterizeaz\u0103 prin prezen\u021ba unor neoplasme inflamatorii sau modific\u0103ri inflamatorii, care apar ca urmare a unui obiect str\u0103in infiltrat \u00een \u021besut.\",\"breadcrumb\":{\"@id\":\"https:\\\/\\\/sanatate.md\\\/ro\\\/boli-si-tratament\\\/boli-ale-glandelor-mamare\\\/oleogranulema\\\/#breadcrumb\"},\"inLanguage\":\"ro-RO\",\"potentialAction\":[{\"@type\":\"ReadAction\",\"target\":[\"https:\\\/\\\/sanatate.md\\\/ro\\\/boli-si-tratament\\\/boli-ale-glandelor-mamare\\\/oleogranulema\\\/\"]}]},{\"@type\":\"BreadcrumbList\",\"@id\":\"https:\\\/\\\/sanatate.md\\\/ro\\\/boli-si-tratament\\\/boli-ale-glandelor-mamare\\\/oleogranulema\\\/#breadcrumb\",\"itemListElement\":[{\"@type\":\"ListItem\",\"position\":1,\"name\":\"\u0413\u043b\u0430\u0432\u043d\u0430\u044f \u0441\u0442\u0440\u0430\u043d\u0438\u0446\u0430\",\"item\":\"https:\\\/\\\/sanatate.md\\\/ro\\\/\"},{\"@type\":\"ListItem\",\"position\":2,\"name\":\"Boli si tratament\",\"item\":\"https:\\\/\\\/sanatate.md\\\/ro\\\/boli-si-tratament\\\/\"},{\"@type\":\"ListItem\",\"position\":3,\"name\":\"Boli ale glandelor mamare\",\"item\":\"https:\\\/\\\/sanatate.md\\\/ro\\\/boli-si-tratament\\\/boli-ale-glandelor-mamare\\\/\"},{\"@type\":\"ListItem\",\"position\":4,\"name\":\"Oleogranulema\"}]},{\"@type\":\"WebSite\",\"@id\":\"https:\\\/\\\/sanatate.md\\\/ro\\\/#website\",\"url\":\"https:\\\/\\\/sanatate.md\\\/ro\\\/\",\"name\":\"Sanatate.md\",\"description\":\"\u0416\u0443\u0440\u043d\u0430\u043b \u0434\u043b\u044f \u0432\u0441\u0435\u0439 \u0441\u0435\u043c\u044c\u0438 \u0432 \u041c\u043e\u043b\u0434\u043e\u0432\u0435\",\"publisher\":{\"@id\":\"https:\\\/\\\/sanatate.md\\\/ro\\\/#organization\"},\"potentialAction\":[{\"@type\":\"SearchAction\",\"target\":{\"@type\":\"EntryPoint\",\"urlTemplate\":\"https:\\\/\\\/sanatate.md\\\/ro\\\/?s={search_term_string}\"},\"query-input\":{\"@type\":\"PropertyValueSpecification\",\"valueRequired\":true,\"valueName\":\"search_term_string\"}}],\"inLanguage\":\"ro-RO\"},{\"@type\":\"Organization\",\"@id\":\"https:\\\/\\\/sanatate.md\\\/ro\\\/#organization\",\"name\":\"SANATATE\",\"url\":\"https:\\\/\\\/sanatate.md\\\/ro\\\/\",\"logo\":{\"@type\":\"ImageObject\",\"inLanguage\":\"ro-RO\",\"@id\":\"https:\\\/\\\/sanatate.md\\\/ro\\\/#\\\/schema\\\/logo\\\/image\\\/\",\"url\":\"https:\\\/\\\/sanatate.md\\\/wp-content\\\/uploads\\\/2022\\\/01\\\/sanatate-logo.svg\",\"contentUrl\":\"https:\\\/\\\/sanatate.md\\\/wp-content\\\/uploads\\\/2022\\\/01\\\/sanatate-logo.svg\",\"width\":\"1024\",\"height\":\"1024\",\"caption\":\"SANATATE\"},\"image\":{\"@id\":\"https:\\\/\\\/sanatate.md\\\/ro\\\/#\\\/schema\\\/logo\\\/image\\\/\"}}]}<\/script>\n<!-- \/ Yoast SEO plugin. -->","yoast_head_json":{"title":"Oleogranulema","description":"Oleogranulomul se caracterizeaz\u0103 prin prezen\u021ba unor neoplasme inflamatorii sau modific\u0103ri inflamatorii, care apar ca urmare a unui obiect str\u0103in infiltrat \u00een \u021besut.","robots":{"index":"index","follow":"follow","max-snippet":"max-snippet:-1","max-image-preview":"max-image-preview:large","max-video-preview":"max-video-preview:-1"},"canonical":"https:\/\/sanatate.md\/ro\/boli-si-tratament\/boli-ale-glandelor-mamare\/oleogranulema\/","og_locale":"ro_RO","og_type":"article","og_title":"Oleogranulema","og_description":"Oleogranulomul se caracterizeaz\u0103 prin prezen\u021ba unor neoplasme inflamatorii sau modific\u0103ri inflamatorii, care apar ca urmare a unui obiect str\u0103in infiltrat \u00een \u021besut.","og_url":"https:\/\/sanatate.md\/ro\/boli-si-tratament\/boli-ale-glandelor-mamare\/oleogranulema\/","og_site_name":"Sanatate.md","twitter_card":"summary_large_image","twitter_misc":{"Timp estimat pentru citire":"2 minute"},"schema":{"@context":"https:\/\/schema.org","@graph":[{"@type":"WebPage","@id":"https:\/\/sanatate.md\/ro\/boli-si-tratament\/boli-ale-glandelor-mamare\/oleogranulema\/","url":"https:\/\/sanatate.md\/ro\/boli-si-tratament\/boli-ale-glandelor-mamare\/oleogranulema\/","name":"Oleogranulema","isPartOf":{"@id":"https:\/\/sanatate.md\/ro\/#website"},"datePublished":"2020-05-12T08:33:49+00:00","description":"Oleogranulomul se caracterizeaz\u0103 prin prezen\u021ba unor neoplasme inflamatorii sau modific\u0103ri inflamatorii, care apar ca urmare a unui obiect str\u0103in infiltrat \u00een \u021besut.","breadcrumb":{"@id":"https:\/\/sanatate.md\/ro\/boli-si-tratament\/boli-ale-glandelor-mamare\/oleogranulema\/#breadcrumb"},"inLanguage":"ro-RO","potentialAction":[{"@type":"ReadAction","target":["https:\/\/sanatate.md\/ro\/boli-si-tratament\/boli-ale-glandelor-mamare\/oleogranulema\/"]}]},{"@type":"BreadcrumbList","@id":"https:\/\/sanatate.md\/ro\/boli-si-tratament\/boli-ale-glandelor-mamare\/oleogranulema\/#breadcrumb","itemListElement":[{"@type":"ListItem","position":1,"name":"\u0413\u043b\u0430\u0432\u043d\u0430\u044f \u0441\u0442\u0440\u0430\u043d\u0438\u0446\u0430","item":"https:\/\/sanatate.md\/ro\/"},{"@type":"ListItem","position":2,"name":"Boli si tratament","item":"https:\/\/sanatate.md\/ro\/boli-si-tratament\/"},{"@type":"ListItem","position":3,"name":"Boli ale glandelor mamare","item":"https:\/\/sanatate.md\/ro\/boli-si-tratament\/boli-ale-glandelor-mamare\/"},{"@type":"ListItem","position":4,"name":"Oleogranulema"}]},{"@type":"WebSite","@id":"https:\/\/sanatate.md\/ro\/#website","url":"https:\/\/sanatate.md\/ro\/","name":"Sanatate.md","description":"\u0416\u0443\u0440\u043d\u0430\u043b \u0434\u043b\u044f \u0432\u0441\u0435\u0439 \u0441\u0435\u043c\u044c\u0438 \u0432 \u041c\u043e\u043b\u0434\u043e\u0432\u0435","publisher":{"@id":"https:\/\/sanatate.md\/ro\/#organization"},"potentialAction":[{"@type":"SearchAction","target":{"@type":"EntryPoint","urlTemplate":"https:\/\/sanatate.md\/ro\/?s={search_term_string}"},"query-input":{"@type":"PropertyValueSpecification","valueRequired":true,"valueName":"search_term_string"}}],"inLanguage":"ro-RO"},{"@type":"Organization","@id":"https:\/\/sanatate.md\/ro\/#organization","name":"SANATATE","url":"https:\/\/sanatate.md\/ro\/","logo":{"@type":"ImageObject","inLanguage":"ro-RO","@id":"https:\/\/sanatate.md\/ro\/#\/schema\/logo\/image\/","url":"https:\/\/sanatate.md\/wp-content\/uploads\/2022\/01\/sanatate-logo.svg","contentUrl":"https:\/\/sanatate.md\/wp-content\/uploads\/2022\/01\/sanatate-logo.svg","width":"1024","height":"1024","caption":"SANATATE"},"image":{"@id":"https:\/\/sanatate.md\/ro\/#\/schema\/logo\/image\/"}}]}},"_links":{"self":[{"href":"https:\/\/sanatate.md\/ro\/wp-json\/wp\/v2\/pages\/80077","targetHints":{"allow":["GET"]}}],"collection":[{"href":"https:\/\/sanatate.md\/ro\/wp-json\/wp\/v2\/pages"}],"about":[{"href":"https:\/\/sanatate.md\/ro\/wp-json\/wp\/v2\/types\/page"}],"author":[{"embeddable":true,"href":"https:\/\/sanatate.md\/ro\/wp-json\/wp\/v2\/users\/1"}],"replies":[{"embeddable":true,"href":"https:\/\/sanatate.md\/ro\/wp-json\/wp\/v2\/comments?post=80077"}],"version-history":[{"count":0,"href":"https:\/\/sanatate.md\/ro\/wp-json\/wp\/v2\/pages\/80077\/revisions"}],"up":[{"embeddable":true,"href":"https:\/\/sanatate.md\/ro\/wp-json\/wp\/v2\/pages\/52996"}],"wp:attachment":[{"href":"https:\/\/sanatate.md\/ro\/wp-json\/wp\/v2\/media?parent=80077"}],"curies":[{"name":"wp","href":"https:\/\/api.w.org\/{rel}","templated":true}]}}