{"id":80083,"date":"2020-05-12T12:07:16","date_gmt":"2020-05-12T09:07:16","guid":{"rendered":"https:\/\/sanatate.md\/?page_id=80083"},"modified":"2020-05-12T12:07:16","modified_gmt":"2020-05-12T09:07:16","slug":"papilita","status":"publish","type":"page","link":"https:\/\/sanatate.md\/ro\/boli-si-tratament\/boli-proctologice\/papilita\/","title":{"rendered":"Papilita"},"content":{"rendered":"<p>Papilele anusului fac parte din anus. Sunt forma\u021biuni triunghiulare sau rotunjite de cel mult 10 mm \u0219i nu provoac\u0103 disconfort.\u00a0Papilita este o inflama\u021bie a papilelor anale.<\/p>\n<h3>Motive<\/h3>\n<p>Principala cauz\u0103 a inflama\u021biei este o papil\u0103 anal hipertrofiat\u0103, care dob\u00e2nde\u0219te o natur\u0103 bacterian\u0103 \u015fi \u00eencepe s\u0103 creasc\u0103 \u00een dimensiuni (ajunge de la 30 la 40 mm). Din aceast\u0103 cauz\u0103 poate chiar ie\u015fi din anus, provoc\u00e2nd o serie de complica\u021bii.<\/p>\n<p>Cea mai frecvent\u0103 cauz\u0103 a acestei boli este proctita existent\u0103 (procesul inflamator al mucoasei rectale) sau criptita (procesul inflamator al criptelor organismelor). Acest lucru demonstreaz\u0103, c\u0103 papilita rectal\u0103 este o boal\u0103 secundar\u0103 sau e o complica\u021bie.<br \/>\nPe l\u00e2ng\u0103 aceste motive mai exist\u0103 \u015fi factori majori, care afecteaz\u0103 dezvoltarea acestei boli.<\/p>\n<p>Acestea includ:<\/p>\n<ul>\n<li>leziuni ale canalului anal;<\/li>\n<li>constipa\u021bie (deteriorare mecanic\u0103);<\/li>\n<li>diaree \u0219i otr\u0103vire alimentar\u0103 acut\u0103 (efectul elementelor chimice ie\u015fite din organism asupra papilelor anale);<\/li>\n<li>hemoroizi;<\/li>\n<li>consum de alcool;<\/li>\n<li>un stil de via\u021b\u0103 sedentar, lipsa de exerci\u021bii fizice, ceea ce duce la congestionarea pelvisului;<br \/>\nfenomene alergice manifestate at\u00e2t \u00een rect, c\u00e2t \u0219i \u00een anus (alergie la h\u00e2rtia igienic\u0103, componentele lenjeriei, clismelor).<\/li>\n<\/ul>\n<p>Fenomenele frecvente ale acestor factori duc la hipertrofia papilei anale, ceea ce produce ie\u015firea acestora din canalul anal. Procesul inflamator poate s\u0103 nu fie prezent.<\/p>\n<h3>Simptome<\/h3>\n<p>Apari\u021bia oric\u0103ror simptome \u00een zona anal\u0103 indic\u0103 prezen\u021ba unei boli. Este imposibil s\u0103 face\u021bi un diagnostic singur. E necesar s\u0103 v\u0103 adresa\u0163i obligatoriu la un specialist \u0219i anume la un proctolog.<\/p>\n<p>Acest tip de boal\u0103 apare mai des la adul\u021bi dec\u00e2t la copii.<br \/>\nPapilita morfologic se aseam\u0103n\u0103 cu alte boli ale anusului \u0219i rectului. Dac\u0103 procesul s-a declan\u015fat, se formeaz\u0103 ulcerelul \u0219i apar eroziunile.<br \/>\nPapilita are at\u00e2t simptome specifice, c\u00e2t \u0219i generale.<\/p>\n<h3>Simptomele specifice:<\/h3>\n<ul>\n<li>durere recurent\u0103, care se intensific\u0103 cu diaree \u0219i constipa\u021bie;<\/li>\n<li>hipertrofie &#8211; duce la senza\u021bii ale prezen\u021bei unui corp str\u0103in \u00een canalul anal;<\/li>\n<li>apari\u021bia de m\u00e2nc\u0103rime \u00een pliurile perianale. Aceasta duce la o sl\u0103bire a sfincterului \u00een prezen\u021ba unei dureri constante. Un sfincter sl\u0103bit este cauza desc\u0103rc\u0103rii din rect;<\/li>\n<li>s\u00e2nge \u00een scaun;<\/li>\n<li>senza\u021bie de arsur\u0103.<\/li>\n<\/ul>\n<p>Printre simptomele obi\u0219nuite se num\u0103r\u0103 prezen\u021ba durerii, arsurii, m\u00e2nc\u0103rimii. Aceste simptome pot indica \u0219i prezen\u021ba hemoroizilor sau polipilor. S\u00e2ngele poate provine dintr-o tumor\u0103 existent\u0103 \u00een intestin (dac\u0103 are o culoare de gudron &#8211; asta indic\u0103 o tumor\u0103 \u00een colon, dac\u0103 culoarea este mai deschis\u0103 &#8211; tumora este aproape de anus). Aceste simptome indic\u0103 faptul c\u0103 autodiagnosticul nu este posibil.<\/p>\n<p>Inflamarea papilei anale la un copil apare mult mai rar dec\u00e2t la adul\u021bi. Pediatrii consider, c\u0103 la copii motivele sunt clismele frecvente, corpurile str\u0103ine \u00een rect (de exemplu, lum\u00e2n\u0103ri terapeutice), \u00eenghi\u021birea obiectelor solide, care, la ie\u0219ire, produc leziuni ale mucoasei rectale.<\/p>\n<h3>Diagnosticare<\/h3>\n<p>Diagnosticul \u0219i tratamentul \u00eel indic\u0103 doar un specialist \u00een acest domeniu &#8211; un proctolog. Pentru \u00eenceput el efectueaz\u0103 un sondaj asupra pacientului, colect\u00e2nd o anamnez\u0103, toate reclama\u021biile subiective \u0219i obiective. Apoi efectueaz\u0103 o examinare digital\u0103 a rectului. Dup\u0103 aceasta este prescris un complex larg de studii instrumentale \u0219i de laborator.<\/p>\n<p>Studiile instrumentale includ:<\/p>\n<ul>\n<li>sigmoidoscopie &#8211; introducerea unei sonde \u00een cavitatea rectului pentru a-i examina mucoasa;<\/li>\n<li>fibrocolonoscopie &#8211; un studiu al cavit\u0103\u021bii colonului;<\/li>\n<li>SPL;<\/li>\n<li>ultrasonografie transrectal\u0103.<\/li>\n<\/ul>\n<p>Printr-un examen digital medicul simte prezen\u021ba papilelor hipertrofice. Dac\u0103 depisteaz\u0103 prezen\u0163a lor, el cere pacientului s\u0103 se \u00eencordeze. Acest lucru duce la prolapsul papilelor m\u0103rite.<\/p>\n<p>Studiile de laborator includ analiza fecalelor pentru determinarea prezen\u021bei s\u00e2ngelui ocult, un test de s\u00e2nge general. Examinarea histologic\u0103 este important\u0103 pentru a exclude prezen\u021ba celulelor canceroase.<br \/>\nDe asemenea,se efectueaz\u0103 diagnostice diferen\u021biale cu boli precum hemoroizi, polipi, prezen\u021ba fisurilor anale cronice \u0219i neoplasme.<\/p>\n<h3>Tratament<\/h3>\n<p>Adesea crezi c\u0103 papilile, care provoac\u0103 discomfort, trebuie \u00eenl\u0103turate. Dar \u00eendep\u0103rtarea papilei anale nu este \u00eentotdeauna necesar\u0103. Dac\u0103 ele nu provoac\u0103 durere, nu cad din anus nu necesit\u0103 nicio interven\u021bie.<br \/>\nTratamentul papilitei const\u0103 \u00een a elimina boala de baz\u0103.<br \/>\nDup\u0103 un astfel de diagnostic se recomand\u0103 unul din dou\u0103 tipuri de tratament: conservator \u0219i chirurgical.<\/p>\n<p>Tratamentul conservator implic\u0103 utilizarea de medicamente antiinflamatorii, antibioterapie, supozitoare \u0219i unguente cu acelea\u0219i efecte. De asemenea, sunt prescrise laxative contra constipa\u021biei \u0219i antidiareice contra diareei. Se fac lo\u021biuni cu Furacilin, Clorhexidin\u0103 \u0219i al\u021bi dezinfectan\u021bi. Este prescris\u0103 o diet\u0103 specific\u0103, care implic\u0103 alimente u\u0219oare, care nu vor duce la r\u0103nirea intestinului anal la ie\u0219ire.<\/p>\n<p>Tratamentul chirurgical se realizeaz\u0103 dac\u0103 papilele sunt mari, cad, precum \u0219i dac\u0103 tratamentul conservator nu a adus rezultatele dorite. Tratamentul chirurgical presupune eliminarea papilelor hipertrofiate sau cauterizarea cu azot lichid. Se folose\u0219te anestezia local\u0103, opera\u021bia nu este complicat\u0103, iar perioada postoperatorie, la efectuarea tuturor program\u0103rilor medicului, decurge adesea f\u0103r\u0103 complica\u021bii.<\/p>\n","protected":false},"excerpt":{"rendered":"<p>Papilele anusului fac parte din anus. Sunt forma\u021biuni triunghiulare sau rotunjite de cel mult 10 mm \u0219i nu provoac\u0103 disconfort.\u00a0Papilita este o inflama\u021bie a papilelor anale. Motive Principala cauz\u0103 a inflama\u021biei este o papil\u0103 anal hipertrofiat\u0103, care dob\u00e2nde\u0219te o natur\u0103 bacterian\u0103 \u015fi \u00eencepe s\u0103 creasc\u0103 \u00een dimensiuni (ajunge de la 30 la 40 mm). Din [&hellip;]<\/p>\n","protected":false},"author":1,"featured_media":0,"parent":52984,"menu_order":0,"comment_status":"closed","ping_status":"closed","template":"","meta":{"inline_featured_image":false,"footnotes":""},"class_list":["post-80083","page","type-page","status-publish"],"yoast_head":"<!-- This site is optimized with the Yoast SEO plugin v27.3 - https:\/\/yoast.com\/product\/yoast-seo-wordpress\/ -->\n<title>Papilita<\/title>\n<meta name=\"description\" content=\"Papilele anusului fac parte din anus. Sunt forma\u021biuni triunghiulare sau rotunjite de cel mult 10 mm \u0219i nu provoac\u0103 disconfort.\" \/>\n<meta name=\"robots\" content=\"index, follow, max-snippet:-1, max-image-preview:large, max-video-preview:-1\" \/>\n<link rel=\"canonical\" href=\"https:\/\/sanatate.md\/ro\/boli-si-tratament\/boli-proctologice\/papilita\/\" \/>\n<meta property=\"og:locale\" content=\"ro_RO\" \/>\n<meta property=\"og:type\" content=\"article\" \/>\n<meta property=\"og:title\" content=\"Papilita\" \/>\n<meta property=\"og:description\" content=\"Papilele anusului fac parte din anus. Sunt forma\u021biuni triunghiulare sau rotunjite de cel mult 10 mm \u0219i nu provoac\u0103 disconfort.\" \/>\n<meta property=\"og:url\" content=\"https:\/\/sanatate.md\/ro\/boli-si-tratament\/boli-proctologice\/papilita\/\" \/>\n<meta property=\"og:site_name\" content=\"Sanatate.md\" \/>\n<meta name=\"twitter:card\" content=\"summary_large_image\" \/>\n<meta name=\"twitter:label1\" content=\"Timp estimat pentru citire\" \/>\n\t<meta name=\"twitter:data1\" content=\"4 minute\" \/>\n<script type=\"application\/ld+json\" class=\"yoast-schema-graph\">{\"@context\":\"https:\\\/\\\/schema.org\",\"@graph\":[{\"@type\":\"WebPage\",\"@id\":\"https:\\\/\\\/sanatate.md\\\/ro\\\/boli-si-tratament\\\/boli-proctologice\\\/papilita\\\/\",\"url\":\"https:\\\/\\\/sanatate.md\\\/ro\\\/boli-si-tratament\\\/boli-proctologice\\\/papilita\\\/\",\"name\":\"Papilita\",\"isPartOf\":{\"@id\":\"https:\\\/\\\/sanatate.md\\\/ro\\\/#website\"},\"datePublished\":\"2020-05-12T09:07:16+00:00\",\"description\":\"Papilele anusului fac parte din anus. Sunt forma\u021biuni triunghiulare sau rotunjite de cel mult 10 mm \u0219i nu provoac\u0103 disconfort.\",\"breadcrumb\":{\"@id\":\"https:\\\/\\\/sanatate.md\\\/ro\\\/boli-si-tratament\\\/boli-proctologice\\\/papilita\\\/#breadcrumb\"},\"inLanguage\":\"ro-RO\",\"potentialAction\":[{\"@type\":\"ReadAction\",\"target\":[\"https:\\\/\\\/sanatate.md\\\/ro\\\/boli-si-tratament\\\/boli-proctologice\\\/papilita\\\/\"]}]},{\"@type\":\"BreadcrumbList\",\"@id\":\"https:\\\/\\\/sanatate.md\\\/ro\\\/boli-si-tratament\\\/boli-proctologice\\\/papilita\\\/#breadcrumb\",\"itemListElement\":[{\"@type\":\"ListItem\",\"position\":1,\"name\":\"\u0413\u043b\u0430\u0432\u043d\u0430\u044f \u0441\u0442\u0440\u0430\u043d\u0438\u0446\u0430\",\"item\":\"https:\\\/\\\/sanatate.md\\\/ro\\\/\"},{\"@type\":\"ListItem\",\"position\":2,\"name\":\"Boli si tratament\",\"item\":\"https:\\\/\\\/sanatate.md\\\/ro\\\/boli-si-tratament\\\/\"},{\"@type\":\"ListItem\",\"position\":3,\"name\":\"Boli proctologice\",\"item\":\"https:\\\/\\\/sanatate.md\\\/ro\\\/boli-si-tratament\\\/boli-proctologice\\\/\"},{\"@type\":\"ListItem\",\"position\":4,\"name\":\"Papilita\"}]},{\"@type\":\"WebSite\",\"@id\":\"https:\\\/\\\/sanatate.md\\\/ro\\\/#website\",\"url\":\"https:\\\/\\\/sanatate.md\\\/ro\\\/\",\"name\":\"Sanatate.md\",\"description\":\"\u0416\u0443\u0440\u043d\u0430\u043b \u0434\u043b\u044f \u0432\u0441\u0435\u0439 \u0441\u0435\u043c\u044c\u0438 \u0432 \u041c\u043e\u043b\u0434\u043e\u0432\u0435\",\"publisher\":{\"@id\":\"https:\\\/\\\/sanatate.md\\\/ro\\\/#organization\"},\"potentialAction\":[{\"@type\":\"SearchAction\",\"target\":{\"@type\":\"EntryPoint\",\"urlTemplate\":\"https:\\\/\\\/sanatate.md\\\/ro\\\/?s={search_term_string}\"},\"query-input\":{\"@type\":\"PropertyValueSpecification\",\"valueRequired\":true,\"valueName\":\"search_term_string\"}}],\"inLanguage\":\"ro-RO\"},{\"@type\":\"Organization\",\"@id\":\"https:\\\/\\\/sanatate.md\\\/ro\\\/#organization\",\"name\":\"SANATATE\",\"url\":\"https:\\\/\\\/sanatate.md\\\/ro\\\/\",\"logo\":{\"@type\":\"ImageObject\",\"inLanguage\":\"ro-RO\",\"@id\":\"https:\\\/\\\/sanatate.md\\\/ro\\\/#\\\/schema\\\/logo\\\/image\\\/\",\"url\":\"https:\\\/\\\/sanatate.md\\\/wp-content\\\/uploads\\\/2022\\\/01\\\/sanatate-logo.svg\",\"contentUrl\":\"https:\\\/\\\/sanatate.md\\\/wp-content\\\/uploads\\\/2022\\\/01\\\/sanatate-logo.svg\",\"width\":\"1024\",\"height\":\"1024\",\"caption\":\"SANATATE\"},\"image\":{\"@id\":\"https:\\\/\\\/sanatate.md\\\/ro\\\/#\\\/schema\\\/logo\\\/image\\\/\"}}]}<\/script>\n<!-- \/ Yoast SEO plugin. -->","yoast_head_json":{"title":"Papilita","description":"Papilele anusului fac parte din anus. Sunt forma\u021biuni triunghiulare sau rotunjite de cel mult 10 mm \u0219i nu provoac\u0103 disconfort.","robots":{"index":"index","follow":"follow","max-snippet":"max-snippet:-1","max-image-preview":"max-image-preview:large","max-video-preview":"max-video-preview:-1"},"canonical":"https:\/\/sanatate.md\/ro\/boli-si-tratament\/boli-proctologice\/papilita\/","og_locale":"ro_RO","og_type":"article","og_title":"Papilita","og_description":"Papilele anusului fac parte din anus. Sunt forma\u021biuni triunghiulare sau rotunjite de cel mult 10 mm \u0219i nu provoac\u0103 disconfort.","og_url":"https:\/\/sanatate.md\/ro\/boli-si-tratament\/boli-proctologice\/papilita\/","og_site_name":"Sanatate.md","twitter_card":"summary_large_image","twitter_misc":{"Timp estimat pentru citire":"4 minute"},"schema":{"@context":"https:\/\/schema.org","@graph":[{"@type":"WebPage","@id":"https:\/\/sanatate.md\/ro\/boli-si-tratament\/boli-proctologice\/papilita\/","url":"https:\/\/sanatate.md\/ro\/boli-si-tratament\/boli-proctologice\/papilita\/","name":"Papilita","isPartOf":{"@id":"https:\/\/sanatate.md\/ro\/#website"},"datePublished":"2020-05-12T09:07:16+00:00","description":"Papilele anusului fac parte din anus. Sunt forma\u021biuni triunghiulare sau rotunjite de cel mult 10 mm \u0219i nu provoac\u0103 disconfort.","breadcrumb":{"@id":"https:\/\/sanatate.md\/ro\/boli-si-tratament\/boli-proctologice\/papilita\/#breadcrumb"},"inLanguage":"ro-RO","potentialAction":[{"@type":"ReadAction","target":["https:\/\/sanatate.md\/ro\/boli-si-tratament\/boli-proctologice\/papilita\/"]}]},{"@type":"BreadcrumbList","@id":"https:\/\/sanatate.md\/ro\/boli-si-tratament\/boli-proctologice\/papilita\/#breadcrumb","itemListElement":[{"@type":"ListItem","position":1,"name":"\u0413\u043b\u0430\u0432\u043d\u0430\u044f \u0441\u0442\u0440\u0430\u043d\u0438\u0446\u0430","item":"https:\/\/sanatate.md\/ro\/"},{"@type":"ListItem","position":2,"name":"Boli si tratament","item":"https:\/\/sanatate.md\/ro\/boli-si-tratament\/"},{"@type":"ListItem","position":3,"name":"Boli proctologice","item":"https:\/\/sanatate.md\/ro\/boli-si-tratament\/boli-proctologice\/"},{"@type":"ListItem","position":4,"name":"Papilita"}]},{"@type":"WebSite","@id":"https:\/\/sanatate.md\/ro\/#website","url":"https:\/\/sanatate.md\/ro\/","name":"Sanatate.md","description":"\u0416\u0443\u0440\u043d\u0430\u043b \u0434\u043b\u044f \u0432\u0441\u0435\u0439 \u0441\u0435\u043c\u044c\u0438 \u0432 \u041c\u043e\u043b\u0434\u043e\u0432\u0435","publisher":{"@id":"https:\/\/sanatate.md\/ro\/#organization"},"potentialAction":[{"@type":"SearchAction","target":{"@type":"EntryPoint","urlTemplate":"https:\/\/sanatate.md\/ro\/?s={search_term_string}"},"query-input":{"@type":"PropertyValueSpecification","valueRequired":true,"valueName":"search_term_string"}}],"inLanguage":"ro-RO"},{"@type":"Organization","@id":"https:\/\/sanatate.md\/ro\/#organization","name":"SANATATE","url":"https:\/\/sanatate.md\/ro\/","logo":{"@type":"ImageObject","inLanguage":"ro-RO","@id":"https:\/\/sanatate.md\/ro\/#\/schema\/logo\/image\/","url":"https:\/\/sanatate.md\/wp-content\/uploads\/2022\/01\/sanatate-logo.svg","contentUrl":"https:\/\/sanatate.md\/wp-content\/uploads\/2022\/01\/sanatate-logo.svg","width":"1024","height":"1024","caption":"SANATATE"},"image":{"@id":"https:\/\/sanatate.md\/ro\/#\/schema\/logo\/image\/"}}]}},"_links":{"self":[{"href":"https:\/\/sanatate.md\/ro\/wp-json\/wp\/v2\/pages\/80083","targetHints":{"allow":["GET"]}}],"collection":[{"href":"https:\/\/sanatate.md\/ro\/wp-json\/wp\/v2\/pages"}],"about":[{"href":"https:\/\/sanatate.md\/ro\/wp-json\/wp\/v2\/types\/page"}],"author":[{"embeddable":true,"href":"https:\/\/sanatate.md\/ro\/wp-json\/wp\/v2\/users\/1"}],"replies":[{"embeddable":true,"href":"https:\/\/sanatate.md\/ro\/wp-json\/wp\/v2\/comments?post=80083"}],"version-history":[{"count":0,"href":"https:\/\/sanatate.md\/ro\/wp-json\/wp\/v2\/pages\/80083\/revisions"}],"up":[{"embeddable":true,"href":"https:\/\/sanatate.md\/ro\/wp-json\/wp\/v2\/pages\/52984"}],"wp:attachment":[{"href":"https:\/\/sanatate.md\/ro\/wp-json\/wp\/v2\/media?parent=80083"}],"curies":[{"name":"wp","href":"https:\/\/api.w.org\/{rel}","templated":true}]}}