{"id":80151,"date":"2020-05-18T11:03:27","date_gmt":"2020-05-18T08:03:27","guid":{"rendered":"https:\/\/sanatate.md\/?page_id=80151"},"modified":"2020-05-18T11:03:27","modified_gmt":"2020-05-18T08:03:27","slug":"sindromul-tonic-muscular","status":"publish","type":"page","link":"https:\/\/sanatate.md\/ro\/boli-si-tratament\/boli-ale-sistemului-musculo-scheletic-traumatisme\/sindromul-tonic-muscular\/","title":{"rendered":"Sindromul tonic muscular"},"content":{"rendered":"<p>Sindromul dat se caracterizeaz\u0103 printr-o tensiune muscular\u0103 prelungit\u0103 \u0219i persistent\u0103 cu formarea de noduri dureroase.<\/p>\n<h3>Cauzele apari\u021biei<\/h3>\n<p>Cea mai frecvent\u0103 cauz\u0103 a acestei boli \u0219i dezvoltarea sindroamelor reflexe similare este o boal\u0103 numit\u0103 osteocondroza. Impulsul durerii apare ca urmare a irit\u0103rii receptorilor durerii din inelul fibros din discul intervertebral, precum \u0219i a ligamentelor vertebrale \u0219i a sec\u021biunilor capsulare ale articula\u021biilor intervertebrale.<\/p>\n<p>Ca urmare a impulsului formei de durere, se dezvolt\u0103 un spasm al sistemului muscular. \u00centr-un astfel de proces pot fi implica\u021bi mu\u0219chii de tip paravertebral, precum \u0219i cei care sunt situa\u021bi departe de coloana vertebral\u0103.<\/p>\n<p>\u00cen mu\u0219chiul \u00een care au ap\u0103rut crampe se acumuleaz\u0103 substan\u021be alogene, proces care duce la durere. Se observ\u0103 o \u00eenfometare cu oxigen \u0219i apar senza\u021bii caracteristice de durere. Un astfel de spasm de durere este cauza irit\u0103rii reflexe \u0219i duce la dezvoltarea unui proces cronic.<\/p>\n<p>\u00cen cazul spasmelor dureroase prelungite \u00een mu\u0219chi apar modific\u0103ri distrofice:<\/p>\n<ul>\n<li>fibrele musculare mor;<\/li>\n<li>mu\u0219chii mor\u021bi sunt \u00eenlocui\u021bi de conexiunile \u021besutului conjunctiv.<\/li>\n<\/ul>\n<p>Sindromul coloanei vertebrale tonice musculare este una dintre cele mai frecvente cauze ale durerii miofasciale. Aceste patologii sunt foarte asem\u0103n\u0103toare, de aceea, de multe ori, medicii nu au posibilitatea de a le stabili.<br \/>\n\u00cen procesul patologic cu o frecven\u021b\u0103 inegal\u0103, \u00een caz de osteochondroza, sunt implica\u021bi diferi\u021bi mu\u0219chii ai corpului uman. De cele mai multe ori, spasmul dureros apare \u00een mu\u0219chii paravertebrali. De asemenea, spasmul reflex poate ap\u0103rea \u00een mu\u0219chiul \u00een form\u0103 de par\u0103, care este localizat \u00een fese, \u0219i \u00een sec\u021biunea anterioar\u0103 a mu\u0219chiului scalen, situat \u00een regiunea cervical\u0103.<br \/>\nLa o contrac\u021bie spastic\u0103, foarte des se observ\u0103 compresia fasciculelor neurovasculare, care sunt situate \u00een apropierea mu\u0219chilor afecta\u021bi. Dac\u0103 compresia trunchiurilor nervoase este pronun\u021bat\u0103, \u00een majoritatea cazurilor apar semne de neuropatie tunelar\u0103.<\/p>\n<h3>Tipurile<\/h3>\n<p>Exist\u0103 urm\u0103toarele tipuri de boal\u0103:<\/p>\n<ul>\n<li>sindromul muscular-tonic vertebrogen;<\/li>\n<li>sindromul tonic cervico-muscular;<\/li>\n<li>sindromul muscular-tonic pronun\u021bat.<\/li>\n<\/ul>\n<p>De asemenea, se pot dezvolta bolile concomitente:<\/p>\n<ul>\n<li>lumbalgia cu sindromul tonic muscular;<\/li>\n<li>cervicalgia cu sindromul tonic muscular \u0219i altele.<\/li>\n<\/ul>\n<h3>Simptomatologia<\/h3>\n<p>Simptome:<\/p>\n<ul>\n<li>dureri, care se r\u0103sp\u00e2ndesc pe zone mari ale corpului (de exemplu poate fi afectat\u0103 partea superioar\u0103 a spatelui, precum \u0219i g\u00e2tul, \u00een majoritatea cazurilor din partea dreapt\u0103 sau st\u00e2ng\u0103 a coloanei vertebrale);<\/li>\n<li>\u00een perioada de acutizare, pacientul se pl\u00e2nge pe o durere localizat\u0103 \u00eentr-un anumit punct, durere care este foarte greu de tolerat din cauza naturii sale de origine;<\/li>\n<li>tulbur\u0103ri de somn, pacientul nu poate adormi, c\u0103ut\u00e2nd o pozi\u0163ie comod\u0103, \u00eentorc\u00e2ndu-se frecvent de pe o parte pe alta a corpului, iar a doua zi diminea\u021ba se treze\u0219te obosit, este somnoros, ca urmare a c\u0103reia starea lui de spirit se agraveaz\u0103 \u0219i treptat se dezvolt\u0103 depresia.<\/li>\n<\/ul>\n<p>Rela\u021bia dintre func\u021bia motoricii \u0219i psihicul uman este foarte str\u00e2ns\u0103, \u00eenc\u00e2t o stare depresiv\u0103 poate stimula sindromul tonic muscular, care, la r\u00e2ndul s\u0103u, agraveaz\u0103 semnificativ depresia.<\/p>\n<h3>Diagnosticarea<\/h3>\n<p>Diagnosticul se stabile\u0219te pe baza unei examin\u0103ri cu raze X, a tomografiei computerizate sau imagisticii prin rezonan\u021b\u0103 magnetic\u0103 a coloanei vertebrale.<\/p>\n<h3>Tratamentul<\/h3>\n<p>Cel mai eficient \u00een acest caz este tratamentul bolii de baz\u0103, care a provocat dezvoltarea spasmului. Interven\u021bia chirurgical\u0103 \u00een tratamentul unei hernii a discului intervertebral face posibil\u0103 eliberarea complet\u0103 a pacientului de spasme musculare unilaterale, care \u00eenso\u021besc scolioz\u0103.<\/p>\n<p>La diagnosticul neuropatiei tunelului, care este cauzat de afectarea mu\u0219chiului piriformis al nervului sciatic, este eficient\u0103 termodiscoplastia cu laser a discurilor de tip alterat degenerativ, care u\u0219ureaz\u0103 complet durerea \u0219i semnele nepl\u0103cute ale acestei boli.<\/p>\n<p>\u00cen unele cazuri, nu e posibil\u0103 efectuarea unui tratament radical al bolii de baz\u0103, deaceea este recomandat\u0103 terapia patogenetic\u0103, care are drept scop relaxarea mu\u0219chilor \u0219i stoparea lan\u021bului reflex.<\/p>\n<p>Metodele eficiente de tratare a bolii:<\/p>\n<ul>\n<li>curs de fizioterapie;<\/li>\n<li>blocaj terapeutic;<\/li>\n<li>acupunctura;<\/li>\n<li>masaj;<\/li>\n<li>terapie osteopatic\u0103;<\/li>\n<li>exerci\u021bii de fizioterapie.<\/li>\n<\/ul>\n","protected":false},"excerpt":{"rendered":"<p>Sindromul dat se caracterizeaz\u0103 printr-o tensiune muscular\u0103 prelungit\u0103 \u0219i persistent\u0103 cu formarea de noduri dureroase. Cauzele apari\u021biei Cea mai frecvent\u0103 cauz\u0103 a acestei boli \u0219i dezvoltarea sindroamelor reflexe similare este o boal\u0103 numit\u0103 osteocondroza. Impulsul durerii apare ca urmare a irit\u0103rii receptorilor durerii din inelul fibros din discul intervertebral, precum \u0219i a ligamentelor vertebrale \u0219i [&hellip;]<\/p>\n","protected":false},"author":1,"featured_media":0,"parent":52975,"menu_order":0,"comment_status":"closed","ping_status":"closed","template":"","meta":{"inline_featured_image":false,"footnotes":""},"class_list":["post-80151","page","type-page","status-publish"],"yoast_head":"<!-- This site is optimized with the Yoast SEO plugin v27.3 - https:\/\/yoast.com\/product\/yoast-seo-wordpress\/ -->\n<title>Sindromul tonic muscular<\/title>\n<meta name=\"description\" content=\"Sindromul dat se caracterizeaz\u0103 printr-o tensiune muscular\u0103 prelungit\u0103 \u0219i persistent\u0103 cu formarea de noduri dureroase.\" \/>\n<meta name=\"robots\" content=\"index, follow, max-snippet:-1, max-image-preview:large, max-video-preview:-1\" \/>\n<link rel=\"canonical\" href=\"https:\/\/sanatate.md\/ro\/boli-si-tratament\/boli-ale-sistemului-musculo-scheletic-traumatisme\/sindromul-tonic-muscular\/\" \/>\n<meta property=\"og:locale\" content=\"ro_RO\" \/>\n<meta property=\"og:type\" content=\"article\" \/>\n<meta property=\"og:title\" content=\"Sindromul tonic muscular\" \/>\n<meta property=\"og:description\" content=\"Sindromul dat se caracterizeaz\u0103 printr-o tensiune muscular\u0103 prelungit\u0103 \u0219i persistent\u0103 cu formarea de noduri dureroase.\" \/>\n<meta property=\"og:url\" content=\"https:\/\/sanatate.md\/ro\/boli-si-tratament\/boli-ale-sistemului-musculo-scheletic-traumatisme\/sindromul-tonic-muscular\/\" \/>\n<meta property=\"og:site_name\" content=\"Sanatate.md\" \/>\n<meta name=\"twitter:card\" content=\"summary_large_image\" \/>\n<meta name=\"twitter:label1\" content=\"Timp estimat pentru citire\" \/>\n\t<meta name=\"twitter:data1\" content=\"3 minute\" \/>\n<script type=\"application\/ld+json\" class=\"yoast-schema-graph\">{\"@context\":\"https:\\\/\\\/schema.org\",\"@graph\":[{\"@type\":\"WebPage\",\"@id\":\"https:\\\/\\\/sanatate.md\\\/ro\\\/boli-si-tratament\\\/boli-ale-sistemului-musculo-scheletic-traumatisme\\\/sindromul-tonic-muscular\\\/\",\"url\":\"https:\\\/\\\/sanatate.md\\\/ro\\\/boli-si-tratament\\\/boli-ale-sistemului-musculo-scheletic-traumatisme\\\/sindromul-tonic-muscular\\\/\",\"name\":\"Sindromul tonic muscular\",\"isPartOf\":{\"@id\":\"https:\\\/\\\/sanatate.md\\\/ro\\\/#website\"},\"datePublished\":\"2020-05-18T08:03:27+00:00\",\"description\":\"Sindromul dat se caracterizeaz\u0103 printr-o tensiune muscular\u0103 prelungit\u0103 \u0219i persistent\u0103 cu formarea de noduri dureroase.\",\"breadcrumb\":{\"@id\":\"https:\\\/\\\/sanatate.md\\\/ro\\\/boli-si-tratament\\\/boli-ale-sistemului-musculo-scheletic-traumatisme\\\/sindromul-tonic-muscular\\\/#breadcrumb\"},\"inLanguage\":\"ro-RO\",\"potentialAction\":[{\"@type\":\"ReadAction\",\"target\":[\"https:\\\/\\\/sanatate.md\\\/ro\\\/boli-si-tratament\\\/boli-ale-sistemului-musculo-scheletic-traumatisme\\\/sindromul-tonic-muscular\\\/\"]}]},{\"@type\":\"BreadcrumbList\",\"@id\":\"https:\\\/\\\/sanatate.md\\\/ro\\\/boli-si-tratament\\\/boli-ale-sistemului-musculo-scheletic-traumatisme\\\/sindromul-tonic-muscular\\\/#breadcrumb\",\"itemListElement\":[{\"@type\":\"ListItem\",\"position\":1,\"name\":\"\u0413\u043b\u0430\u0432\u043d\u0430\u044f \u0441\u0442\u0440\u0430\u043d\u0438\u0446\u0430\",\"item\":\"https:\\\/\\\/sanatate.md\\\/ro\\\/\"},{\"@type\":\"ListItem\",\"position\":2,\"name\":\"Boli si tratament\",\"item\":\"https:\\\/\\\/sanatate.md\\\/ro\\\/boli-si-tratament\\\/\"},{\"@type\":\"ListItem\",\"position\":3,\"name\":\"Boli ale sistemului musculo-scheletic, traumatisme\",\"item\":\"https:\\\/\\\/sanatate.md\\\/ro\\\/boli-si-tratament\\\/boli-ale-sistemului-musculo-scheletic-traumatisme\\\/\"},{\"@type\":\"ListItem\",\"position\":4,\"name\":\"Sindromul tonic muscular\"}]},{\"@type\":\"WebSite\",\"@id\":\"https:\\\/\\\/sanatate.md\\\/ro\\\/#website\",\"url\":\"https:\\\/\\\/sanatate.md\\\/ro\\\/\",\"name\":\"Sanatate.md\",\"description\":\"\u0416\u0443\u0440\u043d\u0430\u043b \u0434\u043b\u044f \u0432\u0441\u0435\u0439 \u0441\u0435\u043c\u044c\u0438 \u0432 \u041c\u043e\u043b\u0434\u043e\u0432\u0435\",\"publisher\":{\"@id\":\"https:\\\/\\\/sanatate.md\\\/ro\\\/#organization\"},\"potentialAction\":[{\"@type\":\"SearchAction\",\"target\":{\"@type\":\"EntryPoint\",\"urlTemplate\":\"https:\\\/\\\/sanatate.md\\\/ro\\\/?s={search_term_string}\"},\"query-input\":{\"@type\":\"PropertyValueSpecification\",\"valueRequired\":true,\"valueName\":\"search_term_string\"}}],\"inLanguage\":\"ro-RO\"},{\"@type\":\"Organization\",\"@id\":\"https:\\\/\\\/sanatate.md\\\/ro\\\/#organization\",\"name\":\"SANATATE\",\"url\":\"https:\\\/\\\/sanatate.md\\\/ro\\\/\",\"logo\":{\"@type\":\"ImageObject\",\"inLanguage\":\"ro-RO\",\"@id\":\"https:\\\/\\\/sanatate.md\\\/ro\\\/#\\\/schema\\\/logo\\\/image\\\/\",\"url\":\"https:\\\/\\\/sanatate.md\\\/wp-content\\\/uploads\\\/2022\\\/01\\\/sanatate-logo.svg\",\"contentUrl\":\"https:\\\/\\\/sanatate.md\\\/wp-content\\\/uploads\\\/2022\\\/01\\\/sanatate-logo.svg\",\"width\":\"1024\",\"height\":\"1024\",\"caption\":\"SANATATE\"},\"image\":{\"@id\":\"https:\\\/\\\/sanatate.md\\\/ro\\\/#\\\/schema\\\/logo\\\/image\\\/\"}}]}<\/script>\n<!-- \/ Yoast SEO plugin. -->","yoast_head_json":{"title":"Sindromul tonic muscular","description":"Sindromul dat se caracterizeaz\u0103 printr-o tensiune muscular\u0103 prelungit\u0103 \u0219i persistent\u0103 cu formarea de noduri dureroase.","robots":{"index":"index","follow":"follow","max-snippet":"max-snippet:-1","max-image-preview":"max-image-preview:large","max-video-preview":"max-video-preview:-1"},"canonical":"https:\/\/sanatate.md\/ro\/boli-si-tratament\/boli-ale-sistemului-musculo-scheletic-traumatisme\/sindromul-tonic-muscular\/","og_locale":"ro_RO","og_type":"article","og_title":"Sindromul tonic muscular","og_description":"Sindromul dat se caracterizeaz\u0103 printr-o tensiune muscular\u0103 prelungit\u0103 \u0219i persistent\u0103 cu formarea de noduri dureroase.","og_url":"https:\/\/sanatate.md\/ro\/boli-si-tratament\/boli-ale-sistemului-musculo-scheletic-traumatisme\/sindromul-tonic-muscular\/","og_site_name":"Sanatate.md","twitter_card":"summary_large_image","twitter_misc":{"Timp estimat pentru citire":"3 minute"},"schema":{"@context":"https:\/\/schema.org","@graph":[{"@type":"WebPage","@id":"https:\/\/sanatate.md\/ro\/boli-si-tratament\/boli-ale-sistemului-musculo-scheletic-traumatisme\/sindromul-tonic-muscular\/","url":"https:\/\/sanatate.md\/ro\/boli-si-tratament\/boli-ale-sistemului-musculo-scheletic-traumatisme\/sindromul-tonic-muscular\/","name":"Sindromul tonic muscular","isPartOf":{"@id":"https:\/\/sanatate.md\/ro\/#website"},"datePublished":"2020-05-18T08:03:27+00:00","description":"Sindromul dat se caracterizeaz\u0103 printr-o tensiune muscular\u0103 prelungit\u0103 \u0219i persistent\u0103 cu formarea de noduri dureroase.","breadcrumb":{"@id":"https:\/\/sanatate.md\/ro\/boli-si-tratament\/boli-ale-sistemului-musculo-scheletic-traumatisme\/sindromul-tonic-muscular\/#breadcrumb"},"inLanguage":"ro-RO","potentialAction":[{"@type":"ReadAction","target":["https:\/\/sanatate.md\/ro\/boli-si-tratament\/boli-ale-sistemului-musculo-scheletic-traumatisme\/sindromul-tonic-muscular\/"]}]},{"@type":"BreadcrumbList","@id":"https:\/\/sanatate.md\/ro\/boli-si-tratament\/boli-ale-sistemului-musculo-scheletic-traumatisme\/sindromul-tonic-muscular\/#breadcrumb","itemListElement":[{"@type":"ListItem","position":1,"name":"\u0413\u043b\u0430\u0432\u043d\u0430\u044f \u0441\u0442\u0440\u0430\u043d\u0438\u0446\u0430","item":"https:\/\/sanatate.md\/ro\/"},{"@type":"ListItem","position":2,"name":"Boli si tratament","item":"https:\/\/sanatate.md\/ro\/boli-si-tratament\/"},{"@type":"ListItem","position":3,"name":"Boli ale sistemului musculo-scheletic, traumatisme","item":"https:\/\/sanatate.md\/ro\/boli-si-tratament\/boli-ale-sistemului-musculo-scheletic-traumatisme\/"},{"@type":"ListItem","position":4,"name":"Sindromul tonic muscular"}]},{"@type":"WebSite","@id":"https:\/\/sanatate.md\/ro\/#website","url":"https:\/\/sanatate.md\/ro\/","name":"Sanatate.md","description":"\u0416\u0443\u0440\u043d\u0430\u043b \u0434\u043b\u044f \u0432\u0441\u0435\u0439 \u0441\u0435\u043c\u044c\u0438 \u0432 \u041c\u043e\u043b\u0434\u043e\u0432\u0435","publisher":{"@id":"https:\/\/sanatate.md\/ro\/#organization"},"potentialAction":[{"@type":"SearchAction","target":{"@type":"EntryPoint","urlTemplate":"https:\/\/sanatate.md\/ro\/?s={search_term_string}"},"query-input":{"@type":"PropertyValueSpecification","valueRequired":true,"valueName":"search_term_string"}}],"inLanguage":"ro-RO"},{"@type":"Organization","@id":"https:\/\/sanatate.md\/ro\/#organization","name":"SANATATE","url":"https:\/\/sanatate.md\/ro\/","logo":{"@type":"ImageObject","inLanguage":"ro-RO","@id":"https:\/\/sanatate.md\/ro\/#\/schema\/logo\/image\/","url":"https:\/\/sanatate.md\/wp-content\/uploads\/2022\/01\/sanatate-logo.svg","contentUrl":"https:\/\/sanatate.md\/wp-content\/uploads\/2022\/01\/sanatate-logo.svg","width":"1024","height":"1024","caption":"SANATATE"},"image":{"@id":"https:\/\/sanatate.md\/ro\/#\/schema\/logo\/image\/"}}]}},"_links":{"self":[{"href":"https:\/\/sanatate.md\/ro\/wp-json\/wp\/v2\/pages\/80151","targetHints":{"allow":["GET"]}}],"collection":[{"href":"https:\/\/sanatate.md\/ro\/wp-json\/wp\/v2\/pages"}],"about":[{"href":"https:\/\/sanatate.md\/ro\/wp-json\/wp\/v2\/types\/page"}],"author":[{"embeddable":true,"href":"https:\/\/sanatate.md\/ro\/wp-json\/wp\/v2\/users\/1"}],"replies":[{"embeddable":true,"href":"https:\/\/sanatate.md\/ro\/wp-json\/wp\/v2\/comments?post=80151"}],"version-history":[{"count":0,"href":"https:\/\/sanatate.md\/ro\/wp-json\/wp\/v2\/pages\/80151\/revisions"}],"up":[{"embeddable":true,"href":"https:\/\/sanatate.md\/ro\/wp-json\/wp\/v2\/pages\/52975"}],"wp:attachment":[{"href":"https:\/\/sanatate.md\/ro\/wp-json\/wp\/v2\/media?parent=80151"}],"curies":[{"name":"wp","href":"https:\/\/api.w.org\/{rel}","templated":true}]}}