{"id":80207,"date":"2020-05-20T10:35:23","date_gmt":"2020-05-20T07:35:23","guid":{"rendered":"https:\/\/sanatate.md\/?page_id=80207"},"modified":"2020-05-20T10:35:23","modified_gmt":"2020-05-20T07:35:23","slug":"toracalgia","status":"publish","type":"page","link":"https:\/\/sanatate.md\/ro\/boli-si-tratament\/boli-neurologice\/toracalgia\/","title":{"rendered":"Toracalgia"},"content":{"rendered":"<p>Toracalgia e o durere toracic\u0103 de diverse etiologii. Coloana vertebral\u0103 toracic\u0103 include 12 vertebre, de care sunt ata\u0219ate coastele &#8211; aceasta \u00eei ofer\u0103 omului o stabilitate vertical\u0103 dar \u0219i o flexibilitate redus\u0103.<\/p>\n<p>10% din \u00eentreaga popula\u021bie a globului, cel pu\u021bin o dat\u0103 \u00een via\u021b\u0103, au sim\u021bit durere \u00een regiunea toracic\u0103, \u00een timp ce \u00een regiunea cervical\u0103 aproximativ 50% dintre oameni, iar \u00een regiunea lombar\u0103 &#8211; aproximativ 90%.<\/p>\n<h3>Tipurile de durere<\/h3>\n<p>Cel mai adesea, pacien\u021bii sunt \u00eengrijora\u021bi de aceste tipuri de dureri la nivelul coloanei toracice:<\/p>\n<ol>\n<li>Durerea mecanic\u0103 este una dintre cele mai frecvente cauze ale durerii \u00een zona toracic\u0103 \u0219i indic\u0103 diverse leziuni:<\/li>\n<\/ol>\n<p>\u2022 \u00eentinderea sau ruperea aparatului ligamentar sau muscular;<br \/>\n\u2022 spondilartroza &#8211; o leziune a articula\u021biei intervertebrale, care \u021bine vertebrele \u00een pozi\u021bia dorit\u0103;<br \/>\n\u2022 boli ale discurilor intervertebrale, care servesc ca amortizoare \u0219i \u00eempiedic\u0103 frecarea vertebrelor \u00eentre ele (proeminen\u021be, hernii ale discurilor intervertebrale).<br \/>\nSenza\u021biile dureroase mecanice sunt consecin\u0163\u0103 a unui efort fizic, ridicarea unor greut\u0103\u0163i excesive, scoliozei, mi\u0219c\u0103ri bru\u015fte de r\u0103sucire. Grupul de risc include persoane care au \u201emunci sedentare\u201d: \u0219oferi de autobuz, camionieri, cei care lucreaz\u0103 la computer \u0219i se g\u0103rbovesc \u00een acela\u0219i timp.<\/p>\n<p>2. Deteriorarea componentelor coloanei vertebrale are loc odat\u0103 cu v\u00e2rsta, corpul uman pierde capacitatea de a restabili organele \u0219i structura lor. Un proces patologic legat de v\u00e2rst\u0103 afecteaz\u0103 adesea discurile intervertebrale: nucleul pulpos iese printr-o fisur\u0103 a discului sau la locul de rupere a \u00eenveli\u0219ului exterior.<\/p>\n<p>Nucleul \u00een acest caz comprim\u0103 termina\u021biile nervoase ale canalului spinal \u0219i provoac\u0103 o iritare de tip chimic \u0219i mecanic. R\u0103d\u0103cina nervului este str\u0103ns\u0103 \u015fi persoana simte dureri acute \u00een acele locuri prin care trece nervul afectat. Proeminen\u021ba nucleului pulpos provoac\u0103 hernia intervertebral\u0103.<br \/>\nO afec\u021biune dureroas\u0103 apare adesea pe fondalul artritei reumatoide, osteoporozei, diverselor leziuni.<\/p>\n<h3>Tipurile de boli<\/h3>\n<p>Speciali\u0219tii disting urm\u0103toarele tipuri de toracalgie:<\/p>\n<p>1. Toracalgia vertebrogen\u0103 este cel mai frecvent tip de boal\u0103, care se dezvolt\u0103 pe fundalul leziunilor coloanei vertebrale. Exist\u0103 4 tipuri de boli de origine vertebrogen\u0103:<\/p>\n<p>\u2022 dureri care apar la nivelul coloanei cervicale a g\u0103tului, a p\u0103r\u0163ii superioare a toracelui \u015fi care radiaz\u0103 \u00een membrele superioare;<br \/>\n\u2022 durerea care apare atunci c\u00e2nd este afectat\u0103 partea superioar\u0103 a coloanei toracice \u015fi ea \u00een acest caz se localizeaz\u0103 dup\u0103 stern, \u00een zona scapulei, av\u00eend caracter de lung\u0103 durat\u0103;<br \/>\n\u2022 atacuri de durere \u00een scapule, care sunt de cea mai divers\u0103 natur\u0103 \u0219i care \u00eel sup\u0103r\u0103 pe pacient timp scurt dar \u015fi lung; durerea radiaz\u0103 \u00een direc\u021bia nervilor spa\u021biului intercostal;<br \/>\n\u2022 durerea poate ap\u0103rea atunci c\u00e2nd ap\u0103sa\u0163i pe partea din fa\u021b\u0103 a sternului \u0219i are un caracter lung, foarte dureros; se amplific\u0103 la mi\u0219c\u0103ri bru\u0219te.<\/p>\n<p>2. Durerea \u00een timpul sarcinii apare din cauza \u00eencord\u0103rii crescute pe coloana vertebral\u0103; dup\u0103 na\u0219tere, durerea dispare \u0219i starea pacientei revine la normal.<\/p>\n<p>3. Toracalgia psihogen\u0103 e o durere, care apare dup\u0103 suprasolicitare, munc\u0103 prelungit\u0103 \u00een pozi\u021bie de \u0219ezut.<\/p>\n<p>4. Toracalgia cronic\u0103 (cel mai adesea vertebrogen\u0103) e o consecin\u0163\u0103 a netrat\u0103rii la timp a bolii \u015fi ea devine cronic\u0103, pacientul simte \u00een mod constant durere, \u00een majoritatea cazurilor nu este foarte intens\u0103.<\/p>\n<p>5. Toracalgia musculo-scheletic\u0103 se caracteriueaz\u0103 prin formarea de puncte dureroase \u00een zona mu\u0219chilor, oaselor sau cartilajului pe fundalul leziunilor, suprasolicit\u0103rii fizice, osteochondrozei \u0219i artritei reumatoide.<br \/>\n\u00cen func\u021bie de loca\u021bie, starea bolii este pe partea st\u00e2ng\u0103 \u0219i pe partea dreapt\u0103.<\/p>\n<h3>Motivele<\/h3>\n<p>Durerea \u0219i disconfortul \u00een piept \u0219i coaste apar adesea ca simptom al bolilor coloanei vertebrale:<br \/>\n\u2022 osteochondroz\u0103;<br \/>\n\u2022 scolioz\u0103, cifoscoz\u0103;<br \/>\n\u2022 leziuni ale sternului;<br \/>\n\u2022 patologii ale sistemului nervos;<br \/>\n\u2022 hernii spinale;<br \/>\n\u2022 efort fizic ridicat;<br \/>\n\u2022 imunitate redus\u0103, herpes etc.<\/p>\n<p>Senza\u021biile de durere se intensific\u0103 \u00een timpul unei respira\u021bii ad\u00e2nci, precum \u0219i cu str\u0103nutul \u0219i tusea.\u00a0De asemenea, pacientul simte un discnfort \u00een zona toracic\u0103, mu\u0219chii din partea superioar\u0103 a spatelui sunt \u00eencorda\u0163i \u0219i provoac\u0103 dureri.<\/p>\n<p>Durerea \u00een stern la o v\u00e2rst\u0103 fraged\u0103 apare \u00een majoritatea cazurilor pe fondalul tulbur\u0103rilor Scheuermann-Mau, \u015fi provoac\u0103 agravarea cifozei \u0219i deformarea vertebrelor.<br \/>\nSenza\u021biile dureroase ale herpesului le au pacien\u0163ii cu diabet zaharat \u0219i vasculit\u0103.<\/p>\n<h3>Toracalgia: simptomele<\/h3>\n<p>Pacientul simte dureri \u00een diferite p\u0103r\u021bi ale corpului:<br \/>\n\u2022 stern, abdomen, stomac sau intestine;<br \/>\n\u2022 spate;<br \/>\n\u2022 \u00een membrele superioare \u0219i inferioare.<br \/>\nDeseori, durerile de acest fel sunt combinate cu semne de osteocondroz\u0103 (coloan\u0103 vertebral\u0103 cervical\u0103):<br \/>\n\u2022 dureri la g\u00e2t, um\u0103r, sub omoplat;<br \/>\n\u2022 cefalee;<br \/>\n\u2022 diferen\u021be de tensiune arterial\u0103;<br \/>\n\u2022 amor\u021birea degetelor membrelor superioare.<br \/>\nPacientul trebuie urgent s\u0103 solicite ajutor medical \u00een cazul dac\u0103 durerea este combinat\u0103 cu o senza\u021bie de sl\u0103biciune \u00een mu\u0219chii membrelor superioare \u0219i inferioare, pierderea controlului urin\u0103rii \u0219i a func\u021biei intestinale afectate, o sc\u0103dere accentuat\u0103 a greut\u0103\u021bii \u0219i o s\u0103n\u0103tate slab\u0103. \u00cen grupa de risc sunt pacien\u021bii cu artrit\u0103, HIV, neoplasme.<\/p>\n<h3>Diagnosticarea<\/h3>\n<p>Durerea toracic\u0103 poate ap\u0103rea la boli ale inimii \u0219i pl\u0103m\u00e2nilor, prin urmare, pentru a le exclude, pacientului i se prescrie ECG \u0219i fluorografie. Dac\u0103 nu se atesteaz\u0103 aceste boli, problema trebuie cautat\u0103 la nivelul coloanei vertebrale. Copiilor li se face un examen radiografic al coloanei toracice \u0219i coloanei cervicale \u00een proiec\u021bii sagital\u0103 \u0219i frontal\u0103. Pentru adolescen\u021bi \u0219i adul\u021bi este recomandat RMN sau CT, deoarece bolile coloanei vertebrale nu pot fi diagnosticate prin alte metode.<\/p>\n<p>Diagnosticarea st\u0103rii de boal\u0103 nu e o procedur\u0103 dificil\u0103, este mult mai dificil s\u0103 se determine cauza durerii \u0219i a bolii, pe fondalul c\u0103reia s-a dezvoltat toracala.<\/p>\n<h3>Tratamentul<\/h3>\n<p>Tratamentul \u00een unele cazuri const\u0103 exclusiv \u00een men\u021binerea unui stil de via\u021b\u0103 activ. Coloana vertebral\u0103 trebuie s\u0103 fie permanent \u00een mi\u0219care, odihna mai mult de o zi poate doar intensifica durerea.<\/p>\n<p>Exerci\u021biile terapeutice speciale pentru \u00eentinderea coloanei vertebrale influen\u0163eaz\u0103 \u00een mod eficient s\u0103n\u0103tatea pacientului.<br \/>\nMedicul prescrie medicamente \u00een func\u021bie de cauza bolii.<br \/>\nPacientului i se prescrie fizioterapie, masaj, \u00eentinderea f\u0103r\u0103 exese a coloanei vertebrale, exerci\u021bii speciale.<\/p>\n<h3>Profilaxia<\/h3>\n<p>M\u0103surile preventive sunt:<br \/>\n\u2022 exerci\u021bii de fizioterapie;<br \/>\n\u2022 \u00eenot pe spate;<br \/>\n\u2022 men\u021binerea unui stil de via\u021b\u0103 activ;<br \/>\n\u2022 nutri\u021bie ra\u021bional\u0103 \u0219i adecvat\u0103;<br \/>\n\u2022 alternarea muncii \u0219i a odihnei.<\/p>\n","protected":false},"excerpt":{"rendered":"<p>Toracalgia e o durere toracic\u0103 de diverse etiologii. Coloana vertebral\u0103 toracic\u0103 include 12 vertebre, de care sunt ata\u0219ate coastele &#8211; aceasta \u00eei ofer\u0103 omului o stabilitate vertical\u0103 dar \u0219i o flexibilitate redus\u0103. 10% din \u00eentreaga popula\u021bie a globului, cel pu\u021bin o dat\u0103 \u00een via\u021b\u0103, au sim\u021bit durere \u00een regiunea toracic\u0103, \u00een timp ce \u00een regiunea [&hellip;]<\/p>\n","protected":false},"author":1,"featured_media":0,"parent":52978,"menu_order":0,"comment_status":"closed","ping_status":"closed","template":"","meta":{"inline_featured_image":false,"footnotes":""},"class_list":["post-80207","page","type-page","status-publish"],"yoast_head":"<!-- This site is optimized with the Yoast SEO plugin v27.3 - https:\/\/yoast.com\/product\/yoast-seo-wordpress\/ -->\n<title>Toracalgia<\/title>\n<meta name=\"description\" content=\"Toracalgia e o durere toracic\u0103 de diverse etiologii. Coloana vertebral\u0103 toracic\u0103 include 12 vertebre, de care sunt ata\u0219ate coastele - aceasta\" \/>\n<meta name=\"robots\" content=\"index, follow, max-snippet:-1, max-image-preview:large, max-video-preview:-1\" \/>\n<link rel=\"canonical\" href=\"https:\/\/sanatate.md\/ro\/boli-si-tratament\/boli-neurologice\/toracalgia\/\" \/>\n<meta property=\"og:locale\" content=\"ro_RO\" \/>\n<meta property=\"og:type\" content=\"article\" \/>\n<meta property=\"og:title\" content=\"Toracalgia\" \/>\n<meta property=\"og:description\" content=\"Toracalgia e o durere toracic\u0103 de diverse etiologii. Coloana vertebral\u0103 toracic\u0103 include 12 vertebre, de care sunt ata\u0219ate coastele - aceasta\" \/>\n<meta property=\"og:url\" content=\"https:\/\/sanatate.md\/ro\/boli-si-tratament\/boli-neurologice\/toracalgia\/\" \/>\n<meta property=\"og:site_name\" content=\"Sanatate.md\" \/>\n<meta name=\"twitter:card\" content=\"summary_large_image\" \/>\n<meta name=\"twitter:label1\" content=\"Timp estimat pentru citire\" \/>\n\t<meta name=\"twitter:data1\" content=\"5 minute\" \/>\n<script type=\"application\/ld+json\" class=\"yoast-schema-graph\">{\"@context\":\"https:\\\/\\\/schema.org\",\"@graph\":[{\"@type\":\"WebPage\",\"@id\":\"https:\\\/\\\/sanatate.md\\\/ro\\\/boli-si-tratament\\\/boli-neurologice\\\/toracalgia\\\/\",\"url\":\"https:\\\/\\\/sanatate.md\\\/ro\\\/boli-si-tratament\\\/boli-neurologice\\\/toracalgia\\\/\",\"name\":\"Toracalgia\",\"isPartOf\":{\"@id\":\"https:\\\/\\\/sanatate.md\\\/ro\\\/#website\"},\"datePublished\":\"2020-05-20T07:35:23+00:00\",\"description\":\"Toracalgia e o durere toracic\u0103 de diverse etiologii. Coloana vertebral\u0103 toracic\u0103 include 12 vertebre, de care sunt ata\u0219ate coastele - aceasta\",\"breadcrumb\":{\"@id\":\"https:\\\/\\\/sanatate.md\\\/ro\\\/boli-si-tratament\\\/boli-neurologice\\\/toracalgia\\\/#breadcrumb\"},\"inLanguage\":\"ro-RO\",\"potentialAction\":[{\"@type\":\"ReadAction\",\"target\":[\"https:\\\/\\\/sanatate.md\\\/ro\\\/boli-si-tratament\\\/boli-neurologice\\\/toracalgia\\\/\"]}]},{\"@type\":\"BreadcrumbList\",\"@id\":\"https:\\\/\\\/sanatate.md\\\/ro\\\/boli-si-tratament\\\/boli-neurologice\\\/toracalgia\\\/#breadcrumb\",\"itemListElement\":[{\"@type\":\"ListItem\",\"position\":1,\"name\":\"\u0413\u043b\u0430\u0432\u043d\u0430\u044f \u0441\u0442\u0440\u0430\u043d\u0438\u0446\u0430\",\"item\":\"https:\\\/\\\/sanatate.md\\\/ro\\\/\"},{\"@type\":\"ListItem\",\"position\":2,\"name\":\"Boli si tratament\",\"item\":\"https:\\\/\\\/sanatate.md\\\/ro\\\/boli-si-tratament\\\/\"},{\"@type\":\"ListItem\",\"position\":3,\"name\":\"Boli neurologice\",\"item\":\"https:\\\/\\\/sanatate.md\\\/ro\\\/boli-si-tratament\\\/boli-neurologice\\\/\"},{\"@type\":\"ListItem\",\"position\":4,\"name\":\"Toracalgia\"}]},{\"@type\":\"WebSite\",\"@id\":\"https:\\\/\\\/sanatate.md\\\/ro\\\/#website\",\"url\":\"https:\\\/\\\/sanatate.md\\\/ro\\\/\",\"name\":\"Sanatate.md\",\"description\":\"\u0416\u0443\u0440\u043d\u0430\u043b \u0434\u043b\u044f \u0432\u0441\u0435\u0439 \u0441\u0435\u043c\u044c\u0438 \u0432 \u041c\u043e\u043b\u0434\u043e\u0432\u0435\",\"publisher\":{\"@id\":\"https:\\\/\\\/sanatate.md\\\/ro\\\/#organization\"},\"potentialAction\":[{\"@type\":\"SearchAction\",\"target\":{\"@type\":\"EntryPoint\",\"urlTemplate\":\"https:\\\/\\\/sanatate.md\\\/ro\\\/?s={search_term_string}\"},\"query-input\":{\"@type\":\"PropertyValueSpecification\",\"valueRequired\":true,\"valueName\":\"search_term_string\"}}],\"inLanguage\":\"ro-RO\"},{\"@type\":\"Organization\",\"@id\":\"https:\\\/\\\/sanatate.md\\\/ro\\\/#organization\",\"name\":\"SANATATE\",\"url\":\"https:\\\/\\\/sanatate.md\\\/ro\\\/\",\"logo\":{\"@type\":\"ImageObject\",\"inLanguage\":\"ro-RO\",\"@id\":\"https:\\\/\\\/sanatate.md\\\/ro\\\/#\\\/schema\\\/logo\\\/image\\\/\",\"url\":\"https:\\\/\\\/sanatate.md\\\/wp-content\\\/uploads\\\/2022\\\/01\\\/sanatate-logo.svg\",\"contentUrl\":\"https:\\\/\\\/sanatate.md\\\/wp-content\\\/uploads\\\/2022\\\/01\\\/sanatate-logo.svg\",\"width\":\"1024\",\"height\":\"1024\",\"caption\":\"SANATATE\"},\"image\":{\"@id\":\"https:\\\/\\\/sanatate.md\\\/ro\\\/#\\\/schema\\\/logo\\\/image\\\/\"}}]}<\/script>\n<!-- \/ Yoast SEO plugin. -->","yoast_head_json":{"title":"Toracalgia","description":"Toracalgia e o durere toracic\u0103 de diverse etiologii. Coloana vertebral\u0103 toracic\u0103 include 12 vertebre, de care sunt ata\u0219ate coastele - aceasta","robots":{"index":"index","follow":"follow","max-snippet":"max-snippet:-1","max-image-preview":"max-image-preview:large","max-video-preview":"max-video-preview:-1"},"canonical":"https:\/\/sanatate.md\/ro\/boli-si-tratament\/boli-neurologice\/toracalgia\/","og_locale":"ro_RO","og_type":"article","og_title":"Toracalgia","og_description":"Toracalgia e o durere toracic\u0103 de diverse etiologii. Coloana vertebral\u0103 toracic\u0103 include 12 vertebre, de care sunt ata\u0219ate coastele - aceasta","og_url":"https:\/\/sanatate.md\/ro\/boli-si-tratament\/boli-neurologice\/toracalgia\/","og_site_name":"Sanatate.md","twitter_card":"summary_large_image","twitter_misc":{"Timp estimat pentru citire":"5 minute"},"schema":{"@context":"https:\/\/schema.org","@graph":[{"@type":"WebPage","@id":"https:\/\/sanatate.md\/ro\/boli-si-tratament\/boli-neurologice\/toracalgia\/","url":"https:\/\/sanatate.md\/ro\/boli-si-tratament\/boli-neurologice\/toracalgia\/","name":"Toracalgia","isPartOf":{"@id":"https:\/\/sanatate.md\/ro\/#website"},"datePublished":"2020-05-20T07:35:23+00:00","description":"Toracalgia e o durere toracic\u0103 de diverse etiologii. Coloana vertebral\u0103 toracic\u0103 include 12 vertebre, de care sunt ata\u0219ate coastele - aceasta","breadcrumb":{"@id":"https:\/\/sanatate.md\/ro\/boli-si-tratament\/boli-neurologice\/toracalgia\/#breadcrumb"},"inLanguage":"ro-RO","potentialAction":[{"@type":"ReadAction","target":["https:\/\/sanatate.md\/ro\/boli-si-tratament\/boli-neurologice\/toracalgia\/"]}]},{"@type":"BreadcrumbList","@id":"https:\/\/sanatate.md\/ro\/boli-si-tratament\/boli-neurologice\/toracalgia\/#breadcrumb","itemListElement":[{"@type":"ListItem","position":1,"name":"\u0413\u043b\u0430\u0432\u043d\u0430\u044f \u0441\u0442\u0440\u0430\u043d\u0438\u0446\u0430","item":"https:\/\/sanatate.md\/ro\/"},{"@type":"ListItem","position":2,"name":"Boli si tratament","item":"https:\/\/sanatate.md\/ro\/boli-si-tratament\/"},{"@type":"ListItem","position":3,"name":"Boli neurologice","item":"https:\/\/sanatate.md\/ro\/boli-si-tratament\/boli-neurologice\/"},{"@type":"ListItem","position":4,"name":"Toracalgia"}]},{"@type":"WebSite","@id":"https:\/\/sanatate.md\/ro\/#website","url":"https:\/\/sanatate.md\/ro\/","name":"Sanatate.md","description":"\u0416\u0443\u0440\u043d\u0430\u043b \u0434\u043b\u044f \u0432\u0441\u0435\u0439 \u0441\u0435\u043c\u044c\u0438 \u0432 \u041c\u043e\u043b\u0434\u043e\u0432\u0435","publisher":{"@id":"https:\/\/sanatate.md\/ro\/#organization"},"potentialAction":[{"@type":"SearchAction","target":{"@type":"EntryPoint","urlTemplate":"https:\/\/sanatate.md\/ro\/?s={search_term_string}"},"query-input":{"@type":"PropertyValueSpecification","valueRequired":true,"valueName":"search_term_string"}}],"inLanguage":"ro-RO"},{"@type":"Organization","@id":"https:\/\/sanatate.md\/ro\/#organization","name":"SANATATE","url":"https:\/\/sanatate.md\/ro\/","logo":{"@type":"ImageObject","inLanguage":"ro-RO","@id":"https:\/\/sanatate.md\/ro\/#\/schema\/logo\/image\/","url":"https:\/\/sanatate.md\/wp-content\/uploads\/2022\/01\/sanatate-logo.svg","contentUrl":"https:\/\/sanatate.md\/wp-content\/uploads\/2022\/01\/sanatate-logo.svg","width":"1024","height":"1024","caption":"SANATATE"},"image":{"@id":"https:\/\/sanatate.md\/ro\/#\/schema\/logo\/image\/"}}]}},"_links":{"self":[{"href":"https:\/\/sanatate.md\/ro\/wp-json\/wp\/v2\/pages\/80207","targetHints":{"allow":["GET"]}}],"collection":[{"href":"https:\/\/sanatate.md\/ro\/wp-json\/wp\/v2\/pages"}],"about":[{"href":"https:\/\/sanatate.md\/ro\/wp-json\/wp\/v2\/types\/page"}],"author":[{"embeddable":true,"href":"https:\/\/sanatate.md\/ro\/wp-json\/wp\/v2\/users\/1"}],"replies":[{"embeddable":true,"href":"https:\/\/sanatate.md\/ro\/wp-json\/wp\/v2\/comments?post=80207"}],"version-history":[{"count":0,"href":"https:\/\/sanatate.md\/ro\/wp-json\/wp\/v2\/pages\/80207\/revisions"}],"up":[{"embeddable":true,"href":"https:\/\/sanatate.md\/ro\/wp-json\/wp\/v2\/pages\/52978"}],"wp:attachment":[{"href":"https:\/\/sanatate.md\/ro\/wp-json\/wp\/v2\/media?parent=80207"}],"curies":[{"name":"wp","href":"https:\/\/api.w.org\/{rel}","templated":true}]}}