{"id":80225,"date":"2020-05-22T09:45:28","date_gmt":"2020-05-22T06:45:28","guid":{"rendered":"https:\/\/sanatate.md\/?page_id=80225"},"modified":"2020-05-22T09:45:28","modified_gmt":"2020-05-22T06:45:28","slug":"leucemia","status":"publish","type":"page","link":"https:\/\/sanatate.md\/ro\/boli-si-tratament\/bolile-oncologice\/leucemia\/","title":{"rendered":"Leucemia"},"content":{"rendered":"<p>Leucemia (leucemie, cancer de s\u00e2nge) este o boal\u0103 malign\u0103 a celulelor sanguine. Boala se manifest\u0103 primar \u00een m\u0103duva osoas\u0103, deoarece anume aici se produc celule sanguine:<\/p>\n<ul>\n<li>globule albe (leucocite);<\/li>\n<li>globule ro\u0219ii (eretrocite);<\/li>\n<li>trombocite, implicate \u00een procesul de coagulare a s\u00e2ngelui.<\/li>\n<\/ul>\n<p>Boala se dezvolt\u0103 dac\u0103, \u00een loc de o celul\u0103 normal\u0103 matur\u0103 ca urmare a unei muta\u021bii se dezvolt\u0103 o celul\u0103 canceroas\u0103, care nu este \u00een m\u0103sur\u0103 s\u0103 \u00eendeplineasc\u0103 func\u021biile sale. O celul\u0103 anormal\u0103 se \u00eemparte incontrolabil, ca urmare, celulele maligne \u00eenlocuiesc celulele s\u0103n\u0103toase, ceea ce provoac\u0103 dezvoltarea de anemie, diverse infec\u021bii \u0219i s\u00e2ngerare. Celulele canceroase \u00eempreun\u0103 cu s\u00e2ngele p\u0103trund \u00een toate organele corpului uman \u0219i provoac\u0103 modific\u0103ri patologice.<\/p>\n<p>Conform statisticilor, b\u0103rba\u021bii sunt expu\u0219i bolii cu treizeci la sut\u0103 mai des dec\u00e2t femeile. Despre leucemia se vorbe\u015fte adesea \u00een diverse opere literare \u0219i filme artistice. Despre cancerul de s\u00e2nge afla\u0163i din filmul \u201ePoveste de dragoste\u201d, precum \u0219i din multe alte opere de art\u0103.<\/p>\n<p>\u00cen func\u021bie de natura cursului, speciali\u0219tii disting dou\u0103 tipuri de boli:<\/p>\n<ul>\n<li>leucemie acut\u0103;<\/li>\n<li>leucemie cronic\u0103.<\/li>\n<\/ul>\n<p>Prima form\u0103 se dezvolt\u0103 cu viteza fulgerului, iar forma cronic\u0103 &#8211; \u00een c\u00e2\u021biva ani. A doua form\u0103 se supune tratamentului, pacientul poate tr\u0103i cu ea toat\u0103 via\u021ba, dac\u0103 respect\u0103 strict indica\u0163iile medicilor.<\/p>\n<h3>Leucemia: simptomele bolii<\/h3>\n<p>Simptomele formei acute a bolii se manifest\u0103 rapid, iar forma cronic\u0103 se dezvolt\u0103 lent, adesea dureaz\u0103 ani. \u00cen func\u021bie de ce tip de celule este susceptibil la muta\u021bie, speciali\u0219tii disting urm\u0103toarele tipuri de boli:<\/p>\n<ul>\n<li>limfoblastic\u0103;<\/li>\n<li>mieloblastic \u0219i alte forme.<\/li>\n<\/ul>\n<p>Leucemia viral\u0103 se dezvolt\u0103 ca urmare a infec\u021biei unei persoane cu un virus limfotrop. Agentul cauzator provoac\u0103 boli maligne ale \u021besuturilor limfoide \u0219i hematopoietice.<\/p>\n<h3>Simptomele leucemiei:<\/h3>\n<ul>\n<li>oboseal\u0103 constant\u0103;<\/li>\n<li>s\u00e2ngerare nazal\u0103 \u0219i alte tipuri de s\u00e2ngerare;<\/li>\n<li>v\u00e2n\u0103t\u0103i pe corp;<\/li>\n<li>rezisten\u021b\u0103 sc\u0103zut\u0103 la infec\u021bii;<\/li>\n<li>dureri de cap;<\/li>\n<li>apetit slab;<\/li>\n<li>sc\u0103dere \u00een greutate.<\/li>\n<\/ul>\n<p>Toate semnele se datoreaz\u0103 prezen\u0163ei celulelor sanguine anormale.<br \/>\nLa copii mai des e \u00eent\u00e2lnit\u0103 acest tip de boal\u0103 malign. De asemenea, \u015fi persoanele \u00een v\u00e2rst\u0103 deseori au aceast\u0103 boal\u0103 periculoas\u0103.<\/p>\n<h3>Leucemia: cauzele bolii sunt necunoscute<\/h3>\n<p>Oamenii de \u0219tiin\u021b\u0103 nu pot identifica cauzele bolii, dar \u00een zona riscurilor sunt persoanele care au fost expuse radia\u021biilor, cei a c\u0103ror rude au avut leucemie precum \u0219i cei care au fost expu\u015fi la substan\u021be chimice cancerogene. Cu toate acestea, majoritatea pacien\u021bilor nu au prezentat niciodat\u0103 ace\u0219ti factori de risc de-a lungul vie\u021bii.<\/p>\n<h3>Leucemia: etapele bolii<\/h3>\n<p>Medicii clasific\u0103 leucemia \u00een etape, ceea ce permite s\u0103 determine severitatea r\u0103sp\u00e2ndirii cancerului pentru a prezice tabloul clinic \u0219i gradul de supravie\u021buire:<\/p>\n<ul>\n<li>prima etap\u0103 cea ini\u021bial\u0103, este cea mai tratabil\u0103;<\/li>\n<li>a doua etap\u0103 se caracterizeaz\u0103 prin divizarea accelerat\u0103 a celulelor maligne; acumularea acestora \u00een s\u00e2nge; starea pacientului se agraveaz\u0103, splina \u0219i ficatul se m\u0103resc; la aceast\u0103 etap\u0103 supravie\u021buirea pacientului este de aproximativ \u0219aptezeci \u0219i cinci la sut\u0103;<\/li>\n<li>al treilea &#8211; \u00een care masa tumorii cre\u0219te rapid; se formeaz\u0103 metastaze \u00een diferite organe; pacientul are pielea g\u0103lbuie palid\u0103, anemie persistent\u0103, respira\u021bie grea, boli infec\u021bioase frecvente, ganglionii limfatici sunt l\u0103rgi\u0163i; aproximativ o treime dintre pacien\u021bi supravie\u021buiesc; pentru tratament sunt utilizate medicamente puternice, e indicat\u0103 \u0219i chimioterapia;<\/li>\n<li>al patrulea &#8211; cel mai avansat stadiu al bolii; celulele bolnave au acaparat \u00eentregul corp, apare metastaza.<\/li>\n<\/ul>\n<p>Detectarea la timp a bolii permite ob\u021binerea unui rezultat favorabil \u0219i recuperarea complet\u0103 a pacientului.<\/p>\n<h3>Leucemia: tratamentul depinde de gradul bolii<\/h3>\n<p>Pentru tratament se utilizeaz\u0103 terapia medicamentoas\u0103, preparatele citostatice, radia\u021biile \u0219i chimioterapia. Este indicat un transplant de m\u0103duv\u0103 (donatori &#8211; rude apropiate), dar procedura este costisitoare \u0219i complicat\u0103, dar are un efect sporit.<\/p>\n<p>Pentru tratamentul copiilor sunt utilizate acelea\u015fi metode, este recomandabil s\u0103 se efectueze o transfuzie de s\u00e2nge, deoarece m\u0103duva osoas\u0103 a unui pacient mic \u00eenceteaz\u0103 s\u0103 produc\u0103 celule sanguine s\u0103n\u0103toase.<br \/>\nSpeciali\u0219tii prescriu metode individuale de tratament pentru fiecare bolnav. Totul depinde de gradul \u0219i gravitatea bolii. Forma cronic\u0103 necesit\u0103 un tratament pe tot parcursul vie\u021bii.<\/p>\n<p>&nbsp;<\/p>\n","protected":false},"excerpt":{"rendered":"<p>Leucemia (leucemie, cancer de s\u00e2nge) este o boal\u0103 malign\u0103 a celulelor sanguine. Boala se manifest\u0103 primar \u00een m\u0103duva osoas\u0103, deoarece anume aici se produc celule sanguine: globule albe (leucocite); globule ro\u0219ii (eretrocite); trombocite, implicate \u00een procesul de coagulare a s\u00e2ngelui. Boala se dezvolt\u0103 dac\u0103, \u00een loc de o celul\u0103 normal\u0103 matur\u0103 ca urmare a unei [&hellip;]<\/p>\n","protected":false},"author":1,"featured_media":0,"parent":53023,"menu_order":0,"comment_status":"closed","ping_status":"closed","template":"","meta":{"inline_featured_image":false,"footnotes":""},"class_list":["post-80225","page","type-page","status-publish"],"yoast_head":"<!-- This site is optimized with the Yoast SEO plugin v27.3 - https:\/\/yoast.com\/product\/yoast-seo-wordpress\/ -->\n<title>Leucemia<\/title>\n<meta name=\"description\" content=\"Leucemia (leucemie, cancer de s\u00e2nge) este o boal\u0103 malign\u0103 a celulelor sanguine. Boala se manifest\u0103 primar\" \/>\n<meta name=\"robots\" content=\"index, follow, max-snippet:-1, max-image-preview:large, max-video-preview:-1\" \/>\n<link rel=\"canonical\" href=\"https:\/\/sanatate.md\/ro\/boli-si-tratament\/bolile-oncologice\/leucemia\/\" \/>\n<meta property=\"og:locale\" content=\"ro_RO\" \/>\n<meta property=\"og:type\" content=\"article\" \/>\n<meta property=\"og:title\" content=\"Leucemia\" \/>\n<meta property=\"og:description\" content=\"Leucemia (leucemie, cancer de s\u00e2nge) este o boal\u0103 malign\u0103 a celulelor sanguine. Boala se manifest\u0103 primar\" \/>\n<meta property=\"og:url\" content=\"https:\/\/sanatate.md\/ro\/boli-si-tratament\/bolile-oncologice\/leucemia\/\" \/>\n<meta property=\"og:site_name\" content=\"Sanatate.md\" \/>\n<meta name=\"twitter:card\" content=\"summary_large_image\" \/>\n<meta name=\"twitter:label1\" content=\"Timp estimat pentru citire\" \/>\n\t<meta name=\"twitter:data1\" content=\"3 minute\" \/>\n<script type=\"application\/ld+json\" class=\"yoast-schema-graph\">{\"@context\":\"https:\\\/\\\/schema.org\",\"@graph\":[{\"@type\":\"WebPage\",\"@id\":\"https:\\\/\\\/sanatate.md\\\/ro\\\/boli-si-tratament\\\/bolile-oncologice\\\/leucemia\\\/\",\"url\":\"https:\\\/\\\/sanatate.md\\\/ro\\\/boli-si-tratament\\\/bolile-oncologice\\\/leucemia\\\/\",\"name\":\"Leucemia\",\"isPartOf\":{\"@id\":\"https:\\\/\\\/sanatate.md\\\/ro\\\/#website\"},\"datePublished\":\"2020-05-22T06:45:28+00:00\",\"description\":\"Leucemia (leucemie, cancer de s\u00e2nge) este o boal\u0103 malign\u0103 a celulelor sanguine. Boala se manifest\u0103 primar\",\"breadcrumb\":{\"@id\":\"https:\\\/\\\/sanatate.md\\\/ro\\\/boli-si-tratament\\\/bolile-oncologice\\\/leucemia\\\/#breadcrumb\"},\"inLanguage\":\"ro-RO\",\"potentialAction\":[{\"@type\":\"ReadAction\",\"target\":[\"https:\\\/\\\/sanatate.md\\\/ro\\\/boli-si-tratament\\\/bolile-oncologice\\\/leucemia\\\/\"]}]},{\"@type\":\"BreadcrumbList\",\"@id\":\"https:\\\/\\\/sanatate.md\\\/ro\\\/boli-si-tratament\\\/bolile-oncologice\\\/leucemia\\\/#breadcrumb\",\"itemListElement\":[{\"@type\":\"ListItem\",\"position\":1,\"name\":\"\u0413\u043b\u0430\u0432\u043d\u0430\u044f \u0441\u0442\u0440\u0430\u043d\u0438\u0446\u0430\",\"item\":\"https:\\\/\\\/sanatate.md\\\/ro\\\/\"},{\"@type\":\"ListItem\",\"position\":2,\"name\":\"Boli si tratament\",\"item\":\"https:\\\/\\\/sanatate.md\\\/ro\\\/boli-si-tratament\\\/\"},{\"@type\":\"ListItem\",\"position\":3,\"name\":\"Bolile oncologice\",\"item\":\"https:\\\/\\\/sanatate.md\\\/ro\\\/boli-si-tratament\\\/bolile-oncologice\\\/\"},{\"@type\":\"ListItem\",\"position\":4,\"name\":\"Leucemia\"}]},{\"@type\":\"WebSite\",\"@id\":\"https:\\\/\\\/sanatate.md\\\/ro\\\/#website\",\"url\":\"https:\\\/\\\/sanatate.md\\\/ro\\\/\",\"name\":\"Sanatate.md\",\"description\":\"\u0416\u0443\u0440\u043d\u0430\u043b \u0434\u043b\u044f \u0432\u0441\u0435\u0439 \u0441\u0435\u043c\u044c\u0438 \u0432 \u041c\u043e\u043b\u0434\u043e\u0432\u0435\",\"publisher\":{\"@id\":\"https:\\\/\\\/sanatate.md\\\/ro\\\/#organization\"},\"potentialAction\":[{\"@type\":\"SearchAction\",\"target\":{\"@type\":\"EntryPoint\",\"urlTemplate\":\"https:\\\/\\\/sanatate.md\\\/ro\\\/?s={search_term_string}\"},\"query-input\":{\"@type\":\"PropertyValueSpecification\",\"valueRequired\":true,\"valueName\":\"search_term_string\"}}],\"inLanguage\":\"ro-RO\"},{\"@type\":\"Organization\",\"@id\":\"https:\\\/\\\/sanatate.md\\\/ro\\\/#organization\",\"name\":\"SANATATE\",\"url\":\"https:\\\/\\\/sanatate.md\\\/ro\\\/\",\"logo\":{\"@type\":\"ImageObject\",\"inLanguage\":\"ro-RO\",\"@id\":\"https:\\\/\\\/sanatate.md\\\/ro\\\/#\\\/schema\\\/logo\\\/image\\\/\",\"url\":\"https:\\\/\\\/sanatate.md\\\/wp-content\\\/uploads\\\/2022\\\/01\\\/sanatate-logo.svg\",\"contentUrl\":\"https:\\\/\\\/sanatate.md\\\/wp-content\\\/uploads\\\/2022\\\/01\\\/sanatate-logo.svg\",\"width\":\"1024\",\"height\":\"1024\",\"caption\":\"SANATATE\"},\"image\":{\"@id\":\"https:\\\/\\\/sanatate.md\\\/ro\\\/#\\\/schema\\\/logo\\\/image\\\/\"}}]}<\/script>\n<!-- \/ Yoast SEO plugin. -->","yoast_head_json":{"title":"Leucemia","description":"Leucemia (leucemie, cancer de s\u00e2nge) este o boal\u0103 malign\u0103 a celulelor sanguine. Boala se manifest\u0103 primar","robots":{"index":"index","follow":"follow","max-snippet":"max-snippet:-1","max-image-preview":"max-image-preview:large","max-video-preview":"max-video-preview:-1"},"canonical":"https:\/\/sanatate.md\/ro\/boli-si-tratament\/bolile-oncologice\/leucemia\/","og_locale":"ro_RO","og_type":"article","og_title":"Leucemia","og_description":"Leucemia (leucemie, cancer de s\u00e2nge) este o boal\u0103 malign\u0103 a celulelor sanguine. Boala se manifest\u0103 primar","og_url":"https:\/\/sanatate.md\/ro\/boli-si-tratament\/bolile-oncologice\/leucemia\/","og_site_name":"Sanatate.md","twitter_card":"summary_large_image","twitter_misc":{"Timp estimat pentru citire":"3 minute"},"schema":{"@context":"https:\/\/schema.org","@graph":[{"@type":"WebPage","@id":"https:\/\/sanatate.md\/ro\/boli-si-tratament\/bolile-oncologice\/leucemia\/","url":"https:\/\/sanatate.md\/ro\/boli-si-tratament\/bolile-oncologice\/leucemia\/","name":"Leucemia","isPartOf":{"@id":"https:\/\/sanatate.md\/ro\/#website"},"datePublished":"2020-05-22T06:45:28+00:00","description":"Leucemia (leucemie, cancer de s\u00e2nge) este o boal\u0103 malign\u0103 a celulelor sanguine. Boala se manifest\u0103 primar","breadcrumb":{"@id":"https:\/\/sanatate.md\/ro\/boli-si-tratament\/bolile-oncologice\/leucemia\/#breadcrumb"},"inLanguage":"ro-RO","potentialAction":[{"@type":"ReadAction","target":["https:\/\/sanatate.md\/ro\/boli-si-tratament\/bolile-oncologice\/leucemia\/"]}]},{"@type":"BreadcrumbList","@id":"https:\/\/sanatate.md\/ro\/boli-si-tratament\/bolile-oncologice\/leucemia\/#breadcrumb","itemListElement":[{"@type":"ListItem","position":1,"name":"\u0413\u043b\u0430\u0432\u043d\u0430\u044f \u0441\u0442\u0440\u0430\u043d\u0438\u0446\u0430","item":"https:\/\/sanatate.md\/ro\/"},{"@type":"ListItem","position":2,"name":"Boli si tratament","item":"https:\/\/sanatate.md\/ro\/boli-si-tratament\/"},{"@type":"ListItem","position":3,"name":"Bolile oncologice","item":"https:\/\/sanatate.md\/ro\/boli-si-tratament\/bolile-oncologice\/"},{"@type":"ListItem","position":4,"name":"Leucemia"}]},{"@type":"WebSite","@id":"https:\/\/sanatate.md\/ro\/#website","url":"https:\/\/sanatate.md\/ro\/","name":"Sanatate.md","description":"\u0416\u0443\u0440\u043d\u0430\u043b \u0434\u043b\u044f \u0432\u0441\u0435\u0439 \u0441\u0435\u043c\u044c\u0438 \u0432 \u041c\u043e\u043b\u0434\u043e\u0432\u0435","publisher":{"@id":"https:\/\/sanatate.md\/ro\/#organization"},"potentialAction":[{"@type":"SearchAction","target":{"@type":"EntryPoint","urlTemplate":"https:\/\/sanatate.md\/ro\/?s={search_term_string}"},"query-input":{"@type":"PropertyValueSpecification","valueRequired":true,"valueName":"search_term_string"}}],"inLanguage":"ro-RO"},{"@type":"Organization","@id":"https:\/\/sanatate.md\/ro\/#organization","name":"SANATATE","url":"https:\/\/sanatate.md\/ro\/","logo":{"@type":"ImageObject","inLanguage":"ro-RO","@id":"https:\/\/sanatate.md\/ro\/#\/schema\/logo\/image\/","url":"https:\/\/sanatate.md\/wp-content\/uploads\/2022\/01\/sanatate-logo.svg","contentUrl":"https:\/\/sanatate.md\/wp-content\/uploads\/2022\/01\/sanatate-logo.svg","width":"1024","height":"1024","caption":"SANATATE"},"image":{"@id":"https:\/\/sanatate.md\/ro\/#\/schema\/logo\/image\/"}}]}},"_links":{"self":[{"href":"https:\/\/sanatate.md\/ro\/wp-json\/wp\/v2\/pages\/80225","targetHints":{"allow":["GET"]}}],"collection":[{"href":"https:\/\/sanatate.md\/ro\/wp-json\/wp\/v2\/pages"}],"about":[{"href":"https:\/\/sanatate.md\/ro\/wp-json\/wp\/v2\/types\/page"}],"author":[{"embeddable":true,"href":"https:\/\/sanatate.md\/ro\/wp-json\/wp\/v2\/users\/1"}],"replies":[{"embeddable":true,"href":"https:\/\/sanatate.md\/ro\/wp-json\/wp\/v2\/comments?post=80225"}],"version-history":[{"count":0,"href":"https:\/\/sanatate.md\/ro\/wp-json\/wp\/v2\/pages\/80225\/revisions"}],"up":[{"embeddable":true,"href":"https:\/\/sanatate.md\/ro\/wp-json\/wp\/v2\/pages\/53023"}],"wp:attachment":[{"href":"https:\/\/sanatate.md\/ro\/wp-json\/wp\/v2\/media?parent=80225"}],"curies":[{"name":"wp","href":"https:\/\/api.w.org\/{rel}","templated":true}]}}