{"id":80234,"date":"2020-05-22T10:28:47","date_gmt":"2020-05-22T07:28:47","guid":{"rendered":"https:\/\/sanatate.md\/?page_id=80234"},"modified":"2020-05-22T10:28:47","modified_gmt":"2020-05-22T07:28:47","slug":"macromastia","status":"publish","type":"page","link":"https:\/\/sanatate.md\/ro\/boli-si-tratament\/boli-ale-glandelor-mamare\/macromastia\/","title":{"rendered":"Macromastia"},"content":{"rendered":"<p>Macromastia este o boal\u0103 destul de rar\u0103 \u015fi e slab studiat\u0103. Aceast\u0103 maladie se caracterizeaz\u0103 printr-o dezvoltare anormal\u0103 a glandei mamare, ca urmare a c\u0103reia exist\u0103 o cre\u0219tere bilateral\u0103 a volumului \u0219i greut\u0103\u021bii s\u00e2nului. O astfel de cre\u0219tere apare prin metoda difuz\u0103 \u00een \u0219ase &#8211; opt luni.<\/p>\n<h3>Macromastia: cauzele<\/h3>\n<p>O cre\u0219tere a dimensiunii glandei mamare apare ca urmare a dezvolt\u0103rii excesive a compu\u0219ilor conectivi \u0219i ai \u021besutului gras. Macromastia se dezvolt\u0103 la fetele cu v\u00e2rste cuprinse \u00eentre 11 \u0219i 15 ani, \u00een unele cazuri, macromastia se atest\u0103 \u015fi dup\u0103 30 de ani. Macromastia la pubertate creaz\u0103 un desconfort fetelor, ceea ce la r\u00e2ndul s\u0103u le supune unui stresfizic \u0219i psihologic.<\/p>\n<h3>Macromastia: simptomele<\/h3>\n<p>Principalul simptom al macromastiei este o cre\u0219tere rapid\u0103 a glandelor mamare la fete \u00een perioada pubert\u0103\u021bii. Semnele macromastiei sunt:<\/p>\n<ul>\n<li>durere la nivelul umerilor \u0219i spatelui;<\/li>\n<li>disconfort persistent \u00een zona toracic\u0103;<\/li>\n<li>iritare \u00een pliurile de sub piept;<\/li>\n<li>vergeturi pe piele;<\/li>\n<li>respira\u021bie anormal\u0103;<\/li>\n<li>evacuarea de lichide din sf\u00e2rcuri;<\/li>\n<li>deregl\u0103ri menstruale etc.<\/li>\n<\/ul>\n<h3>Formele<\/h3>\n<p>\u00cen func\u021bie de dezvoltarea bolii, se disting formele:<\/p>\n<ul>\n<li>macromastie: form\u0103 agresiv\u0103 (m\u0103rirea s\u00e2nilor are loc pe parcursul anului, umflarea \u021besutului, \u00eenc\u0103lcarea integrit\u0103\u021bii pielii);<\/li>\n<li>form\u0103 lent\u0103 (m\u0103rirea s\u00e2nilor are loc \u00een c\u00e2\u021biva ani);<\/li>\n<li>forma abortiv\u0103 (cauzat\u0103 de utilizarea contraceptivelor \u0219i a medicamentelor hormonale).<\/li>\n<li>Caracteristicile dezvolt\u0103rii macromastiei<\/li>\n<\/ul>\n<p>S\u00e2nii mari au un efect negativ asupra organismului femenin \u0219i pot avea astfel de consecin\u021be:<\/p>\n<ul>\n<li>cre\u0219terea presiunii asupra zonei toracice;<\/li>\n<li>exist\u0103 o influen\u0163a negativ\u0103 asupra \u0163inutei, care dezvolt\u0103 g\u00eerbovirea;<\/li>\n<li>apar dureri la nivelul umerilor, coloanei vertebrale;<\/li>\n<li>se dezvolt\u0103 erup\u021bii cutanate pe pliuri;<\/li>\n<li>exist\u0103 un disconfort psihologic \u0219i fizic.<\/li>\n<\/ul>\n<h3>Tratamentul<\/h3>\n<p>Tratamentul se realizeaz\u0103 prin interven\u021bie chirurgical\u0103, \u00een timpul c\u0103reia excesul de gr\u0103sime \u0219i \u021besut conjunctiv, precum \u0219i pielea \u00eentins\u0103, sunt \u00eendep\u0103rtate, iar forma s\u00e2nului \u0219i loca\u021bia sf\u00e2rcurilor sunt corectate. Dac\u0103 pacientul are o asimetrie a glandei mamare, este necesar s\u0103 se efectueze o mamoplastie de reducere, care va ajuta la mic\u015forarea sau m\u0103rirea dimensiunii celuilalt s\u00e2n.<\/p>\n","protected":false},"excerpt":{"rendered":"<p>Macromastia este o boal\u0103 destul de rar\u0103 \u015fi e slab studiat\u0103. Aceast\u0103 maladie se caracterizeaz\u0103 printr-o dezvoltare anormal\u0103 a glandei mamare, ca urmare a c\u0103reia exist\u0103 o cre\u0219tere bilateral\u0103 a volumului \u0219i greut\u0103\u021bii s\u00e2nului. O astfel de cre\u0219tere apare prin metoda difuz\u0103 \u00een \u0219ase &#8211; opt luni. Macromastia: cauzele O cre\u0219tere a dimensiunii glandei mamare [&hellip;]<\/p>\n","protected":false},"author":1,"featured_media":0,"parent":52996,"menu_order":0,"comment_status":"closed","ping_status":"closed","template":"","meta":{"inline_featured_image":false,"footnotes":""},"class_list":["post-80234","page","type-page","status-publish"],"yoast_head":"<!-- This site is optimized with the Yoast SEO plugin v27.3 - https:\/\/yoast.com\/product\/yoast-seo-wordpress\/ -->\n<title>Macromastia<\/title>\n<meta name=\"description\" content=\"Macromastia este o boal\u0103 destul de rar\u0103 \u015fi e slab studiat\u0103. Aceast\u0103 maladie se caracterizeaz\u0103 printr-o dezvoltare anormal\u0103 a glandei mamare\" \/>\n<meta name=\"robots\" content=\"index, follow, max-snippet:-1, max-image-preview:large, max-video-preview:-1\" \/>\n<link rel=\"canonical\" href=\"https:\/\/sanatate.md\/ro\/boli-si-tratament\/boli-ale-glandelor-mamare\/macromastia\/\" \/>\n<meta property=\"og:locale\" content=\"ro_RO\" \/>\n<meta property=\"og:type\" content=\"article\" \/>\n<meta property=\"og:title\" content=\"Macromastia\" \/>\n<meta property=\"og:description\" content=\"Macromastia este o boal\u0103 destul de rar\u0103 \u015fi e slab studiat\u0103. Aceast\u0103 maladie se caracterizeaz\u0103 printr-o dezvoltare anormal\u0103 a glandei mamare\" \/>\n<meta property=\"og:url\" content=\"https:\/\/sanatate.md\/ro\/boli-si-tratament\/boli-ale-glandelor-mamare\/macromastia\/\" \/>\n<meta property=\"og:site_name\" content=\"Sanatate.md\" \/>\n<meta name=\"twitter:card\" content=\"summary_large_image\" \/>\n<meta name=\"twitter:label1\" content=\"Timp estimat pentru citire\" \/>\n\t<meta name=\"twitter:data1\" content=\"2 minute\" \/>\n<script type=\"application\/ld+json\" class=\"yoast-schema-graph\">{\"@context\":\"https:\\\/\\\/schema.org\",\"@graph\":[{\"@type\":\"WebPage\",\"@id\":\"https:\\\/\\\/sanatate.md\\\/ro\\\/boli-si-tratament\\\/boli-ale-glandelor-mamare\\\/macromastia\\\/\",\"url\":\"https:\\\/\\\/sanatate.md\\\/ro\\\/boli-si-tratament\\\/boli-ale-glandelor-mamare\\\/macromastia\\\/\",\"name\":\"Macromastia\",\"isPartOf\":{\"@id\":\"https:\\\/\\\/sanatate.md\\\/ro\\\/#website\"},\"datePublished\":\"2020-05-22T07:28:47+00:00\",\"description\":\"Macromastia este o boal\u0103 destul de rar\u0103 \u015fi e slab studiat\u0103. Aceast\u0103 maladie se caracterizeaz\u0103 printr-o dezvoltare anormal\u0103 a glandei mamare\",\"breadcrumb\":{\"@id\":\"https:\\\/\\\/sanatate.md\\\/ro\\\/boli-si-tratament\\\/boli-ale-glandelor-mamare\\\/macromastia\\\/#breadcrumb\"},\"inLanguage\":\"ro-RO\",\"potentialAction\":[{\"@type\":\"ReadAction\",\"target\":[\"https:\\\/\\\/sanatate.md\\\/ro\\\/boli-si-tratament\\\/boli-ale-glandelor-mamare\\\/macromastia\\\/\"]}]},{\"@type\":\"BreadcrumbList\",\"@id\":\"https:\\\/\\\/sanatate.md\\\/ro\\\/boli-si-tratament\\\/boli-ale-glandelor-mamare\\\/macromastia\\\/#breadcrumb\",\"itemListElement\":[{\"@type\":\"ListItem\",\"position\":1,\"name\":\"\u0413\u043b\u0430\u0432\u043d\u0430\u044f \u0441\u0442\u0440\u0430\u043d\u0438\u0446\u0430\",\"item\":\"https:\\\/\\\/sanatate.md\\\/ro\\\/\"},{\"@type\":\"ListItem\",\"position\":2,\"name\":\"Boli si tratament\",\"item\":\"https:\\\/\\\/sanatate.md\\\/ro\\\/boli-si-tratament\\\/\"},{\"@type\":\"ListItem\",\"position\":3,\"name\":\"Boli ale glandelor mamare\",\"item\":\"https:\\\/\\\/sanatate.md\\\/ro\\\/boli-si-tratament\\\/boli-ale-glandelor-mamare\\\/\"},{\"@type\":\"ListItem\",\"position\":4,\"name\":\"Macromastia\"}]},{\"@type\":\"WebSite\",\"@id\":\"https:\\\/\\\/sanatate.md\\\/ro\\\/#website\",\"url\":\"https:\\\/\\\/sanatate.md\\\/ro\\\/\",\"name\":\"Sanatate.md\",\"description\":\"\u0416\u0443\u0440\u043d\u0430\u043b \u0434\u043b\u044f \u0432\u0441\u0435\u0439 \u0441\u0435\u043c\u044c\u0438 \u0432 \u041c\u043e\u043b\u0434\u043e\u0432\u0435\",\"publisher\":{\"@id\":\"https:\\\/\\\/sanatate.md\\\/ro\\\/#organization\"},\"potentialAction\":[{\"@type\":\"SearchAction\",\"target\":{\"@type\":\"EntryPoint\",\"urlTemplate\":\"https:\\\/\\\/sanatate.md\\\/ro\\\/?s={search_term_string}\"},\"query-input\":{\"@type\":\"PropertyValueSpecification\",\"valueRequired\":true,\"valueName\":\"search_term_string\"}}],\"inLanguage\":\"ro-RO\"},{\"@type\":\"Organization\",\"@id\":\"https:\\\/\\\/sanatate.md\\\/ro\\\/#organization\",\"name\":\"SANATATE\",\"url\":\"https:\\\/\\\/sanatate.md\\\/ro\\\/\",\"logo\":{\"@type\":\"ImageObject\",\"inLanguage\":\"ro-RO\",\"@id\":\"https:\\\/\\\/sanatate.md\\\/ro\\\/#\\\/schema\\\/logo\\\/image\\\/\",\"url\":\"https:\\\/\\\/sanatate.md\\\/wp-content\\\/uploads\\\/2022\\\/01\\\/sanatate-logo.svg\",\"contentUrl\":\"https:\\\/\\\/sanatate.md\\\/wp-content\\\/uploads\\\/2022\\\/01\\\/sanatate-logo.svg\",\"width\":\"1024\",\"height\":\"1024\",\"caption\":\"SANATATE\"},\"image\":{\"@id\":\"https:\\\/\\\/sanatate.md\\\/ro\\\/#\\\/schema\\\/logo\\\/image\\\/\"}}]}<\/script>\n<!-- \/ Yoast SEO plugin. -->","yoast_head_json":{"title":"Macromastia","description":"Macromastia este o boal\u0103 destul de rar\u0103 \u015fi e slab studiat\u0103. Aceast\u0103 maladie se caracterizeaz\u0103 printr-o dezvoltare anormal\u0103 a glandei mamare","robots":{"index":"index","follow":"follow","max-snippet":"max-snippet:-1","max-image-preview":"max-image-preview:large","max-video-preview":"max-video-preview:-1"},"canonical":"https:\/\/sanatate.md\/ro\/boli-si-tratament\/boli-ale-glandelor-mamare\/macromastia\/","og_locale":"ro_RO","og_type":"article","og_title":"Macromastia","og_description":"Macromastia este o boal\u0103 destul de rar\u0103 \u015fi e slab studiat\u0103. Aceast\u0103 maladie se caracterizeaz\u0103 printr-o dezvoltare anormal\u0103 a glandei mamare","og_url":"https:\/\/sanatate.md\/ro\/boli-si-tratament\/boli-ale-glandelor-mamare\/macromastia\/","og_site_name":"Sanatate.md","twitter_card":"summary_large_image","twitter_misc":{"Timp estimat pentru citire":"2 minute"},"schema":{"@context":"https:\/\/schema.org","@graph":[{"@type":"WebPage","@id":"https:\/\/sanatate.md\/ro\/boli-si-tratament\/boli-ale-glandelor-mamare\/macromastia\/","url":"https:\/\/sanatate.md\/ro\/boli-si-tratament\/boli-ale-glandelor-mamare\/macromastia\/","name":"Macromastia","isPartOf":{"@id":"https:\/\/sanatate.md\/ro\/#website"},"datePublished":"2020-05-22T07:28:47+00:00","description":"Macromastia este o boal\u0103 destul de rar\u0103 \u015fi e slab studiat\u0103. Aceast\u0103 maladie se caracterizeaz\u0103 printr-o dezvoltare anormal\u0103 a glandei mamare","breadcrumb":{"@id":"https:\/\/sanatate.md\/ro\/boli-si-tratament\/boli-ale-glandelor-mamare\/macromastia\/#breadcrumb"},"inLanguage":"ro-RO","potentialAction":[{"@type":"ReadAction","target":["https:\/\/sanatate.md\/ro\/boli-si-tratament\/boli-ale-glandelor-mamare\/macromastia\/"]}]},{"@type":"BreadcrumbList","@id":"https:\/\/sanatate.md\/ro\/boli-si-tratament\/boli-ale-glandelor-mamare\/macromastia\/#breadcrumb","itemListElement":[{"@type":"ListItem","position":1,"name":"\u0413\u043b\u0430\u0432\u043d\u0430\u044f \u0441\u0442\u0440\u0430\u043d\u0438\u0446\u0430","item":"https:\/\/sanatate.md\/ro\/"},{"@type":"ListItem","position":2,"name":"Boli si tratament","item":"https:\/\/sanatate.md\/ro\/boli-si-tratament\/"},{"@type":"ListItem","position":3,"name":"Boli ale glandelor mamare","item":"https:\/\/sanatate.md\/ro\/boli-si-tratament\/boli-ale-glandelor-mamare\/"},{"@type":"ListItem","position":4,"name":"Macromastia"}]},{"@type":"WebSite","@id":"https:\/\/sanatate.md\/ro\/#website","url":"https:\/\/sanatate.md\/ro\/","name":"Sanatate.md","description":"\u0416\u0443\u0440\u043d\u0430\u043b \u0434\u043b\u044f \u0432\u0441\u0435\u0439 \u0441\u0435\u043c\u044c\u0438 \u0432 \u041c\u043e\u043b\u0434\u043e\u0432\u0435","publisher":{"@id":"https:\/\/sanatate.md\/ro\/#organization"},"potentialAction":[{"@type":"SearchAction","target":{"@type":"EntryPoint","urlTemplate":"https:\/\/sanatate.md\/ro\/?s={search_term_string}"},"query-input":{"@type":"PropertyValueSpecification","valueRequired":true,"valueName":"search_term_string"}}],"inLanguage":"ro-RO"},{"@type":"Organization","@id":"https:\/\/sanatate.md\/ro\/#organization","name":"SANATATE","url":"https:\/\/sanatate.md\/ro\/","logo":{"@type":"ImageObject","inLanguage":"ro-RO","@id":"https:\/\/sanatate.md\/ro\/#\/schema\/logo\/image\/","url":"https:\/\/sanatate.md\/wp-content\/uploads\/2022\/01\/sanatate-logo.svg","contentUrl":"https:\/\/sanatate.md\/wp-content\/uploads\/2022\/01\/sanatate-logo.svg","width":"1024","height":"1024","caption":"SANATATE"},"image":{"@id":"https:\/\/sanatate.md\/ro\/#\/schema\/logo\/image\/"}}]}},"_links":{"self":[{"href":"https:\/\/sanatate.md\/ro\/wp-json\/wp\/v2\/pages\/80234","targetHints":{"allow":["GET"]}}],"collection":[{"href":"https:\/\/sanatate.md\/ro\/wp-json\/wp\/v2\/pages"}],"about":[{"href":"https:\/\/sanatate.md\/ro\/wp-json\/wp\/v2\/types\/page"}],"author":[{"embeddable":true,"href":"https:\/\/sanatate.md\/ro\/wp-json\/wp\/v2\/users\/1"}],"replies":[{"embeddable":true,"href":"https:\/\/sanatate.md\/ro\/wp-json\/wp\/v2\/comments?post=80234"}],"version-history":[{"count":0,"href":"https:\/\/sanatate.md\/ro\/wp-json\/wp\/v2\/pages\/80234\/revisions"}],"up":[{"embeddable":true,"href":"https:\/\/sanatate.md\/ro\/wp-json\/wp\/v2\/pages\/52996"}],"wp:attachment":[{"href":"https:\/\/sanatate.md\/ro\/wp-json\/wp\/v2\/media?parent=80234"}],"curies":[{"name":"wp","href":"https:\/\/api.w.org\/{rel}","templated":true}]}}