{"id":80238,"date":"2020-05-22T10:38:43","date_gmt":"2020-05-22T07:38:43","guid":{"rendered":"https:\/\/sanatate.md\/?page_id=80238"},"modified":"2020-05-22T10:38:43","modified_gmt":"2020-05-22T07:38:43","slug":"gastroenterocolita","status":"publish","type":"page","link":"https:\/\/sanatate.md\/ro\/boli-si-tratament\/boli-ale-tractului-gastro-intestinal\/gastroenterocolita\/","title":{"rendered":"Gastroenterocolita"},"content":{"rendered":"<p>Gastroenterocolita se caracterizeaz\u0103 prin dezvoltarea simultan\u0103 a proceselor inflamatorii ale intestinului sub\u021bire \u0219i gros, precum \u0219i a stomacului.<\/p>\n<h3>Cauzele apari\u021biei<\/h3>\n<p>Cel mai adesea, cauzele gastroenterocolitei sunt provocate de microorganisme:<\/p>\n<ul>\n<li>salmonel\u0103;<\/li>\n<li>stafilococi \u015fi al\u021bii.<\/li>\n<\/ul>\n<p>De asemenea, pot provoca dezvoltarea acestei boli anumite tipuri de virusuri \u0219i anume rotavirusurii. \u00cen unele cazuri, gastroenterocolita acut\u0103 atac\u0103 familii sau grupuri \u00eentregi. Acest lucru se \u00eent\u00e2mpl\u0103 c\u00e2nd un num\u0103r mare de oameni consum\u0103 produse de o calitate proast\u0103, alterate, adesea infectate cu bacterii \u0219i microorganisme d\u0103un\u0103toare.<\/p>\n<h3>Simptomatologia<\/h3>\n<p>\u00cen cele mai multe cazuri, simptomele gastroenterocolitei se aseam\u0103n\u0103 cu simptomele gastritei acute, colitei \u0219i enteritei:<\/p>\n<ul>\n<li>vomit\u0103ri;<\/li>\n<li>dureri \u00een abdomen;<\/li>\n<li>diaree;<\/li>\n<li>febr\u0103.<\/li>\n<\/ul>\n<p>O gastroenterocolit\u0103 sever\u0103 are urm\u0103toarele simptome:<\/p>\n<ul>\n<li>sl\u0103biciune general\u0103 a organismului;<\/li>\n<li>perturbarea activit\u0103\u021bii cardiace;<\/li>\n<li>o paloare palid\u0103 a pielii;<\/li>\n<li>r\u0103cirea membrelor superioare \u0219i inferioare.<\/li>\n<\/ul>\n<p>Dac\u0103 motivul acestei boli este eliminat, \u00een majoritatea cazurilor manifest\u0103rile acute dispar pe parcursul c\u00e2torva zile \u0219i \u00een cele din urm\u0103 organismul se recupereaz\u0103 complet.<\/p>\n<h3>Diagnosticarea<\/h3>\n<p>\u00cen diagnosticul gastroenterocolitei acute un rol special \u00eel are istoricul medical \u0219i anume stabilirea alimentelor de calitate \u00eendoielnic\u0103 consumate de c\u0103tre pacient. Dac\u0103 produsul a trezit suspiciune, este mai bine s\u0103-l verifica\u021bi \u0219i s\u0103-l analiza\u021bi pentru a identifica microorganismul care a cauzat boala.<\/p>\n<h3>Tratamentul<\/h3>\n<p>Tratamentul acestei boli se realizeaz\u0103 \u00een condi\u021bii sta\u021bionare ale sec\u021biei infec\u021bioase \u0219i include urm\u0103toarea terapie:<\/p>\n<ul>\n<li>antimicrobiene;<\/li>\n<li>degitratatine;<\/li>\n<li>detoxifiere.<\/li>\n<\/ul>\n<p>Un rol important \u00eel are terapia dietetic\u0103:<\/p>\n<ul>\n<li>nutri\u021bie frac\u021bionat\u0103 de cinci p\u00e2n\u0103 la \u0219ase ori pe zi;<\/li>\n<li>reducerea complet\u0103 a stimulen\u0163ilor chimici \u0219i mecanici: c\u0103rnuri afumate, alimente pr\u0103jite, conserve, carne v\u00eenjoas\u0103, legume grosiere, lapte proasp\u0103t, p\u00e2ine neagr\u0103;<\/li>\n<li>dieta trebuie s\u0103 includ\u0103 alimente bogate \u00een proteine: bulionuri de carne, pui, carne tocat\u0103, chefir cu aciditate sc\u0103zut\u0103, curcan, pe\u0219te fiert din specii cu con\u021binut sc\u0103zut de gr\u0103simi;<\/li>\n<li>limitarea terciurilor din hri\u015f, a fulgilor de ov\u0103z \u0219i a terciului de orez pe ap\u0103, precum \u0219i a pesme\u0163ilor din f\u0103in\u0103 alb\u0103;<\/li>\n<li>este necesar s\u0103 folosi\u021bi fierturi de m\u0103cie\u015f, precum \u0219i compoturi de fructe (cu excep\u021bia prunelor).<\/li>\n<\/ul>\n","protected":false},"excerpt":{"rendered":"<p>Gastroenterocolita se caracterizeaz\u0103 prin dezvoltarea simultan\u0103 a proceselor inflamatorii ale intestinului sub\u021bire \u0219i gros, precum \u0219i a stomacului. Cauzele apari\u021biei Cel mai adesea, cauzele gastroenterocolitei sunt provocate de microorganisme: salmonel\u0103; stafilococi \u015fi al\u021bii. De asemenea, pot provoca dezvoltarea acestei boli anumite tipuri de virusuri \u0219i anume rotavirusurii. \u00cen unele cazuri, gastroenterocolita acut\u0103 atac\u0103 familii sau [&hellip;]<\/p>\n","protected":false},"author":1,"featured_media":0,"parent":52944,"menu_order":0,"comment_status":"closed","ping_status":"closed","template":"","meta":{"inline_featured_image":false,"footnotes":""},"class_list":["post-80238","page","type-page","status-publish"],"yoast_head":"<!-- This site is optimized with the Yoast SEO plugin v27.3 - https:\/\/yoast.com\/product\/yoast-seo-wordpress\/ -->\n<title>Gastroenterocolita<\/title>\n<meta name=\"description\" content=\"Gastroenterocolita se caracterizeaz\u0103 prin dezvoltarea simultan\u0103 a proceselor inflamatorii ale intestinului sub\u021bire \u0219i gros, precum \u0219i a stomacului.\" \/>\n<meta name=\"robots\" content=\"index, follow, max-snippet:-1, max-image-preview:large, max-video-preview:-1\" \/>\n<link rel=\"canonical\" href=\"https:\/\/sanatate.md\/ro\/boli-si-tratament\/boli-ale-tractului-gastro-intestinal\/gastroenterocolita\/\" \/>\n<meta property=\"og:locale\" content=\"ro_RO\" \/>\n<meta property=\"og:type\" content=\"article\" \/>\n<meta property=\"og:title\" content=\"Gastroenterocolita\" \/>\n<meta property=\"og:description\" content=\"Gastroenterocolita se caracterizeaz\u0103 prin dezvoltarea simultan\u0103 a proceselor inflamatorii ale intestinului sub\u021bire \u0219i gros, precum \u0219i a stomacului.\" \/>\n<meta property=\"og:url\" content=\"https:\/\/sanatate.md\/ro\/boli-si-tratament\/boli-ale-tractului-gastro-intestinal\/gastroenterocolita\/\" \/>\n<meta property=\"og:site_name\" content=\"Sanatate.md\" \/>\n<meta name=\"twitter:card\" content=\"summary_large_image\" \/>\n<meta name=\"twitter:label1\" content=\"Timp estimat pentru citire\" \/>\n\t<meta name=\"twitter:data1\" content=\"2 minute\" \/>\n<script type=\"application\/ld+json\" class=\"yoast-schema-graph\">{\"@context\":\"https:\\\/\\\/schema.org\",\"@graph\":[{\"@type\":\"WebPage\",\"@id\":\"https:\\\/\\\/sanatate.md\\\/ro\\\/boli-si-tratament\\\/boli-ale-tractului-gastro-intestinal\\\/gastroenterocolita\\\/\",\"url\":\"https:\\\/\\\/sanatate.md\\\/ro\\\/boli-si-tratament\\\/boli-ale-tractului-gastro-intestinal\\\/gastroenterocolita\\\/\",\"name\":\"Gastroenterocolita\",\"isPartOf\":{\"@id\":\"https:\\\/\\\/sanatate.md\\\/ro\\\/#website\"},\"datePublished\":\"2020-05-22T07:38:43+00:00\",\"description\":\"Gastroenterocolita se caracterizeaz\u0103 prin dezvoltarea simultan\u0103 a proceselor inflamatorii ale intestinului sub\u021bire \u0219i gros, precum \u0219i a stomacului.\",\"breadcrumb\":{\"@id\":\"https:\\\/\\\/sanatate.md\\\/ro\\\/boli-si-tratament\\\/boli-ale-tractului-gastro-intestinal\\\/gastroenterocolita\\\/#breadcrumb\"},\"inLanguage\":\"ro-RO\",\"potentialAction\":[{\"@type\":\"ReadAction\",\"target\":[\"https:\\\/\\\/sanatate.md\\\/ro\\\/boli-si-tratament\\\/boli-ale-tractului-gastro-intestinal\\\/gastroenterocolita\\\/\"]}]},{\"@type\":\"BreadcrumbList\",\"@id\":\"https:\\\/\\\/sanatate.md\\\/ro\\\/boli-si-tratament\\\/boli-ale-tractului-gastro-intestinal\\\/gastroenterocolita\\\/#breadcrumb\",\"itemListElement\":[{\"@type\":\"ListItem\",\"position\":1,\"name\":\"\u0413\u043b\u0430\u0432\u043d\u0430\u044f \u0441\u0442\u0440\u0430\u043d\u0438\u0446\u0430\",\"item\":\"https:\\\/\\\/sanatate.md\\\/ro\\\/\"},{\"@type\":\"ListItem\",\"position\":2,\"name\":\"Boli si tratament\",\"item\":\"https:\\\/\\\/sanatate.md\\\/ro\\\/boli-si-tratament\\\/\"},{\"@type\":\"ListItem\",\"position\":3,\"name\":\"Boli ale tractului gastro-intestinal\",\"item\":\"https:\\\/\\\/sanatate.md\\\/ro\\\/boli-si-tratament\\\/boli-ale-tractului-gastro-intestinal\\\/\"},{\"@type\":\"ListItem\",\"position\":4,\"name\":\"Gastroenterocolita\"}]},{\"@type\":\"WebSite\",\"@id\":\"https:\\\/\\\/sanatate.md\\\/ro\\\/#website\",\"url\":\"https:\\\/\\\/sanatate.md\\\/ro\\\/\",\"name\":\"Sanatate.md\",\"description\":\"\u0416\u0443\u0440\u043d\u0430\u043b \u0434\u043b\u044f \u0432\u0441\u0435\u0439 \u0441\u0435\u043c\u044c\u0438 \u0432 \u041c\u043e\u043b\u0434\u043e\u0432\u0435\",\"publisher\":{\"@id\":\"https:\\\/\\\/sanatate.md\\\/ro\\\/#organization\"},\"potentialAction\":[{\"@type\":\"SearchAction\",\"target\":{\"@type\":\"EntryPoint\",\"urlTemplate\":\"https:\\\/\\\/sanatate.md\\\/ro\\\/?s={search_term_string}\"},\"query-input\":{\"@type\":\"PropertyValueSpecification\",\"valueRequired\":true,\"valueName\":\"search_term_string\"}}],\"inLanguage\":\"ro-RO\"},{\"@type\":\"Organization\",\"@id\":\"https:\\\/\\\/sanatate.md\\\/ro\\\/#organization\",\"name\":\"SANATATE\",\"url\":\"https:\\\/\\\/sanatate.md\\\/ro\\\/\",\"logo\":{\"@type\":\"ImageObject\",\"inLanguage\":\"ro-RO\",\"@id\":\"https:\\\/\\\/sanatate.md\\\/ro\\\/#\\\/schema\\\/logo\\\/image\\\/\",\"url\":\"https:\\\/\\\/sanatate.md\\\/wp-content\\\/uploads\\\/2022\\\/01\\\/sanatate-logo.svg\",\"contentUrl\":\"https:\\\/\\\/sanatate.md\\\/wp-content\\\/uploads\\\/2022\\\/01\\\/sanatate-logo.svg\",\"width\":\"1024\",\"height\":\"1024\",\"caption\":\"SANATATE\"},\"image\":{\"@id\":\"https:\\\/\\\/sanatate.md\\\/ro\\\/#\\\/schema\\\/logo\\\/image\\\/\"}}]}<\/script>\n<!-- \/ Yoast SEO plugin. -->","yoast_head_json":{"title":"Gastroenterocolita","description":"Gastroenterocolita se caracterizeaz\u0103 prin dezvoltarea simultan\u0103 a proceselor inflamatorii ale intestinului sub\u021bire \u0219i gros, precum \u0219i a stomacului.","robots":{"index":"index","follow":"follow","max-snippet":"max-snippet:-1","max-image-preview":"max-image-preview:large","max-video-preview":"max-video-preview:-1"},"canonical":"https:\/\/sanatate.md\/ro\/boli-si-tratament\/boli-ale-tractului-gastro-intestinal\/gastroenterocolita\/","og_locale":"ro_RO","og_type":"article","og_title":"Gastroenterocolita","og_description":"Gastroenterocolita se caracterizeaz\u0103 prin dezvoltarea simultan\u0103 a proceselor inflamatorii ale intestinului sub\u021bire \u0219i gros, precum \u0219i a stomacului.","og_url":"https:\/\/sanatate.md\/ro\/boli-si-tratament\/boli-ale-tractului-gastro-intestinal\/gastroenterocolita\/","og_site_name":"Sanatate.md","twitter_card":"summary_large_image","twitter_misc":{"Timp estimat pentru citire":"2 minute"},"schema":{"@context":"https:\/\/schema.org","@graph":[{"@type":"WebPage","@id":"https:\/\/sanatate.md\/ro\/boli-si-tratament\/boli-ale-tractului-gastro-intestinal\/gastroenterocolita\/","url":"https:\/\/sanatate.md\/ro\/boli-si-tratament\/boli-ale-tractului-gastro-intestinal\/gastroenterocolita\/","name":"Gastroenterocolita","isPartOf":{"@id":"https:\/\/sanatate.md\/ro\/#website"},"datePublished":"2020-05-22T07:38:43+00:00","description":"Gastroenterocolita se caracterizeaz\u0103 prin dezvoltarea simultan\u0103 a proceselor inflamatorii ale intestinului sub\u021bire \u0219i gros, precum \u0219i a stomacului.","breadcrumb":{"@id":"https:\/\/sanatate.md\/ro\/boli-si-tratament\/boli-ale-tractului-gastro-intestinal\/gastroenterocolita\/#breadcrumb"},"inLanguage":"ro-RO","potentialAction":[{"@type":"ReadAction","target":["https:\/\/sanatate.md\/ro\/boli-si-tratament\/boli-ale-tractului-gastro-intestinal\/gastroenterocolita\/"]}]},{"@type":"BreadcrumbList","@id":"https:\/\/sanatate.md\/ro\/boli-si-tratament\/boli-ale-tractului-gastro-intestinal\/gastroenterocolita\/#breadcrumb","itemListElement":[{"@type":"ListItem","position":1,"name":"\u0413\u043b\u0430\u0432\u043d\u0430\u044f \u0441\u0442\u0440\u0430\u043d\u0438\u0446\u0430","item":"https:\/\/sanatate.md\/ro\/"},{"@type":"ListItem","position":2,"name":"Boli si tratament","item":"https:\/\/sanatate.md\/ro\/boli-si-tratament\/"},{"@type":"ListItem","position":3,"name":"Boli ale tractului gastro-intestinal","item":"https:\/\/sanatate.md\/ro\/boli-si-tratament\/boli-ale-tractului-gastro-intestinal\/"},{"@type":"ListItem","position":4,"name":"Gastroenterocolita"}]},{"@type":"WebSite","@id":"https:\/\/sanatate.md\/ro\/#website","url":"https:\/\/sanatate.md\/ro\/","name":"Sanatate.md","description":"\u0416\u0443\u0440\u043d\u0430\u043b \u0434\u043b\u044f \u0432\u0441\u0435\u0439 \u0441\u0435\u043c\u044c\u0438 \u0432 \u041c\u043e\u043b\u0434\u043e\u0432\u0435","publisher":{"@id":"https:\/\/sanatate.md\/ro\/#organization"},"potentialAction":[{"@type":"SearchAction","target":{"@type":"EntryPoint","urlTemplate":"https:\/\/sanatate.md\/ro\/?s={search_term_string}"},"query-input":{"@type":"PropertyValueSpecification","valueRequired":true,"valueName":"search_term_string"}}],"inLanguage":"ro-RO"},{"@type":"Organization","@id":"https:\/\/sanatate.md\/ro\/#organization","name":"SANATATE","url":"https:\/\/sanatate.md\/ro\/","logo":{"@type":"ImageObject","inLanguage":"ro-RO","@id":"https:\/\/sanatate.md\/ro\/#\/schema\/logo\/image\/","url":"https:\/\/sanatate.md\/wp-content\/uploads\/2022\/01\/sanatate-logo.svg","contentUrl":"https:\/\/sanatate.md\/wp-content\/uploads\/2022\/01\/sanatate-logo.svg","width":"1024","height":"1024","caption":"SANATATE"},"image":{"@id":"https:\/\/sanatate.md\/ro\/#\/schema\/logo\/image\/"}}]}},"_links":{"self":[{"href":"https:\/\/sanatate.md\/ro\/wp-json\/wp\/v2\/pages\/80238","targetHints":{"allow":["GET"]}}],"collection":[{"href":"https:\/\/sanatate.md\/ro\/wp-json\/wp\/v2\/pages"}],"about":[{"href":"https:\/\/sanatate.md\/ro\/wp-json\/wp\/v2\/types\/page"}],"author":[{"embeddable":true,"href":"https:\/\/sanatate.md\/ro\/wp-json\/wp\/v2\/users\/1"}],"replies":[{"embeddable":true,"href":"https:\/\/sanatate.md\/ro\/wp-json\/wp\/v2\/comments?post=80238"}],"version-history":[{"count":0,"href":"https:\/\/sanatate.md\/ro\/wp-json\/wp\/v2\/pages\/80238\/revisions"}],"up":[{"embeddable":true,"href":"https:\/\/sanatate.md\/ro\/wp-json\/wp\/v2\/pages\/52944"}],"wp:attachment":[{"href":"https:\/\/sanatate.md\/ro\/wp-json\/wp\/v2\/media?parent=80238"}],"curies":[{"name":"wp","href":"https:\/\/api.w.org\/{rel}","templated":true}]}}